{"id":386,"date":"2022-08-18T15:02:55","date_gmt":"2022-08-18T14:02:55","guid":{"rendered":"http:\/\/lava-framework.com\/flort-cerceveniz-nasil-baslanir\/"},"modified":"2022-09-08T19:42:57","modified_gmt":"2022-09-08T18:42:57","slug":"flort-cerceveniz-nasil-baslanir","status":"publish","type":"page","link":"https:\/\/lava-framework.com\/tr\/","title":{"rendered":"Fl\u00f6rt \u00c7er\u00e7eveniz: Nas\u0131l Ba\u015flan\u0131r?"},"content":{"rendered":"<p>Yeti\u015fkin bulu\u015fma end\u00fcstrisi h\u0131zla de\u011fi\u015fiyor. Baz\u0131 siteler hala ana ak\u0131m pazara odaklan\u0131rken, di\u011ferleri lezbiyenler, biseks\u00fceller, transseks\u00fceller ve a\u00e7\u0131k ili\u015fkiler arayan insanlar gibi ni\u015f gruplara hitap ediyor.<\/p>\n<p>Teknoloji ilerlemeye devam ettik\u00e7e, insanlar\u0131n bulu\u015fma \u015fekli son birka\u00e7 on y\u0131lda b\u00fcy\u00fck \u00f6l\u00e7\u00fcde de\u011fi\u015fti. Match.com ve OkCupid gibi \u00e7evrimi\u00e7i arkada\u015fl\u0131k sitelerinin y\u00fckseli\u015finden ak\u0131ll\u0131 telefonlar\u0131n yayg\u0131nla\u015fmas\u0131na kadar, art\u0131k \u00f6zel biriyle ba\u011flant\u0131 kurman\u0131n say\u0131s\u0131z yolu var.<\/p>\n<h2>Hangi Uygulamalarla Ba\u015flamal\u0131?<\/h2>\n<p>Baz\u0131 insanlar hala y\u00fcz y\u00fcze g\u00f6r\u00fc\u015fmeyi tercih ederken, di\u011ferleri zamanlar\u0131n\u0131n \u00e7o\u011funu olas\u0131 <a href=\"https:\/\/www.adultsexsites.org\/tr\/en-iyi-sexting-uygulamalari\/\">anonim sexting<\/a> tarihlerle k\u0131sa mesajlar, g\u00f6r\u00fcnt\u00fcl\u00fc sohbetler ve mesajla\u015fma uygulamalar\u0131 arac\u0131l\u0131\u011f\u0131yla sohbet ederek ge\u00e7irmekten son derece mutlu.<\/p>\n<p>Peki ya s\u0131radan bir ili\u015fkiden daha fazlas\u0131n\u0131 isteyen bizler? Farkl\u0131 ihtiya\u00e7lar\u0131m\u0131z, arzular\u0131m\u0131z ve isteklerimiz var ve kendimiz ve ili\u015fkilerimiz hakk\u0131nda nas\u0131l hissetti\u011fimize ba\u011fl\u0131 olarak telefonlar\u0131m\u0131z\u0131 farkl\u0131 \u015fekilde kullan\u0131yoruz.<\/p>\n<h3>Mente\u015fe<\/h3>\n<p>Hinge, sadece ba\u011flant\u0131 kurmak yerine anlaml\u0131 ba\u011flant\u0131lara odaklanan bir sosyal a\u011fd\u0131r. Ad\u0131, ili\u015fkilerin hayatta ne kadar \u00f6nemli oldu\u011funa at\u0131fta bulunan mente\u015fe kelimesinden t\u00fcremi\u015ftir.<\/p>\n<p>Uygulama, kullan\u0131c\u0131lar\u0131n ortak ilgi alanlar\u0131na ve tutkulara dayal\u0131 olarak ba\u015fkalar\u0131yla ba\u011flant\u0131 kurmas\u0131na olanak tan\u0131r. Profillere g\u00f6z atabilir, mesaj g\u00f6nderebilir ve bulu\u015fma planlar\u0131 yapabilirsiniz. Di\u011fer bir\u00e7ok tan\u0131\u015fma uygulamas\u0131n\u0131n aksine, Hinge telefon numaran\u0131z\u0131 veya e-posta adresinizi istemez. Bunun yerine, kaydolmak i\u00e7in Facebook&#8217;u kullan\u0131yorsunuz.<\/p>\n<p>Arkada\u015flar\u0131n\u0131z\u0131 Facebook Messenger, WhatsApp veya Instagram Direct \u00fczerinden de ekleyebilirsiniz. Hinge&#8217;de oturum a\u00e7t\u0131ktan sonra, son e\u015fle\u015fmeler, be\u011feniler, yorumlar ve foto\u011fraflar dahil olmak \u00fczere di\u011fer \u00fcyelerin etkinliklerini g\u00f6r\u00fcnt\u00fcleyebilirsiniz. Her g\u00fcn etraf\u0131n\u0131zda neler olup bitti\u011fini g\u00f6rmek i\u00e7in check-in yapabilirsiniz. \u00d6rne\u011fin, bulundu\u011funuz <a href=\"http:\/\/www.sextstrangers.com\/tr\/erkek-arayan-ciftler\/\">cift arayan ciftler<\/a> yerin yak\u0131n\u0131nda check-in yapan ba\u015fka birini g\u00f6rebilirsiniz. Ya da belki yak\u0131ndaki bir restoran veya kahve d\u00fckkan\u0131 i\u00e7in bir \u00f6neri vard\u0131r. \u0130lgin\u00e7 bir \u015fey buldu\u011funuzda, &#8220;be\u011fenmek&#8221; i\u00e7in d\u00fc\u011fmeye dokunun. Bu, her neyse onunla ilgilendi\u011finizi herkesin bilmesini sa\u011flar. Bu konuda sohbet etmek istedi\u011finizde, \u00f6\u011fenin yan\u0131ndaki d\u00fc\u011fmeye dokunarak bunu yapabilirsiniz.<\/p>\n<h3>Ma\u00e7<\/h3>\n<p>Match.com, d\u00fcnya \u00e7ap\u0131nda 20 milyondan fazla aktif \u00fcyesiyle d\u00fcnyan\u0131n en pop\u00fcler arkada\u015fl\u0131k sitelerinden biridir. 2016 y\u0131l\u0131nda 1 milyar dolar gelir elde etmi\u015ftir. Uygulamas\u0131 hem Android hem de iOS cihazlardan \u00fccretsiz olarak indirilebilir.<\/p>\n<p>\u00dccretsiz kullan\u0131c\u0131lar \u00e7evrimi\u00e7i ki\u015fisel profiller olu\u015fturabilir, birka\u00e7 foto\u011fraflar\u0131n\u0131 y\u00fckleyebilir ve ard\u0131ndan &#8220;g\u00f6z k\u0131rpmalar&#8221; yoluyla baz\u0131 \u00e7evrimi\u00e7i fl\u00f6rtlere kat\u0131labilir ve her g\u00fcn yeni e\u015fle\u015fmeler alabilir. Ayr\u0131ca profillere g\u00f6z atabilir ve birbirlerinin resimlerini be\u011fenebilirler. Profilinize kimlerin bakt\u0131\u011f\u0131n\u0131 ve resimlerinizi be\u011fendi\u011fini g\u00f6rmek gibi daha kapsaml\u0131 \u00f6zellikler, ayl\u0131k bir \u00fccret \u00f6deyerek a\u00e7\u0131labilir. Ger\u00e7ek zamanl\u0131 fl\u00f6rt ko\u00e7lar\u0131n\u0131n sizinle e\u015fle\u015fmesi i\u00e7in ekstra \u00f6deme bile yapabilirsiniz. Sitenin Vibe Check adl\u0131 en yeni \u00f6zelli\u011fi, e\u015fle\u015fmelerinizle g\u00f6r\u00fcnt\u00fcl\u00fc sohbet oturumlar\u0131n\u0131n keyfini \u00e7\u0131karman\u0131z\u0131 sa\u011flarken, bir ba\u015fka yeni \u00f6zellik de Match&#8217;in sizin i\u00e7in randevu bulmas\u0131 i\u00e7in k\u00fc\u00e7\u00fck bir miktar \u00f6demenize olanak tan\u0131r.<\/p>\n<h3>AFF<\/h3>\n<p>Adult Friend Finder, \u00e7evrimi\u00e7i en eski tan\u0131\u015fma sitelerinden biridir. 1995 y\u0131l\u0131nda kurulan \u015firket, internet patlamas\u0131n\u0131n ba\u015flang\u0131c\u0131ndan bu yana varl\u0131\u011f\u0131n\u0131 s\u00fcrd\u00fcr\u00fcyor. Bug\u00fcn 80 milyondan fazla kay\u0131tl\u0131 \u00fcyeye sahip olarak hala b\u00fcy\u00fcmektedirler. Bu site, ba\u011flant\u0131lar, g\u00fcndelik seks, gizli ili\u015fkiler ve hatta evlilik arayan insanlara hitap ediyor. Sallanmay\u0131, grup seksi, \u00fc\u00e7l\u00fc seks yapmay\u0131 seviyorsan\u0131z veya sadece biraz e\u011flenmek istiyorsan\u0131z, AF tam size g\u00f6re. Mobil uygulamalar sayesinde siteyi d\u00fcnyan\u0131n her yerinden kullanabilirsiniz.<\/p>\n<h3>Ashley Madison<\/h3>\n<p>S\u0131radan seks arayan insanlara hitap eden bir\u00e7ok arkada\u015fl\u0131k sitesi var, ancak <a href=\"http:\/\/www.nosignupporngames.net\/tr\/\">www.nosignupporngames.net\/tr<\/a> \u00e7ok az\u0131 bu kadar \u00e7e\u015fitli \u00f6zellik ve se\u00e7enek sunuyor. Baz\u0131 siteler sizi yerel bekarlarla bulu\u015fturmaya odaklan\u0131rken, di\u011ferleri d\u00fcnya \u00e7ap\u0131nda binlerce \u00fcyeyle ba\u011flant\u0131 kurman\u0131za olanak tan\u0131r. \u0130li\u015fki kuracak birini bulmak istiyorsan\u0131z, AshleyMadison.com&#8217;dan ba\u015fkas\u0131na bakmay\u0131n. Bu site, \u00fccretsiz \u00e7evrimi\u00e7i sohbet odalar\u0131, anl\u0131k mesajla\u015fma, g\u00f6r\u00fcnt\u00fcl\u00fc sohbet, canl\u0131 web kameras\u0131 ak\u0131\u015flar\u0131, e-posta, metin, mobil uygulamalar ve hatta sosyal medya entegrasyonu dahil olmak \u00fczere bunu ger\u00e7ekle\u015ftirmek i\u00e7in ihtiya\u00e7 duyabilece\u011finiz her \u015feyi sunar. 30 milyondan fazla aktif profille, yak\u0131nlarda h\u0131zl\u0131 bir seks i\u00e7in bulu\u015fmak isteyen biri mutlaka vard\u0131r.<\/p>\n<p>A\u015fk\u0131 bulmakla ilgileniyorsan\u0131z, AshleyMadison&#8217;a kat\u0131lmak i\u00e7in hi\u00e7bir \u015fey \u00f6demenize gerek yok. Bununla birlikte, \u00fccretli \u00fcyelik planlar\u0131ndan birine y\u00fckseltmeye karar verirseniz, s\u0131n\u0131rs\u0131z e-posta, geli\u015fmi\u015f ileti\u015fim ara\u00e7lar\u0131 ve \u00f6ncelikli m\u00fc\u015fteri deste\u011fi gibi ek \u00f6zelliklere eri\u015fimin keyfini \u00e7\u0131karacaks\u0131n\u0131z.<\/p>\n<h3>ALT.com<\/h3>\n<p>Alt.com, seks hayatlar\u0131nda biraz daha baharat arayan sap\u0131k insanlar i\u00e7in bir ba\u011flant\u0131 sitesidir. Bu ni\u015f arkada\u015fl\u0131k sitesi \u00f6zellikle esaret, tahakk\u00fcm, boyun e\u011fme, sadizm ve mazo\u015fizm (BDSM) ile ilgilenenlere hitap ediyor. BDSM d\u00fcnyas\u0131n\u0131 ke\u015ffetmekle ilgileniyorsan\u0131z, ba\u015flamak i\u00e7in buradan daha iyi bir yer yoktur.<\/p>\n<p>Site \u00fccretsiz bir deneme sunuyor, b\u00f6ylece tek kuru\u015f harcamadan neler sunabilece\u011fini g\u00f6rebilirsiniz. Siteyi ne kadar s\u00fcre kullanmak istedi\u011finize ba\u011fl\u0131 olarak bir ay, \u00fc\u00e7 ay veya on iki ay i\u00e7in kaydolabilirsiniz. Kaydolduktan sonra, nas\u0131l giri\u015f yapaca\u011f\u0131n\u0131za dair talimatlar i\u00e7eren bir kar\u015f\u0131lama e-postas\u0131 alacaks\u0131n\u0131z. Giri\u015f yapt\u0131ktan sonra profillere g\u00f6z atabilir ve olas\u0131 ortaklara mesaj g\u00f6nderebilirsiniz. Potansiyel e\u015fle\u015fmelerle sohbet edebilece\u011finiz bir mesajla\u015fma sistemi de vard\u0131r.<\/p>\n<h2>Peki ya sadece s\u0131radan bir e\u011flence istiyorsan\u0131z?<\/h2>\n<p>Pek \u00e7ok insan yeni biriyle tan\u0131\u015fmak istedi\u011fi i\u00e7in arkada\u015fl\u0131k uygulamalar\u0131n\u0131 kullan\u0131yor. Peki ya birbirlerini tan\u0131mak i\u00e7in saatler harcamak zorunda kalmadan sadece g\u00fcndelik seks yapmak isteyen insanlar ne olacak? Bunu yapman\u0131n tonlarca farkl\u0131 yolu var ve bunlar\u0131n \u00e7o\u011fu \u00fcyelik \u00fccreti i\u00e7in para harcamay\u0131 gerektirmiyor. \u0130\u015fte s\u0131radan kar\u015f\u0131la\u015fmalar bulmak i\u00e7in en iyi \u00fccretsiz arkada\u015fl\u0131k uygulamalar\u0131ndan be\u015fi.<\/p>\n<h2>Uygulamalarla A\u015fk\u0131 Bulmak \u0130\u00e7in En \u0130yi 3 \u0130pucumuz<\/h2>\n<h3>Ki\u015fili\u011finize Uygun Birini Bulabilirsiniz<\/h3>\n<p>Match&#8217;e kaydoldu\u011funuzda, ki\u015filik \u00f6zellikleriniz hakk\u0131nda bir anketle ba\u015flayacaks\u0131n\u0131z. Buradan ilgi alanlar\u0131n\u0131za, de\u011ferlerinize, ya\u015fam tarz\u0131n\u0131za, e\u011fitiminize, kariyerinize, dininize, politikan\u0131za ve daha fazlas\u0131na g\u00f6re e\u015fle\u015ftirileceksiniz. Dolay\u0131s\u0131yla, sadece profillere g\u00f6z att\u0131\u011f\u0131n\u0131z\u0131 d\u00fc\u015f\u00fcnseniz de, asl\u0131nda sizinle ayn\u0131 \u015feylere ilgi duyan insanlarla e\u015fle\u015ftiriliyor olma ihtimaliniz y\u00fcksektir.<\/p>\n<h3>\u00c7ok Say\u0131da Yerel E\u015fle\u015fme de Var<\/h3>\n<p>Herkes eyalet s\u0131n\u0131rlar\u0131n\u0131n \u00f6tesinde bulu\u015fmak istemez, ancak yine de bulunabilecek \u00e7ok say\u0131da yerel e\u015fle\u015fme vard\u0131r. Belirli \u015fehirlerde Match&#8217;e kaydoldu\u011funuzda, otomatik olarak yak\u0131ndaki ki\u015filer de size g\u00f6sterilir. Nerede bulu\u015fmak istedi\u011finizi daraltmak istiyorsan\u0131z, mesafe, cinsiyet, etnik k\u00f6ken ve daha fazlas\u0131 gibi filtreler ayarlayabilirsiniz.<\/p>\n<h3>Profilinizi Kimlerin Kontrol Etti\u011fini G\u00f6rebilirsiniz<\/h3>\n<p>\u00dccretli bir \u00fcye olarak, profilinizi kontrol eden di\u011fer herkesin etkinlik ge\u00e7mi\u015fini g\u00f6r\u00fcnt\u00fcleyebileceksiniz. Bu, foto\u011fraf\u0131n\u0131z\u0131 be\u011fenip be\u011fenmediklerini, biyografinizi okuyup okumad\u0131klar\u0131n\u0131 veya geri bildirim b\u0131rak\u0131p b\u0131rakmad\u0131klar\u0131n\u0131 i\u00e7erir. Profilinizi kimlerin g\u00f6r\u00fcnt\u00fcledi\u011fini g\u00f6rebildi\u011finiz i\u00e7in, potansiyel fl\u00f6rtlerinize g\u00f6stermeye devam etmek istedi\u011finiz bir \u015fey oldu\u011fundan emin olabilirsiniz.<\/p>\n","protected":false},"excerpt":{"rendered":"<p>Yeti\u015fkin bulu\u015fma end\u00fcstrisi h\u0131zla de\u011fi\u015fiyor. Baz\u0131 siteler hala ana ak\u0131m pazara odaklan\u0131rken, di\u011ferleri lezbiyenler, biseks\u00fceller, transseks\u00fceller ve a\u00e7\u0131k ili\u015fkiler arayan insanlar gibi ni\u015f gruplara hitap ediyor. Teknoloji ilerlemeye devam ettik\u00e7e, insanlar\u0131n bulu\u015fma \u015fekli son birka\u00e7 on y\u0131lda b\u00fcy\u00fck \u00f6l\u00e7\u00fcde de\u011fi\u015fti. Match.com ve OkCupid gibi \u00e7evrimi\u00e7i arkada\u015fl\u0131k sitelerinin y\u00fckseli\u015finden ak\u0131ll\u0131 telefonlar\u0131n yayg\u0131nla\u015fmas\u0131na kadar, art\u0131k \u00f6zel biriyle [&hellip;]<\/p>\n","protected":false},"author":1,"featured_media":101,"parent":0,"menu_order":0,"comment_status":"closed","ping_status":"closed","template":"","meta":[],"yoast_head":"<!-- This site is optimized with the Yoast SEO plugin v17.7.1 - https:\/\/yoast.com\/wordpress\/plugins\/seo\/ -->\n<title>Fl\u00f6rt \u00c7er\u00e7eveniz: Nas\u0131l Ba\u015flan\u0131r? - Framework Dating<\/title>\n<meta name=\"robots\" content=\"index, follow, max-snippet:-1, max-image-preview:large, max-video-preview:-1\" \/>\n<link rel=\"canonical\" href=\"https:\/\/lava-framework.com\/tr\/\" \/>\n<meta property=\"og:locale\" content=\"tr_TR\" \/>\n<meta property=\"og:type\" content=\"article\" \/>\n<meta property=\"og:title\" content=\"Fl\u00f6rt \u00c7er\u00e7eveniz: Nas\u0131l Ba\u015flan\u0131r? - Framework Dating\" \/>\n<meta property=\"og:description\" content=\"Yeti\u015fkin bulu\u015fma end\u00fcstrisi h\u0131zla de\u011fi\u015fiyor. Baz\u0131 siteler hala ana ak\u0131m pazara odaklan\u0131rken, di\u011ferleri lezbiyenler, biseks\u00fceller, transseks\u00fceller ve a\u00e7\u0131k ili\u015fkiler arayan insanlar gibi ni\u015f gruplara hitap ediyor. Teknoloji ilerlemeye devam ettik\u00e7e, insanlar\u0131n bulu\u015fma \u015fekli son birka\u00e7 on y\u0131lda b\u00fcy\u00fck \u00f6l\u00e7\u00fcde de\u011fi\u015fti. Match.com ve OkCupid gibi \u00e7evrimi\u00e7i arkada\u015fl\u0131k sitelerinin y\u00fckseli\u015finden ak\u0131ll\u0131 telefonlar\u0131n yayg\u0131nla\u015fmas\u0131na kadar, art\u0131k \u00f6zel biriyle [&hellip;]\" \/>\n<meta property=\"og:url\" content=\"https:\/\/lava-framework.com\/tr\/\" \/>\n<meta property=\"og:site_name\" content=\"Framework Dating\" \/>\n<meta property=\"article:modified_time\" content=\"2022-09-08T18:42:57+00:00\" \/>\n<meta property=\"og:image\" content=\"https:\/\/lava-framework.com\/wp-content\/uploads\/2022\/08\/casual-hookup-sites.jpeg\" \/>\n\t<meta property=\"og:image:width\" content=\"1125\" \/>\n\t<meta property=\"og:image:height\" content=\"750\" \/>\n<meta name=\"twitter:card\" content=\"summary_large_image\" \/>\n<meta name=\"twitter:label1\" content=\"Tahmini okuma s\u00fcresi\" \/>\n\t<meta name=\"twitter:data1\" content=\"7 dakika\" \/>\n<script type=\"application\/ld+json\" class=\"yoast-schema-graph\">{\"@context\":\"https:\/\/schema.org\",\"@graph\":[{\"@type\":\"WebSite\",\"@id\":\"https:\/\/lava-framework.com\/fi\/#website\",\"url\":\"https:\/\/lava-framework.com\/fi\/\",\"name\":\"Framework Dating\",\"description\":\"Online Casual Hookups\",\"potentialAction\":[{\"@type\":\"SearchAction\",\"target\":{\"@type\":\"EntryPoint\",\"urlTemplate\":\"https:\/\/lava-framework.com\/fi\/?s={search_term_string}\"},\"query-input\":\"required name=search_term_string\"}],\"inLanguage\":\"tr\"},{\"@type\":\"ImageObject\",\"@id\":\"https:\/\/lava-framework.com\/tr\/#primaryimage\",\"inLanguage\":\"tr\",\"url\":\"https:\/\/lava-framework.com\/wp-content\/uploads\/2022\/08\/casual-hookup-sites.jpeg\",\"contentUrl\":\"https:\/\/lava-framework.com\/wp-content\/uploads\/2022\/08\/casual-hookup-sites.jpeg\",\"width\":1125,\"height\":750},{\"@type\":\"WebPage\",\"@id\":\"https:\/\/lava-framework.com\/tr\/#webpage\",\"url\":\"https:\/\/lava-framework.com\/tr\/\",\"name\":\"Fl\\u00f6rt \\u00c7er\\u00e7eveniz: Nas\\u0131l Ba\\u015flan\\u0131r? - Framework Dating\",\"isPartOf\":{\"@id\":\"https:\/\/lava-framework.com\/fi\/#website\"},\"primaryImageOfPage\":{\"@id\":\"https:\/\/lava-framework.com\/tr\/#primaryimage\"},\"datePublished\":\"2022-08-18T14:02:55+00:00\",\"dateModified\":\"2022-09-08T18:42:57+00:00\",\"breadcrumb\":{\"@id\":\"https:\/\/lava-framework.com\/tr\/#breadcrumb\"},\"inLanguage\":\"tr\",\"potentialAction\":[{\"@type\":\"ReadAction\",\"target\":[\"https:\/\/lava-framework.com\/tr\/\"]}]},{\"@type\":\"BreadcrumbList\",\"@id\":\"https:\/\/lava-framework.com\/tr\/#breadcrumb\",\"itemListElement\":[{\"@type\":\"ListItem\",\"position\":1,\"name\":\"Home\",\"item\":\"https:\/\/lava-framework.com\/tr\/\"},{\"@type\":\"ListItem\",\"position\":2,\"name\":\"Fl\\u00f6rt \\u00c7er\\u00e7eveniz: Nas\\u0131l Ba\\u015flan\\u0131r?\"}]}]}<\/script>\n<!-- \/ Yoast SEO plugin. -->","yoast_head_json":{"title":"Fl\u00f6rt \u00c7er\u00e7eveniz: Nas\u0131l Ba\u015flan\u0131r? - Framework Dating","robots":{"index":"index","follow":"follow","max-snippet":"max-snippet:-1","max-image-preview":"max-image-preview:large","max-video-preview":"max-video-preview:-1"},"canonical":"https:\/\/lava-framework.com\/tr\/","og_locale":"tr_TR","og_type":"article","og_title":"Fl\u00f6rt \u00c7er\u00e7eveniz: Nas\u0131l Ba\u015flan\u0131r? - Framework Dating","og_description":"Yeti\u015fkin bulu\u015fma end\u00fcstrisi h\u0131zla de\u011fi\u015fiyor. Baz\u0131 siteler hala ana ak\u0131m pazara odaklan\u0131rken, di\u011ferleri lezbiyenler, biseks\u00fceller, transseks\u00fceller ve a\u00e7\u0131k ili\u015fkiler arayan insanlar gibi ni\u015f gruplara hitap ediyor. Teknoloji ilerlemeye devam ettik\u00e7e, insanlar\u0131n bulu\u015fma \u015fekli son birka\u00e7 on y\u0131lda b\u00fcy\u00fck \u00f6l\u00e7\u00fcde de\u011fi\u015fti. Match.com ve OkCupid gibi \u00e7evrimi\u00e7i arkada\u015fl\u0131k sitelerinin y\u00fckseli\u015finden ak\u0131ll\u0131 telefonlar\u0131n yayg\u0131nla\u015fmas\u0131na kadar, art\u0131k \u00f6zel biriyle [&hellip;]","og_url":"https:\/\/lava-framework.com\/tr\/","og_site_name":"Framework Dating","article_modified_time":"2022-09-08T18:42:57+00:00","og_image":[{"width":1125,"height":750,"url":"https:\/\/lava-framework.com\/wp-content\/uploads\/2022\/08\/casual-hookup-sites.jpeg","type":"image\/jpeg"}],"twitter_card":"summary_large_image","twitter_misc":{"Tahmini okuma s\u00fcresi":"7 dakika"},"schema":{"@context":"https:\/\/schema.org","@graph":[{"@type":"WebSite","@id":"https:\/\/lava-framework.com\/fi\/#website","url":"https:\/\/lava-framework.com\/fi\/","name":"Framework Dating","description":"Online Casual Hookups","potentialAction":[{"@type":"SearchAction","target":{"@type":"EntryPoint","urlTemplate":"https:\/\/lava-framework.com\/fi\/?s={search_term_string}"},"query-input":"required name=search_term_string"}],"inLanguage":"tr"},{"@type":"ImageObject","@id":"https:\/\/lava-framework.com\/tr\/#primaryimage","inLanguage":"tr","url":"https:\/\/lava-framework.com\/wp-content\/uploads\/2022\/08\/casual-hookup-sites.jpeg","contentUrl":"https:\/\/lava-framework.com\/wp-content\/uploads\/2022\/08\/casual-hookup-sites.jpeg","width":1125,"height":750},{"@type":"WebPage","@id":"https:\/\/lava-framework.com\/tr\/#webpage","url":"https:\/\/lava-framework.com\/tr\/","name":"Fl\u00f6rt \u00c7er\u00e7eveniz: Nas\u0131l Ba\u015flan\u0131r? - Framework Dating","isPartOf":{"@id":"https:\/\/lava-framework.com\/fi\/#website"},"primaryImageOfPage":{"@id":"https:\/\/lava-framework.com\/tr\/#primaryimage"},"datePublished":"2022-08-18T14:02:55+00:00","dateModified":"2022-09-08T18:42:57+00:00","breadcrumb":{"@id":"https:\/\/lava-framework.com\/tr\/#breadcrumb"},"inLanguage":"tr","potentialAction":[{"@type":"ReadAction","target":["https:\/\/lava-framework.com\/tr\/"]}]},{"@type":"BreadcrumbList","@id":"https:\/\/lava-framework.com\/tr\/#breadcrumb","itemListElement":[{"@type":"ListItem","position":1,"name":"Home","item":"https:\/\/lava-framework.com\/tr\/"},{"@type":"ListItem","position":2,"name":"Fl\u00f6rt \u00c7er\u00e7eveniz: Nas\u0131l Ba\u015flan\u0131r?"}]}]}},"_links":{"self":[{"href":"https:\/\/lava-framework.com\/tr\/wp-json\/wp\/v2\/pages\/386"}],"collection":[{"href":"https:\/\/lava-framework.com\/tr\/wp-json\/wp\/v2\/pages"}],"about":[{"href":"https:\/\/lava-framework.com\/tr\/wp-json\/wp\/v2\/types\/page"}],"author":[{"embeddable":true,"href":"https:\/\/lava-framework.com\/tr\/wp-json\/wp\/v2\/users\/1"}],"replies":[{"embeddable":true,"href":"https:\/\/lava-framework.com\/tr\/wp-json\/wp\/v2\/comments?post=386"}],"version-history":[{"count":1,"href":"https:\/\/lava-framework.com\/tr\/wp-json\/wp\/v2\/pages\/386\/revisions"}],"predecessor-version":[{"id":433,"href":"https:\/\/lava-framework.com\/tr\/wp-json\/wp\/v2\/pages\/386\/revisions\/433"}],"wp:featuredmedia":[{"embeddable":true,"href":"https:\/\/lava-framework.com\/tr\/wp-json\/wp\/v2\/media\/101"}],"wp:attachment":[{"href":"https:\/\/lava-framework.com\/tr\/wp-json\/wp\/v2\/media?parent=386"}],"curies":[{"name":"wp","href":"https:\/\/api.w.org\/{rel}","templated":true}]}}