{"id":381,"date":"2022-08-18T15:14:44","date_gmt":"2022-08-18T14:14:44","guid":{"rendered":"http:\/\/lava-framework.com\/cevrimici-milf-arkadaslik-platformlari\/"},"modified":"2022-08-18T15:14:44","modified_gmt":"2022-08-18T14:14:44","slug":"cevrimici-milf-arkadaslik-platformlari","status":"publish","type":"page","link":"https:\/\/lava-framework.com\/tr\/cevrimici-milf-arkadaslik-platformlari\/","title":{"rendered":"\u00c7evrimi\u00e7i MILF Arkada\u015fl\u0131k Platformlar\u0131"},"content":{"rendered":"<p>Milf arkada\u015fl\u0131k siteleri, \u00e7evrimi\u00e7i a\u015fk arayan insanlar aras\u0131nda giderek daha pop\u00fcler hale geliyor. Olgunlar\u0131n bu kadar \u00e7ekici olmas\u0131n\u0131n bir\u00e7ok nedeni var. Yeni ba\u015flayanlar i\u00e7in, 40 ya\u015f\u0131n \u00fczerindeki kad\u0131nlar &#8220;pumalar&#8221; olarak adland\u0131r\u0131l\u0131r ve genellikle gen\u00e7 kad\u0131nlardan \u00e7ok daha seksi olmalar\u0131yla bilinirler. Ayr\u0131ca gen\u00e7lerin sahip olmad\u0131\u011f\u0131 deneyim, olgunluk ve bilgeli\u011fe de sahipler. Ayr\u0131ca, \u00e7o\u011fu ya\u015fl\u0131 kad\u0131n hala bir ili\u015fki bulmak isterken, gen\u00e7 kad\u0131nlar genellikle sadece g\u00fcndelik ba\u011flant\u0131lar ararlar.<\/p>\n<h2>En \u0130yi Se\u00e7tiklerimiz<\/h2>\n<p>Milf arkada\u015fl\u0131k uygulamalar\u0131n\u0131n say\u0131s\u0131 son birka\u00e7 y\u0131lda patlad\u0131 ve art\u0131k sizin gibi erkeklerle tan\u0131\u015fmak isteyen yerel kad\u0131nlarla tan\u0131\u015fabilece\u011finiz binlerce milf arkada\u015fl\u0131k sitesi var. Bu tan\u0131\u015fma siteleri konum, ya\u015f, ilgi alanlar\u0131 ve hatta v\u00fccut tipine g\u00f6re profillere g\u00f6z atman\u0131za olanak tan\u0131r. Ciddi bir ili\u015fkiye ba\u015flamak istiyorsan\u0131z, muhtemelen \u00f6zellikle evli \u00e7iftlere hitap eden bir arkada\u015fl\u0131k sitesi kullanmak isteyeceksiniz.<\/p>\n<h3>CougarLife<\/h3>\n<p>CougarLife, 2007 y\u0131l\u0131nda kurulan orijinal milf arkada\u015fl\u0131k sitesidir. Art\u0131k en b\u00fcy\u00fck milf arkada\u015fl\u0131k sitesi olmasa da, b\u00fcy\u00fck bir aktif \u00fcye veritaban\u0131na sahiptir. Cougarlar da burada ho\u015f kar\u015f\u0131lan\u0131r ve site, e\u015fle\u015fmelerinizi ya\u015f, mesafe, boy, kilo, etnik k\u00f6ken, din, e\u011fitim seviyesi, meslek ve medeni durum gibi kriterlere g\u00f6re filtrelemenize olanak tan\u0131r.<\/p>\n<h3>Olgun Kad\u0131nlar<\/h3>\n<p>Erkek Arayan Olgun Kad\u0131nlar, ya\u015fl\u0131 kad\u0131n arayanlar i\u00e7in ba\u015fka bir harika se\u00e7enektir. Bu site, ya\u015fl\u0131 kad\u0131nlar\u0131 gen\u00e7 erkeklerle bulu\u015fturmaya odaklan\u0131yor ve her ikisinden de olu\u015fan geni\u015f bir \u00fcye taban\u0131na sahip. \u00dcyeler birbirlerinin foto\u011fraflar\u0131n\u0131 g\u00f6r\u00fcnt\u00fcleyebilir ve birbirlerinin hayatlar\u0131, hobileri ve ilgi alanlar\u0131 hakk\u0131nda bilgi edinebilirler. \u00d6zel birini araman\u0131n yan\u0131 s\u0131ra, sitedeki yeni etkinlikleri size bildirmek i\u00e7in uyar\u0131lar da ayarlayabilirsiniz.<\/p>\n<h3>Olgun Arkada\u015fl\u0131k<\/h3>\n<p>Mature Dating gibi Cougar arkada\u015fl\u0131k uygulamalar\u0131, gen\u00e7 erkek arayan ya\u015fl\u0131 kad\u0131nlar aras\u0131nda giderek daha pop\u00fcler hale geliyor. Asl\u0131nda, gen\u00e7 erkeklerle seks yapmak i\u00e7in para \u00f6demeye raz\u0131 olan baz\u0131 ya\u015fl\u0131 kad\u0131nlar bile var. Bunun nedeni art\u0131k yaln\u0131z kalmak istememeleridir. Ne istediklerini bilecek kadar ya\u015fl\u0131lar, ama hala hayattan zevk alacak kadar da gen\u00e7ler.<\/p>\n<p>Mature Dating, pumalar, \u015feker anneler ve olgunlarla tan\u0131\u015fabilece\u011finiz b\u00f6yle bir uygulamad\u0131r. Bu kad\u0131nlar genellikle bek\u00e2rd\u0131r ve erkek ararlar. Ve zaten orta ya\u015fa geldiklerinden, art\u0131k ne kadar para kazand\u0131\u011f\u0131 umurlar\u0131nda de\u011fil. Tek istedikleri arkada\u015fl\u0131k ve sevgidir.<\/p>\n<h3>Cougar Fl\u00f6rt<\/h3>\n<p>Cougar Dating, piyasadaki en iyi puma arkada\u015fl\u0131k sitelerinden biridir. Bu site canl\u0131 sohbet, video g\u00f6r\u00fc\u015fmeleri ve \u00e7ok daha fazlas\u0131 gibi ger\u00e7ekten ilgin\u00e7 \u00f6zellikler sunuyor. E\u011fer ciddi bir ili\u015fki ar\u0131yorsan\u0131z, buras\u0131 tam size g\u00f6re olabilir.<\/p>\n<p>Bu <a href=\"http:\/\/lava-framework.com\/tr\/ashley-madison-veya-adultfriendfinder-aff\/\">tan\u0131\u015fma uygulamas\u0131<\/a> \u00f6zellikle 40 ya\u015f \u00fcst\u00fc ki\u015filer i\u00e7in tasarlanm\u0131\u015ft\u0131r. Ya\u015fl\u0131 kad\u0131nlar\u0131n bir erkekte ne arad\u0131\u011f\u0131n\u0131 tam olarak anl\u0131yorlar ve bu tan\u0131\u015fma uygulamas\u0131nda bunlar\u0131 sa\u011fl\u0131yorlar. Asl\u0131nda, bu tan\u0131\u015fma uygulamas\u0131n\u0131n \u00fcyelerinin \u00e7o\u011fu zaten evli, ancak yine de bu uygulamay\u0131 kullan\u0131yorlar \u00e7\u00fcnk\u00fc bekar olmaktan ho\u015flan\u0131yorlar. Yani, ya\u015fl\u0131 kad\u0131nlarla tan\u0131\u015fmakla ilgileniyorsan\u0131z, bu tan\u0131\u015fma uygulamas\u0131na g\u00f6z at\u0131n.<\/p>\n<h2>Ya\u015fl\u0131 Kad\u0131nlar Neden Gen\u00e7 Erkekleri Ar\u0131yor?<\/h2>\n<p>Ya\u015fl\u0131 kad\u0131nlar\u0131n gen\u00e7 erkeklerle tak\u0131lmay\u0131 sevmelerinin bir\u00e7ok nedeni vard\u0131r. \u0130\u015fte ya\u015fl\u0131 kad\u0131nlar\u0131n gen\u00e7 erkeklerle \u00e7\u0131kmak istemelerinin nedenlerinden baz\u0131lar\u0131.<\/p>\n<h3>Gen\u00e7 Erkekler Daha Fazla Enerjiye Sahiptir<\/h3>\n<p>Gen\u00e7 insanlar genellikle ya\u015fl\u0131lara g\u00f6re daha enerjik ve aktiftir. Bu da yeni insanlarla tan\u0131\u015fmalar\u0131n\u0131 ve arkada\u015f edinmelerini kolayla\u015ft\u0131r\u0131r. Ya\u015fl\u0131 insanlar yaln\u0131z ba\u015flar\u0131na \u00e7ok fazla zaman ge\u00e7irdikleri i\u00e7in kendilerini yorgun ve tembel hissetme e\u011filimindedirler.<\/p>\n<h3>Gen\u00e7ler Daha Az Yarg\u0131lay\u0131c\u0131<\/h3>\n<p>Ya\u015fl\u0131 insanlar genellikle hayatta \u00e7ok fazla deneyime sahiptir. Ancak yine de kendilerinden daha gen\u00e7 biriyle \u00e7\u0131kman\u0131n yanl\u0131\u015f bir \u015fey oldu\u011funa inan\u0131yorlar. Aksine, gen\u00e7 insanlar ba\u015fkalar\u0131n\u0131n kendileri hakk\u0131nda ne d\u00fc\u015f\u00fcnd\u00fc\u011f\u00fcn\u00fc \u00f6nemsemiyor.<\/p>\n<h3>Gen\u00e7ler Daha \u0130yi Ebeveyn Olabilir<\/h3>\n<p>Bir\u00e7ok ya\u015fl\u0131 insan \u00e7ocuklara nas\u0131l iyi bak\u0131laca\u011f\u0131n\u0131 bilmez. Buna kar\u015f\u0131l\u0131k, gen\u00e7 insanlar daha iyi ebeveynlerdir. \u00c7ocuklar\u0131 nas\u0131l d\u00fczg\u00fcn yeti\u015ftireceklerini ve onlara ihtiya\u00e7 duyduklar\u0131 her \u015feyi nas\u0131l vereceklerini bilirler.<\/p>\n","protected":false},"excerpt":{"rendered":"<p>Milf arkada\u015fl\u0131k siteleri, \u00e7evrimi\u00e7i a\u015fk arayan insanlar aras\u0131nda giderek daha pop\u00fcler hale geliyor. Olgunlar\u0131n bu kadar \u00e7ekici olmas\u0131n\u0131n bir\u00e7ok nedeni var. Yeni ba\u015flayanlar i\u00e7in, 40 ya\u015f\u0131n \u00fczerindeki kad\u0131nlar &#8220;pumalar&#8221; olarak adland\u0131r\u0131l\u0131r ve genellikle gen\u00e7 kad\u0131nlardan \u00e7ok daha seksi olmalar\u0131yla bilinirler. Ayr\u0131ca gen\u00e7lerin sahip olmad\u0131\u011f\u0131 deneyim, olgunluk ve bilgeli\u011fe de sahipler. Ayr\u0131ca, \u00e7o\u011fu ya\u015fl\u0131 kad\u0131n hala [&hellip;]<\/p>\n","protected":false},"author":1,"featured_media":116,"parent":0,"menu_order":0,"comment_status":"closed","ping_status":"closed","template":"","meta":[],"yoast_head":"<!-- This site is optimized with the Yoast SEO plugin v17.7.1 - https:\/\/yoast.com\/wordpress\/plugins\/seo\/ -->\n<title>\u00c7evrimi\u00e7i MILF Arkada\u015fl\u0131k Platformlar\u0131 - Framework Dating<\/title>\n<meta name=\"robots\" content=\"index, follow, max-snippet:-1, max-image-preview:large, max-video-preview:-1\" \/>\n<link rel=\"canonical\" href=\"https:\/\/lava-framework.com\/tr\/cevrimici-milf-arkadaslik-platformlari\/\" \/>\n<meta property=\"og:locale\" content=\"tr_TR\" \/>\n<meta property=\"og:type\" content=\"article\" \/>\n<meta property=\"og:title\" content=\"\u00c7evrimi\u00e7i MILF Arkada\u015fl\u0131k Platformlar\u0131 - Framework Dating\" \/>\n<meta property=\"og:description\" content=\"Milf arkada\u015fl\u0131k siteleri, \u00e7evrimi\u00e7i a\u015fk arayan insanlar aras\u0131nda giderek daha pop\u00fcler hale geliyor. Olgunlar\u0131n bu kadar \u00e7ekici olmas\u0131n\u0131n bir\u00e7ok nedeni var. Yeni ba\u015flayanlar i\u00e7in, 40 ya\u015f\u0131n \u00fczerindeki kad\u0131nlar &#8220;pumalar&#8221; olarak adland\u0131r\u0131l\u0131r ve genellikle gen\u00e7 kad\u0131nlardan \u00e7ok daha seksi olmalar\u0131yla bilinirler. Ayr\u0131ca gen\u00e7lerin sahip olmad\u0131\u011f\u0131 deneyim, olgunluk ve bilgeli\u011fe de sahipler. Ayr\u0131ca, \u00e7o\u011fu ya\u015fl\u0131 kad\u0131n hala [&hellip;]\" \/>\n<meta property=\"og:url\" content=\"https:\/\/lava-framework.com\/tr\/cevrimici-milf-arkadaslik-platformlari\/\" \/>\n<meta property=\"og:site_name\" content=\"Framework Dating\" \/>\n<meta name=\"twitter:card\" content=\"summary_large_image\" \/>\n<meta name=\"twitter:image\" content=\"https:\/\/lava-framework.com\/wp-content\/uploads\/2022\/08\/milf-dating.webp\" \/>\n<meta name=\"twitter:label1\" content=\"Tahmini okuma s\u00fcresi\" \/>\n\t<meta name=\"twitter:data1\" content=\"4 dakika\" \/>\n<script type=\"application\/ld+json\" class=\"yoast-schema-graph\">{\"@context\":\"https:\/\/schema.org\",\"@graph\":[{\"@type\":\"WebSite\",\"@id\":\"https:\/\/lava-framework.com\/fi\/#website\",\"url\":\"https:\/\/lava-framework.com\/fi\/\",\"name\":\"Framework Dating\",\"description\":\"Online Casual Hookups\",\"potentialAction\":[{\"@type\":\"SearchAction\",\"target\":{\"@type\":\"EntryPoint\",\"urlTemplate\":\"https:\/\/lava-framework.com\/fi\/?s={search_term_string}\"},\"query-input\":\"required name=search_term_string\"}],\"inLanguage\":\"tr\"},{\"@type\":\"ImageObject\",\"@id\":\"https:\/\/lava-framework.com\/tr\/cevrimici-milf-arkadaslik-platformlari\/#primaryimage\",\"inLanguage\":\"tr\",\"url\":\"https:\/\/lava-framework.com\/wp-content\/uploads\/2022\/08\/milf-dating.webp\",\"contentUrl\":\"https:\/\/lava-framework.com\/wp-content\/uploads\/2022\/08\/milf-dating.webp\",\"width\":1124,\"height\":750},{\"@type\":\"WebPage\",\"@id\":\"https:\/\/lava-framework.com\/tr\/cevrimici-milf-arkadaslik-platformlari\/#webpage\",\"url\":\"https:\/\/lava-framework.com\/tr\/cevrimici-milf-arkadaslik-platformlari\/\",\"name\":\"\\u00c7evrimi\\u00e7i MILF Arkada\\u015fl\\u0131k Platformlar\\u0131 - Framework Dating\",\"isPartOf\":{\"@id\":\"https:\/\/lava-framework.com\/fi\/#website\"},\"primaryImageOfPage\":{\"@id\":\"https:\/\/lava-framework.com\/tr\/cevrimici-milf-arkadaslik-platformlari\/#primaryimage\"},\"datePublished\":\"2022-08-18T14:14:44+00:00\",\"dateModified\":\"2022-08-18T14:14:44+00:00\",\"breadcrumb\":{\"@id\":\"https:\/\/lava-framework.com\/tr\/cevrimici-milf-arkadaslik-platformlari\/#breadcrumb\"},\"inLanguage\":\"tr\",\"potentialAction\":[{\"@type\":\"ReadAction\",\"target\":[\"https:\/\/lava-framework.com\/tr\/cevrimici-milf-arkadaslik-platformlari\/\"]}]},{\"@type\":\"BreadcrumbList\",\"@id\":\"https:\/\/lava-framework.com\/tr\/cevrimici-milf-arkadaslik-platformlari\/#breadcrumb\",\"itemListElement\":[{\"@type\":\"ListItem\",\"position\":1,\"name\":\"Home\",\"item\":\"https:\/\/lava-framework.com\/tr\/\"},{\"@type\":\"ListItem\",\"position\":2,\"name\":\"\\u00c7evrimi\\u00e7i MILF Arkada\\u015fl\\u0131k Platformlar\\u0131\"}]}]}<\/script>\n<!-- \/ Yoast SEO plugin. -->","yoast_head_json":{"title":"\u00c7evrimi\u00e7i MILF Arkada\u015fl\u0131k Platformlar\u0131 - Framework Dating","robots":{"index":"index","follow":"follow","max-snippet":"max-snippet:-1","max-image-preview":"max-image-preview:large","max-video-preview":"max-video-preview:-1"},"canonical":"https:\/\/lava-framework.com\/tr\/cevrimici-milf-arkadaslik-platformlari\/","og_locale":"tr_TR","og_type":"article","og_title":"\u00c7evrimi\u00e7i MILF Arkada\u015fl\u0131k Platformlar\u0131 - Framework Dating","og_description":"Milf arkada\u015fl\u0131k siteleri, \u00e7evrimi\u00e7i a\u015fk arayan insanlar aras\u0131nda giderek daha pop\u00fcler hale geliyor. Olgunlar\u0131n bu kadar \u00e7ekici olmas\u0131n\u0131n bir\u00e7ok nedeni var. Yeni ba\u015flayanlar i\u00e7in, 40 ya\u015f\u0131n \u00fczerindeki kad\u0131nlar &#8220;pumalar&#8221; olarak adland\u0131r\u0131l\u0131r ve genellikle gen\u00e7 kad\u0131nlardan \u00e7ok daha seksi olmalar\u0131yla bilinirler. Ayr\u0131ca gen\u00e7lerin sahip olmad\u0131\u011f\u0131 deneyim, olgunluk ve bilgeli\u011fe de sahipler. Ayr\u0131ca, \u00e7o\u011fu ya\u015fl\u0131 kad\u0131n hala [&hellip;]","og_url":"https:\/\/lava-framework.com\/tr\/cevrimici-milf-arkadaslik-platformlari\/","og_site_name":"Framework Dating","twitter_card":"summary_large_image","twitter_image":"https:\/\/lava-framework.com\/wp-content\/uploads\/2022\/08\/milf-dating.webp","twitter_misc":{"Tahmini okuma s\u00fcresi":"4 dakika"},"schema":{"@context":"https:\/\/schema.org","@graph":[{"@type":"WebSite","@id":"https:\/\/lava-framework.com\/fi\/#website","url":"https:\/\/lava-framework.com\/fi\/","name":"Framework Dating","description":"Online Casual Hookups","potentialAction":[{"@type":"SearchAction","target":{"@type":"EntryPoint","urlTemplate":"https:\/\/lava-framework.com\/fi\/?s={search_term_string}"},"query-input":"required name=search_term_string"}],"inLanguage":"tr"},{"@type":"ImageObject","@id":"https:\/\/lava-framework.com\/tr\/cevrimici-milf-arkadaslik-platformlari\/#primaryimage","inLanguage":"tr","url":"https:\/\/lava-framework.com\/wp-content\/uploads\/2022\/08\/milf-dating.webp","contentUrl":"https:\/\/lava-framework.com\/wp-content\/uploads\/2022\/08\/milf-dating.webp","width":1124,"height":750},{"@type":"WebPage","@id":"https:\/\/lava-framework.com\/tr\/cevrimici-milf-arkadaslik-platformlari\/#webpage","url":"https:\/\/lava-framework.com\/tr\/cevrimici-milf-arkadaslik-platformlari\/","name":"\u00c7evrimi\u00e7i MILF Arkada\u015fl\u0131k Platformlar\u0131 - Framework Dating","isPartOf":{"@id":"https:\/\/lava-framework.com\/fi\/#website"},"primaryImageOfPage":{"@id":"https:\/\/lava-framework.com\/tr\/cevrimici-milf-arkadaslik-platformlari\/#primaryimage"},"datePublished":"2022-08-18T14:14:44+00:00","dateModified":"2022-08-18T14:14:44+00:00","breadcrumb":{"@id":"https:\/\/lava-framework.com\/tr\/cevrimici-milf-arkadaslik-platformlari\/#breadcrumb"},"inLanguage":"tr","potentialAction":[{"@type":"ReadAction","target":["https:\/\/lava-framework.com\/tr\/cevrimici-milf-arkadaslik-platformlari\/"]}]},{"@type":"BreadcrumbList","@id":"https:\/\/lava-framework.com\/tr\/cevrimici-milf-arkadaslik-platformlari\/#breadcrumb","itemListElement":[{"@type":"ListItem","position":1,"name":"Home","item":"https:\/\/lava-framework.com\/tr\/"},{"@type":"ListItem","position":2,"name":"\u00c7evrimi\u00e7i MILF Arkada\u015fl\u0131k Platformlar\u0131"}]}]}},"_links":{"self":[{"href":"https:\/\/lava-framework.com\/tr\/wp-json\/wp\/v2\/pages\/381"}],"collection":[{"href":"https:\/\/lava-framework.com\/tr\/wp-json\/wp\/v2\/pages"}],"about":[{"href":"https:\/\/lava-framework.com\/tr\/wp-json\/wp\/v2\/types\/page"}],"author":[{"embeddable":true,"href":"https:\/\/lava-framework.com\/tr\/wp-json\/wp\/v2\/users\/1"}],"replies":[{"embeddable":true,"href":"https:\/\/lava-framework.com\/tr\/wp-json\/wp\/v2\/comments?post=381"}],"version-history":[{"count":0,"href":"https:\/\/lava-framework.com\/tr\/wp-json\/wp\/v2\/pages\/381\/revisions"}],"wp:featuredmedia":[{"embeddable":true,"href":"https:\/\/lava-framework.com\/tr\/wp-json\/wp\/v2\/media\/116"}],"wp:attachment":[{"href":"https:\/\/lava-framework.com\/tr\/wp-json\/wp\/v2\/media?parent=381"}],"curies":[{"name":"wp","href":"https:\/\/api.w.org\/{rel}","templated":true}]}}