{"id":385,"date":"2022-08-18T15:02:55","date_gmt":"2022-08-18T14:02:55","guid":{"rendered":"http:\/\/lava-framework.com\/ditt-ramverk-for-dejtning-hur-borjar-du\/"},"modified":"2022-08-18T15:02:55","modified_gmt":"2022-08-18T14:02:55","slug":"ditt-ramverk-for-dejtning-hur-borjar-du","status":"publish","type":"page","link":"https:\/\/lava-framework.com\/sv\/","title":{"rendered":"Ditt ramverk f\u00f6r dejtning: Hur b\u00f6rjar du?"},"content":{"rendered":"<p>Branschen f\u00f6r vuxendating f\u00f6r\u00e4ndras snabbt. Vissa webbplatser \u00e4r fortfarande inriktade p\u00e5 den vanliga marknaden, medan andra riktar sig till nischade grupper som lesbiska, bisexuella, transpersoner och personer som s\u00f6ker \u00f6ppna relationer.<\/p>\n<p>I takt med att tekniken forts\u00e4tter att utvecklas har s\u00e4ttet att dejta f\u00f6r\u00e4ndrats drastiskt under de senaste decennierna. Fr\u00e5n uppkomsten av dejtingsajter p\u00e5 n\u00e4tet som Match.com och OkCupid till spridningen av smartphones finns det nu otaliga s\u00e4tt att f\u00e5 kontakt med n\u00e5gon speciell.<\/p>\n<h2>Vilka appar ska du b\u00f6rja med?<\/h2>\n<p>Vissa m\u00e4nniskor f\u00f6redrar fortfarande att tr\u00e4ffas ansikte mot ansikte, men andra \u00e4r helt n\u00f6jda med att tillbringa st\u00f6rre delen av sin tid med att chatta med potentiella dejter via textmeddelanden, videochattar och meddelandeappar.<\/p>\n<p>Men hur \u00e4r det med de av oss som vill ha mer \u00e4n bara en tillf\u00e4llig kontakt? Vi har olika behov, \u00f6nskem\u00e5l och \u00f6nskem\u00e5l, och vi anv\u00e4nder v\u00e5ra telefoner p\u00e5 olika s\u00e4tt beroende p\u00e5 hur vi k\u00e4nner oss sj\u00e4lva och v\u00e5ra relationer.<\/p>\n<h3>G\u00e5ngj\u00e4rn<\/h3>\n<p>Hinge \u00e4r ett socialt n\u00e4tverk som fokuserar p\u00e5 meningsfulla kontakter snarare \u00e4n p\u00e5 att bara f\u00e5 kontakt. Namnet kommer fr\u00e5n ordet &#8221;hinge&#8221;, som syftar p\u00e5 hur viktiga relationer \u00e4r i livet.<\/p>\n<p>Appen g\u00f6r det m\u00f6jligt f\u00f6r anv\u00e4ndarna att komma i kontakt med andra utifr\u00e5n gemensamma intressen och passioner. Du kan bl\u00e4ddra bland profiler, skicka meddelanden och planera att tr\u00e4ffas. Till skillnad fr\u00e5n m\u00e5nga andra dejtingappar ber Hinge inte om ditt telefonnummer eller din e-postadress. I st\u00e4llet anv\u00e4nder du Facebook f\u00f6r att registrera dig.<\/p>\n<p>Du kan ocks\u00e5 l\u00e4gga till v\u00e4nner via Facebook Messenger, WhatsApp eller Instagram Direct. N\u00e4r du har loggat in p\u00e5 Hinge kan du se andra medlemmars aktiviteter, inklusive senaste matchningar, likes, kommentarer och foton. Varje dag kan du kolla in f\u00f6r att se vad som h\u00e4nder runt omkring dig. Du kan till exempel se att n\u00e5gon annan checkar in i n\u00e4rheten av din plats. Eller kanske finns det en rekommendation om en n\u00e4rliggande restaurang eller ett kaf\u00e9. N\u00e4r du hittar n\u00e5got intressant trycker du p\u00e5 knappen f\u00f6r att &#8221;gilla&#8221; det. P\u00e5 s\u00e5 s\u00e4tt vet alla att du \u00e4r intresserad av vad det \u00e4n \u00e4r. N\u00e4r du vill prata om det kan du g\u00f6ra det genom att trycka p\u00e5 knappen bredvid objektet.<\/p>\n<h3>T\u00e4ndsticka<\/h3>\n<p>Match.com \u00e4r en av de mest popul\u00e4ra dejtingsajterna i v\u00e4rlden, med \u00f6ver 20 miljoner aktiva medlemmar v\u00e4rlden \u00f6ver. \u00c5r 2016 hade f\u00f6retaget int\u00e4kter p\u00e5 1 miljard dollar. Appen kan laddas ner gratis till b\u00e5de Android- och iOS-enheter.<\/p>\n<p>Gratisanv\u00e4ndare kan skapa personliga profiler online, ladda upp n\u00e5gra bilder p\u00e5 sig sj\u00e4lva och sedan b\u00f6rja flirta online via &#8221;winks&#8221; och f\u00e5 nya matchningar dagligen. De kan ocks\u00e5 titta p\u00e5 profiler och gilla varandras bilder. Mer omfattande funktioner, som att se vem som har tittat p\u00e5 din profil och gillat dina bilder, kan l\u00e5sas upp genom att betala en m\u00e5nadsavgift. Du kan till och med betala extra f\u00f6r att f\u00e5 dejtingcoacher som matchar dig i realtid. Webbplatsens nyaste funktion, kallad Vibe Check, l\u00e5ter dig njuta av videochatt-sessioner med dina matchningar, medan en annan ny funktion l\u00e5ter dig betala en liten summa f\u00f6r att Match ska hitta dejter \u00e5t dig.<\/p>\n<h3>Aff<\/h3>\n<p>Adult Friend Finder \u00e4r en av de \u00e4ldsta dejtingsajterna p\u00e5 n\u00e4tet. F\u00f6retaget lanserades 1995 och har funnits med sedan b\u00f6rjan av internetboomen. De v\u00e4xer fortfarande och har \u00f6ver 80 miljoner registrerade medlemmar. Den h\u00e4r sajten v\u00e4nder sig till personer som s\u00f6ker uppkopplingar, tillf\u00e4llig sex, diskreta relationer och till och med \u00e4ktenskap. Om du gillar swinging, gruppsex, trekanter eller bara vill ha lite kul \u00e4r AF n\u00e5got f\u00f6r dig. Du kan anv\u00e4nda webbplatsen var som helst i v\u00e4rlden tack vare mobilappar.<\/p>\n<h3>Ashley Madison<\/h3>\n<p>Det finns m\u00e5nga dejtingsajter som v\u00e4nder sig till personer som vill ha tillf\u00e4llig sex, men f\u00e5 erbjuder ett s\u00e5 brett utbud av funktioner och alternativ. Medan vissa sajter fokuserar p\u00e5 att koppla ihop dig med lokala singlar, l\u00e5ter andra dig koppla ihop dig med tusentals medlemmar \u00f6ver hela v\u00e4rlden. Om du vill hitta n\u00e5gon att tr\u00e4ffa, beh\u00f6ver du inte leta l\u00e4ngre \u00e4n till AshleyMadison.com. Den h\u00e4r webbplatsen erbjuder allt du kan t\u00e4nkas beh\u00f6va f\u00f6r att f\u00e5 det att h\u00e4nda, inklusive gratis onlinechattrum, direktmeddelanden, videochatt, live webbkamerafl\u00f6den, e-post, text, mobilappar och till och med integrering av sociala medier. Med \u00f6ver 30 miljoner aktiva profiler finns det s\u00e4kert n\u00e5gon i n\u00e4rheten som vill tr\u00e4ffa dig f\u00f6r en snabbis.<\/p>\n<p>Om du \u00e4r intresserad av att hitta k\u00e4rleken beh\u00f6ver du inte betala n\u00e5got f\u00f6r att g\u00e5 med i AshleyMadison. Men om du v\u00e4ljer att uppgradera till en av de betalda medlemskapsplanerna f\u00e5r du tillg\u00e5ng till ytterligare funktioner, som obegr\u00e4nsad e-post, f\u00f6rb\u00e4ttrade kommunikationsverktyg och prioriterad kundsupport.<\/p>\n<h3>ALT.com<\/h3>\n<p>Alt.com \u00e4r en uppkopplingssajt f\u00f6r kinky personer som vill ha lite extra krydda i sitt sexliv. Denna nischade dejtingsajt v\u00e4nder sig s\u00e4rskilt till dem som gillar bondage, dominans, underkastelse, sadism och masochism (BDSM). Om du \u00e4r intresserad av att utforska BDSM finns det inget b\u00e4ttre st\u00e4lle att b\u00f6rja \u00e4n h\u00e4r.<\/p>\n<p>Webbplatsen erbjuder en gratis provperiod, s\u00e5 att du kan se vad den har att erbjuda utan att spendera en krona. Du kan antingen registrera dig f\u00f6r en m\u00e5nad, tre m\u00e5nader eller tolv m\u00e5nader, beroende p\u00e5 hur l\u00e4nge du vill anv\u00e4nda webbplatsen. N\u00e4r du har registrerat dig f\u00e5r du ett v\u00e4lkomstmeddelande med instruktioner om hur du loggar in. N\u00e4r du har loggat in kan du bl\u00e4ddra bland profiler och skicka meddelanden till potentiella partners. Det finns ocks\u00e5 ett meddelandesystem d\u00e4r du kan chatta med potentiella matchningar.<\/p>\n<h2>Vad h\u00e4nder om du bara vill ha en avslappnad lek?<\/h2>\n<p>M\u00e5nga anv\u00e4nder dejtingappar f\u00f6r att de vill tr\u00e4ffa n\u00e5gon ny. Men hur \u00e4r det med de personer som bara vill ha lite avslappnat sex utan att beh\u00f6va \u00e4gna timmar \u00e5t att l\u00e4ra k\u00e4nna varandra? Det finns massor av olika s\u00e4tt att g\u00f6ra det p\u00e5, och de flesta av dem inneb\u00e4r inte att du beh\u00f6ver betala en medlemsavgift. H\u00e4r \u00e4r fem av de b\u00e4sta gratis dejtingapparna f\u00f6r att hitta tillf\u00e4lliga m\u00f6ten.<\/p>\n<h2>V\u00e5ra tre b\u00e4sta tips f\u00f6r att hitta k\u00e4rleken med appar<\/h2>\n<h3>Du kan hitta en person som passar in p\u00e5 din personlighet<\/h3>\n<p>N\u00e4r du registrerar dig f\u00f6r Match f\u00e5r du f\u00f6rst ett fr\u00e5geformul\u00e4r om dina personlighetsdrag. D\u00e4refter matchas du utifr\u00e5n dina intressen, v\u00e4rderingar, livsstil, utbildning, karri\u00e4r, religion, politik med mera. \u00c4ven om du tror att du bara tittar p\u00e5 profiler \u00e4r det troligt att du faktiskt matchas med personer som verkligen gillar samma saker som du.<\/p>\n<h3>Det finns ocks\u00e5 m\u00e5nga lokala matcher<\/h3>\n<p>Det \u00e4r inte alla som vill dejta \u00f6ver statsgr\u00e4nserna, men det finns fortfarande gott om lokala matchningar att hitta. N\u00e4r du registrerar dig f\u00f6r Match i vissa st\u00e4der visas automatiskt personer i n\u00e4rheten. Om du vill begr\u00e4nsa antalet platser du vill tr\u00e4ffa kan du ange filter som avst\u00e5nd, k\u00f6n, etnicitet med mera.<\/p>\n<h3>Du kan se vem som kollar in din profil<\/h3>\n<p>Som betalande medlem kan du se aktivitetshistoriken f\u00f6r alla andra som har tittat p\u00e5 din profil. Detta inkluderar om de gillade ditt foto, l\u00e4ste din biografi eller l\u00e4mnade feedback. Och eftersom du kan se vem som har tittat p\u00e5 din profil kan du se till att det \u00e4r n\u00e5got du vill visa upp f\u00f6r potentiella dejter.<\/p>\n","protected":false},"excerpt":{"rendered":"<p>Branschen f\u00f6r vuxendating f\u00f6r\u00e4ndras snabbt. Vissa webbplatser \u00e4r fortfarande inriktade p\u00e5 den vanliga marknaden, medan andra riktar sig till nischade grupper som lesbiska, bisexuella, transpersoner och personer som s\u00f6ker \u00f6ppna relationer. I takt med att tekniken forts\u00e4tter att utvecklas har s\u00e4ttet att dejta f\u00f6r\u00e4ndrats drastiskt under de senaste decennierna. Fr\u00e5n uppkomsten av dejtingsajter p\u00e5 n\u00e4tet [&hellip;]<\/p>\n","protected":false},"author":1,"featured_media":100,"parent":0,"menu_order":0,"comment_status":"closed","ping_status":"closed","template":"","meta":[],"yoast_head":"<!-- This site is optimized with the Yoast SEO plugin v17.7.1 - https:\/\/yoast.com\/wordpress\/plugins\/seo\/ -->\n<title>Ditt ramverk f\u00f6r dejtning: Hur b\u00f6rjar du? - Framework Dating<\/title>\n<meta name=\"robots\" content=\"index, follow, max-snippet:-1, max-image-preview:large, max-video-preview:-1\" \/>\n<link rel=\"canonical\" href=\"https:\/\/lava-framework.com\/sv\/\" \/>\n<meta property=\"og:locale\" content=\"sv_SE\" \/>\n<meta property=\"og:type\" content=\"article\" \/>\n<meta property=\"og:title\" content=\"Ditt ramverk f\u00f6r dejtning: Hur b\u00f6rjar du? - Framework Dating\" \/>\n<meta property=\"og:description\" content=\"Branschen f\u00f6r vuxendating f\u00f6r\u00e4ndras snabbt. Vissa webbplatser \u00e4r fortfarande inriktade p\u00e5 den vanliga marknaden, medan andra riktar sig till nischade grupper som lesbiska, bisexuella, transpersoner och personer som s\u00f6ker \u00f6ppna relationer. I takt med att tekniken forts\u00e4tter att utvecklas har s\u00e4ttet att dejta f\u00f6r\u00e4ndrats drastiskt under de senaste decennierna. Fr\u00e5n uppkomsten av dejtingsajter p\u00e5 n\u00e4tet [&hellip;]\" \/>\n<meta property=\"og:url\" content=\"https:\/\/lava-framework.com\/sv\/\" \/>\n<meta property=\"og:site_name\" content=\"Framework Dating\" \/>\n<meta property=\"og:image\" content=\"https:\/\/lava-framework.com\/wp-content\/uploads\/2022\/08\/casual-hookup-sites.jpeg\" \/>\n\t<meta property=\"og:image:width\" content=\"1125\" \/>\n\t<meta property=\"og:image:height\" content=\"750\" \/>\n<meta name=\"twitter:card\" content=\"summary_large_image\" \/>\n<meta name=\"twitter:label1\" content=\"Ber\u00e4knad l\u00e4stid\" \/>\n\t<meta name=\"twitter:data1\" content=\"7 minuter\" \/>\n<script type=\"application\/ld+json\" class=\"yoast-schema-graph\">{\"@context\":\"https:\/\/schema.org\",\"@graph\":[{\"@type\":\"WebSite\",\"@id\":\"https:\/\/lava-framework.com\/fi\/#website\",\"url\":\"https:\/\/lava-framework.com\/fi\/\",\"name\":\"Framework Dating\",\"description\":\"Online Casual Hookups\",\"potentialAction\":[{\"@type\":\"SearchAction\",\"target\":{\"@type\":\"EntryPoint\",\"urlTemplate\":\"https:\/\/lava-framework.com\/fi\/?s={search_term_string}\"},\"query-input\":\"required name=search_term_string\"}],\"inLanguage\":\"sv-SE\"},{\"@type\":\"ImageObject\",\"@id\":\"https:\/\/lava-framework.com\/sv\/#primaryimage\",\"inLanguage\":\"sv-SE\",\"url\":\"https:\/\/lava-framework.com\/wp-content\/uploads\/2022\/08\/casual-hookup-sites.jpeg\",\"contentUrl\":\"https:\/\/lava-framework.com\/wp-content\/uploads\/2022\/08\/casual-hookup-sites.jpeg\",\"width\":1125,\"height\":750},{\"@type\":\"WebPage\",\"@id\":\"https:\/\/lava-framework.com\/sv\/#webpage\",\"url\":\"https:\/\/lava-framework.com\/sv\/\",\"name\":\"Ditt ramverk f\\u00f6r dejtning: Hur b\\u00f6rjar du? - Framework Dating\",\"isPartOf\":{\"@id\":\"https:\/\/lava-framework.com\/fi\/#website\"},\"primaryImageOfPage\":{\"@id\":\"https:\/\/lava-framework.com\/sv\/#primaryimage\"},\"datePublished\":\"2022-08-18T14:02:55+00:00\",\"dateModified\":\"2022-08-18T14:02:55+00:00\",\"breadcrumb\":{\"@id\":\"https:\/\/lava-framework.com\/sv\/#breadcrumb\"},\"inLanguage\":\"sv-SE\",\"potentialAction\":[{\"@type\":\"ReadAction\",\"target\":[\"https:\/\/lava-framework.com\/sv\/\"]}]},{\"@type\":\"BreadcrumbList\",\"@id\":\"https:\/\/lava-framework.com\/sv\/#breadcrumb\",\"itemListElement\":[{\"@type\":\"ListItem\",\"position\":1,\"name\":\"Home\",\"item\":\"https:\/\/lava-framework.com\/sv\/\"},{\"@type\":\"ListItem\",\"position\":2,\"name\":\"Ditt ramverk f\\u00f6r dejtning: Hur b\\u00f6rjar du?\"}]}]}<\/script>\n<!-- \/ Yoast SEO plugin. -->","yoast_head_json":{"title":"Ditt ramverk f\u00f6r dejtning: Hur b\u00f6rjar du? - Framework Dating","robots":{"index":"index","follow":"follow","max-snippet":"max-snippet:-1","max-image-preview":"max-image-preview:large","max-video-preview":"max-video-preview:-1"},"canonical":"https:\/\/lava-framework.com\/sv\/","og_locale":"sv_SE","og_type":"article","og_title":"Ditt ramverk f\u00f6r dejtning: Hur b\u00f6rjar du? - Framework Dating","og_description":"Branschen f\u00f6r vuxendating f\u00f6r\u00e4ndras snabbt. Vissa webbplatser \u00e4r fortfarande inriktade p\u00e5 den vanliga marknaden, medan andra riktar sig till nischade grupper som lesbiska, bisexuella, transpersoner och personer som s\u00f6ker \u00f6ppna relationer. I takt med att tekniken forts\u00e4tter att utvecklas har s\u00e4ttet att dejta f\u00f6r\u00e4ndrats drastiskt under de senaste decennierna. Fr\u00e5n uppkomsten av dejtingsajter p\u00e5 n\u00e4tet [&hellip;]","og_url":"https:\/\/lava-framework.com\/sv\/","og_site_name":"Framework Dating","og_image":[{"width":1125,"height":750,"url":"https:\/\/lava-framework.com\/wp-content\/uploads\/2022\/08\/casual-hookup-sites.jpeg","type":"image\/jpeg"}],"twitter_card":"summary_large_image","twitter_misc":{"Ber\u00e4knad l\u00e4stid":"7 minuter"},"schema":{"@context":"https:\/\/schema.org","@graph":[{"@type":"WebSite","@id":"https:\/\/lava-framework.com\/fi\/#website","url":"https:\/\/lava-framework.com\/fi\/","name":"Framework Dating","description":"Online Casual Hookups","potentialAction":[{"@type":"SearchAction","target":{"@type":"EntryPoint","urlTemplate":"https:\/\/lava-framework.com\/fi\/?s={search_term_string}"},"query-input":"required name=search_term_string"}],"inLanguage":"sv-SE"},{"@type":"ImageObject","@id":"https:\/\/lava-framework.com\/sv\/#primaryimage","inLanguage":"sv-SE","url":"https:\/\/lava-framework.com\/wp-content\/uploads\/2022\/08\/casual-hookup-sites.jpeg","contentUrl":"https:\/\/lava-framework.com\/wp-content\/uploads\/2022\/08\/casual-hookup-sites.jpeg","width":1125,"height":750},{"@type":"WebPage","@id":"https:\/\/lava-framework.com\/sv\/#webpage","url":"https:\/\/lava-framework.com\/sv\/","name":"Ditt ramverk f\u00f6r dejtning: Hur b\u00f6rjar du? - Framework Dating","isPartOf":{"@id":"https:\/\/lava-framework.com\/fi\/#website"},"primaryImageOfPage":{"@id":"https:\/\/lava-framework.com\/sv\/#primaryimage"},"datePublished":"2022-08-18T14:02:55+00:00","dateModified":"2022-08-18T14:02:55+00:00","breadcrumb":{"@id":"https:\/\/lava-framework.com\/sv\/#breadcrumb"},"inLanguage":"sv-SE","potentialAction":[{"@type":"ReadAction","target":["https:\/\/lava-framework.com\/sv\/"]}]},{"@type":"BreadcrumbList","@id":"https:\/\/lava-framework.com\/sv\/#breadcrumb","itemListElement":[{"@type":"ListItem","position":1,"name":"Home","item":"https:\/\/lava-framework.com\/sv\/"},{"@type":"ListItem","position":2,"name":"Ditt ramverk f\u00f6r dejtning: Hur b\u00f6rjar du?"}]}]}},"_links":{"self":[{"href":"https:\/\/lava-framework.com\/sv\/wp-json\/wp\/v2\/pages\/385"}],"collection":[{"href":"https:\/\/lava-framework.com\/sv\/wp-json\/wp\/v2\/pages"}],"about":[{"href":"https:\/\/lava-framework.com\/sv\/wp-json\/wp\/v2\/types\/page"}],"author":[{"embeddable":true,"href":"https:\/\/lava-framework.com\/sv\/wp-json\/wp\/v2\/users\/1"}],"replies":[{"embeddable":true,"href":"https:\/\/lava-framework.com\/sv\/wp-json\/wp\/v2\/comments?post=385"}],"version-history":[{"count":0,"href":"https:\/\/lava-framework.com\/sv\/wp-json\/wp\/v2\/pages\/385\/revisions"}],"wp:featuredmedia":[{"embeddable":true,"href":"https:\/\/lava-framework.com\/sv\/wp-json\/wp\/v2\/media\/100"}],"wp:attachment":[{"href":"https:\/\/lava-framework.com\/sv\/wp-json\/wp\/v2\/media?parent=385"}],"curies":[{"name":"wp","href":"https:\/\/api.w.org\/{rel}","templated":true}]}}