{"id":379,"date":"2022-08-18T15:14:44","date_gmt":"2022-08-18T14:14:44","guid":{"rendered":"http:\/\/lava-framework.com\/plattformar-for-milf-dating-pa-natet\/"},"modified":"2022-09-08T19:20:40","modified_gmt":"2022-09-08T18:20:40","slug":"plattformar-for-milf-dating-pa-natet","status":"publish","type":"page","link":"https:\/\/lava-framework.com\/sv\/plattformar-for-milf-dating-pa-natet\/","title":{"rendered":"Plattformar f\u00f6r MILF-dating p\u00e5 n\u00e4tet"},"content":{"rendered":"<p>Milf dejting webbplatser blir alltmer popul\u00e4ra bland m\u00e4nniskor som s\u00f6ker k\u00e4rlek p\u00e5 n\u00e4tet. Det finns m\u00e5nga anledningar <a href=\"http:\/\/www.singles-sites.com\/sv\/gratis-sex-finder-inget-kreditkort\/\">gratissex<\/a> till varf\u00f6r milfs \u00e4r s\u00e5 attraktiva. Till att b\u00f6rja med har kvinnor \u00f6ver 40 \u00e5r kallats &#8221;cougars&#8221;, och de \u00e4r ofta k\u00e4nda f\u00f6r att vara mycket sexigare \u00e4n yngre kvinnor. De har ocks\u00e5 erfarenhet, mognad och visdom som unga m\u00e4nniskor saknar. Dessutom vill de flesta \u00e4ldre kvinnor fortfarande ha ett f\u00f6rh\u00e5llande, medan yngre kvinnor oftast bara \u00e4r ute efter en tillf\u00e4llig kontakt.<\/p>\n<h2>V\u00e5ra b\u00e4sta val<\/h2>\n<p>Antalet milf dejting appar har exploderat under de senaste \u00e5ren, och det finns nu tusentals milf dejting webbplatser d\u00e4r du kan tr\u00e4ffa lokala kvinnor som \u00e4r intresserade av att tr\u00e4ffa m\u00e4n som du sj\u00e4lv. P\u00e5 dessa dejtingsajter kan du bl\u00e4ddra bland profiler utifr\u00e5n plats, \u00e5lder, intressen och till och med kroppstyp. Om du vill inleda ett seri\u00f6st f\u00f6rh\u00e5llande vill du f\u00f6rmodligen anv\u00e4nda en dejtingsajt som riktar sig specifikt till gifta par.<\/p>\n<h3>PumaLiv<\/h3>\n<p>CougarLife \u00e4r den ursprungliga milf dejtingsajten som grundades 2007. \u00c4ven om det inte l\u00e4ngre \u00e4r den st\u00f6rsta milf-datingsajten har den en enorm databas med aktiva medlemmar. Pumor \u00e4r ocks\u00e5 v\u00e4lkomna h\u00e4r, och p\u00e5 webbplatsen kan du filtrera dina tr\u00e4ffar efter kriterier som \u00e5lder, avst\u00e5nd, l\u00e4ngd, vikt, etnicitet, religion, utbildningsniv\u00e5, yrke och civilst\u00e5nd.<\/p>\n<h3>Mogna kvinnor<\/h3>\n<p>Mature Women Looking for Men \u00e4r ett annat bra alternativ <a href=\"https:\/\/adultxxxdate.net\/da\/gratis-sex-chat-iphone\/\">gratis sex date<\/a> f\u00f6r dem som s\u00f6ker \u00e4ldre kvinnor. Den h\u00e4r sajten fokuserar p\u00e5 att sammanf\u00f6ra \u00e4ldre kvinnor med yngre m\u00e4n, och den har en stor medlemsbas av b\u00e5da. Medlemmarna kan se varandras foton och l\u00e4sa om varandras liv, hobbyer och intressen. F\u00f6rutom att s\u00f6ka efter en speciell person kan du ocks\u00e5 st\u00e4lla in varningar som meddelar dig om nya aktiviteter p\u00e5 webbplatsen.<\/p>\n<h3>Dating f\u00f6r mogna personer<\/h3>\n<p>Cougar dejtingappar som Mature Dating blir alltmer popul\u00e4ra bland \u00e4ldre kvinnor som s\u00f6ker yngre m\u00e4n. Det finns till och med \u00e4ldre kvinnor som \u00e4r villiga att betala f\u00f6r sex med yngre m\u00e4n. Detta beror p\u00e5 att de inte l\u00e4ngre vill vara ensamma. De \u00e4r tillr\u00e4ckligt gamla f\u00f6r att veta vad de vill ha, men tillr\u00e4ckligt unga f\u00f6r att fortfarande njuta av livet.<\/p>\n<p>Mature Dating \u00e4r en s\u00e5dan app d\u00e4r du kan tr\u00e4ffa cougars, sugar moms och milfs. Dessa kvinnor \u00e4r vanligtvis singel och s\u00f6ker m\u00e4n. Och eftersom de redan har n\u00e5tt medel\u00e5ldern bryr de sig inte l\u00e4ngre om hur mycket pengar han tj\u00e4nar. Allt de vill ha \u00e4r s\u00e4llskap och k\u00e4rlek.<\/p>\n<h3>Cougar Dating<\/h3>\n<p>Cougar Dating \u00e4r en av de b\u00e4sta cougar dejtingsajterna som finns. Den h\u00e4r webbplatsen erbjuder n\u00e5gra riktigt intressanta funktioner, som livechatt, videosamtal och mycket mer. Om du \u00e4r ute efter ett seri\u00f6st f\u00f6rh\u00e5llande kan det h\u00e4r vara r\u00e4tt st\u00e4lle f\u00f6r dig.<\/p>\n<p>Den h\u00e4r <a href=\"http:\/\/lava-framework.com\/sv\/ashley-madison-eller-adultfriendfinder-aff\/\">dejtingappen<\/a> \u00e4r s\u00e4rskilt utformad f\u00f6r personer \u00f6ver 40 \u00e5r. De f\u00f6rst\u00e5r exakt vad \u00e4ldre kvinnor s\u00f6ker hos en man och de erbjuder detta i denna dejtingapp. Faktum \u00e4r att de flesta av medlemmarna i den h\u00e4r dejtingappen redan \u00e4r gifta, men de anv\u00e4nder \u00e4nd\u00e5 appen eftersom de tycker om att vara singel. S\u00e5 om du \u00e4r intresserad av att tr\u00e4ffa \u00e4ldre kvinnor kan du kolla in den h\u00e4r dejtingappen.<\/p>\n<h2>Varf\u00f6r \u00e4ldre kvinnor letar efter yngre killar<\/h2>\n<p>Det finns m\u00e5nga anledningar till varf\u00f6r \u00e4ldre <a href=\"https:\/\/www.fucksites.net\/sv\/\">gratis knull<\/a> gillar att tr\u00e4ffa yngre killar. H\u00e4r \u00e4r n\u00e5gra av anledningarna till att \u00e4ldre kvinnor vill tr\u00e4ffa yngre m\u00e4n.<\/p>\n<h3>Yngre m\u00e4n har mer energi<\/h3>\n<p>Yngre m\u00e4nniskor \u00e4r vanligtvis mer energiska och aktiva \u00e4n \u00e4ldre m\u00e4nniskor. Det g\u00f6r det l\u00e4ttare f\u00f6r dem att tr\u00e4ffa nya m\u00e4nniskor och f\u00e5 v\u00e4nner. \u00c4ldre m\u00e4nniskor tenderar att k\u00e4nna sig tr\u00f6tta och lata eftersom de tillbringar f\u00f6r mycket tid ensamma.<\/p>\n<h3>Ungdomar \u00e4r mindre d\u00f6mande<\/h3>\n<p>\u00c4ldre m\u00e4nniskor har ofta mycket erfarenhet av livet. Men de tror fortfarande att det \u00e4r n\u00e5got fel med att dejta n\u00e5gon som \u00e4r yngre \u00e4n dem sj\u00e4lva. Tv\u00e4rtom, yngre m\u00e4nniskor bryr sig inte om vad andra tycker om dem.<\/p>\n<h3>Yngre m\u00e4nniskor kan bli b\u00e4ttre f\u00f6r\u00e4ldrar<\/h3>\n<p>M\u00e5nga \u00e4ldre vet inte hur man tar hand om barn. D\u00e4remot \u00e4r yngre m\u00e4nniskor b\u00e4ttre f\u00f6r\u00e4ldrar. De vet hur man uppfostrar barn p\u00e5 r\u00e4tt s\u00e4tt och ger dem allt de beh\u00f6ver.<\/p>\n","protected":false},"excerpt":{"rendered":"<p>Milf dejting webbplatser blir alltmer popul\u00e4ra bland m\u00e4nniskor som s\u00f6ker k\u00e4rlek p\u00e5 n\u00e4tet. Det finns m\u00e5nga anledningar gratissex till varf\u00f6r milfs \u00e4r s\u00e5 attraktiva. Till att b\u00f6rja med har kvinnor \u00f6ver 40 \u00e5r kallats &#8221;cougars&#8221;, och de \u00e4r ofta k\u00e4nda f\u00f6r att vara mycket sexigare \u00e4n yngre kvinnor. De har ocks\u00e5 erfarenhet, mognad och visdom [&hellip;]<\/p>\n","protected":false},"author":1,"featured_media":115,"parent":0,"menu_order":0,"comment_status":"closed","ping_status":"closed","template":"","meta":[],"yoast_head":"<!-- This site is optimized with the Yoast SEO plugin v17.7.1 - https:\/\/yoast.com\/wordpress\/plugins\/seo\/ -->\n<title>Plattformar f\u00f6r MILF-dating p\u00e5 n\u00e4tet - Framework Dating<\/title>\n<meta name=\"robots\" content=\"index, follow, max-snippet:-1, max-image-preview:large, max-video-preview:-1\" \/>\n<link rel=\"canonical\" href=\"https:\/\/lava-framework.com\/sv\/plattformar-for-milf-dating-pa-natet\/\" \/>\n<meta property=\"og:locale\" content=\"sv_SE\" \/>\n<meta property=\"og:type\" content=\"article\" \/>\n<meta property=\"og:title\" content=\"Plattformar f\u00f6r MILF-dating p\u00e5 n\u00e4tet - Framework Dating\" \/>\n<meta property=\"og:description\" content=\"Milf dejting webbplatser blir alltmer popul\u00e4ra bland m\u00e4nniskor som s\u00f6ker k\u00e4rlek p\u00e5 n\u00e4tet. Det finns m\u00e5nga anledningar gratissex till varf\u00f6r milfs \u00e4r s\u00e5 attraktiva. Till att b\u00f6rja med har kvinnor \u00f6ver 40 \u00e5r kallats &#8221;cougars&#8221;, och de \u00e4r ofta k\u00e4nda f\u00f6r att vara mycket sexigare \u00e4n yngre kvinnor. De har ocks\u00e5 erfarenhet, mognad och visdom [&hellip;]\" \/>\n<meta property=\"og:url\" content=\"https:\/\/lava-framework.com\/sv\/plattformar-for-milf-dating-pa-natet\/\" \/>\n<meta property=\"og:site_name\" content=\"Framework Dating\" \/>\n<meta property=\"article:modified_time\" content=\"2022-09-08T18:20:40+00:00\" \/>\n<meta name=\"twitter:card\" content=\"summary_large_image\" \/>\n<meta name=\"twitter:image\" content=\"https:\/\/lava-framework.com\/wp-content\/uploads\/2022\/08\/milf-dating.webp\" \/>\n<meta name=\"twitter:label1\" content=\"Ber\u00e4knad l\u00e4stid\" \/>\n\t<meta name=\"twitter:data1\" content=\"4 minuter\" \/>\n<script type=\"application\/ld+json\" class=\"yoast-schema-graph\">{\"@context\":\"https:\/\/schema.org\",\"@graph\":[{\"@type\":\"WebSite\",\"@id\":\"http:\/\/lava-framework.com\/#website\",\"url\":\"http:\/\/lava-framework.com\/\",\"name\":\"Framework Dating\",\"description\":\"Online Casual Hookups\",\"potentialAction\":[{\"@type\":\"SearchAction\",\"target\":{\"@type\":\"EntryPoint\",\"urlTemplate\":\"http:\/\/lava-framework.com\/?s={search_term_string}\"},\"query-input\":\"required name=search_term_string\"}],\"inLanguage\":\"sv-SE\"},{\"@type\":\"ImageObject\",\"@id\":\"https:\/\/lava-framework.com\/sv\/plattformar-for-milf-dating-pa-natet\/#primaryimage\",\"inLanguage\":\"sv-SE\",\"url\":\"https:\/\/lava-framework.com\/wp-content\/uploads\/2022\/08\/milf-dating.webp\",\"contentUrl\":\"https:\/\/lava-framework.com\/wp-content\/uploads\/2022\/08\/milf-dating.webp\",\"width\":1124,\"height\":750},{\"@type\":\"WebPage\",\"@id\":\"https:\/\/lava-framework.com\/sv\/plattformar-for-milf-dating-pa-natet\/#webpage\",\"url\":\"https:\/\/lava-framework.com\/sv\/plattformar-for-milf-dating-pa-natet\/\",\"name\":\"Plattformar f\\u00f6r MILF-dating p\\u00e5 n\\u00e4tet - Framework Dating\",\"isPartOf\":{\"@id\":\"http:\/\/lava-framework.com\/#website\"},\"primaryImageOfPage\":{\"@id\":\"https:\/\/lava-framework.com\/sv\/plattformar-for-milf-dating-pa-natet\/#primaryimage\"},\"datePublished\":\"2022-08-18T14:14:44+00:00\",\"dateModified\":\"2022-09-08T18:20:40+00:00\",\"breadcrumb\":{\"@id\":\"https:\/\/lava-framework.com\/sv\/plattformar-for-milf-dating-pa-natet\/#breadcrumb\"},\"inLanguage\":\"sv-SE\",\"potentialAction\":[{\"@type\":\"ReadAction\",\"target\":[\"https:\/\/lava-framework.com\/sv\/plattformar-for-milf-dating-pa-natet\/\"]}]},{\"@type\":\"BreadcrumbList\",\"@id\":\"https:\/\/lava-framework.com\/sv\/plattformar-for-milf-dating-pa-natet\/#breadcrumb\",\"itemListElement\":[{\"@type\":\"ListItem\",\"position\":1,\"name\":\"Home\",\"item\":\"http:\/\/lava-framework.com\/sv\/\"},{\"@type\":\"ListItem\",\"position\":2,\"name\":\"Plattformar f\\u00f6r MILF-dating p\\u00e5 n\\u00e4tet\"}]}]}<\/script>\n<!-- \/ Yoast SEO plugin. -->","yoast_head_json":{"title":"Plattformar f\u00f6r MILF-dating p\u00e5 n\u00e4tet - Framework Dating","robots":{"index":"index","follow":"follow","max-snippet":"max-snippet:-1","max-image-preview":"max-image-preview:large","max-video-preview":"max-video-preview:-1"},"canonical":"https:\/\/lava-framework.com\/sv\/plattformar-for-milf-dating-pa-natet\/","og_locale":"sv_SE","og_type":"article","og_title":"Plattformar f\u00f6r MILF-dating p\u00e5 n\u00e4tet - Framework Dating","og_description":"Milf dejting webbplatser blir alltmer popul\u00e4ra bland m\u00e4nniskor som s\u00f6ker k\u00e4rlek p\u00e5 n\u00e4tet. Det finns m\u00e5nga anledningar gratissex till varf\u00f6r milfs \u00e4r s\u00e5 attraktiva. Till att b\u00f6rja med har kvinnor \u00f6ver 40 \u00e5r kallats &#8221;cougars&#8221;, och de \u00e4r ofta k\u00e4nda f\u00f6r att vara mycket sexigare \u00e4n yngre kvinnor. De har ocks\u00e5 erfarenhet, mognad och visdom [&hellip;]","og_url":"https:\/\/lava-framework.com\/sv\/plattformar-for-milf-dating-pa-natet\/","og_site_name":"Framework Dating","article_modified_time":"2022-09-08T18:20:40+00:00","twitter_card":"summary_large_image","twitter_image":"https:\/\/lava-framework.com\/wp-content\/uploads\/2022\/08\/milf-dating.webp","twitter_misc":{"Ber\u00e4knad l\u00e4stid":"4 minuter"},"schema":{"@context":"https:\/\/schema.org","@graph":[{"@type":"WebSite","@id":"http:\/\/lava-framework.com\/#website","url":"http:\/\/lava-framework.com\/","name":"Framework Dating","description":"Online Casual Hookups","potentialAction":[{"@type":"SearchAction","target":{"@type":"EntryPoint","urlTemplate":"http:\/\/lava-framework.com\/?s={search_term_string}"},"query-input":"required name=search_term_string"}],"inLanguage":"sv-SE"},{"@type":"ImageObject","@id":"https:\/\/lava-framework.com\/sv\/plattformar-for-milf-dating-pa-natet\/#primaryimage","inLanguage":"sv-SE","url":"https:\/\/lava-framework.com\/wp-content\/uploads\/2022\/08\/milf-dating.webp","contentUrl":"https:\/\/lava-framework.com\/wp-content\/uploads\/2022\/08\/milf-dating.webp","width":1124,"height":750},{"@type":"WebPage","@id":"https:\/\/lava-framework.com\/sv\/plattformar-for-milf-dating-pa-natet\/#webpage","url":"https:\/\/lava-framework.com\/sv\/plattformar-for-milf-dating-pa-natet\/","name":"Plattformar f\u00f6r MILF-dating p\u00e5 n\u00e4tet - Framework Dating","isPartOf":{"@id":"http:\/\/lava-framework.com\/#website"},"primaryImageOfPage":{"@id":"https:\/\/lava-framework.com\/sv\/plattformar-for-milf-dating-pa-natet\/#primaryimage"},"datePublished":"2022-08-18T14:14:44+00:00","dateModified":"2022-09-08T18:20:40+00:00","breadcrumb":{"@id":"https:\/\/lava-framework.com\/sv\/plattformar-for-milf-dating-pa-natet\/#breadcrumb"},"inLanguage":"sv-SE","potentialAction":[{"@type":"ReadAction","target":["https:\/\/lava-framework.com\/sv\/plattformar-for-milf-dating-pa-natet\/"]}]},{"@type":"BreadcrumbList","@id":"https:\/\/lava-framework.com\/sv\/plattformar-for-milf-dating-pa-natet\/#breadcrumb","itemListElement":[{"@type":"ListItem","position":1,"name":"Home","item":"http:\/\/lava-framework.com\/sv\/"},{"@type":"ListItem","position":2,"name":"Plattformar f\u00f6r MILF-dating p\u00e5 n\u00e4tet"}]}]}},"_links":{"self":[{"href":"https:\/\/lava-framework.com\/sv\/wp-json\/wp\/v2\/pages\/379"}],"collection":[{"href":"https:\/\/lava-framework.com\/sv\/wp-json\/wp\/v2\/pages"}],"about":[{"href":"https:\/\/lava-framework.com\/sv\/wp-json\/wp\/v2\/types\/page"}],"author":[{"embeddable":true,"href":"https:\/\/lava-framework.com\/sv\/wp-json\/wp\/v2\/users\/1"}],"replies":[{"embeddable":true,"href":"https:\/\/lava-framework.com\/sv\/wp-json\/wp\/v2\/comments?post=379"}],"version-history":[{"count":1,"href":"https:\/\/lava-framework.com\/sv\/wp-json\/wp\/v2\/pages\/379\/revisions"}],"predecessor-version":[{"id":430,"href":"https:\/\/lava-framework.com\/sv\/wp-json\/wp\/v2\/pages\/379\/revisions\/430"}],"wp:featuredmedia":[{"embeddable":true,"href":"https:\/\/lava-framework.com\/sv\/wp-json\/wp\/v2\/media\/115"}],"wp:attachment":[{"href":"https:\/\/lava-framework.com\/sv\/wp-json\/wp\/v2\/media?parent=379"}],"curies":[{"name":"wp","href":"https:\/\/api.w.org\/{rel}","templated":true}]}}