{"id":382,"date":"2022-08-18T15:02:55","date_gmt":"2022-08-18T14:02:55","guid":{"rendered":"http:\/\/lava-framework.com\/a-sua-estrutura-de-datacao-como-comecar\/"},"modified":"2022-08-18T15:02:55","modified_gmt":"2022-08-18T14:02:55","slug":"a-sua-estrutura-de-datacao-como-comecar","status":"publish","type":"page","link":"https:\/\/lava-framework.com\/pt-pt\/","title":{"rendered":"A sua Estrutura de Data\u00e7\u00e3o: Como Come\u00e7ar?"},"content":{"rendered":"<p>A ind\u00fastria de encontros de adultos est\u00e1 a mudar rapidamente. Enquanto alguns s\u00edtios ainda est\u00e3o concentrados no mercado principal, outros servem grupos de nicho como l\u00e9sbicas, bissexuais, transexuais, e pessoas \u00e0 procura de rela\u00e7\u00f5es abertas.<\/p>\n<p>\u00c0 medida que a tecnologia continua a avan\u00e7ar, a forma como as pessoas namoram mudou drasticamente nas \u00faltimas d\u00e9cadas. Desde o surgimento de sites de encontros on-line como Match.com e OkCupid \u00e0 prolifera\u00e7\u00e3o de smartphones, existem agora in\u00fameras formas de se ligar a algu\u00e9m especial.<\/p>\n<h2>Com que aplica\u00e7\u00f5es come\u00e7ar?<\/h2>\n<p>Enquanto algumas pessoas ainda preferem encontrar-se cara a cara, outras est\u00e3o perfeitamente felizes por passarem a maior parte do seu tempo a conversar com poss\u00edveis datas atrav\u00e9s de mensagens de texto, conversas em v\u00eddeo, e aplica\u00e7\u00f5es de mensagens.<\/p>\n<p>Mas e aqueles de n\u00f3s que querem mais do que um simples engate casual? Temos necessidades, desejos e vontades diferentes, e usamos os nossos telefones de forma diferente, dependendo de como nos sentimos sobre n\u00f3s pr\u00f3prios e as nossas rela\u00e7\u00f5es.<\/p>\n<h3>Dobradi\u00e7a<\/h3>\n<p>A dobradi\u00e7a \u00e9 uma rede social que se concentra em liga\u00e7\u00f5es significativas e n\u00e3o apenas em engates. O seu nome deriva da palavra dobradi\u00e7a, referindo-se a qu\u00e3o importantes s\u00e3o as rela\u00e7\u00f5es na vida.<\/p>\n<p>A aplica\u00e7\u00e3o permite aos utilizadores ligarem-se a outros com base em interesses e paix\u00f5es partilhados. Pode consultar perfis, enviar mensagens, e fazer planos para se encontrar. Ao contr\u00e1rio de muitas outras aplica\u00e7\u00f5es de encontros, Hinge n\u00e3o pede o seu n\u00famero de telefone ou endere\u00e7o de correio electr\u00f3nico. Em vez disso, utiliza o Facebook para se inscrever.<\/p>\n<p>Tamb\u00e9m pode adicionar amigos via Facebook Messenger, WhatsApp, ou Instagram Direct. Uma vez que esteja inscrito no Hinge, poder\u00e1 ver as actividades de outros membros, incluindo jogos recentes, gostos, coment\u00e1rios, e fotografias. Todos os dias, pode fazer o check-in para ver o que se passa \u00e0 sua volta. Por exemplo, poder\u00e1 ver outra pessoa a fazer o check-in perto da sua localiza\u00e7\u00e3o. Ou talvez haja uma recomenda\u00e7\u00e3o para um restaurante ou cafetaria pr\u00f3ximo. Quando encontrar algo interessante, toque no bot\u00e3o para o &#8220;gostar&#8221;. Isto permite que todos saibam que est\u00e1 interessado no que quer que seja. Quando quiser conversar sobre isso, pode faz\u00ea-lo tocando no bot\u00e3o ao lado do item.<\/p>\n<h3>Correspond\u00eancia<\/h3>\n<p>Match.com \u00e9 um dos sites de encontros mais populares do mundo, com mais de 20 milh\u00f5es de membros activos em todo o mundo. Em 2016, teve receitas de mil milh\u00f5es de d\u00f3lares. A sua aplica\u00e7\u00e3o est\u00e1 dispon\u00edvel para download gratuito tanto em dispositivos Android como iOS.<\/p>\n<p>Os utilizadores gratuitos podem criar perfis pessoais online, carregar algumas fotos de si pr\u00f3prios e depois envolver-se em alguns paquetes online atrav\u00e9s de &#8220;winks&#8221;, e ter novos jogos entregues diariamente. Podem tamb\u00e9m navegar por perfis e gostar das fotografias um do outro. Caracter\u00edsticas mais abrangentes, como ver quem olhou para o seu perfil e gostou das suas fotos, podem ser desbloqueadas pagando uma taxa mensal. Pode at\u00e9 pagar mais para que os treinadores de encontros em tempo real o acompanhem. A mais recente funcionalidade do site, chamada Vibe Check, permite-lhe desfrutar de sess\u00f5es de chat v\u00eddeo com os seus jogos, enquanto outra nova funcionalidade lhe permite pagar uma pequena quantia para que o Match encontre datas para si.<\/p>\n<h3>AFF<\/h3>\n<p>Adult Friend Finder \u00e9 um dos mais antigos sites de encontros online. Lan\u00e7ada em 1995, existe desde o in\u00edcio do boom da Internet. Ainda hoje est\u00e3o a crescer, tendo mais de 80 milh\u00f5es de membros registados. Este site destina-se a pessoas \u00e0 procura de engates, sexo casual, rela\u00e7\u00f5es discretas e at\u00e9 casamento. Se gosta de swinging, sexo em grupo, sexo a tr\u00eas ou apenas quer divers\u00e3o, a AF \u00e9 para si. Pode utilizar o site a partir de qualquer parte do mundo, gra\u00e7as \u00e0s aplica\u00e7\u00f5es m\u00f3veis.<\/p>\n<h3>Ashley Madison<\/h3>\n<p>H\u00e1 muitos sites de encontros que servem pessoas que procuram sexo casual, mas poucos oferecem uma t\u00e3o grande variedade de caracter\u00edsticas e op\u00e7\u00f5es. Enquanto alguns s\u00edtios est\u00e3o concentrados em lig\u00e1-lo a solteiros locais, outros permitem-lhe ligar-se a milhares de membros em todo o mundo. Se quiser encontrar algu\u00e9m com quem se ligar, n\u00e3o procure mais longe do que AshleyMadison.com. Este site oferece tudo o que poderia ser necess\u00e1rio para o tornar realidade, incluindo salas de chat em linha gratuitas, mensagens instant\u00e2neas, conversas de v\u00eddeo, feeds de webcam ao vivo, correio electr\u00f3nico, texto, aplica\u00e7\u00f5es m\u00f3veis, e at\u00e9 integra\u00e7\u00e3o de redes sociais. Com mais de 30 milh\u00f5es de perfis activos, h\u00e1 certamente algu\u00e9m por perto que se quer encontrar para uma rapidinha.<\/p>\n<p>Se estiver interessado em encontrar o amor, n\u00e3o precisa de pagar nada para se juntar \u00e0 AshleyMadison. No entanto, se decidir actualizar para um dos planos de ades\u00e3o pagos, ter\u00e1 acesso a funcionalidades adicionais, como e-mails ilimitados, ferramentas de comunica\u00e7\u00e3o melhoradas, e apoio ao cliente priorit\u00e1rio.<\/p>\n<h3>ALT.com<\/h3>\n<p>Alt.com \u00e9 um site de engate para pessoas pervertidas \u00e0 procura de alguma especiaria extra nas suas vidas sexuais. Este site de encontros de nicho atende especificamente aos que se dedicam \u00e0 escravid\u00e3o, domina\u00e7\u00e3o, submiss\u00e3o, sadismo e masoquismo (BDSM). Se estiver interessado em explorar o mundo do BDSM, n\u00e3o h\u00e1 melhor s\u00edtio para come\u00e7ar do que aqui.<\/p>\n<p>O site oferece um teste gratuito, para que se possa ver o que tem para oferecer sem gastar um c\u00eantimo. Pode inscrever-se por um m\u00eas, tr\u00eas meses ou doze meses, dependendo de quanto tempo quer utilizar o s\u00edtio. Ap\u00f3s a inscri\u00e7\u00e3o, receber\u00e1 um e-mail de boas-vindas com instru\u00e7\u00f5es sobre como fazer o login. Uma vez conectado, pode navegar em perfis e enviar mensagens a potenciais parceiros. Existe tamb\u00e9m um sistema de mensagens onde se pode conversar com potenciais jogos.<\/p>\n<h2>E se quiser apenas divers\u00e3o casual?<\/h2>\n<p>Muitas pessoas utilizam aplica\u00e7\u00f5es de encontros porque querem conhecer algu\u00e9m novo. Mas e aquelas pessoas que apenas querem ter algum sexo casual sem ter de passar horas a conhecer-se? H\u00e1 toneladas de maneiras diferentes de o fazer, e a maioria delas n\u00e3o envolve gastar dinheiro com uma taxa de ades\u00e3o. Aqui est\u00e3o cinco dos melhores aplicativos gratuitos de encontros para encontrar encontros casuais.<\/p>\n<h2>As nossas 3 melhores dicas para encontrar o amor com aplica\u00e7\u00f5es<\/h2>\n<h3>Pode encontrar algu\u00e9m que vibre com a sua personalidade<\/h3>\n<p>Ao inscrever-se no Match, come\u00e7ar\u00e1 com um question\u00e1rio sobre os seus tra\u00e7os de personalidade. A partir da\u00ed, ser\u00e1 correspondido com base nos seus interesses, valores, estilo de vida, educa\u00e7\u00e3o, carreira, religi\u00e3o, pol\u00edtica, e muito mais. Assim, embora possa pensar que est\u00e1 apenas a navegar nos perfis, \u00e9 prov\u00e1vel que esteja a ser correspondido com pessoas que est\u00e3o realmente interessadas nas mesmas coisas que voc\u00ea.<\/p>\n<h3>Tamb\u00e9m h\u00e1 muitos jogos locais<\/h3>\n<p>Nem todos querem namorar atrav\u00e9s das linhas estatais, mas ainda h\u00e1 muitos jogos locais a serem encontrados. Quando se inscrever no Match em certas cidades, ser-lhe-\u00e3o automaticamente mostradas pessoas pr\u00f3ximas tamb\u00e9m. Se quiser restringir onde gostaria de se encontrar, pode definir filtros tais como dist\u00e2ncia, sexo, etnia, e muito mais.<\/p>\n<h3>Vai poder ver quem est\u00e1 a verificar o seu perfil<\/h3>\n<p>Como membro pago, poder\u00e1 visualizar o hist\u00f3rico de actividades de qualquer outra pessoa que tenha verificado o seu perfil. Isto inclui se gostaram ou n\u00e3o da sua fotografia, leram a sua biografia, ou deixaram coment\u00e1rios. E porque pode ver quem viu o seu perfil, pode certificar-se de que \u00e9 algo que quer continuar a exibir para datas potenciais.<\/p>\n","protected":false},"excerpt":{"rendered":"<p>A ind\u00fastria de encontros de adultos est\u00e1 a mudar rapidamente. Enquanto alguns s\u00edtios ainda est\u00e3o concentrados no mercado principal, outros servem grupos de nicho como l\u00e9sbicas, bissexuais, transexuais, e pessoas \u00e0 procura de rela\u00e7\u00f5es abertas. \u00c0 medida que a tecnologia continua a avan\u00e7ar, a forma como as pessoas namoram mudou drasticamente nas \u00faltimas d\u00e9cadas. Desde [&hellip;]<\/p>\n","protected":false},"author":1,"featured_media":97,"parent":0,"menu_order":0,"comment_status":"closed","ping_status":"closed","template":"","meta":[],"yoast_head":"<!-- This site is optimized with the Yoast SEO plugin v17.7.1 - https:\/\/yoast.com\/wordpress\/plugins\/seo\/ -->\n<title>A sua Estrutura de Data\u00e7\u00e3o: Como Come\u00e7ar? - Framework Dating<\/title>\n<meta name=\"robots\" content=\"index, follow, max-snippet:-1, max-image-preview:large, max-video-preview:-1\" \/>\n<link rel=\"canonical\" href=\"https:\/\/lava-framework.com\/pt-pt\/\" \/>\n<meta property=\"og:locale\" content=\"pt_PT\" \/>\n<meta property=\"og:type\" content=\"article\" \/>\n<meta property=\"og:title\" content=\"A sua Estrutura de Data\u00e7\u00e3o: Como Come\u00e7ar? - Framework Dating\" \/>\n<meta property=\"og:description\" content=\"A ind\u00fastria de encontros de adultos est\u00e1 a mudar rapidamente. Enquanto alguns s\u00edtios ainda est\u00e3o concentrados no mercado principal, outros servem grupos de nicho como l\u00e9sbicas, bissexuais, transexuais, e pessoas \u00e0 procura de rela\u00e7\u00f5es abertas. \u00c0 medida que a tecnologia continua a avan\u00e7ar, a forma como as pessoas namoram mudou drasticamente nas \u00faltimas d\u00e9cadas. Desde [&hellip;]\" \/>\n<meta property=\"og:url\" content=\"https:\/\/lava-framework.com\/pt-pt\/\" \/>\n<meta property=\"og:site_name\" content=\"Framework Dating\" \/>\n<meta property=\"og:image\" content=\"http:\/\/lava-framework.com\/wp-content\/uploads\/2022\/08\/casual-hookup-sites.jpeg\" \/>\n\t<meta property=\"og:image:width\" content=\"1125\" \/>\n\t<meta property=\"og:image:height\" content=\"750\" \/>\n<meta name=\"twitter:card\" content=\"summary_large_image\" \/>\n<meta name=\"twitter:label1\" content=\"Tempo estimado de leitura\" \/>\n\t<meta name=\"twitter:data1\" content=\"7 minutos\" \/>\n<script type=\"application\/ld+json\" class=\"yoast-schema-graph\">{\"@context\":\"https:\/\/schema.org\",\"@graph\":[{\"@type\":\"WebSite\",\"@id\":\"https:\/\/lava-framework.com\/fi\/#website\",\"url\":\"https:\/\/lava-framework.com\/fi\/\",\"name\":\"Framework Dating\",\"description\":\"Online Casual Hookups\",\"potentialAction\":[{\"@type\":\"SearchAction\",\"target\":{\"@type\":\"EntryPoint\",\"urlTemplate\":\"https:\/\/lava-framework.com\/fi\/?s={search_term_string}\"},\"query-input\":\"required name=search_term_string\"}],\"inLanguage\":\"pt-PT\"},{\"@type\":\"ImageObject\",\"@id\":\"https:\/\/lava-framework.com\/pt-pt\/#primaryimage\",\"inLanguage\":\"pt-PT\",\"url\":\"https:\/\/lava-framework.com\/wp-content\/uploads\/2022\/08\/casual-hookup-sites.jpeg\",\"contentUrl\":\"https:\/\/lava-framework.com\/wp-content\/uploads\/2022\/08\/casual-hookup-sites.jpeg\",\"width\":1125,\"height\":750},{\"@type\":\"WebPage\",\"@id\":\"https:\/\/lava-framework.com\/pt-pt\/#webpage\",\"url\":\"https:\/\/lava-framework.com\/pt-pt\/\",\"name\":\"A sua Estrutura de Data\\u00e7\\u00e3o: Como Come\\u00e7ar? - Framework Dating\",\"isPartOf\":{\"@id\":\"https:\/\/lava-framework.com\/fi\/#website\"},\"primaryImageOfPage\":{\"@id\":\"https:\/\/lava-framework.com\/pt-pt\/#primaryimage\"},\"datePublished\":\"2022-08-18T14:02:55+00:00\",\"dateModified\":\"2022-08-18T14:02:55+00:00\",\"breadcrumb\":{\"@id\":\"https:\/\/lava-framework.com\/pt-pt\/#breadcrumb\"},\"inLanguage\":\"pt-PT\",\"potentialAction\":[{\"@type\":\"ReadAction\",\"target\":[\"https:\/\/lava-framework.com\/pt-pt\/\"]}]},{\"@type\":\"BreadcrumbList\",\"@id\":\"https:\/\/lava-framework.com\/pt-pt\/#breadcrumb\",\"itemListElement\":[{\"@type\":\"ListItem\",\"position\":1,\"name\":\"Home\",\"item\":\"http:\/\/lava-framework.com\/pt-pt\/\"},{\"@type\":\"ListItem\",\"position\":2,\"name\":\"A sua Estrutura de Data\\u00e7\\u00e3o: Como Come\\u00e7ar?\"}]}]}<\/script>\n<!-- \/ Yoast SEO plugin. -->","yoast_head_json":{"title":"A sua Estrutura de Data\u00e7\u00e3o: Como Come\u00e7ar? - Framework Dating","robots":{"index":"index","follow":"follow","max-snippet":"max-snippet:-1","max-image-preview":"max-image-preview:large","max-video-preview":"max-video-preview:-1"},"canonical":"https:\/\/lava-framework.com\/pt-pt\/","og_locale":"pt_PT","og_type":"article","og_title":"A sua Estrutura de Data\u00e7\u00e3o: Como Come\u00e7ar? - Framework Dating","og_description":"A ind\u00fastria de encontros de adultos est\u00e1 a mudar rapidamente. Enquanto alguns s\u00edtios ainda est\u00e3o concentrados no mercado principal, outros servem grupos de nicho como l\u00e9sbicas, bissexuais, transexuais, e pessoas \u00e0 procura de rela\u00e7\u00f5es abertas. \u00c0 medida que a tecnologia continua a avan\u00e7ar, a forma como as pessoas namoram mudou drasticamente nas \u00faltimas d\u00e9cadas. Desde [&hellip;]","og_url":"https:\/\/lava-framework.com\/pt-pt\/","og_site_name":"Framework Dating","og_image":[{"width":1125,"height":750,"url":"http:\/\/lava-framework.com\/wp-content\/uploads\/2022\/08\/casual-hookup-sites.jpeg","type":"image\/jpeg"}],"twitter_card":"summary_large_image","twitter_misc":{"Tempo estimado de leitura":"7 minutos"},"schema":{"@context":"https:\/\/schema.org","@graph":[{"@type":"WebSite","@id":"https:\/\/lava-framework.com\/fi\/#website","url":"https:\/\/lava-framework.com\/fi\/","name":"Framework Dating","description":"Online Casual Hookups","potentialAction":[{"@type":"SearchAction","target":{"@type":"EntryPoint","urlTemplate":"https:\/\/lava-framework.com\/fi\/?s={search_term_string}"},"query-input":"required name=search_term_string"}],"inLanguage":"pt-PT"},{"@type":"ImageObject","@id":"https:\/\/lava-framework.com\/pt-pt\/#primaryimage","inLanguage":"pt-PT","url":"https:\/\/lava-framework.com\/wp-content\/uploads\/2022\/08\/casual-hookup-sites.jpeg","contentUrl":"https:\/\/lava-framework.com\/wp-content\/uploads\/2022\/08\/casual-hookup-sites.jpeg","width":1125,"height":750},{"@type":"WebPage","@id":"https:\/\/lava-framework.com\/pt-pt\/#webpage","url":"https:\/\/lava-framework.com\/pt-pt\/","name":"A sua Estrutura de Data\u00e7\u00e3o: Como Come\u00e7ar? - Framework Dating","isPartOf":{"@id":"https:\/\/lava-framework.com\/fi\/#website"},"primaryImageOfPage":{"@id":"https:\/\/lava-framework.com\/pt-pt\/#primaryimage"},"datePublished":"2022-08-18T14:02:55+00:00","dateModified":"2022-08-18T14:02:55+00:00","breadcrumb":{"@id":"https:\/\/lava-framework.com\/pt-pt\/#breadcrumb"},"inLanguage":"pt-PT","potentialAction":[{"@type":"ReadAction","target":["https:\/\/lava-framework.com\/pt-pt\/"]}]},{"@type":"BreadcrumbList","@id":"https:\/\/lava-framework.com\/pt-pt\/#breadcrumb","itemListElement":[{"@type":"ListItem","position":1,"name":"Home","item":"http:\/\/lava-framework.com\/pt-pt\/"},{"@type":"ListItem","position":2,"name":"A sua Estrutura de Data\u00e7\u00e3o: Como Come\u00e7ar?"}]}]}},"_links":{"self":[{"href":"https:\/\/lava-framework.com\/pt-pt\/wp-json\/wp\/v2\/pages\/382"}],"collection":[{"href":"https:\/\/lava-framework.com\/pt-pt\/wp-json\/wp\/v2\/pages"}],"about":[{"href":"https:\/\/lava-framework.com\/pt-pt\/wp-json\/wp\/v2\/types\/page"}],"author":[{"embeddable":true,"href":"https:\/\/lava-framework.com\/pt-pt\/wp-json\/wp\/v2\/users\/1"}],"replies":[{"embeddable":true,"href":"https:\/\/lava-framework.com\/pt-pt\/wp-json\/wp\/v2\/comments?post=382"}],"version-history":[{"count":0,"href":"https:\/\/lava-framework.com\/pt-pt\/wp-json\/wp\/v2\/pages\/382\/revisions"}],"wp:featuredmedia":[{"embeddable":true,"href":"https:\/\/lava-framework.com\/pt-pt\/wp-json\/wp\/v2\/media\/97"}],"wp:attachment":[{"href":"https:\/\/lava-framework.com\/pt-pt\/wp-json\/wp\/v2\/media?parent=382"}],"curies":[{"name":"wp","href":"https:\/\/api.w.org\/{rel}","templated":true}]}}