{"id":365,"date":"2022-08-18T15:14:44","date_gmt":"2022-08-18T14:14:44","guid":{"rendered":"http:\/\/lava-framework.com\/plataformas-de-datacao-online-milf\/"},"modified":"2022-08-18T15:14:44","modified_gmt":"2022-08-18T14:14:44","slug":"plataformas-de-datacao-online-milf","status":"publish","type":"page","link":"https:\/\/lava-framework.com\/pt-pt\/plataformas-de-datacao-online-milf\/","title":{"rendered":"Plataformas de Data\u00e7\u00e3o Online MILF"},"content":{"rendered":"<p>Os sites de encontros Milf est\u00e3o a tornar-se cada vez mais populares entre as pessoas que procuram o amor online. H\u00e1 muitas raz\u00f5es pelas quais os lef s\u00e3o t\u00e3o atractivos. Para come\u00e7ar, as mulheres com mais de 40 anos t\u00eam sido apelidadas de &#8220;pumas&#8221;, e s\u00e3o frequentemente conhecidas por serem muito mais sexys do que as mulheres mais jovens. T\u00eam tamb\u00e9m experi\u00eancia, maturidade e sabedoria que os jovens n\u00e3o t\u00eam. Al\u00e9m disso, a maioria das mulheres mais velhas ainda querem encontrar uma rela\u00e7\u00e3o, enquanto que as mais jovens est\u00e3o geralmente apenas \u00e0 procura de engates casuais.<\/p>\n<h2>As nossas melhores escolhas<\/h2>\n<p>O n\u00famero de aplica\u00e7\u00f5es de encontros milf explodiu nos \u00faltimos anos, e existem agora milhares de sites de encontros milf onde se pode encontrar mulheres locais interessadas em conhecer homens como voc\u00ea. Estes sites de encontros permitem-lhe navegar por perfis com base na localiza\u00e7\u00e3o, idade, interesses, e mesmo tipo de corpo. Se est\u00e1 \u00e0 procura de iniciar uma rela\u00e7\u00e3o s\u00e9ria, provavelmente vai querer usar um site de encontros que se destina especificamente a casais casados.<\/p>\n<h3>CougarLife<\/h3>\n<p>CougarLife \u00e9 o site original de encontros milf, fundado em 2007. Apesar de j\u00e1 n\u00e3o ser o maior site de encontros milf, ostenta uma enorme base de dados de membros activos. Os Cougars tamb\u00e9m s\u00e3o bem-vindos aqui, e o site permite-lhe filtrar os seus resultados de acordo com crit\u00e9rios como idade, dist\u00e2ncia, altura, peso, etnia, religi\u00e3o, n\u00edvel de educa\u00e7\u00e3o, ocupa\u00e7\u00e3o, e estado civil.<\/p>\n<h3>Mulheres maduras<\/h3>\n<p>Mulheres maduras \u00e0 procura de homens \u00e9 outra grande op\u00e7\u00e3o para aqueles que procuram mulheres mais velhas. Este site centra-se na liga\u00e7\u00e3o de mulheres mais velhas com homens mais jovens, e orgulha-se de ter uma grande base de membros de ambos. Os membros podem ver as fotografias uns dos outros e ler sobre a vida, passatempos e interesses uns dos outros. Para al\u00e9m de procurar algu\u00e9m especial, pode tamb\u00e9m criar alertas para o notificar de novas actividades no site.<\/p>\n<h3>Namoro maduro<\/h3>\n<p>Aplica\u00e7\u00f5es de encontros de puma como o Mature Dating est\u00e3o a tornar-se cada vez mais populares entre as mulheres mais velhas que procuram homens mais jovens. Na verdade, h\u00e1 mesmo algumas mulheres mais velhas que est\u00e3o dispostas a pagar por sexo com homens mais jovens. Isto \u00e9 porque j\u00e1 n\u00e3o querem estar sozinhos. S\u00e3o suficientemente velhos para saberem o que querem, mas suficientemente jovens para ainda gozarem a vida.<\/p>\n<p>A Data\u00e7\u00e3o Madura \u00e9 uma dessas aplica\u00e7\u00f5es onde se pode conhecer pumas, m\u00e3es a\u00e7ucareiras e milfs. Estas mulheres s\u00e3o normalmente solteiras e \u00e0 procura de homens. E como j\u00e1 atingiram a meia-idade, j\u00e1 n\u00e3o se preocupam com o dinheiro que ele ganha. Tudo o que eles querem \u00e9 companhia e amor.<\/p>\n<h3>Namoro de puma<\/h3>\n<p>O Cougar Dating \u00e9 um dos melhores sites de encontros de pumas por a\u00ed. Este site oferece algumas caracter\u00edsticas realmente interessantes, tais como chat ao vivo, videochamadas, e muito mais. Se procura uma rela\u00e7\u00e3o s\u00e9ria, este pode ser o lugar para si.<\/p>\n<p>Esta <a href=\"http:\/\/lava-framework.com\/pt-pt\/ashley-madison-ou-adultfriendfinder-aff\/\">aplica\u00e7\u00e3o de data\u00e7\u00e3o<\/a> \u00e9 concebida especificamente para pessoas com mais de 40 anos de idade. Elas compreendem exactamente o que as mulheres mais velhas procuram num homem, e fornecem essas coisas nesta aplica\u00e7\u00e3o de encontros. De facto, a maioria dos membros desta aplica\u00e7\u00e3o de namoro j\u00e1 s\u00e3o casados, mas ainda utilizam esta aplica\u00e7\u00e3o porque gostam de ser solteiros. Portanto, se estiver interessado em conhecer mulheres mais velhas, consulte esta aplica\u00e7\u00e3o de encontros.<\/p>\n<h2>Porque \u00e9 que as mulheres mais velhas est\u00e3o \u00e0 procura de rapazes mais jovens<\/h2>\n<p>H\u00e1 muitas raz\u00f5es pelas quais as mulheres mais velhas gostam de se juntar a rapazes mais novos. Eis algumas das raz\u00f5es pelas quais as mulheres mais velhas querem namorar homens mais jovens.<\/p>\n<h3>Homens mais jovens t\u00eam mais energia<\/h3>\n<p>Os mais jovens s\u00e3o normalmente mais energ\u00e9ticos e activos do que os mais velhos. Isto torna-lhes mais f\u00e1cil conhecer novas pessoas e fazer amigos. Os mais velhos tendem a sentir-se cansados e pregui\u00e7osos porque passam demasiado tempo sozinhos.<\/p>\n<h3>Os jovens s\u00e3o menos julgadores<\/h3>\n<p>Os mais velhos t\u00eam muitas vezes muita experi\u00eancia na vida. No entanto, eles ainda acreditam que h\u00e1 algo de errado em namorar algu\u00e9m que \u00e9 mais novo do que eles. Pelo contr\u00e1rio, os mais jovens n\u00e3o querem saber o que os outros pensam sobre eles.<\/p>\n<h3>Os mais jovens podem ser melhores pais<\/h3>\n<p>Muitas pessoas mais velhas n\u00e3o sabem como cuidar bem das crian\u00e7as. Em contraste, os mais jovens s\u00e3o melhores pais. Compreendem como criar as crian\u00e7as adequadamente e dar-lhes tudo o que precisam.<\/p>\n","protected":false},"excerpt":{"rendered":"<p>Os sites de encontros Milf est\u00e3o a tornar-se cada vez mais populares entre as pessoas que procuram o amor online. H\u00e1 muitas raz\u00f5es pelas quais os lef s\u00e3o t\u00e3o atractivos. Para come\u00e7ar, as mulheres com mais de 40 anos t\u00eam sido apelidadas de &#8220;pumas&#8221;, e s\u00e3o frequentemente conhecidas por serem muito mais sexys do que [&hellip;]<\/p>\n","protected":false},"author":1,"featured_media":112,"parent":0,"menu_order":0,"comment_status":"closed","ping_status":"closed","template":"","meta":[],"yoast_head":"<!-- This site is optimized with the Yoast SEO plugin v17.7.1 - https:\/\/yoast.com\/wordpress\/plugins\/seo\/ -->\n<title>Plataformas de Data\u00e7\u00e3o Online MILF - Framework Dating<\/title>\n<meta name=\"robots\" content=\"index, follow, max-snippet:-1, max-image-preview:large, max-video-preview:-1\" \/>\n<link rel=\"canonical\" href=\"https:\/\/lava-framework.com\/pt-pt\/plataformas-de-datacao-online-milf\/\" \/>\n<meta property=\"og:locale\" content=\"pt_PT\" \/>\n<meta property=\"og:type\" content=\"article\" \/>\n<meta property=\"og:title\" content=\"Plataformas de Data\u00e7\u00e3o Online MILF - Framework Dating\" \/>\n<meta property=\"og:description\" content=\"Os sites de encontros Milf est\u00e3o a tornar-se cada vez mais populares entre as pessoas que procuram o amor online. H\u00e1 muitas raz\u00f5es pelas quais os lef s\u00e3o t\u00e3o atractivos. Para come\u00e7ar, as mulheres com mais de 40 anos t\u00eam sido apelidadas de &#8220;pumas&#8221;, e s\u00e3o frequentemente conhecidas por serem muito mais sexys do que [&hellip;]\" \/>\n<meta property=\"og:url\" content=\"https:\/\/lava-framework.com\/pt-pt\/plataformas-de-datacao-online-milf\/\" \/>\n<meta property=\"og:site_name\" content=\"Framework Dating\" \/>\n<meta name=\"twitter:card\" content=\"summary_large_image\" \/>\n<meta name=\"twitter:image\" content=\"https:\/\/lava-framework.com\/wp-content\/uploads\/2022\/08\/milf-dating.webp\" \/>\n<meta name=\"twitter:label1\" content=\"Tempo estimado de leitura\" \/>\n\t<meta name=\"twitter:data1\" content=\"4 minutos\" \/>\n<script type=\"application\/ld+json\" class=\"yoast-schema-graph\">{\"@context\":\"https:\/\/schema.org\",\"@graph\":[{\"@type\":\"WebSite\",\"@id\":\"https:\/\/lava-framework.com\/fi\/#website\",\"url\":\"https:\/\/lava-framework.com\/fi\/\",\"name\":\"Framework Dating\",\"description\":\"Online Casual Hookups\",\"potentialAction\":[{\"@type\":\"SearchAction\",\"target\":{\"@type\":\"EntryPoint\",\"urlTemplate\":\"https:\/\/lava-framework.com\/fi\/?s={search_term_string}\"},\"query-input\":\"required name=search_term_string\"}],\"inLanguage\":\"pt-PT\"},{\"@type\":\"ImageObject\",\"@id\":\"https:\/\/lava-framework.com\/pt-pt\/plataformas-de-datacao-online-milf\/#primaryimage\",\"inLanguage\":\"pt-PT\",\"url\":\"https:\/\/lava-framework.com\/wp-content\/uploads\/2022\/08\/milf-dating.webp\",\"contentUrl\":\"https:\/\/lava-framework.com\/wp-content\/uploads\/2022\/08\/milf-dating.webp\",\"width\":1124,\"height\":750},{\"@type\":\"WebPage\",\"@id\":\"https:\/\/lava-framework.com\/pt-pt\/plataformas-de-datacao-online-milf\/#webpage\",\"url\":\"https:\/\/lava-framework.com\/pt-pt\/plataformas-de-datacao-online-milf\/\",\"name\":\"Plataformas de Data\\u00e7\\u00e3o Online MILF - Framework Dating\",\"isPartOf\":{\"@id\":\"https:\/\/lava-framework.com\/fi\/#website\"},\"primaryImageOfPage\":{\"@id\":\"https:\/\/lava-framework.com\/pt-pt\/plataformas-de-datacao-online-milf\/#primaryimage\"},\"datePublished\":\"2022-08-18T14:14:44+00:00\",\"dateModified\":\"2022-08-18T14:14:44+00:00\",\"breadcrumb\":{\"@id\":\"https:\/\/lava-framework.com\/pt-pt\/plataformas-de-datacao-online-milf\/#breadcrumb\"},\"inLanguage\":\"pt-PT\",\"potentialAction\":[{\"@type\":\"ReadAction\",\"target\":[\"https:\/\/lava-framework.com\/pt-pt\/plataformas-de-datacao-online-milf\/\"]}]},{\"@type\":\"BreadcrumbList\",\"@id\":\"https:\/\/lava-framework.com\/pt-pt\/plataformas-de-datacao-online-milf\/#breadcrumb\",\"itemListElement\":[{\"@type\":\"ListItem\",\"position\":1,\"name\":\"Home\",\"item\":\"http:\/\/lava-framework.com\/pt-pt\/\"},{\"@type\":\"ListItem\",\"position\":2,\"name\":\"Plataformas de Data\\u00e7\\u00e3o Online MILF\"}]}]}<\/script>\n<!-- \/ Yoast SEO plugin. -->","yoast_head_json":{"title":"Plataformas de Data\u00e7\u00e3o Online MILF - Framework Dating","robots":{"index":"index","follow":"follow","max-snippet":"max-snippet:-1","max-image-preview":"max-image-preview:large","max-video-preview":"max-video-preview:-1"},"canonical":"https:\/\/lava-framework.com\/pt-pt\/plataformas-de-datacao-online-milf\/","og_locale":"pt_PT","og_type":"article","og_title":"Plataformas de Data\u00e7\u00e3o Online MILF - Framework Dating","og_description":"Os sites de encontros Milf est\u00e3o a tornar-se cada vez mais populares entre as pessoas que procuram o amor online. H\u00e1 muitas raz\u00f5es pelas quais os lef s\u00e3o t\u00e3o atractivos. Para come\u00e7ar, as mulheres com mais de 40 anos t\u00eam sido apelidadas de &#8220;pumas&#8221;, e s\u00e3o frequentemente conhecidas por serem muito mais sexys do que [&hellip;]","og_url":"https:\/\/lava-framework.com\/pt-pt\/plataformas-de-datacao-online-milf\/","og_site_name":"Framework Dating","twitter_card":"summary_large_image","twitter_image":"https:\/\/lava-framework.com\/wp-content\/uploads\/2022\/08\/milf-dating.webp","twitter_misc":{"Tempo estimado de leitura":"4 minutos"},"schema":{"@context":"https:\/\/schema.org","@graph":[{"@type":"WebSite","@id":"https:\/\/lava-framework.com\/fi\/#website","url":"https:\/\/lava-framework.com\/fi\/","name":"Framework Dating","description":"Online Casual Hookups","potentialAction":[{"@type":"SearchAction","target":{"@type":"EntryPoint","urlTemplate":"https:\/\/lava-framework.com\/fi\/?s={search_term_string}"},"query-input":"required name=search_term_string"}],"inLanguage":"pt-PT"},{"@type":"ImageObject","@id":"https:\/\/lava-framework.com\/pt-pt\/plataformas-de-datacao-online-milf\/#primaryimage","inLanguage":"pt-PT","url":"https:\/\/lava-framework.com\/wp-content\/uploads\/2022\/08\/milf-dating.webp","contentUrl":"https:\/\/lava-framework.com\/wp-content\/uploads\/2022\/08\/milf-dating.webp","width":1124,"height":750},{"@type":"WebPage","@id":"https:\/\/lava-framework.com\/pt-pt\/plataformas-de-datacao-online-milf\/#webpage","url":"https:\/\/lava-framework.com\/pt-pt\/plataformas-de-datacao-online-milf\/","name":"Plataformas de Data\u00e7\u00e3o Online MILF - Framework Dating","isPartOf":{"@id":"https:\/\/lava-framework.com\/fi\/#website"},"primaryImageOfPage":{"@id":"https:\/\/lava-framework.com\/pt-pt\/plataformas-de-datacao-online-milf\/#primaryimage"},"datePublished":"2022-08-18T14:14:44+00:00","dateModified":"2022-08-18T14:14:44+00:00","breadcrumb":{"@id":"https:\/\/lava-framework.com\/pt-pt\/plataformas-de-datacao-online-milf\/#breadcrumb"},"inLanguage":"pt-PT","potentialAction":[{"@type":"ReadAction","target":["https:\/\/lava-framework.com\/pt-pt\/plataformas-de-datacao-online-milf\/"]}]},{"@type":"BreadcrumbList","@id":"https:\/\/lava-framework.com\/pt-pt\/plataformas-de-datacao-online-milf\/#breadcrumb","itemListElement":[{"@type":"ListItem","position":1,"name":"Home","item":"http:\/\/lava-framework.com\/pt-pt\/"},{"@type":"ListItem","position":2,"name":"Plataformas de Data\u00e7\u00e3o Online MILF"}]}]}},"_links":{"self":[{"href":"https:\/\/lava-framework.com\/pt-pt\/wp-json\/wp\/v2\/pages\/365"}],"collection":[{"href":"https:\/\/lava-framework.com\/pt-pt\/wp-json\/wp\/v2\/pages"}],"about":[{"href":"https:\/\/lava-framework.com\/pt-pt\/wp-json\/wp\/v2\/types\/page"}],"author":[{"embeddable":true,"href":"https:\/\/lava-framework.com\/pt-pt\/wp-json\/wp\/v2\/users\/1"}],"replies":[{"embeddable":true,"href":"https:\/\/lava-framework.com\/pt-pt\/wp-json\/wp\/v2\/comments?post=365"}],"version-history":[{"count":0,"href":"https:\/\/lava-framework.com\/pt-pt\/wp-json\/wp\/v2\/pages\/365\/revisions"}],"wp:featuredmedia":[{"embeddable":true,"href":"https:\/\/lava-framework.com\/pt-pt\/wp-json\/wp\/v2\/media\/112"}],"wp:attachment":[{"href":"https:\/\/lava-framework.com\/pt-pt\/wp-json\/wp\/v2\/media?parent=365"}],"curies":[{"name":"wp","href":"https:\/\/api.w.org\/{rel}","templated":true}]}}