{"id":380,"date":"2022-08-18T15:02:55","date_gmt":"2022-08-18T14:02:55","guid":{"rendered":"http:\/\/lava-framework.com\/twoja-rama-randkowa-how-to-get-started\/"},"modified":"2022-09-08T19:53:24","modified_gmt":"2022-09-08T18:53:24","slug":"twoja-rama-randkowa-how-to-get-started","status":"publish","type":"page","link":"https:\/\/lava-framework.com\/pl\/","title":{"rendered":"Twoja rama randkowa: How To Get Started?"},"content":{"rendered":"<p>Bran\u017ca randek dla doros\u0142ych szybko si\u0119 zmienia. Podczas gdy niekt\u00f3re strony nadal skupiaj\u0105 si\u0119 na g\u0142\u00f3wnym nurcie rynku, inne zaspokajaj\u0105 potrzeby grup niszowych, takich jak lesbijki, biseksuali\u015bci, transseksuali\u015bci i ludzie szukaj\u0105cy otwartych zwi\u0105zk\u00f3w.<\/p>\n<p>Wraz z post\u0119pem technologicznym, spos\u00f3b, w jaki ludzie umawiaj\u0105 si\u0119 na randki, zmieni\u0142 si\u0119 drastycznie w ci\u0105gu ostatnich kilku dekad. Od powstania internetowych serwis\u00f3w randkowych, takich jak Match.com i OkCupid do rozprzestrzeniania si\u0119 smartfon\u00f3w, istnieje teraz niezliczona ilo\u015b\u0107 sposob\u00f3w na po\u0142\u0105czenie si\u0119 z kim\u015b wyj\u0105tkowym.<\/p>\n<h2>Od jakich aplikacji zacz\u0105\u0107?<\/h2>\n<p>Podczas gdy niekt\u00f3rzy ludzie nadal wol\u0105 spotyka\u0107 si\u0119 twarz\u0105 w twarz, inni s\u0105 ca\u0142kowicie szcz\u0119\u015bliwi, sp\u0119dzaj\u0105c wi\u0119kszo\u015b\u0107 czasu na czacie z potencjalnymi datami za po\u015brednictwem wiadomo\u015bci tekstowych, czat\u00f3w wideo i aplikacji do przesy\u0142ania wiadomo\u015bci.<\/p>\n<p>Ale co z tymi z nas, kt\u00f3rzy chc\u0105 czego\u015b wi\u0119cej ni\u017c tylko niezobowi\u0105zuj\u0105cego hookupu? Mamy r\u00f3\u017cne potrzeby <a href=\"https:\/\/wank.io\/pl\/gay-hookup-sites\/randki-gejowskie-blisko-mnie\/\">aplikacja dla gej\u00f3w<\/a>, pragnienia i chcemy, i u\u017cywamy naszych telefon\u00f3w inaczej w zale\u017cno\u015bci od tego, jak czujemy si\u0119 z sob\u0105 i naszymi relacjami.<\/p>\n<h3>Zawias<\/h3>\n<p>Hinge to serwis spo\u0142eczno\u015bciowy, kt\u00f3ry skupia si\u0119 na znacz\u0105cych po\u0142\u0105czeniach, a nie tylko na zaczepkach. Jego nazwa wywodzi si\u0119 od s\u0142owa zawias, odnosz\u0105cego si\u0119 do tego, jak wa\u017cne w \u017cyciu s\u0105 relacje.<\/p>\n<p>Aplikacja pozwala u\u017cytkownikom \u0142\u0105czy\u0107 si\u0119 z innymi osobami w oparciu o wsp\u00f3lne zainteresowania i pasje. Mo\u017cesz przegl\u0105da\u0107 profile, wysy\u0142a\u0107 wiadomo\u015bci i planowa\u0107 spotkania. W przeciwie\u0144stwie do wielu innych aplikacji randkowych, Hinge nie pyta o Tw\u00f3j numer telefonu ani adres e-mail. Zamiast tego, do rejestracji u\u017cywasz Facebooka.<\/p>\n<p>Mo\u017cesz te\u017c doda\u0107 znajomych przez Facebook Messenger, WhatsApp lub Instagram Direct. Po zalogowaniu si\u0119 na Hinge, mo\u017cesz zobaczy\u0107 aktywno\u015b\u0107 innych cz\u0142onk\u00f3w, w tym ostatnie mecze, polubienia, komentarze i zdj\u0119cia. Ka\u017cdego dnia mo\u017cesz sprawdzi\u0107, co si\u0119 dzieje wok\u00f3\u0142 Ciebie. Na przyk\u0142ad, mo\u017cesz zobaczy\u0107, \u017ce kto\u015b inny zameldowa\u0142 si\u0119 w pobli\u017cu Twojej lokalizacji. A mo\u017ce jest tam rekomendacja dla pobliskiej restauracji lub kawiarni. Kiedy znajdziesz co\u015b interesuj\u0105cego, dotknij przycisku, aby to &#8222;polubi\u0107&#8221;. To pozwala wszystkim wiedzie\u0107, \u017ce jeste\u015b zainteresowany czymkolwiek. Gdy chcesz o tym porozmawia\u0107, mo\u017cesz to zrobi\u0107, stukaj\u0105c w przycisk <a href=\"http:\/\/www.nsa-hookup.net\/pl\/najlepsza-aplikacja-do-wyszukiwania-seksu\/\">aplikacja do seksu<\/a> obok danego przedmiotu.<\/p>\n<h3>Zapa\u0142ka<\/h3>\n<p>Match.com jest jednym z najpopularniejszych serwis\u00f3w randkowych na \u015bwiecie, z ponad 20 milionami aktywnych cz\u0142onk\u00f3w na ca\u0142ym \u015bwiecie. W 2016 roku mia\u0142a przychody na poziomie 1 mld dolar\u00f3w. Jej aplikacja jest dost\u0119pna do pobrania za darmo zar\u00f3wno na urz\u0105dzenia z systemem Android, jak i iOS.<\/p>\n<p>Bezp\u0142atni u\u017cytkownicy mog\u0105 zak\u0142ada\u0107 profile osobiste, przesy\u0142a\u0107 kilka zdj\u0119\u0107, a nast\u0119pnie anga\u017cowa\u0107 si\u0119 w flirtowanie online poprzez &#8222;winks&#8221; i mie\u0107 nowe mecze dostarczane codziennie. Mog\u0105 te\u017c przegl\u0105da\u0107 profile i polubi\u0107 swoje zdj\u0119cia. Bardziej kompleksowe funkcje, takie jak widzenie, kto spojrza\u0142 na sw\u00f3j profil i polubi\u0142 swoje zdj\u0119cia, mo\u017cna odblokowa\u0107 p\u0142ac\u0105c miesi\u0119czn\u0105 op\u0142at\u0119. Mo\u017cesz nawet zap\u0142aci\u0107 dodatkowo, aby trenerzy randkowi w czasie rzeczywistym dopasowali Ci\u0119. Najnowsza funkcja strony, zwana Vibe Check, pozwala cieszy\u0107 si\u0119 sesjami czatu wideo z Twoimi dopasowaniami, podczas gdy inna nowa funkcja pozwala Ci zap\u0142aci\u0107 niewielk\u0105 kwot\u0119, aby Match znalaz\u0142 dla Ciebie randki.<\/p>\n<h3>Aff<\/h3>\n<p>Adult Friend Finder to jeden z najstarszych serwis\u00f3w randkowych online. Uruchomiony w 1995 roku, istnieje od pocz\u0105tku boomu internetowego. Do dzi\u015b rosn\u0105, maj\u0105c ponad 80 milion\u00f3w zarejestrowanych cz\u0142onk\u00f3w. Ta strona jest skierowana do ludzi szukaj\u0105cych zaczepek, przygodnego seksu, dyskretnych zwi\u0105zk\u00f3w, a nawet ma\u0142\u017ce\u0144stwa. Je\u015bli lubisz swing, seks grupowy, tr\u00f3jk\u0105ty lub po prostu chcesz si\u0119 zabawi\u0107, AF jest dla Ciebie. Z serwisu mo\u017cna korzysta\u0107 z ka\u017cdego miejsca na \u015bwiecie, dzi\u0119ki aplikacjom mobilnym.<\/p>\n<h3>Ashley Madison<\/h3>\n<p>Istnieje wiele serwis\u00f3w randkowych, kt\u00f3re obs\u0142uguj\u0105 ludzi szukaj\u0105cych <a href=\"http:\/\/www.bulletforcegame.com\/ro\/\">jocuriporno<\/a> przygodnego seksu, ale niewiele z nich oferuje tak szeroki wachlarz funkcji i opcji. Podczas gdy niekt\u00f3re strony skupiaj\u0105 si\u0119 na \u0142\u0105czeniu z lokalnymi singlami, inne pozwalaj\u0105 na \u0142\u0105czenie si\u0119 z tysi\u0105cami cz\u0142onk\u00f3w na ca\u0142ym \u015bwiecie. Je\u015bli chcesz znale\u017a\u0107 kogo\u015b do zaczepienia, nie szukaj dalej ni\u017c AshleyMadison.com. Ta strona oferuje wszystko, co mo\u017ce by\u0107 potrzebne, aby to si\u0119 sta\u0142o, w tym darmowe czaty online, komunikatory, czaty wideo, \u017cywych kamer internetowych, e-mail, tekst, aplikacje mobilne, a nawet integracji medi\u00f3w spo\u0142ecznych. Z ponad 30 milionami aktywnych profili, na pewno znajdzie si\u0119 kto\u015b w pobli\u017cu, kto b\u0119dzie chcia\u0142 si\u0119 spotka\u0107 na szybkie numerki.<\/p>\n<p>Je\u015bli jeste\u015b zainteresowany znalezieniem mi\u0142o\u015bci, nie musisz nic p\u0142aci\u0107, aby do\u0142\u0105czy\u0107 do AshleyMadison. Je\u015bli jednak zdecydujesz si\u0119 na jeden z p\u0142atnych plan\u00f3w cz\u0142onkowskich, b\u0119dziesz mia\u0142 dost\u0119p do dodatkowych funkcji, takich jak nieograniczona liczba e-maili, ulepszone narz\u0119dzia komunikacji i priorytetowa obs\u0142uga klienta.<\/p>\n<h3>ALT.com<\/h3>\n<p>Alt.com to strona dla os\u00f3b, kt\u00f3re szukaj\u0105 pikanterii w swoim \u017cyciu seksualnym. Ten niszowy serwis randkowy kieruje swoj\u0105 ofert\u0119 w szczeg\u00f3lno\u015bci do tych, kt\u00f3rzy s\u0105 zwi\u0105zani z niewol\u0105, dominacj\u0105, uleg\u0142o\u015bci\u0105, sadyzmem i masochizmem (BDSM). Je\u015bli jeste\u015b zainteresowany zg\u0142\u0119bianiem \u015bwiata BDSM, nie ma lepszego miejsca, aby zacz\u0105\u0107 ni\u017c tutaj.<\/p>\n<p>Strona oferuje bezp\u0142atny okres pr\u00f3bny, wi\u0119c mo\u017cna zobaczy\u0107, co ma do zaoferowania bez wydawania grosza. Mo\u017cesz zapisa\u0107 si\u0119 na jeden miesi\u0105c, trzy miesi\u0105ce lub dwana\u015bcie miesi\u0119cy, w zale\u017cno\u015bci od tego, jak d\u0142ugo chcesz korzysta\u0107 z serwisu. Po zarejestrowaniu si\u0119 otrzymasz e-mail powitalny z instrukcj\u0105, jak si\u0119 zalogowa\u0107. Po zalogowaniu mo\u017cesz przegl\u0105da\u0107 profile <a href=\"https:\/\/www.no-strings-attached-sex.com\/pl\/najlepsza-aplikacja-do-wyszukiwania-seksu\/\">aplikacje do sexu<\/a> i wysy\u0142a\u0107 wiadomo\u015bci do potencjalnych partner\u00f3w. Istnieje r\u00f3wnie\u017c system wiadomo\u015bci, gdzie mo\u017cna rozmawia\u0107 z potencjalnymi meczami.<\/p>\n<h2>A co je\u015bli chcesz tylko niezobowi\u0105zuj\u0105cej zabawy?<\/h2>\n<p>Wiele os\u00f3b korzysta z aplikacji randkowych, poniewa\u017c chce pozna\u0107 kogo\u015b nowego. Ale co z tymi lud\u017ami, kt\u00f3rzy chc\u0105 po prostu uprawia\u0107 niezobowi\u0105zuj\u0105cy seks bez konieczno\u015bci sp\u0119dzania godzin na poznawaniu si\u0119? Istnieje mn\u00f3stwo r\u00f3\u017cnych sposob\u00f3w, aby to zrobi\u0107, a wi\u0119kszo\u015b\u0107 z nich nie wymaga wydawania pieni\u0119dzy na op\u0142at\u0119 cz\u0142onkowsk\u0105. Oto pi\u0119\u0107 najlepszych darmowych aplikacji randkowych do znajdowania przypadkowych spotka\u0144.<\/p>\n<h2>Nasze najlepsze 3 porady dotycz\u0105ce szukania mi\u0142o\u015bci za pomoc\u0105 aplikacji<\/h2>\n<h3>Mo\u017cesz znale\u017a\u0107 kogo\u015b, kto wibruje z Twoj\u0105 osobowo\u015bci\u0105<\/h3>\n<p>Kiedy zarejestrujesz si\u0119 w Match, zaczniesz od kwestionariusza na temat swoich cech osobowo\u015bci. Stamt\u0105d zostaniesz dopasowany na podstawie swoich zainteresowa\u0144, warto\u015bci, stylu \u017cycia, wykszta\u0142cenia, kariery, religii, polityki i innych. Wi\u0119c nawet je\u015bli my\u015blisz, \u017ce tylko przegl\u0105dasz profile, istnieje szansa, \u017ce jeste\u015b naprawd\u0119 dopasowany do ludzi, kt\u00f3rzy s\u0105 naprawd\u0119 w tych samych rzeczach, co ty.<\/p>\n<h3>Jest te\u017c mn\u00f3stwo lokalnych mecz\u00f3w<\/h3>\n<p>Nie ka\u017cdy chce umawia\u0107 si\u0119 na randki przez granice pa\u0144stwa, ale wci\u0105\u017c jest mn\u00f3stwo lokalnych mecz\u00f3w do znalezienia. Kiedy zapiszesz si\u0119 na Match w niekt\u00f3rych miastach, automatycznie zostan\u0105 Ci pokazane osoby znajduj\u0105ce si\u0119 r\u00f3wnie\u017c w pobli\u017cu. Je\u015bli chcesz zaw\u0119zi\u0107 miejsce, w kt\u00f3rym chcia\u0142by\u015b si\u0119 spotka\u0107, mo\u017cesz ustawi\u0107 filtry takie jak odleg\u0142o\u015b\u0107, p\u0142e\u0107, pochodzenie etniczne i inne.<\/p>\n<h3>Mo\u017cesz zobaczy\u0107, kto sprawdza tw\u00f3j profil<\/h3>\n<p>Jako p\u0142atny cz\u0142onek, b\u0119dziesz m\u00f3g\u0142 zobaczy\u0107 histori\u0119 aktywno\u015bci ka\u017cdego, kto sprawdzi\u0142 Tw\u00f3j profil. Obejmuje to, czy polubili Twoje zdj\u0119cie, przeczytali Twoje bio, czy zostawili informacj\u0119 zwrotn\u0105. A poniewa\u017c mo\u017cesz zobaczy\u0107, kto ogl\u0105da\u0142 Tw\u00f3j profil, mo\u017cesz upewni\u0107 si\u0119, \u017ce jest to co\u015b, co chcesz pokaza\u0107 potencjalnym randkom.<\/p>\n","protected":false},"excerpt":{"rendered":"<p>Bran\u017ca randek dla doros\u0142ych szybko si\u0119 zmienia. Podczas gdy niekt\u00f3re strony nadal skupiaj\u0105 si\u0119 na g\u0142\u00f3wnym nurcie rynku, inne zaspokajaj\u0105 potrzeby grup niszowych, takich jak lesbijki, biseksuali\u015bci, transseksuali\u015bci i ludzie szukaj\u0105cy otwartych zwi\u0105zk\u00f3w. Wraz z post\u0119pem technologicznym, spos\u00f3b, w jaki ludzie umawiaj\u0105 si\u0119 na randki, zmieni\u0142 si\u0119 drastycznie w ci\u0105gu ostatnich kilku dekad. Od powstania [&hellip;]<\/p>\n","protected":false},"author":1,"featured_media":96,"parent":0,"menu_order":0,"comment_status":"closed","ping_status":"closed","template":"","meta":[],"yoast_head":"<!-- This site is optimized with the Yoast SEO plugin v17.7.1 - https:\/\/yoast.com\/wordpress\/plugins\/seo\/ -->\n<title>Twoja rama randkowa: How To Get Started? - Framework Dating<\/title>\n<meta name=\"robots\" content=\"index, follow, max-snippet:-1, max-image-preview:large, max-video-preview:-1\" \/>\n<link rel=\"canonical\" href=\"https:\/\/lava-framework.com\/pl\/\" \/>\n<meta property=\"og:locale\" content=\"pl_PL\" \/>\n<meta property=\"og:type\" content=\"article\" \/>\n<meta property=\"og:title\" content=\"Twoja rama randkowa: How To Get Started? - Framework Dating\" \/>\n<meta property=\"og:description\" content=\"Bran\u017ca randek dla doros\u0142ych szybko si\u0119 zmienia. Podczas gdy niekt\u00f3re strony nadal skupiaj\u0105 si\u0119 na g\u0142\u00f3wnym nurcie rynku, inne zaspokajaj\u0105 potrzeby grup niszowych, takich jak lesbijki, biseksuali\u015bci, transseksuali\u015bci i ludzie szukaj\u0105cy otwartych zwi\u0105zk\u00f3w. Wraz z post\u0119pem technologicznym, spos\u00f3b, w jaki ludzie umawiaj\u0105 si\u0119 na randki, zmieni\u0142 si\u0119 drastycznie w ci\u0105gu ostatnich kilku dekad. Od powstania [&hellip;]\" \/>\n<meta property=\"og:url\" content=\"https:\/\/lava-framework.com\/pl\/\" \/>\n<meta property=\"og:site_name\" content=\"Framework Dating\" \/>\n<meta property=\"article:modified_time\" content=\"2022-09-08T18:53:24+00:00\" \/>\n<meta property=\"og:image\" content=\"http:\/\/lava-framework.com\/wp-content\/uploads\/2022\/08\/casual-hookup-sites.jpeg\" \/>\n\t<meta property=\"og:image:width\" content=\"1125\" \/>\n\t<meta property=\"og:image:height\" content=\"750\" \/>\n<meta name=\"twitter:card\" content=\"summary_large_image\" \/>\n<meta name=\"twitter:label1\" content=\"Szacowany czas czytania\" \/>\n\t<meta name=\"twitter:data1\" content=\"6 minut\" \/>\n<script type=\"application\/ld+json\" class=\"yoast-schema-graph\">{\"@context\":\"https:\/\/schema.org\",\"@graph\":[{\"@type\":\"WebSite\",\"@id\":\"https:\/\/lava-framework.com\/fi\/#website\",\"url\":\"https:\/\/lava-framework.com\/fi\/\",\"name\":\"Framework Dating\",\"description\":\"Online Casual Hookups\",\"potentialAction\":[{\"@type\":\"SearchAction\",\"target\":{\"@type\":\"EntryPoint\",\"urlTemplate\":\"https:\/\/lava-framework.com\/fi\/?s={search_term_string}\"},\"query-input\":\"required name=search_term_string\"}],\"inLanguage\":\"pl-PL\"},{\"@type\":\"ImageObject\",\"@id\":\"https:\/\/lava-framework.com\/pl\/#primaryimage\",\"inLanguage\":\"pl-PL\",\"url\":\"https:\/\/lava-framework.com\/wp-content\/uploads\/2022\/08\/casual-hookup-sites.jpeg\",\"contentUrl\":\"https:\/\/lava-framework.com\/wp-content\/uploads\/2022\/08\/casual-hookup-sites.jpeg\",\"width\":1125,\"height\":750},{\"@type\":\"WebPage\",\"@id\":\"https:\/\/lava-framework.com\/pl\/#webpage\",\"url\":\"https:\/\/lava-framework.com\/pl\/\",\"name\":\"Twoja rama randkowa: How To Get Started? - Framework Dating\",\"isPartOf\":{\"@id\":\"https:\/\/lava-framework.com\/fi\/#website\"},\"primaryImageOfPage\":{\"@id\":\"https:\/\/lava-framework.com\/pl\/#primaryimage\"},\"datePublished\":\"2022-08-18T14:02:55+00:00\",\"dateModified\":\"2022-09-08T18:53:24+00:00\",\"breadcrumb\":{\"@id\":\"https:\/\/lava-framework.com\/pl\/#breadcrumb\"},\"inLanguage\":\"pl-PL\",\"potentialAction\":[{\"@type\":\"ReadAction\",\"target\":[\"https:\/\/lava-framework.com\/pl\/\"]}]},{\"@type\":\"BreadcrumbList\",\"@id\":\"https:\/\/lava-framework.com\/pl\/#breadcrumb\",\"itemListElement\":[{\"@type\":\"ListItem\",\"position\":1,\"name\":\"Home\",\"item\":\"http:\/\/lava-framework.com\/pl\/\"},{\"@type\":\"ListItem\",\"position\":2,\"name\":\"Twoja rama randkowa: How To Get Started?\"}]}]}<\/script>\n<!-- \/ Yoast SEO plugin. -->","yoast_head_json":{"title":"Twoja rama randkowa: How To Get Started? - Framework Dating","robots":{"index":"index","follow":"follow","max-snippet":"max-snippet:-1","max-image-preview":"max-image-preview:large","max-video-preview":"max-video-preview:-1"},"canonical":"https:\/\/lava-framework.com\/pl\/","og_locale":"pl_PL","og_type":"article","og_title":"Twoja rama randkowa: How To Get Started? - Framework Dating","og_description":"Bran\u017ca randek dla doros\u0142ych szybko si\u0119 zmienia. Podczas gdy niekt\u00f3re strony nadal skupiaj\u0105 si\u0119 na g\u0142\u00f3wnym nurcie rynku, inne zaspokajaj\u0105 potrzeby grup niszowych, takich jak lesbijki, biseksuali\u015bci, transseksuali\u015bci i ludzie szukaj\u0105cy otwartych zwi\u0105zk\u00f3w. Wraz z post\u0119pem technologicznym, spos\u00f3b, w jaki ludzie umawiaj\u0105 si\u0119 na randki, zmieni\u0142 si\u0119 drastycznie w ci\u0105gu ostatnich kilku dekad. Od powstania [&hellip;]","og_url":"https:\/\/lava-framework.com\/pl\/","og_site_name":"Framework Dating","article_modified_time":"2022-09-08T18:53:24+00:00","og_image":[{"width":1125,"height":750,"url":"http:\/\/lava-framework.com\/wp-content\/uploads\/2022\/08\/casual-hookup-sites.jpeg","type":"image\/jpeg"}],"twitter_card":"summary_large_image","twitter_misc":{"Szacowany czas czytania":"6 minut"},"schema":{"@context":"https:\/\/schema.org","@graph":[{"@type":"WebSite","@id":"https:\/\/lava-framework.com\/fi\/#website","url":"https:\/\/lava-framework.com\/fi\/","name":"Framework Dating","description":"Online Casual Hookups","potentialAction":[{"@type":"SearchAction","target":{"@type":"EntryPoint","urlTemplate":"https:\/\/lava-framework.com\/fi\/?s={search_term_string}"},"query-input":"required name=search_term_string"}],"inLanguage":"pl-PL"},{"@type":"ImageObject","@id":"https:\/\/lava-framework.com\/pl\/#primaryimage","inLanguage":"pl-PL","url":"https:\/\/lava-framework.com\/wp-content\/uploads\/2022\/08\/casual-hookup-sites.jpeg","contentUrl":"https:\/\/lava-framework.com\/wp-content\/uploads\/2022\/08\/casual-hookup-sites.jpeg","width":1125,"height":750},{"@type":"WebPage","@id":"https:\/\/lava-framework.com\/pl\/#webpage","url":"https:\/\/lava-framework.com\/pl\/","name":"Twoja rama randkowa: How To Get Started? - Framework Dating","isPartOf":{"@id":"https:\/\/lava-framework.com\/fi\/#website"},"primaryImageOfPage":{"@id":"https:\/\/lava-framework.com\/pl\/#primaryimage"},"datePublished":"2022-08-18T14:02:55+00:00","dateModified":"2022-09-08T18:53:24+00:00","breadcrumb":{"@id":"https:\/\/lava-framework.com\/pl\/#breadcrumb"},"inLanguage":"pl-PL","potentialAction":[{"@type":"ReadAction","target":["https:\/\/lava-framework.com\/pl\/"]}]},{"@type":"BreadcrumbList","@id":"https:\/\/lava-framework.com\/pl\/#breadcrumb","itemListElement":[{"@type":"ListItem","position":1,"name":"Home","item":"http:\/\/lava-framework.com\/pl\/"},{"@type":"ListItem","position":2,"name":"Twoja rama randkowa: How To Get Started?"}]}]}},"_links":{"self":[{"href":"https:\/\/lava-framework.com\/pl\/wp-json\/wp\/v2\/pages\/380"}],"collection":[{"href":"https:\/\/lava-framework.com\/pl\/wp-json\/wp\/v2\/pages"}],"about":[{"href":"https:\/\/lava-framework.com\/pl\/wp-json\/wp\/v2\/types\/page"}],"author":[{"embeddable":true,"href":"https:\/\/lava-framework.com\/pl\/wp-json\/wp\/v2\/users\/1"}],"replies":[{"embeddable":true,"href":"https:\/\/lava-framework.com\/pl\/wp-json\/wp\/v2\/comments?post=380"}],"version-history":[{"count":1,"href":"https:\/\/lava-framework.com\/pl\/wp-json\/wp\/v2\/pages\/380\/revisions"}],"predecessor-version":[{"id":435,"href":"https:\/\/lava-framework.com\/pl\/wp-json\/wp\/v2\/pages\/380\/revisions\/435"}],"wp:featuredmedia":[{"embeddable":true,"href":"https:\/\/lava-framework.com\/pl\/wp-json\/wp\/v2\/media\/96"}],"wp:attachment":[{"href":"https:\/\/lava-framework.com\/pl\/wp-json\/wp\/v2\/media?parent=380"}],"curies":[{"name":"wp","href":"https:\/\/api.w.org\/{rel}","templated":true}]}}