{"id":378,"date":"2022-08-18T15:14:44","date_gmt":"2022-08-18T14:14:44","guid":{"rendered":"http:\/\/lava-framework.com\/platformy-randkowe-online-milf\/"},"modified":"2022-08-18T15:14:44","modified_gmt":"2022-08-18T14:14:44","slug":"platformy-randkowe-online-milf","status":"publish","type":"page","link":"https:\/\/lava-framework.com\/pl\/platformy-randkowe-online-milf\/","title":{"rendered":"Platformy Randkowe Online MILF"},"content":{"rendered":"<p>Serwisy randkowe dla milf\u00f3w ciesz\u0105 si\u0119 coraz wi\u0119ksz\u0105 popularno\u015bci\u0105 w\u015br\u00f3d os\u00f3b szukaj\u0105cych mi\u0142o\u015bci w sieci. Jest wiele powod\u00f3w, dla kt\u00f3rych milfy s\u0105 tak atrakcyjne. Na pocz\u0105tek, kobiety powy\u017cej 40 zosta\u0142y nazwane &#8222;cougars&#8221;, i s\u0105 cz\u0119sto znane z tego, \u017ce s\u0105 znacznie bardziej seksowne ni\u017c m\u0142odsze kobiety. Maj\u0105 te\u017c do\u015bwiadczenie, dojrza\u0142o\u015b\u0107 i m\u0105dro\u015b\u0107, kt\u00f3rej brakuje m\u0142odym ludziom. Plus, wi\u0119kszo\u015b\u0107 starszych kobiet nadal chc\u0105 znale\u017a\u0107 zwi\u0105zek, podczas gdy m\u0142odsze kobiety s\u0105 zwykle po prostu szukaj\u0105 casual hookups.<\/p>\n<h2>Nasze najlepsze propozycje<\/h2>\n<p>Liczba aplikacji randkowych milf eksplodowa\u0142a w ci\u0105gu ostatnich kilku lat, a obecnie istniej\u0105 tysi\u0105ce stron randkowych milf, gdzie mo\u017cna spotka\u0107 lokalne kobiety zainteresowane poznaniem m\u0119\u017cczyzn takich jak ty. Te serwisy randkowe pozwalaj\u0105 na przegl\u0105danie profili w oparciu o lokalizacj\u0119, wiek, zainteresowania, a nawet typ cia\u0142a. Je\u015bli chcesz rozpocz\u0105\u0107 powa\u017cny zwi\u0105zek, prawdopodobnie b\u0119dziesz chcia\u0142 skorzysta\u0107 z serwisu randkowego, kt\u00f3ry jest skierowany specjalnie do ma\u0142\u017ce\u0144stw.<\/p>\n<h3>CougarLife<\/h3>\n<p>CougarLife to oryginalny serwis randkowy dla milf\u00f3w, za\u0142o\u017cony w 2007 roku. Chocia\u017c nie jest to ju\u017c najwi\u0119kszy serwis randkowy dla milf\u00f3w, mo\u017ce pochwali\u0107 si\u0119 ogromn\u0105 baz\u0105 aktywnych cz\u0142onk\u00f3w. Cougars s\u0105 mile widziane tutaj, a strona pozwala filtrowa\u0107 swoje mecze wed\u0142ug kryteri\u00f3w takich jak wiek, odleg\u0142o\u015b\u0107, wzrost, waga, pochodzenie etniczne, religia, poziom edukacji, zaw\u00f3d i stan cywilny.<\/p>\n<h3>Dojrza\u0142e kobiety<\/h3>\n<p>Mature Women Looking for Men to kolejna \u015bwietna opcja dla os\u00f3b szukaj\u0105cych starszych kobiet. Ta strona skupia si\u0119 na \u0142\u0105czeniu starszych kobiet z m\u0142odszymi m\u0119\u017cczyznami i mo\u017ce pochwali\u0107 si\u0119 du\u017c\u0105 baz\u0105 cz\u0142onk\u00f3w obu. Cz\u0142onkowie mog\u0105 ogl\u0105da\u0107 zdj\u0119cia innych os\u00f3b i czyta\u0107 o ich \u017cyciu, hobby i zainteresowaniach. Opr\u00f3cz wyszukiwania kogo\u015b wyj\u0105tkowego, mo\u017cesz r\u00f3wnie\u017c ustawi\u0107 alerty, kt\u00f3re powiadomi\u0105 Ci\u0119 o nowej aktywno\u015bci na stronie.<\/p>\n<h3>Dojrza\u0142e randki<\/h3>\n<p>Aplikacje randkowe dla Cougar, takie jak Mature Dating, staj\u0105 si\u0119 coraz bardziej popularne w\u015br\u00f3d starszych kobiet poszukuj\u0105cych m\u0142odszych m\u0119\u017cczyzn. W rzeczywisto\u015bci istniej\u0105 nawet niekt\u00f3re starsze kobiety, kt\u00f3re s\u0105 gotowe zap\u0142aci\u0107 za seks z m\u0142odszymi m\u0119\u017cczyznami. Dzieje si\u0119 tak dlatego, \u017ce nie chc\u0105 ju\u017c by\u0107 sami. S\u0105 na tyle starzy, \u017ce wiedz\u0105 czego chc\u0105, ale na tyle m\u0142odzi, \u017ce wci\u0105\u017c mog\u0105 cieszy\u0107 si\u0119 \u017cyciem.<\/p>\n<p>Mature Dating jest jedn\u0105 z takich aplikacji, gdzie mo\u017cna spotka\u0107 cougars, sugar moms i milfs. Te kobiety s\u0105 zazwyczaj samotne i szukaj\u0105 m\u0119\u017cczyzn. A poniewa\u017c osi\u0105gn\u0119\u0142y ju\u017c wiek \u015bredni, nie obchodzi ich ju\u017c, ile zarabia. Jedyne czego pragn\u0105 to towarzystwo i mi\u0142o\u015b\u0107.<\/p>\n<h3>Randka z cougarem<\/h3>\n<p>Cougar Dating jest jednym z najlepszych serwis\u00f3w randkowych dla kuguar\u00f3w tam. Ta strona oferuje kilka naprawd\u0119 ciekawych funkcji, takich jak czat na \u017cywo, rozmowy wideo i wiele innych. Je\u015bli szukasz powa\u017cnego zwi\u0105zku, to mo\u017ce by\u0107 miejsce dla Ciebie.<\/p>\n<p>Ta <a href=\"http:\/\/lava-framework.com\/pl\/ashley-madison-lub-adultfriendfinder-aff\/\">aplikacja randkowa<\/a> zosta\u0142a zaprojektowana specjalnie dla os\u00f3b powy\u017cej 40 roku \u017cycia. Rozumiej\u0105 dok\u0142adnie, co starsze kobiety szukaj\u0105 w m\u0119\u017cczy\u017anie, i zapewniaj\u0105 te rzeczy w tej aplikacji randkowej. W rzeczywisto\u015bci wi\u0119kszo\u015b\u0107 cz\u0142onk\u00f3w tej aplikacji randkowej jest ju\u017c \u017conaty, ale nadal u\u017cywaj\u0105 tej aplikacji, poniewa\u017c lubi\u0105 by\u0107 singlem. Tak wi\u0119c, je\u015bli jeste\u015b zainteresowany poznaniem starszych kobiet, sprawd\u017a t\u0119 aplikacj\u0119 randkow\u0105.<\/p>\n<h2>Dlaczego starsze kobiety szukaj\u0105 m\u0142odszych facet\u00f3w<\/h2>\n<p>Jest wiele powod\u00f3w, dla kt\u00f3rych starsze kobiety lubi\u0105 zaczepia\u0107 m\u0142odszych facet\u00f3w. Oto kilka powod\u00f3w, dla kt\u00f3rych starsze kobiety chc\u0105 umawia\u0107 si\u0119 z m\u0142odszymi m\u0119\u017cczyznami.<\/p>\n<h3>M\u0142odsi m\u0119\u017cczy\u017ani maj\u0105 wi\u0119cej energii<\/h3>\n<p>Osoby m\u0142odsze s\u0105 zazwyczaj bardziej energiczne i aktywne ni\u017c osoby starsze. Dzi\u0119ki temu \u0142atwiej im poznawa\u0107 nowych ludzi i nawi\u0105zywa\u0107 przyja\u017anie. Starsi ludzie maj\u0105 tendencj\u0119 do odczuwania zm\u0119czenia i lenistwa, poniewa\u017c sp\u0119dzaj\u0105 zbyt wiele czasu w samotno\u015bci.<\/p>\n<h3>M\u0142odzi ludzie s\u0105 mniej os\u0105dzaj\u0105cy<\/h3>\n<p>Starsi ludzie cz\u0119sto maj\u0105 du\u017ce do\u015bwiadczenie \u017cyciowe. Jednak nadal uwa\u017caj\u0105, \u017ce jest co\u015b z\u0142ego w umawianiu si\u0119 z kim\u015b, kto jest od nich m\u0142odszy. Wr\u0119cz przeciwnie, m\u0142odsi ludzie nie przejmuj\u0105 si\u0119 tym, co my\u015bl\u0105 o nich inni.<\/p>\n<h3>M\u0142odsi ludzie mog\u0105 by\u0107 lepszymi rodzicami<\/h3>\n<p>Wiele starszych os\u00f3b nie wie, jak dobrze opiekowa\u0107 si\u0119 dzie\u0107mi. Z kolei osoby m\u0142odsze s\u0105 lepszymi rodzicami. Rozumiej\u0105, jak prawid\u0142owo wychowa\u0107 dzieci i da\u0107 im wszystko, czego potrzebuj\u0105.<\/p>\n","protected":false},"excerpt":{"rendered":"<p>Serwisy randkowe dla milf\u00f3w ciesz\u0105 si\u0119 coraz wi\u0119ksz\u0105 popularno\u015bci\u0105 w\u015br\u00f3d os\u00f3b szukaj\u0105cych mi\u0142o\u015bci w sieci. Jest wiele powod\u00f3w, dla kt\u00f3rych milfy s\u0105 tak atrakcyjne. Na pocz\u0105tek, kobiety powy\u017cej 40 zosta\u0142y nazwane &#8222;cougars&#8221;, i s\u0105 cz\u0119sto znane z tego, \u017ce s\u0105 znacznie bardziej seksowne ni\u017c m\u0142odsze kobiety. Maj\u0105 te\u017c do\u015bwiadczenie, dojrza\u0142o\u015b\u0107 i m\u0105dro\u015b\u0107, kt\u00f3rej brakuje m\u0142odym [&hellip;]<\/p>\n","protected":false},"author":1,"featured_media":111,"parent":0,"menu_order":0,"comment_status":"closed","ping_status":"closed","template":"","meta":[],"yoast_head":"<!-- This site is optimized with the Yoast SEO plugin v17.7.1 - https:\/\/yoast.com\/wordpress\/plugins\/seo\/ -->\n<title>Platformy Randkowe Online MILF - Framework Dating<\/title>\n<meta name=\"robots\" content=\"index, follow, max-snippet:-1, max-image-preview:large, max-video-preview:-1\" \/>\n<link rel=\"canonical\" href=\"https:\/\/lava-framework.com\/pl\/platformy-randkowe-online-milf\/\" \/>\n<meta property=\"og:locale\" content=\"pl_PL\" \/>\n<meta property=\"og:type\" content=\"article\" \/>\n<meta property=\"og:title\" content=\"Platformy Randkowe Online MILF - Framework Dating\" \/>\n<meta property=\"og:description\" content=\"Serwisy randkowe dla milf\u00f3w ciesz\u0105 si\u0119 coraz wi\u0119ksz\u0105 popularno\u015bci\u0105 w\u015br\u00f3d os\u00f3b szukaj\u0105cych mi\u0142o\u015bci w sieci. Jest wiele powod\u00f3w, dla kt\u00f3rych milfy s\u0105 tak atrakcyjne. Na pocz\u0105tek, kobiety powy\u017cej 40 zosta\u0142y nazwane &#8222;cougars&#8221;, i s\u0105 cz\u0119sto znane z tego, \u017ce s\u0105 znacznie bardziej seksowne ni\u017c m\u0142odsze kobiety. Maj\u0105 te\u017c do\u015bwiadczenie, dojrza\u0142o\u015b\u0107 i m\u0105dro\u015b\u0107, kt\u00f3rej brakuje m\u0142odym [&hellip;]\" \/>\n<meta property=\"og:url\" content=\"https:\/\/lava-framework.com\/pl\/platformy-randkowe-online-milf\/\" \/>\n<meta property=\"og:site_name\" content=\"Framework Dating\" \/>\n<meta name=\"twitter:card\" content=\"summary_large_image\" \/>\n<meta name=\"twitter:image\" content=\"https:\/\/lava-framework.com\/wp-content\/uploads\/2022\/08\/milf-dating.webp\" \/>\n<meta name=\"twitter:label1\" content=\"Szacowany czas czytania\" \/>\n\t<meta name=\"twitter:data1\" content=\"4 minuty\" \/>\n<script type=\"application\/ld+json\" class=\"yoast-schema-graph\">{\"@context\":\"https:\/\/schema.org\",\"@graph\":[{\"@type\":\"WebSite\",\"@id\":\"https:\/\/lava-framework.com\/fi\/#website\",\"url\":\"https:\/\/lava-framework.com\/fi\/\",\"name\":\"Framework Dating\",\"description\":\"Online Casual Hookups\",\"potentialAction\":[{\"@type\":\"SearchAction\",\"target\":{\"@type\":\"EntryPoint\",\"urlTemplate\":\"https:\/\/lava-framework.com\/fi\/?s={search_term_string}\"},\"query-input\":\"required name=search_term_string\"}],\"inLanguage\":\"pl-PL\"},{\"@type\":\"ImageObject\",\"@id\":\"https:\/\/lava-framework.com\/pl\/platformy-randkowe-online-milf\/#primaryimage\",\"inLanguage\":\"pl-PL\",\"url\":\"https:\/\/lava-framework.com\/wp-content\/uploads\/2022\/08\/milf-dating.webp\",\"contentUrl\":\"https:\/\/lava-framework.com\/wp-content\/uploads\/2022\/08\/milf-dating.webp\",\"width\":1124,\"height\":750},{\"@type\":\"WebPage\",\"@id\":\"https:\/\/lava-framework.com\/pl\/platformy-randkowe-online-milf\/#webpage\",\"url\":\"https:\/\/lava-framework.com\/pl\/platformy-randkowe-online-milf\/\",\"name\":\"Platformy Randkowe Online MILF - Framework Dating\",\"isPartOf\":{\"@id\":\"https:\/\/lava-framework.com\/fi\/#website\"},\"primaryImageOfPage\":{\"@id\":\"https:\/\/lava-framework.com\/pl\/platformy-randkowe-online-milf\/#primaryimage\"},\"datePublished\":\"2022-08-18T14:14:44+00:00\",\"dateModified\":\"2022-08-18T14:14:44+00:00\",\"breadcrumb\":{\"@id\":\"https:\/\/lava-framework.com\/pl\/platformy-randkowe-online-milf\/#breadcrumb\"},\"inLanguage\":\"pl-PL\",\"potentialAction\":[{\"@type\":\"ReadAction\",\"target\":[\"https:\/\/lava-framework.com\/pl\/platformy-randkowe-online-milf\/\"]}]},{\"@type\":\"BreadcrumbList\",\"@id\":\"https:\/\/lava-framework.com\/pl\/platformy-randkowe-online-milf\/#breadcrumb\",\"itemListElement\":[{\"@type\":\"ListItem\",\"position\":1,\"name\":\"Home\",\"item\":\"http:\/\/lava-framework.com\/pl\/\"},{\"@type\":\"ListItem\",\"position\":2,\"name\":\"Platformy Randkowe Online MILF\"}]}]}<\/script>\n<!-- \/ Yoast SEO plugin. -->","yoast_head_json":{"title":"Platformy Randkowe Online MILF - Framework Dating","robots":{"index":"index","follow":"follow","max-snippet":"max-snippet:-1","max-image-preview":"max-image-preview:large","max-video-preview":"max-video-preview:-1"},"canonical":"https:\/\/lava-framework.com\/pl\/platformy-randkowe-online-milf\/","og_locale":"pl_PL","og_type":"article","og_title":"Platformy Randkowe Online MILF - Framework Dating","og_description":"Serwisy randkowe dla milf\u00f3w ciesz\u0105 si\u0119 coraz wi\u0119ksz\u0105 popularno\u015bci\u0105 w\u015br\u00f3d os\u00f3b szukaj\u0105cych mi\u0142o\u015bci w sieci. Jest wiele powod\u00f3w, dla kt\u00f3rych milfy s\u0105 tak atrakcyjne. Na pocz\u0105tek, kobiety powy\u017cej 40 zosta\u0142y nazwane &#8222;cougars&#8221;, i s\u0105 cz\u0119sto znane z tego, \u017ce s\u0105 znacznie bardziej seksowne ni\u017c m\u0142odsze kobiety. Maj\u0105 te\u017c do\u015bwiadczenie, dojrza\u0142o\u015b\u0107 i m\u0105dro\u015b\u0107, kt\u00f3rej brakuje m\u0142odym [&hellip;]","og_url":"https:\/\/lava-framework.com\/pl\/platformy-randkowe-online-milf\/","og_site_name":"Framework Dating","twitter_card":"summary_large_image","twitter_image":"https:\/\/lava-framework.com\/wp-content\/uploads\/2022\/08\/milf-dating.webp","twitter_misc":{"Szacowany czas czytania":"4 minuty"},"schema":{"@context":"https:\/\/schema.org","@graph":[{"@type":"WebSite","@id":"https:\/\/lava-framework.com\/fi\/#website","url":"https:\/\/lava-framework.com\/fi\/","name":"Framework Dating","description":"Online Casual Hookups","potentialAction":[{"@type":"SearchAction","target":{"@type":"EntryPoint","urlTemplate":"https:\/\/lava-framework.com\/fi\/?s={search_term_string}"},"query-input":"required name=search_term_string"}],"inLanguage":"pl-PL"},{"@type":"ImageObject","@id":"https:\/\/lava-framework.com\/pl\/platformy-randkowe-online-milf\/#primaryimage","inLanguage":"pl-PL","url":"https:\/\/lava-framework.com\/wp-content\/uploads\/2022\/08\/milf-dating.webp","contentUrl":"https:\/\/lava-framework.com\/wp-content\/uploads\/2022\/08\/milf-dating.webp","width":1124,"height":750},{"@type":"WebPage","@id":"https:\/\/lava-framework.com\/pl\/platformy-randkowe-online-milf\/#webpage","url":"https:\/\/lava-framework.com\/pl\/platformy-randkowe-online-milf\/","name":"Platformy Randkowe Online MILF - Framework Dating","isPartOf":{"@id":"https:\/\/lava-framework.com\/fi\/#website"},"primaryImageOfPage":{"@id":"https:\/\/lava-framework.com\/pl\/platformy-randkowe-online-milf\/#primaryimage"},"datePublished":"2022-08-18T14:14:44+00:00","dateModified":"2022-08-18T14:14:44+00:00","breadcrumb":{"@id":"https:\/\/lava-framework.com\/pl\/platformy-randkowe-online-milf\/#breadcrumb"},"inLanguage":"pl-PL","potentialAction":[{"@type":"ReadAction","target":["https:\/\/lava-framework.com\/pl\/platformy-randkowe-online-milf\/"]}]},{"@type":"BreadcrumbList","@id":"https:\/\/lava-framework.com\/pl\/platformy-randkowe-online-milf\/#breadcrumb","itemListElement":[{"@type":"ListItem","position":1,"name":"Home","item":"http:\/\/lava-framework.com\/pl\/"},{"@type":"ListItem","position":2,"name":"Platformy Randkowe Online MILF"}]}]}},"_links":{"self":[{"href":"https:\/\/lava-framework.com\/pl\/wp-json\/wp\/v2\/pages\/378"}],"collection":[{"href":"https:\/\/lava-framework.com\/pl\/wp-json\/wp\/v2\/pages"}],"about":[{"href":"https:\/\/lava-framework.com\/pl\/wp-json\/wp\/v2\/types\/page"}],"author":[{"embeddable":true,"href":"https:\/\/lava-framework.com\/pl\/wp-json\/wp\/v2\/users\/1"}],"replies":[{"embeddable":true,"href":"https:\/\/lava-framework.com\/pl\/wp-json\/wp\/v2\/comments?post=378"}],"version-history":[{"count":0,"href":"https:\/\/lava-framework.com\/pl\/wp-json\/wp\/v2\/pages\/378\/revisions"}],"wp:featuredmedia":[{"embeddable":true,"href":"https:\/\/lava-framework.com\/pl\/wp-json\/wp\/v2\/media\/111"}],"wp:attachment":[{"href":"https:\/\/lava-framework.com\/pl\/wp-json\/wp\/v2\/media?parent=378"}],"curies":[{"name":"wp","href":"https:\/\/api.w.org\/{rel}","templated":true}]}}