{"id":372,"date":"2022-08-18T15:02:55","date_gmt":"2022-08-18T14:02:55","guid":{"rendered":"http:\/\/lava-framework.com\/il-vostro-quadro-di-riferimento-per-gli-incontri-come-iniziare\/"},"modified":"2022-09-08T16:06:34","modified_gmt":"2022-09-08T15:06:34","slug":"il-vostro-quadro-di-riferimento-per-gli-incontri-come-iniziare","status":"publish","type":"page","link":"https:\/\/lava-framework.com\/it\/","title":{"rendered":"Il vostro quadro di riferimento per gli incontri: Come iniziare?"},"content":{"rendered":"<p>L&#8217;industria degli incontri per adulti sta cambiando rapidamente. Mentre alcuni siti si concentrano ancora sul mercato mainstream, altri si rivolgono a gruppi di nicchia come lesbiche, bisessuali, transgender e persone in cerca di relazioni aperte.<\/p>\n<p>Con il continuo progredire della tecnologia, il modo di uscire con le persone \u00e8 cambiato drasticamente negli ultimi decenni. Dall&#8217;ascesa dei siti di incontri online come Match.com e OkCupid alla proliferazione degli smartphone, oggi esistono innumerevoli modi per entrare in contatto con una persona speciale.<\/p>\n<h2>Con quali applicazioni iniziare?<\/h2>\n<p>Mentre alcune persone preferiscono ancora incontrarsi di persona, altre sono perfettamente <a href=\"https:\/\/www.fucksites.net\/it\/siti-jerk-off\/\">chat per masturbarsi<\/a> felici di passare la maggior parte del tempo a chattare con i potenziali appuntamenti tramite messaggi di testo, video chat e app di messaggistica.<\/p>\n<p>Ma che dire di quelli di noi che vogliono qualcosa di pi\u00f9 di un semplice incontro occasionale? Abbiamo esigenze, desideri e volont\u00e0 diverse e usiamo i nostri telefoni in modo diverso a seconda di come ci sentiamo con noi stessi e con le nostre relazioni.<\/p>\n<h3>Cardine<\/h3>\n<p>Hinge \u00e8 un social network che si concentra sulle connessioni significative piuttosto che sui semplici incontri. Il suo nome deriva dalla parola &#8220;cerniera&#8221;, che si riferisce all&#8217;importanza delle relazioni nella vita.<\/p>\n<p>L&#8217;applicazione consente agli utenti di connettersi con altre persone in base a interessi e passioni comuni. \u00c8 possibile sfogliare i profili, inviare messaggi e organizzare incontri. A differenza di molte altre app di incontri, Hinge non chiede il numero di telefono o l&#8217;indirizzo e-mail. Invece, per iscriversi si usa Facebook.<\/p>\n<p>\u00c8 possibile aggiungere amici anche tramite Facebook Messenger, WhatsApp o Instagram Direct. Una volta effettuato l&#8217;accesso a Hinge, \u00e8 possibile visualizzare le attivit\u00e0 degli altri membri, compresi i match recenti, i like, i commenti e le foto. Ogni giorno, potete fare il check-in per vedere cosa succede intorno a voi. Ad esempio, potreste vedere un&#8217;altra persona che fa il check-in vicino alla vostra posizione. O forse \u00e8 consigliabile un ristorante o una caffetteria nelle vicinanze. Quando trovate qualcosa di interessante, toccate il pulsante per mettere &#8220;mi piace&#8221;. Questo fa capire a tutti che siete interessati a qualsiasi cosa. Quando si desidera parlare dell&#8217;argomento, \u00e8 possibile farlo toccando il pulsante accanto alla voce.<\/p>\n<h3>Fiammifero<\/h3>\n<p>Match.com \u00e8 uno dei siti di incontri pi\u00f9 popolari al mondo, con oltre 20 milioni di membri attivi in tutto il mondo. Nel 2016 ha registrato un fatturato di 1 miliardo di dollari. L&#8217;applicazione \u00e8 disponibile per il download gratuito su dispositivi Android e iOS.<\/p>\n<p>Gli utenti gratuiti possono creare profili personali online <a href=\"https:\/\/www.free-adult-cams.com\/it\/video-chat-bdsm-gratuita\/\">chat gratis BDSM<\/a>, caricare alcune foto di se stessi e poi iniziare a flirtare online tramite gli &#8220;ammiccamenti&#8221;, ricevendo ogni giorno nuovi incontri. Possono anche sfogliare i profili e mettere &#8220;mi piace&#8221; alle foto degli altri. Funzioni pi\u00f9 complete, come la possibilit\u00e0 di vedere chi ha guardato il vostro profilo e ha apprezzato le vostre foto, possono essere sbloccate pagando un canone mensile. Si pu\u00f2 anche pagare un extra per avere degli allenatori di incontri in tempo reale. La nuova funzione del sito, chiamata Vibe Check, vi permette di partecipare a sessioni di video chat con i vostri incontri, mentre un&#8217;altra nuova funzione vi permette di pagare una piccola somma per far s\u00ec che Match trovi gli appuntamenti per voi.<\/p>\n<h3>Aff<\/h3>\n<p>Adult Friend Finder \u00e8 uno dei pi\u00f9 antichi siti di incontri online. Lanciata nel 1995, \u00e8 presente fin dall&#8217;inizio del boom di Internet. Ancora oggi \u00e8 in crescita, con oltre 80 milioni di membri registrati. Questo sito si rivolge a persone che cercano incontri, sesso occasionale, relazioni discrete e persino il matrimonio. Se vi piace lo scambismo, il sesso di gruppo, il sesso a tre o semplicemente volete divertirvi, AF fa per voi. \u00c8 possibile utilizzare il sito da qualsiasi parte del mondo, grazie alle applicazioni mobili.<\/p>\n<h3>Ashley Madison<\/h3>\n<p>Ci sono molti siti di incontri che si rivolgono a persone in cerca di sesso occasionale <a href=\"https:\/\/www.nsadating.net\/it\/giochi-di-sesso-gratis-su-ios\/\">giochi di sesso online<\/a>, ma pochi offrono una cos\u00ec ampia variet\u00e0 di funzioni e opzioni. Mentre alcuni siti si concentrano sul collegamento con i single locali, altri permettono di connettersi con migliaia di membri in tutto il mondo. Se vuoi trovare qualcuno con cui rimorchiare, non cercare oltre AshleyMadison.com. Questo sito offre tutto ci\u00f2 di cui potreste aver bisogno per farlo, comprese le chat room online gratuite, la messaggistica istantanea, le chat video, i feed webcam in diretta, le e-mail, i testi, le app per cellulari e persino l&#8217;integrazione con i social media. Con oltre 30 milioni di profili attivi, ci sar\u00e0 sicuramente qualcuno nelle vicinanze che vuole incontrarsi per una sveltina.<\/p>\n<p>Se siete interessati a trovare l&#8217;amore, non dovete pagare nulla per iscrivervi ad AshleyMadison. Tuttavia, se decidete di passare a uno dei piani di iscrizione a pagamento, avrete accesso a funzioni aggiuntive, come e-mail illimitate, strumenti di comunicazione avanzati e assistenza clienti prioritaria.<\/p>\n<h3>ALT.com<\/h3>\n<p>Alt.com \u00e8 un sito di incontri per persone perverse che cercano un po&#8217; di pepe in pi\u00f9 nella loro vita sessuale. Questo sito di incontri di nicchia si rivolge specificamente a chi \u00e8 appassionato di bondage, dominazione, sottomissione, sadismo e masochismo (BDSM). Se siete interessati a esplorare il mondo del BDSM, non c&#8217;\u00e8 posto migliore di questo per iniziare.<\/p>\n<p>Il sito offre una prova gratuita, in modo che possiate vedere cosa ha da offrire senza spendere un centesimo. \u00c8 possibile iscriversi per un mese, tre mesi o dodici mesi, a seconda della durata dell&#8217;utilizzo del sito. Dopo l&#8217;iscrizione, riceverete un&#8217;e-mail di benvenuto con le istruzioni su come effettuare il login. Una volta effettuato l&#8217;accesso, \u00e8 possibile sfogliare i profili e inviare messaggi ai potenziali partner. C&#8217;\u00e8 anche un sistema di messaggistica che permette di chattare con i potenziali partner.<\/p>\n<h2>E se volete solo divertirvi in modo occasionale?<\/h2>\n<p>Molte persone usano le app di incontri perch\u00e9 vogliono conoscere qualcuno di nuovo. Ma che dire di quelle persone che vogliono solo fare del sesso occasionale senza dover passare ore a conoscersi? Ci sono moltissimi modi per farlo, e la maggior parte di essi non comporta la spesa di una quota associativa. Ecco cinque delle migliori app di <a href=\"https:\/\/www.adultsexsites.org\/it\/siti-di-collegamento-gratuiti-nessuna-carta-di-credito\/\">sito sesso gratis<\/a> gratuite per trovare incontri occasionali.<\/p>\n<h2>I nostri 3 migliori consigli per trovare l&#8217;amore con le app<\/h2>\n<h3>Potete trovare una persona che sia in sintonia con la vostra personalit\u00e0<\/h3>\n<p>Quando vi iscrivete a Match, inizierete con un questionario sui tratti della vostra personalit\u00e0. Da l\u00ec, sarete abbinati in base ai vostri interessi, valori, stile di vita, istruzione, carriera, religione, politica e altro ancora. Quindi, anche se pensate di stare solo sfogliando i profili, \u00e8 probabile che veniate abbinati a persone che sono davvero interessate alle vostre stesse cose.<\/p>\n<h3>Ci sono anche molte partite locali<\/h3>\n<p>Non tutti vogliono uscire oltre i confini dello Stato, ma ci sono ancora molti incontri locali da trovare. Quando vi iscrivete a Match in determinate citt\u00e0, vi verranno mostrate automaticamente anche le persone nelle vicinanze. Se volete restringere il campo degli incontri, potete impostare filtri come la distanza, il sesso, l&#8217;etnia e altro ancora.<\/p>\n<h3>Potrete vedere chi sta controllando il vostro profilo<\/h3>\n<p>In qualit\u00e0 di membro a pagamento, sarete in grado di visualizzare la cronologia delle attivit\u00e0 di chiunque abbia visitato il vostro profilo. Questo include se gli \u00e8 piaciuta o meno la vostra foto, se hanno letto la vostra biografia o se hanno lasciato un feedback. E poich\u00e9 potete vedere chi ha visualizzato il vostro profilo, potete assicurarvi che sia qualcosa che volete continuare a mostrare ai potenziali appuntamenti.<\/p>\n","protected":false},"excerpt":{"rendered":"<p>L&#8217;industria degli incontri per adulti sta cambiando rapidamente. Mentre alcuni siti si concentrano ancora sul mercato mainstream, altri si rivolgono a gruppi di nicchia come lesbiche, bisessuali, transgender e persone in cerca di relazioni aperte. Con il continuo progredire della tecnologia, il modo di uscire con le persone \u00e8 cambiato drasticamente negli ultimi decenni. Dall&#8217;ascesa [&hellip;]<\/p>\n","protected":false},"author":1,"featured_media":94,"parent":0,"menu_order":0,"comment_status":"closed","ping_status":"closed","template":"","meta":[],"yoast_head":"<!-- This site is optimized with the Yoast SEO plugin v17.7.1 - https:\/\/yoast.com\/wordpress\/plugins\/seo\/ -->\n<title>Il vostro quadro di riferimento per gli incontri: Come iniziare? - Framework Dating<\/title>\n<meta name=\"robots\" content=\"index, follow, max-snippet:-1, max-image-preview:large, max-video-preview:-1\" \/>\n<link rel=\"canonical\" href=\"https:\/\/lava-framework.com\/it\/\" \/>\n<meta property=\"og:locale\" content=\"it_IT\" \/>\n<meta property=\"og:type\" content=\"article\" \/>\n<meta property=\"og:title\" content=\"Il vostro quadro di riferimento per gli incontri: Come iniziare? - Framework Dating\" \/>\n<meta property=\"og:description\" content=\"L&#8217;industria degli incontri per adulti sta cambiando rapidamente. Mentre alcuni siti si concentrano ancora sul mercato mainstream, altri si rivolgono a gruppi di nicchia come lesbiche, bisessuali, transgender e persone in cerca di relazioni aperte. Con il continuo progredire della tecnologia, il modo di uscire con le persone \u00e8 cambiato drasticamente negli ultimi decenni. Dall&#8217;ascesa [&hellip;]\" \/>\n<meta property=\"og:url\" content=\"https:\/\/lava-framework.com\/it\/\" \/>\n<meta property=\"og:site_name\" content=\"Framework Dating\" \/>\n<meta property=\"article:modified_time\" content=\"2022-09-08T15:06:34+00:00\" \/>\n<meta property=\"og:image\" content=\"https:\/\/lava-framework.com\/wp-content\/uploads\/2022\/08\/casual-hookup-sites.jpeg\" \/>\n\t<meta property=\"og:image:width\" content=\"1125\" \/>\n\t<meta property=\"og:image:height\" content=\"750\" \/>\n<meta name=\"twitter:card\" content=\"summary_large_image\" \/>\n<meta name=\"twitter:label1\" content=\"Tempo di lettura stimato\" \/>\n\t<meta name=\"twitter:data1\" content=\"6 minuti\" \/>\n<script type=\"application\/ld+json\" class=\"yoast-schema-graph\">{\"@context\":\"https:\/\/schema.org\",\"@graph\":[{\"@type\":\"WebSite\",\"@id\":\"https:\/\/lava-framework.com\/fi\/#website\",\"url\":\"https:\/\/lava-framework.com\/fi\/\",\"name\":\"Framework Dating\",\"description\":\"Online Casual Hookups\",\"potentialAction\":[{\"@type\":\"SearchAction\",\"target\":{\"@type\":\"EntryPoint\",\"urlTemplate\":\"https:\/\/lava-framework.com\/fi\/?s={search_term_string}\"},\"query-input\":\"required name=search_term_string\"}],\"inLanguage\":\"it-IT\"},{\"@type\":\"ImageObject\",\"@id\":\"https:\/\/lava-framework.com\/it\/#primaryimage\",\"inLanguage\":\"it-IT\",\"url\":\"https:\/\/lava-framework.com\/wp-content\/uploads\/2022\/08\/casual-hookup-sites.jpeg\",\"contentUrl\":\"https:\/\/lava-framework.com\/wp-content\/uploads\/2022\/08\/casual-hookup-sites.jpeg\",\"width\":1125,\"height\":750},{\"@type\":\"WebPage\",\"@id\":\"https:\/\/lava-framework.com\/it\/#webpage\",\"url\":\"https:\/\/lava-framework.com\/it\/\",\"name\":\"Il vostro quadro di riferimento per gli incontri: Come iniziare? - Framework Dating\",\"isPartOf\":{\"@id\":\"https:\/\/lava-framework.com\/fi\/#website\"},\"primaryImageOfPage\":{\"@id\":\"https:\/\/lava-framework.com\/it\/#primaryimage\"},\"datePublished\":\"2022-08-18T14:02:55+00:00\",\"dateModified\":\"2022-09-08T15:06:34+00:00\",\"breadcrumb\":{\"@id\":\"https:\/\/lava-framework.com\/it\/#breadcrumb\"},\"inLanguage\":\"it-IT\",\"potentialAction\":[{\"@type\":\"ReadAction\",\"target\":[\"https:\/\/lava-framework.com\/it\/\"]}]},{\"@type\":\"BreadcrumbList\",\"@id\":\"https:\/\/lava-framework.com\/it\/#breadcrumb\",\"itemListElement\":[{\"@type\":\"ListItem\",\"position\":1,\"name\":\"Home\",\"item\":\"https:\/\/lava-framework.com\/it\/\"},{\"@type\":\"ListItem\",\"position\":2,\"name\":\"Il vostro quadro di riferimento per gli incontri: Come iniziare?\"}]}]}<\/script>\n<!-- \/ Yoast SEO plugin. -->","yoast_head_json":{"title":"Il vostro quadro di riferimento per gli incontri: Come iniziare? - Framework Dating","robots":{"index":"index","follow":"follow","max-snippet":"max-snippet:-1","max-image-preview":"max-image-preview:large","max-video-preview":"max-video-preview:-1"},"canonical":"https:\/\/lava-framework.com\/it\/","og_locale":"it_IT","og_type":"article","og_title":"Il vostro quadro di riferimento per gli incontri: Come iniziare? - Framework Dating","og_description":"L&#8217;industria degli incontri per adulti sta cambiando rapidamente. Mentre alcuni siti si concentrano ancora sul mercato mainstream, altri si rivolgono a gruppi di nicchia come lesbiche, bisessuali, transgender e persone in cerca di relazioni aperte. Con il continuo progredire della tecnologia, il modo di uscire con le persone \u00e8 cambiato drasticamente negli ultimi decenni. Dall&#8217;ascesa [&hellip;]","og_url":"https:\/\/lava-framework.com\/it\/","og_site_name":"Framework Dating","article_modified_time":"2022-09-08T15:06:34+00:00","og_image":[{"width":1125,"height":750,"url":"https:\/\/lava-framework.com\/wp-content\/uploads\/2022\/08\/casual-hookup-sites.jpeg","type":"image\/jpeg"}],"twitter_card":"summary_large_image","twitter_misc":{"Tempo di lettura stimato":"6 minuti"},"schema":{"@context":"https:\/\/schema.org","@graph":[{"@type":"WebSite","@id":"https:\/\/lava-framework.com\/fi\/#website","url":"https:\/\/lava-framework.com\/fi\/","name":"Framework Dating","description":"Online Casual Hookups","potentialAction":[{"@type":"SearchAction","target":{"@type":"EntryPoint","urlTemplate":"https:\/\/lava-framework.com\/fi\/?s={search_term_string}"},"query-input":"required name=search_term_string"}],"inLanguage":"it-IT"},{"@type":"ImageObject","@id":"https:\/\/lava-framework.com\/it\/#primaryimage","inLanguage":"it-IT","url":"https:\/\/lava-framework.com\/wp-content\/uploads\/2022\/08\/casual-hookup-sites.jpeg","contentUrl":"https:\/\/lava-framework.com\/wp-content\/uploads\/2022\/08\/casual-hookup-sites.jpeg","width":1125,"height":750},{"@type":"WebPage","@id":"https:\/\/lava-framework.com\/it\/#webpage","url":"https:\/\/lava-framework.com\/it\/","name":"Il vostro quadro di riferimento per gli incontri: Come iniziare? - Framework Dating","isPartOf":{"@id":"https:\/\/lava-framework.com\/fi\/#website"},"primaryImageOfPage":{"@id":"https:\/\/lava-framework.com\/it\/#primaryimage"},"datePublished":"2022-08-18T14:02:55+00:00","dateModified":"2022-09-08T15:06:34+00:00","breadcrumb":{"@id":"https:\/\/lava-framework.com\/it\/#breadcrumb"},"inLanguage":"it-IT","potentialAction":[{"@type":"ReadAction","target":["https:\/\/lava-framework.com\/it\/"]}]},{"@type":"BreadcrumbList","@id":"https:\/\/lava-framework.com\/it\/#breadcrumb","itemListElement":[{"@type":"ListItem","position":1,"name":"Home","item":"https:\/\/lava-framework.com\/it\/"},{"@type":"ListItem","position":2,"name":"Il vostro quadro di riferimento per gli incontri: Come iniziare?"}]}]}},"_links":{"self":[{"href":"https:\/\/lava-framework.com\/it\/wp-json\/wp\/v2\/pages\/372"}],"collection":[{"href":"https:\/\/lava-framework.com\/it\/wp-json\/wp\/v2\/pages"}],"about":[{"href":"https:\/\/lava-framework.com\/it\/wp-json\/wp\/v2\/types\/page"}],"author":[{"embeddable":true,"href":"https:\/\/lava-framework.com\/it\/wp-json\/wp\/v2\/users\/1"}],"replies":[{"embeddable":true,"href":"https:\/\/lava-framework.com\/it\/wp-json\/wp\/v2\/comments?post=372"}],"version-history":[{"count":1,"href":"https:\/\/lava-framework.com\/it\/wp-json\/wp\/v2\/pages\/372\/revisions"}],"predecessor-version":[{"id":410,"href":"https:\/\/lava-framework.com\/it\/wp-json\/wp\/v2\/pages\/372\/revisions\/410"}],"wp:featuredmedia":[{"embeddable":true,"href":"https:\/\/lava-framework.com\/it\/wp-json\/wp\/v2\/media\/94"}],"wp:attachment":[{"href":"https:\/\/lava-framework.com\/it\/wp-json\/wp\/v2\/media?parent=372"}],"curies":[{"name":"wp","href":"https:\/\/api.w.org\/{rel}","templated":true}]}}