{"id":370,"date":"2022-08-18T15:14:44","date_gmt":"2022-08-18T14:14:44","guid":{"rendered":"http:\/\/lava-framework.com\/piattaforme-di-incontri-milf-online\/"},"modified":"2022-09-08T15:33:46","modified_gmt":"2022-09-08T14:33:46","slug":"piattaforme-di-incontri-milf-online","status":"publish","type":"page","link":"https:\/\/lava-framework.com\/it\/piattaforme-di-incontri-milf-online\/","title":{"rendered":"Piattaforme di incontri MILF online"},"content":{"rendered":"<p>I siti di incontri per donne stanno diventando sempre pi\u00f9 popolari tra le persone che cercano l&#8217;amore online. Ci sono molti motivi per cui le milf sono cos\u00ec attraenti. Per cominciare, le donne over 40 sono state soprannominate &#8220;cougar&#8221; e sono spesso note per essere molto pi\u00f9 sexy delle donne pi\u00f9 giovani. Hanno anche esperienza, maturit\u00e0 e saggezza che mancano <a href=\"http:\/\/www.local-fuck.net\/it\/chat-di-masturbazione-gratuita\/\">masturbazione in chat<\/a> ai giovani. Inoltre, la maggior parte delle donne pi\u00f9 anziane vuole ancora trovare una relazione, mentre le donne pi\u00f9 giovani di solito cercano solo incontri occasionali.<\/p>\n<h2>Le nostre scelte migliori<\/h2>\n<p>Il numero di app di incontri per milf \u00e8 esploso negli ultimi anni e ora ci sono migliaia di siti di incontri per milf in cui \u00e8 possibile incontrare donne locali interessate a conoscere uomini come te. Questi siti di incontri consentono di sfogliare i profili in base alla localit\u00e0, all&#8217;et\u00e0, agli interessi e persino al tipo di corpo. Se state cercando di iniziare una relazione seria, probabilmente vorrete utilizzare un sito di incontri che si rivolge specificamente alle coppie sposate.<\/p>\n<h3>CougarLife<\/h3>\n<p>CougarLife \u00e8 il sito originale di incontri tra donne, fondato nel 2007. Anche se non \u00e8 pi\u00f9 il pi\u00f9 grande sito di incontri per donne, vanta un enorme database di membri attivi. Anche le cougar sono le benvenute e il sito consente di filtrare gli incontri in base a criteri quali et\u00e0, distanza, altezza, peso, etnia, religione, livello di istruzione, occupazione e stato civile.<\/p>\n<h3>Donne mature<\/h3>\n<p>Mature Women Looking for Men \u00e8 un&#8217;altra grande opzione per chi cerca donne mature. Questo sito si concentra sul collegamento tra donne anziane e uomini pi\u00f9 giovani e vanta un&#8217;ampia base di membri di entrambi. I membri possono vedere le foto degli altri e leggere le loro vite, i loro hobby e i loro interessi. Oltre a cercare una persona speciale, potete anche <a href=\"https:\/\/www.hotsexychat.net\/it\/\">chat sexy gratis<\/a> impostare degli avvisi per essere avvisati delle nuove attivit\u00e0 sul sito.<\/p>\n<h3>Incontri maturi<\/h3>\n<p>Le app di incontri per cougar come Incontri Maturi stanno diventando sempre pi\u00f9 popolari tra le donne anziane che cercano uomini pi\u00f9 giovani. In effetti, ci sono persino donne pi\u00f9 anziane che sono disposte a pagare per fare sesso con uomini pi\u00f9 giovani. Questo perch\u00e9 non vogliono pi\u00f9 essere soli. Sono abbastanza grandi da sapere cosa vogliono, ma abbastanza giovani da godersi ancora la vita.<\/p>\n<p>Mature Dating \u00e8 una di queste app dove \u00e8 possibile incontrare cougar, sugar mom e milf. Queste donne sono solitamente single e in cerca di uomini. E poich\u00e9 hanno gi\u00e0 raggiunto la mezza et\u00e0, non si preoccupano pi\u00f9 di quanti soldi guadagna. Tutto ci\u00f2 che vogliono \u00e8 compagnia e amore.<\/p>\n<h3>Incontri Cougar<\/h3>\n<p>Cougar Dating \u00e8 uno dei migliori siti di incontri per cougar in circolazione. Questo sito offre alcune funzioni davvero interessanti, come la chat dal vivo, le videochiamate e molto altro ancora. Se siete alla ricerca di una relazione seria, questo potrebbe essere il posto giusto per voi.<\/p>\n<p>Questa <a href=\"http:\/\/lava-framework.com\/it\/ashley-madison-o-adultfriendfinder-aff\/\">app di incontri<\/a> \u00e8 stata progettata specificamente per le persone di et\u00e0 superiore ai 40 anni. Capiscono esattamente cosa le donne anziane cercano in un uomo e lo forniscono su questa app di incontri. Infatti, la maggior parte dei membri di questa app di incontri sono gi\u00e0 sposati, ma continuano a usare questa app perch\u00e9 si divertono a essere single. Quindi, se siete interessati a incontrare donne pi\u00f9 grandi, date un&#8217;occhiata a questa app di incontri.<\/p>\n<h2>Perch\u00e9 le donne anziane cercano ragazzi pi\u00f9 giovani<\/h2>\n<p>Ci sono molte ragioni per cui le donne pi\u00f9 anziane amano frequentare ragazzi pi\u00f9 giovani. Ecco alcuni dei motivi per cui le donne anziane vogliono uscire con uomini pi\u00f9 giovani.<\/p>\n<h3>Gli uomini pi\u00f9 giovani hanno pi\u00f9 energia<\/h3>\n<p>Le persone pi\u00f9 giovani sono di solito pi\u00f9 energiche e attive di quelle <a href=\"https:\/\/www.fucklocals.org\/it\/giochi-porno-gratis-nessuna-iscrizione\/\">giochi porno senza registrazione<\/a> pi\u00f9 anziane. In questo modo \u00e8 pi\u00f9 facile per loro incontrare nuove persone e fare amicizia. Gli anziani tendono a sentirsi stanchi e pigri perch\u00e9 passano troppo tempo da soli.<\/p>\n<h3>I giovani sono meno critici<\/h3>\n<p>Le persone anziane hanno spesso una grande esperienza di vita. Tuttavia, credono ancora che ci sia qualcosa di sbagliato nel frequentare qualcuno pi\u00f9 giovane di loro. Al contrario, i pi\u00f9 giovani non si preoccupano di ci\u00f2 che gli altri pensano di loro.<\/p>\n<h3>I giovani possono essere genitori migliori<\/h3>\n<p>Molte persone anziane non sanno come prendersi cura dei bambini. Al contrario, le persone pi\u00f9 giovani sono genitori migliori. Capiscono come crescere i bambini in modo corretto e dare loro tutto ci\u00f2 di cui hanno bisogno.<\/p>\n","protected":false},"excerpt":{"rendered":"<p>I siti di incontri per donne stanno diventando sempre pi\u00f9 popolari tra le persone che cercano l&#8217;amore online. Ci sono molti motivi per cui le milf sono cos\u00ec attraenti. Per cominciare, le donne over 40 sono state soprannominate &#8220;cougar&#8221; e sono spesso note per essere molto pi\u00f9 sexy delle donne pi\u00f9 giovani. Hanno anche esperienza, [&hellip;]<\/p>\n","protected":false},"author":1,"featured_media":109,"parent":0,"menu_order":0,"comment_status":"closed","ping_status":"closed","template":"","meta":[],"yoast_head":"<!-- This site is optimized with the Yoast SEO plugin v17.7.1 - https:\/\/yoast.com\/wordpress\/plugins\/seo\/ -->\n<title>Piattaforme di incontri MILF online - Framework Dating<\/title>\n<meta name=\"robots\" content=\"index, follow, max-snippet:-1, max-image-preview:large, max-video-preview:-1\" \/>\n<link rel=\"canonical\" href=\"https:\/\/lava-framework.com\/it\/piattaforme-di-incontri-milf-online\/\" \/>\n<meta property=\"og:locale\" content=\"it_IT\" \/>\n<meta property=\"og:type\" content=\"article\" \/>\n<meta property=\"og:title\" content=\"Piattaforme di incontri MILF online - Framework Dating\" \/>\n<meta property=\"og:description\" content=\"I siti di incontri per donne stanno diventando sempre pi\u00f9 popolari tra le persone che cercano l&#8217;amore online. Ci sono molti motivi per cui le milf sono cos\u00ec attraenti. Per cominciare, le donne over 40 sono state soprannominate &#8220;cougar&#8221; e sono spesso note per essere molto pi\u00f9 sexy delle donne pi\u00f9 giovani. Hanno anche esperienza, [&hellip;]\" \/>\n<meta property=\"og:url\" content=\"https:\/\/lava-framework.com\/it\/piattaforme-di-incontri-milf-online\/\" \/>\n<meta property=\"og:site_name\" content=\"Framework Dating\" \/>\n<meta property=\"article:modified_time\" content=\"2022-09-08T14:33:46+00:00\" \/>\n<meta name=\"twitter:card\" content=\"summary_large_image\" \/>\n<meta name=\"twitter:image\" content=\"https:\/\/lava-framework.com\/wp-content\/uploads\/2022\/08\/milf-dating.webp\" \/>\n<meta name=\"twitter:label1\" content=\"Tempo di lettura stimato\" \/>\n\t<meta name=\"twitter:data1\" content=\"4 minuti\" \/>\n<script type=\"application\/ld+json\" class=\"yoast-schema-graph\">{\"@context\":\"https:\/\/schema.org\",\"@graph\":[{\"@type\":\"WebSite\",\"@id\":\"https:\/\/lava-framework.com\/fi\/#website\",\"url\":\"https:\/\/lava-framework.com\/fi\/\",\"name\":\"Framework Dating\",\"description\":\"Online Casual Hookups\",\"potentialAction\":[{\"@type\":\"SearchAction\",\"target\":{\"@type\":\"EntryPoint\",\"urlTemplate\":\"https:\/\/lava-framework.com\/fi\/?s={search_term_string}\"},\"query-input\":\"required name=search_term_string\"}],\"inLanguage\":\"it-IT\"},{\"@type\":\"ImageObject\",\"@id\":\"https:\/\/lava-framework.com\/it\/piattaforme-di-incontri-milf-online\/#primaryimage\",\"inLanguage\":\"it-IT\",\"url\":\"https:\/\/lava-framework.com\/wp-content\/uploads\/2022\/08\/milf-dating.webp\",\"contentUrl\":\"https:\/\/lava-framework.com\/wp-content\/uploads\/2022\/08\/milf-dating.webp\",\"width\":1124,\"height\":750},{\"@type\":\"WebPage\",\"@id\":\"https:\/\/lava-framework.com\/it\/piattaforme-di-incontri-milf-online\/#webpage\",\"url\":\"https:\/\/lava-framework.com\/it\/piattaforme-di-incontri-milf-online\/\",\"name\":\"Piattaforme di incontri MILF online - Framework Dating\",\"isPartOf\":{\"@id\":\"https:\/\/lava-framework.com\/fi\/#website\"},\"primaryImageOfPage\":{\"@id\":\"https:\/\/lava-framework.com\/it\/piattaforme-di-incontri-milf-online\/#primaryimage\"},\"datePublished\":\"2022-08-18T14:14:44+00:00\",\"dateModified\":\"2022-09-08T14:33:46+00:00\",\"breadcrumb\":{\"@id\":\"https:\/\/lava-framework.com\/it\/piattaforme-di-incontri-milf-online\/#breadcrumb\"},\"inLanguage\":\"it-IT\",\"potentialAction\":[{\"@type\":\"ReadAction\",\"target\":[\"https:\/\/lava-framework.com\/it\/piattaforme-di-incontri-milf-online\/\"]}]},{\"@type\":\"BreadcrumbList\",\"@id\":\"https:\/\/lava-framework.com\/it\/piattaforme-di-incontri-milf-online\/#breadcrumb\",\"itemListElement\":[{\"@type\":\"ListItem\",\"position\":1,\"name\":\"Home\",\"item\":\"https:\/\/lava-framework.com\/it\/\"},{\"@type\":\"ListItem\",\"position\":2,\"name\":\"Piattaforme di incontri MILF online\"}]}]}<\/script>\n<!-- \/ Yoast SEO plugin. -->","yoast_head_json":{"title":"Piattaforme di incontri MILF online - Framework Dating","robots":{"index":"index","follow":"follow","max-snippet":"max-snippet:-1","max-image-preview":"max-image-preview:large","max-video-preview":"max-video-preview:-1"},"canonical":"https:\/\/lava-framework.com\/it\/piattaforme-di-incontri-milf-online\/","og_locale":"it_IT","og_type":"article","og_title":"Piattaforme di incontri MILF online - Framework Dating","og_description":"I siti di incontri per donne stanno diventando sempre pi\u00f9 popolari tra le persone che cercano l&#8217;amore online. Ci sono molti motivi per cui le milf sono cos\u00ec attraenti. Per cominciare, le donne over 40 sono state soprannominate &#8220;cougar&#8221; e sono spesso note per essere molto pi\u00f9 sexy delle donne pi\u00f9 giovani. Hanno anche esperienza, [&hellip;]","og_url":"https:\/\/lava-framework.com\/it\/piattaforme-di-incontri-milf-online\/","og_site_name":"Framework Dating","article_modified_time":"2022-09-08T14:33:46+00:00","twitter_card":"summary_large_image","twitter_image":"https:\/\/lava-framework.com\/wp-content\/uploads\/2022\/08\/milf-dating.webp","twitter_misc":{"Tempo di lettura stimato":"4 minuti"},"schema":{"@context":"https:\/\/schema.org","@graph":[{"@type":"WebSite","@id":"https:\/\/lava-framework.com\/fi\/#website","url":"https:\/\/lava-framework.com\/fi\/","name":"Framework Dating","description":"Online Casual Hookups","potentialAction":[{"@type":"SearchAction","target":{"@type":"EntryPoint","urlTemplate":"https:\/\/lava-framework.com\/fi\/?s={search_term_string}"},"query-input":"required name=search_term_string"}],"inLanguage":"it-IT"},{"@type":"ImageObject","@id":"https:\/\/lava-framework.com\/it\/piattaforme-di-incontri-milf-online\/#primaryimage","inLanguage":"it-IT","url":"https:\/\/lava-framework.com\/wp-content\/uploads\/2022\/08\/milf-dating.webp","contentUrl":"https:\/\/lava-framework.com\/wp-content\/uploads\/2022\/08\/milf-dating.webp","width":1124,"height":750},{"@type":"WebPage","@id":"https:\/\/lava-framework.com\/it\/piattaforme-di-incontri-milf-online\/#webpage","url":"https:\/\/lava-framework.com\/it\/piattaforme-di-incontri-milf-online\/","name":"Piattaforme di incontri MILF online - Framework Dating","isPartOf":{"@id":"https:\/\/lava-framework.com\/fi\/#website"},"primaryImageOfPage":{"@id":"https:\/\/lava-framework.com\/it\/piattaforme-di-incontri-milf-online\/#primaryimage"},"datePublished":"2022-08-18T14:14:44+00:00","dateModified":"2022-09-08T14:33:46+00:00","breadcrumb":{"@id":"https:\/\/lava-framework.com\/it\/piattaforme-di-incontri-milf-online\/#breadcrumb"},"inLanguage":"it-IT","potentialAction":[{"@type":"ReadAction","target":["https:\/\/lava-framework.com\/it\/piattaforme-di-incontri-milf-online\/"]}]},{"@type":"BreadcrumbList","@id":"https:\/\/lava-framework.com\/it\/piattaforme-di-incontri-milf-online\/#breadcrumb","itemListElement":[{"@type":"ListItem","position":1,"name":"Home","item":"https:\/\/lava-framework.com\/it\/"},{"@type":"ListItem","position":2,"name":"Piattaforme di incontri MILF online"}]}]}},"_links":{"self":[{"href":"https:\/\/lava-framework.com\/it\/wp-json\/wp\/v2\/pages\/370"}],"collection":[{"href":"https:\/\/lava-framework.com\/it\/wp-json\/wp\/v2\/pages"}],"about":[{"href":"https:\/\/lava-framework.com\/it\/wp-json\/wp\/v2\/types\/page"}],"author":[{"embeddable":true,"href":"https:\/\/lava-framework.com\/it\/wp-json\/wp\/v2\/users\/1"}],"replies":[{"embeddable":true,"href":"https:\/\/lava-framework.com\/it\/wp-json\/wp\/v2\/comments?post=370"}],"version-history":[{"count":2,"href":"https:\/\/lava-framework.com\/it\/wp-json\/wp\/v2\/pages\/370\/revisions"}],"predecessor-version":[{"id":402,"href":"https:\/\/lava-framework.com\/it\/wp-json\/wp\/v2\/pages\/370\/revisions\/402"}],"wp:featuredmedia":[{"embeddable":true,"href":"https:\/\/lava-framework.com\/it\/wp-json\/wp\/v2\/media\/109"}],"wp:attachment":[{"href":"https:\/\/lava-framework.com\/it\/wp-json\/wp\/v2\/media?parent=370"}],"curies":[{"name":"wp","href":"https:\/\/api.w.org\/{rel}","templated":true}]}}