{"id":362,"date":"2022-08-18T15:02:55","date_gmt":"2022-08-18T14:02:55","guid":{"rendered":"http:\/\/lava-framework.com\/vas-okvir-za-upoznavanje-kako-zapoceti\/"},"modified":"2022-09-08T19:52:37","modified_gmt":"2022-09-08T18:52:37","slug":"vas-okvir-za-upoznavanje-kako-zapoceti","status":"publish","type":"page","link":"https:\/\/lava-framework.com\/hr\/","title":{"rendered":"Va\u0161 okvir za upoznavanje: Kako zapo\u010deti?"},"content":{"rendered":"<p>Industrija upoznavanja odraslih brzo se mijenja. Dok su neke web stranice jo\u0161 uvijek usredoto\u010dene na mainstream tr\u017ei\u0161te, druge zadovoljavaju ni\u0161ne skupine poput lezbijki, biseksualaca, transrodnih osoba i ljudi koji tra\u017ee otvorene odnose.<\/p>\n<p>Kako tehnologija nastavlja napredovati, na\u010din na koji ljudi datiraju drasti\u010dno se promijenio u posljednjih nekoliko desetlje\u0107a. Od uspona internetskih stranica za upoznavanje poput Match.com i OkCupida do \u0161irenja pametnih telefona, sada postoji bezbroj na\u010dina povezivanja s nekim posebnim.<\/p>\n<h2>S kojim aplikacijama za po\u010detak rada?<\/h2>\n<p>Dok neki ljudi i dalje preferiraju susret licem u lice, drugi su savr\u0161eno sretni provode\u0107i ve\u0107inu svog vremena razgovaraju\u0107i <a href=\"https:\/\/www.thedatingadvisor.com\/hr\/\">aplikacije za upoznavanja<\/a> s potencijalnim datumima putem tekstualnih poruka, video chatova i aplikacija za razmjenu poruka.<\/p>\n<p>Ali \u0161to je s nama koji \u017eelimo vi\u0161e od neobaveznog spajanja? Imamo razli\u010dite potrebe, \u017eelje i \u017eelje, a telefone koristimo druga\u010dije, ovisno o tome \u0161to osje\u0107amo prema sebi i svojim odnosima.<\/p>\n<h3>Zglob<\/h3>\n<p>\u0160arka je dru\u0161tvena mre\u017ea koja se usredoto\u010duje na smislene veze, a ne samo na spajanja. Njegovo ime potje\u010de od rije\u010di \u0161arka, koja se odnosi na to koliko su odnosi va\u017eni u \u017eivotu.<\/p>\n<p>Aplikacija omogu\u0107uje korisnicima povezivanje s drugima na temelju zajedni\u010dkih interesa i strasti. Mo\u017eete pregledavati profile, slati poruke i planirati sastanak. Za razliku od mnogih drugih aplikacija za upoznavanje, Hinge ne tra\u017ei va\u0161 telefonski broj ili adresu e-po\u0161te. Umjesto toga, za prijavu koristite Facebook.<\/p>\n<p>Tako\u0111er mo\u017eete dodati prijatelje putem Facebook Messengera, WhatsAppa ili Instagram Directa. Nakon \u0161to se prijavite u \u0160arku, mo\u017eete pregledati aktivnosti drugih \u010dlanova, uklju\u010duju\u0107i nedavne utakmice, lajkove, komentare i fotografije. Svaki dan mo\u017eete se prijaviti kako biste vidjeli \u0161to se doga\u0111a oko vas. Na primjer, mo\u017eda \u0107ete vidjeti da se netko drugi prijavljuje u blizini va\u0161e lokacije. Ili mo\u017eda postoji preporuka za obli\u017enji restoran ili kafi\u0107. Kada prona\u0111ete ne\u0161to zanimljivo, dodirnite gumb da biste ga &#8220;lajkali&#8221;. To svima daje do znanja da vas zanima \u0161to god to bilo. Kada \u017eelite razgovarati o tome, to mo\u017eete u\u010diniti dodirom na gumb pokraj stavke.<\/p>\n<h3>Odgovarati<\/h3>\n<p>Match.com jedno je od najpopularnijih web mjesta za upoznavanje na svijetu, s vi\u0161e od 20 milijuna aktivnih \u010dlanova \u0161irom svijeta. U 2016. godini imao je prihode od milijardu dolara. Njegova je aplikacija dostupna za besplatno preuzimanje na Android i iOS ure\u0111ajima.<\/p>\n<p>Besplatni korisnici mogu postaviti online osobne profile, prenijeti nekoliko svojih fotografija <a href=\"http:\/\/www.nosignupporngames.net\/zh-hant\/\">www.nosignupporngames.net\/zh-hant<\/a>, a zatim se uklju\u010diti u neko online koketiranje putem &#8220;migova&#8221; i svakodnevno se dostavljati nove utakmice. Tako\u0111er mogu pregledavati profile i lajkati slike jedni drugima. Sveobuhvatnije zna\u010dajke, poput gledanja tko je pogledao va\u0161 profil i lajkao va\u0161e slike, mogu se otklju\u010dati pla\u0107anjem mjese\u010dne naknade. Mo\u017eete \u010dak i dodatno platiti da vam treneri za upoznavanje u stvarnom vremenu odgovaraju. Najnovija zna\u010dajka web stranice, nazvana Vibe Check, omogu\u0107uje vam u\u017eivanje u sesijama video chata sa svojim podudaranjima, dok vam druga nova zna\u010dajka omogu\u0107uje da platite mali iznos kako bi match prona\u0161ao datume za vas.<\/p>\n<h3>Aff<\/h3>\n<p>Adult Friend Finder jedna je od najstarijih web lokacija za upoznavanje na mre\u017ei. Pokrenut 1995. godine, postoji od po\u010detka internetskog procvata. I danas rastu, a imaju preko 80 milijuna registriranih \u010dlanova. Ova stranica zadovoljava ljude koji tra\u017ee veze, neobavezni seks, diskretne odnose, pa \u010dak i brak. Ako se bavite ljuljanjem, grupnim seksom, seksom u troje ili se samo \u017eelite zabaviti, AF je za vas. Web mjesto mo\u017eete koristiti s bilo kojeg mjesta na svijetu, zahvaljuju\u0107i mobilnim aplikacijama.<\/p>\n<h3>Ashley Madison<\/h3>\n<p>Postoje mnoge web stranice za upoznavanje koje zadovoljavaju ljude koji tra\u017ee povremeni seks, ali malo ih nudi tako \u0161irok izbor zna\u010dajki i opcija. Dok su neke web stranice usredoto\u010dene na povezivanje s lokalnim samcima, druge vam omogu\u0107uju povezivanje s tisu\u0107ama \u010dlanova \u0161irom svijeta. Ako \u017eelite prona\u0107i nekoga s kim \u0107ete se spetljati, ne tra\u017eite dalje od AshleyMadison.com. Ova web stranica nudi sve \u0161to bi vam moglo biti potrebno da biste to ostvarili, uklju\u010duju\u0107i besplatne internetske chat sobe, instant poruke, video chatove, feedove web kamere u\u017eivo, e-po\u0161tu, tekst, mobilne aplikacije, pa \u010dak i integraciju dru\u0161tvenih medija. S vi\u0161e od 30 milijuna aktivnih profila, sigurno \u0107e biti netko u blizini tko se \u017eeli na\u0107i na brzaka.<\/p>\n<p>Ako ste zainteresirani za pronala\u017eenje ljubavi, ne morate platiti ni\u0161ta da biste se pridru\u017eili AshleyMadison. Me\u0111utim, ako se odlu\u010dite nadograditi na jedan od pla\u0107enih planova \u010dlanstva, u\u017eivat \u0107ete u pristupu dodatnim zna\u010dajkama, kao \u0161to su neograni\u010dena e-po\u0161ta, pobolj\u0161ani komunikacijski alati i prioritetna korisni\u010dka podr\u0161ka.<\/p>\n<h3>ALT.com<\/h3>\n<p>Alt.com je stranica za spajanje nastranih ljudi koji tra\u017ee dodatni za\u010din u svom seksualnom \u017eivotu. Ova ni\u0161na stranica za upoznavanje posebno zadovoljava one koji se bave ropstvom, dominacijom, pokorno\u0161\u0107u, sadizmom i mazohizmom (BDSM). Ako ste zainteresirani za istra\u017eivanje svijeta BDSM-a, nema boljeg mjesta za po\u010detak nego ovdje.<\/p>\n<p>Stranica nudi besplatno probno razdoblje, tako da <a href=\"http:\/\/www.nosignupporngames.net\/th\/\">www.nosignupporngames.net\/th<\/a> mo\u017eete vidjeti \u0161to nudi bez tro\u0161enja nov\u010di\u0107a. Mo\u017eete se prijaviti na mjesec, tri mjeseca ili dvanaest mjeseci, ovisno o tome koliko dugo \u017eelite koristiti web mjesto. Nakon prijave primit \u0107ete e-po\u0161tu dobrodo\u0161lice s uputama kako se prijaviti. Nakon \u0161to se prijavite, mo\u017eete pregledavati profile i slati poruke potencijalnim partnerima. Tu je i sustav za razmjenu poruka u kojem mo\u017eete razgovarati s potencijalnim podudaranjima.<\/p>\n<h2>\u0160to ako se samo \u017eeli\u0161 usputno zabaviti?<\/h2>\n<p>Mnogi ljudi koriste aplikacije za upoznavanje jer \u017eele upoznati nekoga novog. Ali \u0161to je s onim ljudima koji samo \u017eele imati neki povremeni seks bez da moraju provesti sate upoznavaju\u0107i se? Postoji mno\u0161tvo razli\u010ditih na\u010dina za to, a ve\u0107ina njih ne uklju\u010duje tro\u0161enje novca na \u010dlanarinu. Evo pet najboljih besplatnih aplikacija za upoznavanje za pronala\u017eenje povremenih susreta.<\/p>\n<h2>Na\u0161a 3 najbolja savjeta za pronala\u017eenje ljubavi s aplikacijama<\/h2>\n<h3>Mo\u017eete prona\u0107i nekoga tko vibrira s va\u0161om osobno\u0161\u0107u<\/h3>\n<p>Kada se prijavite za Match, po\u010det \u0107ete s upitnikom o svojim osobinama li\u010dnosti. Odatle \u0107ete biti uskla\u0111eni na temelju va\u0161ih interesa, vrijednosti, na\u010dina \u017eivota, obrazovanja, karijere, religije, politike i jo\u0161 mnogo toga. Dakle, iako mo\u017eda mislite da samo pregledavate profile, velike su \u0161anse da se zapravo podudarate s ljudima koji se stvarno bave istim stvarima kao i vi.<\/p>\n<h3>Ima i dosta lokalnih utakmica.<\/h3>\n<p>Ne \u017eele svi izlaziti preko dr\u017eavnih granica, ali jo\u0161 uvijek ima dosta lokalnih utakmica koje se mogu prona\u0107i. Kada se prijavite za Match u odre\u0111enim gradovima, automatski \u0107e vam se prikazati i osobe u blizini. Ako \u017eelite suziti mjesto na kojem se \u017eelite susresti, mo\u017eete postaviti filtre kao \u0161to su udaljenost, spol, etni\u010dka pripadnost i jo\u0161 mnogo toga.<\/p>\n<h3>Mo\u017eete vidjeti tko provjerava va\u0161 profil<\/h3>\n<p>Kao pla\u0107eni \u010dlan mo\u0107i \u0107ete pregledati povijest aktivnosti svih ostalih koji su provjerili va\u0161 profil. To uklju\u010duje je li im se svidjela va\u0161a fotografija ili ne, pro\u010ditajte va\u0161u biografiju ili lijeve povratne informacije. A budu\u0107i da mo\u017eete vidjeti tko je pregledao va\u0161 profil, mo\u017eete biti sigurni da je to ne\u0161to \u0161to \u017eelite nastaviti pokazivati potencijalnim datumima.<\/p>\n","protected":false},"excerpt":{"rendered":"<p>Industrija upoznavanja odraslih brzo se mijenja. Dok su neke web stranice jo\u0161 uvijek usredoto\u010dene na mainstream tr\u017ei\u0161te, druge zadovoljavaju ni\u0161ne skupine poput lezbijki, biseksualaca, transrodnih osoba i ljudi koji tra\u017ee otvorene odnose. Kako tehnologija nastavlja napredovati, na\u010din na koji ljudi datiraju drasti\u010dno se promijenio u posljednjih nekoliko desetlje\u0107a. Od uspona internetskih stranica za upoznavanje poput [&hellip;]<\/p>\n","protected":false},"author":1,"featured_media":87,"parent":0,"menu_order":0,"comment_status":"closed","ping_status":"closed","template":"","meta":[],"yoast_head":"<!-- This site is optimized with the Yoast SEO plugin v17.7.1 - https:\/\/yoast.com\/wordpress\/plugins\/seo\/ -->\n<title>Va\u0161 okvir za upoznavanje: Kako zapo\u010deti? - Framework Dating<\/title>\n<meta name=\"robots\" content=\"index, follow, max-snippet:-1, max-image-preview:large, max-video-preview:-1\" \/>\n<link rel=\"canonical\" href=\"https:\/\/lava-framework.com\/hr\/\" \/>\n<meta property=\"og:locale\" content=\"hr_HR\" \/>\n<meta property=\"og:type\" content=\"article\" \/>\n<meta property=\"og:title\" content=\"Va\u0161 okvir za upoznavanje: Kako zapo\u010deti? - Framework Dating\" \/>\n<meta property=\"og:description\" content=\"Industrija upoznavanja odraslih brzo se mijenja. Dok su neke web stranice jo\u0161 uvijek usredoto\u010dene na mainstream tr\u017ei\u0161te, druge zadovoljavaju ni\u0161ne skupine poput lezbijki, biseksualaca, transrodnih osoba i ljudi koji tra\u017ee otvorene odnose. Kako tehnologija nastavlja napredovati, na\u010din na koji ljudi datiraju drasti\u010dno se promijenio u posljednjih nekoliko desetlje\u0107a. Od uspona internetskih stranica za upoznavanje poput [&hellip;]\" \/>\n<meta property=\"og:url\" content=\"https:\/\/lava-framework.com\/hr\/\" \/>\n<meta property=\"og:site_name\" content=\"Framework Dating\" \/>\n<meta property=\"article:modified_time\" content=\"2022-09-08T18:52:37+00:00\" \/>\n<meta property=\"og:image\" content=\"https:\/\/lava-framework.com\/wp-content\/uploads\/2022\/08\/casual-hookup-sites.jpeg\" \/>\n\t<meta property=\"og:image:width\" content=\"1125\" \/>\n\t<meta property=\"og:image:height\" content=\"750\" \/>\n<meta name=\"twitter:card\" content=\"summary_large_image\" \/>\n<meta name=\"twitter:label1\" content=\"Procijenjeno vrijeme \u010ditanja\" \/>\n\t<meta name=\"twitter:data1\" content=\"6 minuta\" \/>\n<script type=\"application\/ld+json\" class=\"yoast-schema-graph\">{\"@context\":\"https:\/\/schema.org\",\"@graph\":[{\"@type\":\"WebSite\",\"@id\":\"https:\/\/lava-framework.com\/fi\/#website\",\"url\":\"https:\/\/lava-framework.com\/fi\/\",\"name\":\"Framework Dating\",\"description\":\"Online Casual Hookups\",\"potentialAction\":[{\"@type\":\"SearchAction\",\"target\":{\"@type\":\"EntryPoint\",\"urlTemplate\":\"https:\/\/lava-framework.com\/fi\/?s={search_term_string}\"},\"query-input\":\"required name=search_term_string\"}],\"inLanguage\":\"hr\"},{\"@type\":\"ImageObject\",\"@id\":\"https:\/\/lava-framework.com\/hr\/#primaryimage\",\"inLanguage\":\"hr\",\"url\":\"https:\/\/lava-framework.com\/wp-content\/uploads\/2022\/08\/casual-hookup-sites.jpeg\",\"contentUrl\":\"https:\/\/lava-framework.com\/wp-content\/uploads\/2022\/08\/casual-hookup-sites.jpeg\",\"width\":1125,\"height\":750},{\"@type\":\"WebPage\",\"@id\":\"https:\/\/lava-framework.com\/hr\/#webpage\",\"url\":\"https:\/\/lava-framework.com\/hr\/\",\"name\":\"Va\\u0161 okvir za upoznavanje: Kako zapo\\u010deti? - Framework Dating\",\"isPartOf\":{\"@id\":\"https:\/\/lava-framework.com\/fi\/#website\"},\"primaryImageOfPage\":{\"@id\":\"https:\/\/lava-framework.com\/hr\/#primaryimage\"},\"datePublished\":\"2022-08-18T14:02:55+00:00\",\"dateModified\":\"2022-09-08T18:52:37+00:00\",\"breadcrumb\":{\"@id\":\"https:\/\/lava-framework.com\/hr\/#breadcrumb\"},\"inLanguage\":\"hr\",\"potentialAction\":[{\"@type\":\"ReadAction\",\"target\":[\"https:\/\/lava-framework.com\/hr\/\"]}]},{\"@type\":\"BreadcrumbList\",\"@id\":\"https:\/\/lava-framework.com\/hr\/#breadcrumb\",\"itemListElement\":[{\"@type\":\"ListItem\",\"position\":1,\"name\":\"Home\",\"item\":\"https:\/\/lava-framework.com\/hr\/\"},{\"@type\":\"ListItem\",\"position\":2,\"name\":\"Va\\u0161 okvir za upoznavanje: Kako zapo\\u010deti?\"}]}]}<\/script>\n<!-- \/ Yoast SEO plugin. -->","yoast_head_json":{"title":"Va\u0161 okvir za upoznavanje: Kako zapo\u010deti? - Framework Dating","robots":{"index":"index","follow":"follow","max-snippet":"max-snippet:-1","max-image-preview":"max-image-preview:large","max-video-preview":"max-video-preview:-1"},"canonical":"https:\/\/lava-framework.com\/hr\/","og_locale":"hr_HR","og_type":"article","og_title":"Va\u0161 okvir za upoznavanje: Kako zapo\u010deti? - Framework Dating","og_description":"Industrija upoznavanja odraslih brzo se mijenja. Dok su neke web stranice jo\u0161 uvijek usredoto\u010dene na mainstream tr\u017ei\u0161te, druge zadovoljavaju ni\u0161ne skupine poput lezbijki, biseksualaca, transrodnih osoba i ljudi koji tra\u017ee otvorene odnose. Kako tehnologija nastavlja napredovati, na\u010din na koji ljudi datiraju drasti\u010dno se promijenio u posljednjih nekoliko desetlje\u0107a. Od uspona internetskih stranica za upoznavanje poput [&hellip;]","og_url":"https:\/\/lava-framework.com\/hr\/","og_site_name":"Framework Dating","article_modified_time":"2022-09-08T18:52:37+00:00","og_image":[{"width":1125,"height":750,"url":"https:\/\/lava-framework.com\/wp-content\/uploads\/2022\/08\/casual-hookup-sites.jpeg","type":"image\/jpeg"}],"twitter_card":"summary_large_image","twitter_misc":{"Procijenjeno vrijeme \u010ditanja":"6 minuta"},"schema":{"@context":"https:\/\/schema.org","@graph":[{"@type":"WebSite","@id":"https:\/\/lava-framework.com\/fi\/#website","url":"https:\/\/lava-framework.com\/fi\/","name":"Framework Dating","description":"Online Casual Hookups","potentialAction":[{"@type":"SearchAction","target":{"@type":"EntryPoint","urlTemplate":"https:\/\/lava-framework.com\/fi\/?s={search_term_string}"},"query-input":"required name=search_term_string"}],"inLanguage":"hr"},{"@type":"ImageObject","@id":"https:\/\/lava-framework.com\/hr\/#primaryimage","inLanguage":"hr","url":"https:\/\/lava-framework.com\/wp-content\/uploads\/2022\/08\/casual-hookup-sites.jpeg","contentUrl":"https:\/\/lava-framework.com\/wp-content\/uploads\/2022\/08\/casual-hookup-sites.jpeg","width":1125,"height":750},{"@type":"WebPage","@id":"https:\/\/lava-framework.com\/hr\/#webpage","url":"https:\/\/lava-framework.com\/hr\/","name":"Va\u0161 okvir za upoznavanje: Kako zapo\u010deti? - Framework Dating","isPartOf":{"@id":"https:\/\/lava-framework.com\/fi\/#website"},"primaryImageOfPage":{"@id":"https:\/\/lava-framework.com\/hr\/#primaryimage"},"datePublished":"2022-08-18T14:02:55+00:00","dateModified":"2022-09-08T18:52:37+00:00","breadcrumb":{"@id":"https:\/\/lava-framework.com\/hr\/#breadcrumb"},"inLanguage":"hr","potentialAction":[{"@type":"ReadAction","target":["https:\/\/lava-framework.com\/hr\/"]}]},{"@type":"BreadcrumbList","@id":"https:\/\/lava-framework.com\/hr\/#breadcrumb","itemListElement":[{"@type":"ListItem","position":1,"name":"Home","item":"https:\/\/lava-framework.com\/hr\/"},{"@type":"ListItem","position":2,"name":"Va\u0161 okvir za upoznavanje: Kako zapo\u010deti?"}]}]}},"_links":{"self":[{"href":"https:\/\/lava-framework.com\/hr\/wp-json\/wp\/v2\/pages\/362"}],"collection":[{"href":"https:\/\/lava-framework.com\/hr\/wp-json\/wp\/v2\/pages"}],"about":[{"href":"https:\/\/lava-framework.com\/hr\/wp-json\/wp\/v2\/types\/page"}],"author":[{"embeddable":true,"href":"https:\/\/lava-framework.com\/hr\/wp-json\/wp\/v2\/users\/1"}],"replies":[{"embeddable":true,"href":"https:\/\/lava-framework.com\/hr\/wp-json\/wp\/v2\/comments?post=362"}],"version-history":[{"count":1,"href":"https:\/\/lava-framework.com\/hr\/wp-json\/wp\/v2\/pages\/362\/revisions"}],"predecessor-version":[{"id":434,"href":"https:\/\/lava-framework.com\/hr\/wp-json\/wp\/v2\/pages\/362\/revisions\/434"}],"wp:featuredmedia":[{"embeddable":true,"href":"https:\/\/lava-framework.com\/hr\/wp-json\/wp\/v2\/media\/87"}],"wp:attachment":[{"href":"https:\/\/lava-framework.com\/hr\/wp-json\/wp\/v2\/media?parent=362"}],"curies":[{"name":"wp","href":"https:\/\/api.w.org\/{rel}","templated":true}]}}