{"id":335,"date":"2022-08-18T15:14:44","date_gmt":"2022-08-18T14:14:44","guid":{"rendered":"http:\/\/lava-framework.com\/online-milf-platforme-za-upoznavanje\/"},"modified":"2022-08-18T15:14:44","modified_gmt":"2022-08-18T14:14:44","slug":"online-milf-platforme-za-upoznavanje","status":"publish","type":"page","link":"https:\/\/lava-framework.com\/hr\/online-milf-platforme-za-upoznavanje\/","title":{"rendered":"Online MILF platforme za upoznavanje"},"content":{"rendered":"<p>Milf web stranice za upoznavanje postaju sve popularnije me\u0111u ljudima koji tra\u017ee ljubav na mre\u017ei. Mnogo je razloga za\u0161to su milfs tako atraktivni. Za po\u010detak, \u017eene starije od 40 godina prozvane su &#8220;pumama&#8221;, a \u010desto su poznate po tome \u0161to su mnogo seksi od mla\u0111ih \u017eena. Tako\u0111er imaju iskustvo, zrelost i mudrost koja mladima nedostaje. Osim toga, ve\u0107ina starijih \u017eena jo\u0161 uvijek \u017eeli prona\u0107i vezu, dok mla\u0111e \u017eene obi\u010dno samo tra\u017ee povremene veze.<\/p>\n<h2>Na\u0161i najbolji odabiri<\/h2>\n<p>Broj milf aplikacija za upoznavanje eksplodirao je u posljednjih nekoliko godina, a sada postoje tisu\u0107e milf dating web stranica na kojima mo\u017eete upoznati lokalne \u017eene zainteresirane za upoznavanje mu\u0161karaca poput vas. Ove web stranice za upoznavanje omogu\u0107uju vam pregledavanje profila na temelju lokacije, dobi, interesa, pa \u010dak i tipa tijela. Ako \u017eelite zapo\u010deti ozbiljnu vezu, vjerojatno \u0107ete htjeti koristiti web mjesto za upoznavanje koje posebno zadovoljava bra\u010dne parove.<\/p>\n<h3>CougarLife<\/h3>\n<p>CougarLife je izvorna stranica za upoznavanje Milf, osnovana 2007. godine. Iako to vi\u0161e nije najve\u0107a web lokacija za upoznavanje Milf, mo\u017ee se pohvaliti ogromnom bazom podataka aktivnih \u010dlanova. Pume su i ovdje dobrodo\u0161le, a stranica vam omogu\u0107uje filtriranje utakmica prema kriterijima kao \u0161to su dob, udaljenost, visina, te\u017eina, etni\u010dka pripadnost, religija, razina obrazovanja, zanimanje i bra\u010dni status.<\/p>\n<h3>Zrele \u017eene<\/h3>\n<p>Zrele \u017eene u potrazi za mu\u0161karcima jo\u0161 je jedna izvrsna opcija za one koji tra\u017ee starije \u017eene. Ova se stranica usredoto\u010duje na povezivanje starijih \u017eena s mla\u0111im mu\u0161karcima, a mo\u017ee se pohvaliti velikom bazom \u010dlanova oboje. \u010clanovi mogu pregledavati me\u0111usobne fotografije i \u010ditati o me\u0111usobnim \u017eivotima, hobijima i interesima. Osim tra\u017eenja nekog posebnog, mo\u017eete postaviti i upozorenja koja \u0107e vas obavijestiti o novoj aktivnosti na web mjestu.<\/p>\n<h3>Zreli spojevi<\/h3>\n<p>Aplikacije za upoznavanje puma poput Mature Dating postaju sve popularnije me\u0111u starijim \u017eenama koje tra\u017ee mla\u0111e mu\u0161karce. Zapravo, postoje \u010dak i neke starije \u017eene koje su spremne platiti za seks s mla\u0111im mu\u0161karcima. To je zato \u0161to vi\u0161e ne \u017eele biti sami. Dovoljno su stari da znaju \u0161to \u017eele, ali dovoljno mladi da jo\u0161 uvijek u\u017eivaju u \u017eivotu.<\/p>\n<p>Mature Dating je jedna takva aplikacija u kojoj mo\u017eete upoznati pume, \u0161e\u0107erne mame i milfice. Te su \u017eene obi\u010dno slobodne i tra\u017ee mu\u0161karce. A budu\u0107i da su ve\u0107 navr\u0161ili srednju dob, vi\u0161e ih nije briga koliko novca zara\u0111uje. Sve \u0161to \u017eele je dru\u017eenje i ljubav.<\/p>\n<h3>Cougar Dating<\/h3>\n<p>Cougar Dating jedna je od najboljih web lokacija za upoznavanje puma. Ova stranica nudi neke stvarno zanimljive zna\u010dajke, kao \u0161to su chat u\u017eivo, videopozivi i jo\u0161 mnogo toga. Ako tra\u017eite ozbiljnu vezu, ovo bi moglo biti mjesto za vas.<\/p>\n<p>Ova <a href=\"http:\/\/lava-framework.com\/hr\/ashley-madison-ili-adultfriendfinder-aff\/\">aplikacija za upoznavanje<\/a> dizajnirana je posebno za osobe starije od 40 godina. Oni to\u010dno razumiju \u0161to starije \u017eene tra\u017ee kod mu\u0161karca i pru\u017eaju te stvari na ovoj aplikaciji za upoznavanje. Zapravo, ve\u0107ina \u010dlanova ove aplikacije za upoznavanje ve\u0107 je u braku, ali i dalje koriste ovu aplikaciju jer u\u017eivaju biti samci. Dakle, ako ste zainteresirani za upoznavanje starijih \u017eena, pogledajte ovu aplikaciju za upoznavanje.<\/p>\n<h2>Za\u0161to starije \u017eene tra\u017ee mla\u0111e de\u010dke<\/h2>\n<p>Mnogo je razloga za\u0161to se starije \u017eene vole dru\u017eiti s mla\u0111im de\u010dkima. Evo nekoliko razloga za\u0161to starije \u017eene \u017eele izlaziti s mla\u0111im mu\u0161karcima.<\/p>\n<h3>Mla\u0111i mu\u0161karci imaju vi\u0161e energije<\/h3>\n<p>Mla\u0111i ljudi su obi\u010dno energi\u010dniji i aktivniji od starijih ljudi. To im olak\u0161ava upoznavanje novih ljudi i sklapanje prijateljstava. Stariji ljudi imaju tendenciju da se osje\u0107aju umorno i lijeno jer provode previ\u0161e vremena sami.<\/p>\n<h3>Mladi ljudi manje osu\u0111uju<\/h3>\n<p>Stariji ljudi \u010desto imaju puno iskustva u \u017eivotu. Me\u0111utim, oni jo\u0161 uvijek vjeruju da ne\u0161to nije u redu u izla\u017eenju s nekim tko je mla\u0111i od njih. Naprotiv, mla\u0111e ljude nije briga \u0161to drugi misle o njima.<\/p>\n<h3>Mla\u0111i ljudi mogu biti bolji roditelji<\/h3>\n<p>Mnogi stariji ljudi ne znaju kako se dobro brinuti o djeci. Nasuprot tome, mla\u0111i ljudi su bolji roditelji. Oni razumiju kako pravilno odgajati djecu i dati im sve \u0161to im je potrebno.<\/p>\n","protected":false},"excerpt":{"rendered":"<p>Milf web stranice za upoznavanje postaju sve popularnije me\u0111u ljudima koji tra\u017ee ljubav na mre\u017ei. Mnogo je razloga za\u0161to su milfs tako atraktivni. Za po\u010detak, \u017eene starije od 40 godina prozvane su &#8220;pumama&#8221;, a \u010desto su poznate po tome \u0161to su mnogo seksi od mla\u0111ih \u017eena. Tako\u0111er imaju iskustvo, zrelost i mudrost koja mladima nedostaje. [&hellip;]<\/p>\n","protected":false},"author":1,"featured_media":102,"parent":0,"menu_order":0,"comment_status":"closed","ping_status":"closed","template":"","meta":[],"yoast_head":"<!-- This site is optimized with the Yoast SEO plugin v17.7.1 - https:\/\/yoast.com\/wordpress\/plugins\/seo\/ -->\n<title>Online MILF platforme za upoznavanje - Framework Dating<\/title>\n<meta name=\"robots\" content=\"index, follow, max-snippet:-1, max-image-preview:large, max-video-preview:-1\" \/>\n<link rel=\"canonical\" href=\"https:\/\/lava-framework.com\/hr\/online-milf-platforme-za-upoznavanje\/\" \/>\n<meta property=\"og:locale\" content=\"hr_HR\" \/>\n<meta property=\"og:type\" content=\"article\" \/>\n<meta property=\"og:title\" content=\"Online MILF platforme za upoznavanje - Framework Dating\" \/>\n<meta property=\"og:description\" content=\"Milf web stranice za upoznavanje postaju sve popularnije me\u0111u ljudima koji tra\u017ee ljubav na mre\u017ei. Mnogo je razloga za\u0161to su milfs tako atraktivni. Za po\u010detak, \u017eene starije od 40 godina prozvane su &#8220;pumama&#8221;, a \u010desto su poznate po tome \u0161to su mnogo seksi od mla\u0111ih \u017eena. Tako\u0111er imaju iskustvo, zrelost i mudrost koja mladima nedostaje. [&hellip;]\" \/>\n<meta property=\"og:url\" content=\"https:\/\/lava-framework.com\/hr\/online-milf-platforme-za-upoznavanje\/\" \/>\n<meta property=\"og:site_name\" content=\"Framework Dating\" \/>\n<meta name=\"twitter:card\" content=\"summary_large_image\" \/>\n<meta name=\"twitter:image\" content=\"https:\/\/lava-framework.com\/wp-content\/uploads\/2022\/08\/milf-dating.webp\" \/>\n<meta name=\"twitter:label1\" content=\"Procijenjeno vrijeme \u010ditanja\" \/>\n\t<meta name=\"twitter:data1\" content=\"4 minute\" \/>\n<script type=\"application\/ld+json\" class=\"yoast-schema-graph\">{\"@context\":\"https:\/\/schema.org\",\"@graph\":[{\"@type\":\"WebSite\",\"@id\":\"https:\/\/lava-framework.com\/fi\/#website\",\"url\":\"https:\/\/lava-framework.com\/fi\/\",\"name\":\"Framework Dating\",\"description\":\"Online Casual Hookups\",\"potentialAction\":[{\"@type\":\"SearchAction\",\"target\":{\"@type\":\"EntryPoint\",\"urlTemplate\":\"https:\/\/lava-framework.com\/fi\/?s={search_term_string}\"},\"query-input\":\"required name=search_term_string\"}],\"inLanguage\":\"hr\"},{\"@type\":\"ImageObject\",\"@id\":\"https:\/\/lava-framework.com\/hr\/online-milf-platforme-za-upoznavanje\/#primaryimage\",\"inLanguage\":\"hr\",\"url\":\"https:\/\/lava-framework.com\/wp-content\/uploads\/2022\/08\/milf-dating.webp\",\"contentUrl\":\"https:\/\/lava-framework.com\/wp-content\/uploads\/2022\/08\/milf-dating.webp\",\"width\":1124,\"height\":750},{\"@type\":\"WebPage\",\"@id\":\"https:\/\/lava-framework.com\/hr\/online-milf-platforme-za-upoznavanje\/#webpage\",\"url\":\"https:\/\/lava-framework.com\/hr\/online-milf-platforme-za-upoznavanje\/\",\"name\":\"Online MILF platforme za upoznavanje - Framework Dating\",\"isPartOf\":{\"@id\":\"https:\/\/lava-framework.com\/fi\/#website\"},\"primaryImageOfPage\":{\"@id\":\"https:\/\/lava-framework.com\/hr\/online-milf-platforme-za-upoznavanje\/#primaryimage\"},\"datePublished\":\"2022-08-18T14:14:44+00:00\",\"dateModified\":\"2022-08-18T14:14:44+00:00\",\"breadcrumb\":{\"@id\":\"https:\/\/lava-framework.com\/hr\/online-milf-platforme-za-upoznavanje\/#breadcrumb\"},\"inLanguage\":\"hr\",\"potentialAction\":[{\"@type\":\"ReadAction\",\"target\":[\"https:\/\/lava-framework.com\/hr\/online-milf-platforme-za-upoznavanje\/\"]}]},{\"@type\":\"BreadcrumbList\",\"@id\":\"https:\/\/lava-framework.com\/hr\/online-milf-platforme-za-upoznavanje\/#breadcrumb\",\"itemListElement\":[{\"@type\":\"ListItem\",\"position\":1,\"name\":\"Home\",\"item\":\"https:\/\/lava-framework.com\/hr\/\"},{\"@type\":\"ListItem\",\"position\":2,\"name\":\"Online MILF platforme za upoznavanje\"}]}]}<\/script>\n<!-- \/ Yoast SEO plugin. -->","yoast_head_json":{"title":"Online MILF platforme za upoznavanje - Framework Dating","robots":{"index":"index","follow":"follow","max-snippet":"max-snippet:-1","max-image-preview":"max-image-preview:large","max-video-preview":"max-video-preview:-1"},"canonical":"https:\/\/lava-framework.com\/hr\/online-milf-platforme-za-upoznavanje\/","og_locale":"hr_HR","og_type":"article","og_title":"Online MILF platforme za upoznavanje - Framework Dating","og_description":"Milf web stranice za upoznavanje postaju sve popularnije me\u0111u ljudima koji tra\u017ee ljubav na mre\u017ei. Mnogo je razloga za\u0161to su milfs tako atraktivni. Za po\u010detak, \u017eene starije od 40 godina prozvane su &#8220;pumama&#8221;, a \u010desto su poznate po tome \u0161to su mnogo seksi od mla\u0111ih \u017eena. Tako\u0111er imaju iskustvo, zrelost i mudrost koja mladima nedostaje. [&hellip;]","og_url":"https:\/\/lava-framework.com\/hr\/online-milf-platforme-za-upoznavanje\/","og_site_name":"Framework Dating","twitter_card":"summary_large_image","twitter_image":"https:\/\/lava-framework.com\/wp-content\/uploads\/2022\/08\/milf-dating.webp","twitter_misc":{"Procijenjeno vrijeme \u010ditanja":"4 minute"},"schema":{"@context":"https:\/\/schema.org","@graph":[{"@type":"WebSite","@id":"https:\/\/lava-framework.com\/fi\/#website","url":"https:\/\/lava-framework.com\/fi\/","name":"Framework Dating","description":"Online Casual Hookups","potentialAction":[{"@type":"SearchAction","target":{"@type":"EntryPoint","urlTemplate":"https:\/\/lava-framework.com\/fi\/?s={search_term_string}"},"query-input":"required name=search_term_string"}],"inLanguage":"hr"},{"@type":"ImageObject","@id":"https:\/\/lava-framework.com\/hr\/online-milf-platforme-za-upoznavanje\/#primaryimage","inLanguage":"hr","url":"https:\/\/lava-framework.com\/wp-content\/uploads\/2022\/08\/milf-dating.webp","contentUrl":"https:\/\/lava-framework.com\/wp-content\/uploads\/2022\/08\/milf-dating.webp","width":1124,"height":750},{"@type":"WebPage","@id":"https:\/\/lava-framework.com\/hr\/online-milf-platforme-za-upoznavanje\/#webpage","url":"https:\/\/lava-framework.com\/hr\/online-milf-platforme-za-upoznavanje\/","name":"Online MILF platforme za upoznavanje - Framework Dating","isPartOf":{"@id":"https:\/\/lava-framework.com\/fi\/#website"},"primaryImageOfPage":{"@id":"https:\/\/lava-framework.com\/hr\/online-milf-platforme-za-upoznavanje\/#primaryimage"},"datePublished":"2022-08-18T14:14:44+00:00","dateModified":"2022-08-18T14:14:44+00:00","breadcrumb":{"@id":"https:\/\/lava-framework.com\/hr\/online-milf-platforme-za-upoznavanje\/#breadcrumb"},"inLanguage":"hr","potentialAction":[{"@type":"ReadAction","target":["https:\/\/lava-framework.com\/hr\/online-milf-platforme-za-upoznavanje\/"]}]},{"@type":"BreadcrumbList","@id":"https:\/\/lava-framework.com\/hr\/online-milf-platforme-za-upoznavanje\/#breadcrumb","itemListElement":[{"@type":"ListItem","position":1,"name":"Home","item":"https:\/\/lava-framework.com\/hr\/"},{"@type":"ListItem","position":2,"name":"Online MILF platforme za upoznavanje"}]}]}},"_links":{"self":[{"href":"https:\/\/lava-framework.com\/hr\/wp-json\/wp\/v2\/pages\/335"}],"collection":[{"href":"https:\/\/lava-framework.com\/hr\/wp-json\/wp\/v2\/pages"}],"about":[{"href":"https:\/\/lava-framework.com\/hr\/wp-json\/wp\/v2\/types\/page"}],"author":[{"embeddable":true,"href":"https:\/\/lava-framework.com\/hr\/wp-json\/wp\/v2\/users\/1"}],"replies":[{"embeddable":true,"href":"https:\/\/lava-framework.com\/hr\/wp-json\/wp\/v2\/comments?post=335"}],"version-history":[{"count":0,"href":"https:\/\/lava-framework.com\/hr\/wp-json\/wp\/v2\/pages\/335\/revisions"}],"wp:featuredmedia":[{"embeddable":true,"href":"https:\/\/lava-framework.com\/hr\/wp-json\/wp\/v2\/media\/102"}],"wp:attachment":[{"href":"https:\/\/lava-framework.com\/hr\/wp-json\/wp\/v2\/media?parent=335"}],"curies":[{"name":"wp","href":"https:\/\/api.w.org\/{rel}","templated":true}]}}