{"id":364,"date":"2022-08-18T15:02:55","date_gmt":"2022-08-18T14:02:55","guid":{"rendered":"http:\/\/lava-framework.com\/votre-cadre-de-rencontre-comment-commencer\/"},"modified":"2022-09-08T17:09:09","modified_gmt":"2022-09-08T16:09:09","slug":"votre-cadre-de-rencontre-comment-commencer","status":"publish","type":"page","link":"https:\/\/lava-framework.com\/fr\/","title":{"rendered":"Votre cadre de rencontre : Comment commencer ?"},"content":{"rendered":"<p>Le secteur des rencontres pour adultes \u00e9volue rapidement. Si certains sites sont encore ax\u00e9s sur le march\u00e9 grand public, d&rsquo;autres s&rsquo;adressent \u00e0 des groupes de niche tels que les lesbiennes, les bisexuels, les transsexuels et les personnes \u00e0 la recherche de relations ouvertes.<\/p>\n<p>La technologie ne cessant de progresser, la fa\u00e7on dont les gens sortent ensemble a radicalement chang\u00e9 au cours des derni\u00e8res d\u00e9cennies. Depuis l&rsquo;essor des sites de rencontres en ligne comme Match.com et OkCupid jusqu&rsquo;\u00e0 la prolif\u00e9ration des smartphones, il existe d\u00e9sormais d&rsquo;innombrables moyens de rencontrer quelqu&rsquo;un de sp\u00e9cial.<\/p>\n<h2>Quelles applications utiliser pour commencer ?<\/h2>\n<p>Si certaines personnes pr\u00e9f\u00e8rent encore les rencontres en face \u00e0 face, d&rsquo;autres sont parfaitement heureuses de passer le plus clair de leur temps \u00e0 discuter avec leurs futurs partenaires par textos, chats vid\u00e9o et applications de messagerie.<\/p>\n<p>Mais qu&rsquo;en est-il de ceux d&rsquo;entre nous qui veulent plus qu&rsquo;une simple rencontre occasionnelle ? Nous avons des besoins, des d\u00e9sirs et des envies diff\u00e9rents, et nous utilisons nos t\u00e9l\u00e9phones diff\u00e9remment en fonction de l&rsquo;image que nous avons de nous-m\u00eames et de nos relations.<\/p>\n<h3>Gond<\/h3>\n<p>Hinge est un r\u00e9seau social qui se concentre sur les connexions <a href=\"https:\/\/www.free-adult-cams.com\/fr\/cameras-free-feet\/\">feet cams<\/a> significatives plut\u00f4t que sur les rencontres. Son nom vient du mot charni\u00e8re, qui fait r\u00e9f\u00e9rence \u00e0 l&rsquo;importance des relations dans la vie.<\/p>\n<p>L&rsquo;application permet aux utilisateurs d&rsquo;entrer en contact avec d&rsquo;autres personnes en fonction de leurs int\u00e9r\u00eats et passions communs. Vous pouvez consulter des profils, envoyer des messages et planifier des rencontres. Contrairement \u00e0 de nombreuses autres applications de rencontre, Hinge ne demande pas votre num\u00e9ro de t\u00e9l\u00e9phone ou votre adresse \u00e9lectronique. Au lieu de cela, vous utilisez Facebook pour vous inscrire.<\/p>\n<p>Vous pouvez \u00e9galement ajouter des amis via Facebook Messenger, WhatsApp ou Instagram Direct. Une fois que vous \u00eates connect\u00e9 \u00e0 Hinge, vous pouvez voir les activit\u00e9s des autres membres, notamment les correspondances r\u00e9centes, les commentaires et les photos. Chaque jour, vous pouvez vous connecter pour voir ce qui se passe autour de vous. Par exemple, vous pourriez voir quelqu&rsquo;un d&rsquo;autre s&rsquo;enregistrer pr\u00e8s de votre position. Ou peut-\u00eatre qu&rsquo;il y a une recommandation pour un restaurant ou un caf\u00e9 \u00e0 proximit\u00e9. Lorsque vous trouvez quelque chose d&rsquo;int\u00e9ressant, appuyez sur le bouton pour le \u00ab\u00a0liker\u00a0\u00bb. Cela permet \u00e0 tout le monde de savoir que vous \u00eates int\u00e9ress\u00e9 par le sujet. Si vous souhaitez discuter de ce sujet, vous pouvez le faire en appuyant sur le bouton situ\u00e9 \u00e0 c\u00f4t\u00e9 de l&rsquo;\u00e9l\u00e9ment.<\/p>\n<h3>Allumette<\/h3>\n<p>Match.com est l&rsquo;un des sites de rencontre les plus populaires au monde, avec plus de 20 millions de membres actifs dans le monde. En 2016, elle a r\u00e9alis\u00e9 un chiffre d&rsquo;affaires d&rsquo;un milliard de dollars. Son application est disponible en t\u00e9l\u00e9chargement gratuit sur les appareils Android et iOS.<\/p>\n<p>Les utilisateurs gratuits peuvent cr\u00e9er des profils personnels en ligne, t\u00e9l\u00e9charger quelques photos d&rsquo;eux-m\u00eames, puis s&rsquo;adonner \u00e0 la drague en ligne par le biais de \u00ab\u00a0clins d&rsquo;\u0153il\u00a0\u00bb, et recevoir quotidiennement de nouvelles correspondances. Ils peuvent \u00e9galement consulter les profils et aimer les photos des autres. Des fonctions plus compl\u00e8tes, telles que la possibilit\u00e9 de voir qui a consult\u00e9 votre profil et aim\u00e9 vos photos, peuvent \u00eatre d\u00e9bloqu\u00e9es moyennant le paiement d&rsquo;un abonnement mensuel. Vous pouvez m\u00eame payer un suppl\u00e9ment pour que des coachs de rencontre en temps r\u00e9el vous correspondent. La toute nouvelle fonction du site, appel\u00e9e Vibe Check, vous permet de profiter de sessions de chat vid\u00e9o avec vos correspondants, tandis qu&rsquo;une autre nouvelle fonction vous permet de payer une petite somme pour que Match vous trouve des rendez-vous \u00e0 votre place.<\/p>\n<h3>Aff<\/h3>\n<p>Adult Friend Finder est l&rsquo;un des plus anciens sites de rencontre en ligne. Lanc\u00e9 en 1995, il existe depuis <a href=\"https:\/\/www.fuck-buddies.net\/fr\/jeux-porno-gratuits-sans-inscription-ni-inscription\/\">jeu hentai sans inscription<\/a> le d\u00e9but du boom de l&rsquo;internet. Ils sont toujours en pleine croissance aujourd&rsquo;hui, avec plus de 80 millions de membres enregistr\u00e9s. Ce site s&rsquo;adresse aux personnes \u00e0 la recherche de rencontres, de sexe occasionnel, de relations discr\u00e8tes et m\u00eame de mariage. Si vous aimez l&rsquo;\u00e9changisme, le sexe en groupe, les trios ou si vous voulez simplement vous amuser, AF est fait pour vous. Vous pouvez utiliser le site de n&rsquo;importe o\u00f9 dans le monde, gr\u00e2ce aux applications mobiles.<\/p>\n<h3>Ashley Madison<\/h3>\n<p>Il existe de nombreux sites de rencontres destin\u00e9s aux personnes \u00e0 la recherche de sexe occasionnel, mais peu d&rsquo;entre eux offrent une telle vari\u00e9t\u00e9 de fonctionnalit\u00e9s et d&rsquo;options. Si certains sites se concentrent sur la mise en relation avec des c\u00e9libataires locaux, d&rsquo;autres vous permettent d&rsquo;entrer en contact avec des milliers de membres dans le monde entier. Si vous voulez trouver quelqu&rsquo;un avec qui sortir, ne cherchez pas plus loin que AshleyMadison.com. Ce site offre tout ce dont vous pourriez avoir besoin pour y parvenir, y compris des salons de chat en ligne gratuits, une messagerie instantan\u00e9e, un chat vid\u00e9o, des flux de webcam en direct, des e-mails, des textes, des applications mobiles et m\u00eame l&rsquo;int\u00e9gration de m\u00e9dias sociaux. Avec plus de 30 millions de profils actifs, il y a forc\u00e9ment quelqu&rsquo;un \u00e0 proximit\u00e9 qui veut se retrouver pour un petit coup rapide.<\/p>\n<p>Si vous souhaitez trouver l&rsquo;amour, vous n&rsquo;avez rien \u00e0 payer pour rejoindre AshleyMadison. Toutefois, si vous d\u00e9cidez de passer \u00e0 l&rsquo;un des plans d&rsquo;adh\u00e9sion payants, vous b\u00e9n\u00e9ficierez d&rsquo;un acc\u00e8s \u00e0 des fonctionnalit\u00e9s suppl\u00e9mentaires, telles que des e-mails illimit\u00e9s, des outils de communication am\u00e9lior\u00e9s et une assistance client prioritaire.<\/p>\n<h3>ALT.com<\/h3>\n<p>Alt.com est un site de rencontres pour les personnes perverses qui recherchent un peu plus de piment dans leur vie sexuelle. Ce site de rencontres de niche s&rsquo;adresse sp\u00e9cifiquement aux adeptes du bondage, de la domination, de la soumission, du sadisme et du masochisme (BDSM). Si vous souhaitez explorer le monde du BDSM, il n&rsquo;y a pas de meilleur endroit pour commencer qu&rsquo;ici.<\/p>\n<p>Le site propose un essai gratuit, ce qui vous permet de voir ce qu&rsquo;il a \u00e0 offrir sans d\u00e9penser un centime. Vous pouvez vous inscrire pour un mois, trois mois ou douze mois, en fonction de la dur\u00e9e de votre utilisation du site. Apr\u00e8s votre inscription, vous recevrez un courriel de bienvenue contenant des instructions sur la mani\u00e8re de vous connecter. Une fois connect\u00e9, vous pouvez parcourir les profils et envoyer des messages \u00e0 des partenaires potentiels. Il existe \u00e9galement un syst\u00e8me de messagerie qui vous permet de discuter avec des partenaires potentiels.<\/p>\n<h2>Et si vous voulez juste vous amuser ?<\/h2>\n<p>Beaucoup de gens utilisent les applications de rencontre parce qu&rsquo;ils veulent rencontrer quelqu&rsquo;un de nouveau. Mais qu&rsquo;en est-il des personnes qui souhaitent simplement avoir des relations sexuelles sans avoir \u00e0 passer des heures \u00e0 se conna\u00eetre ? Il existe des tonnes de fa\u00e7ons diff\u00e9rentes de le faire, et la plupart d&rsquo;entre elles n&rsquo;impliquent pas de d\u00e9penser de l&rsquo;argent pour une cotisation. Voici cinq des meilleures applications de rencontres gratuites pour faire des rencontres occasionnelles.<\/p>\n<h2>Nos 3 meilleurs conseils pour trouver l&rsquo;amour avec des applications<\/h2>\n<h3>Vous pouvez trouver quelqu&rsquo;un qui correspond \u00e0 votre personnalit\u00e9.<\/h3>\n<p>Lorsque vous vous inscrivez sur Match, vous commencez par r\u00e9pondre \u00e0 un questionnaire sur vos traits de personnalit\u00e9. \u00c0 partir de l\u00e0, vous serez jumel\u00e9 en fonction de vos int\u00e9r\u00eats, de vos valeurs, de votre style de vie, de votre \u00e9ducation, de votre carri\u00e8re, de votre religion, de votre politique, etc. Ainsi, m\u00eame si vous pensez que vous ne faites que parcourir des profils, il y a de fortes chances que vous soyez en fait mis en relation avec des personnes qui partagent les m\u00eames centres d&rsquo;int\u00e9r\u00eat que vous.<\/p>\n<h3>Il y a aussi beaucoup de correspondances locales<\/h3>\n<p>Tout le monde n&rsquo;a pas envie de sortir au-del\u00e0 des fronti\u00e8res de l&rsquo;\u00c9tat, mais il y a toujours de nombreuses correspondances locales \u00e0 trouver. Lorsque vous vous inscrivez \u00e0 Match dans certaines villes, des personnes se trouvant \u00e0 proximit\u00e9 vous sont automatiquement pr\u00e9sent\u00e9es. Si vous souhaitez r\u00e9duire le nombre de lieux de rencontre, vous pouvez d\u00e9finir des filtres tels que la distance, le sexe, l&rsquo;origine ethnique, etc.<\/p>\n<h3>Vous pouvez voir qui consulte votre profil.<\/h3>\n<p>En tant que membre payant, vous pourrez consulter l&rsquo;historique des activit\u00e9s de toute personne ayant consult\u00e9 votre profil. Il s&rsquo;agit notamment de savoir s&rsquo;ils ont aim\u00e9 ou non votre photo, lu votre biographie ou laiss\u00e9 des commentaires. Et comme vous pouvez voir qui a consult\u00e9 votre profil, vous pouvez vous assurer que vous souhaitez continuer \u00e0 le montrer \u00e0 des partenaires potentiels.<\/p>\n","protected":false},"excerpt":{"rendered":"<p>Le secteur des rencontres pour adultes \u00e9volue rapidement. Si certains sites sont encore ax\u00e9s sur le march\u00e9 grand public, d&rsquo;autres s&rsquo;adressent \u00e0 des groupes de niche tels que les lesbiennes, les bisexuels, les transsexuels et les personnes \u00e0 la recherche de relations ouvertes. La technologie ne cessant de progresser, la fa\u00e7on dont les gens sortent [&hellip;]<\/p>\n","protected":false},"author":1,"featured_media":92,"parent":0,"menu_order":0,"comment_status":"closed","ping_status":"closed","template":"","meta":[],"yoast_head":"<!-- This site is optimized with the Yoast SEO plugin v17.7.1 - https:\/\/yoast.com\/wordpress\/plugins\/seo\/ -->\n<title>Votre cadre de rencontre : Comment commencer ? - Framework Dating<\/title>\n<meta name=\"robots\" content=\"index, follow, max-snippet:-1, max-image-preview:large, max-video-preview:-1\" \/>\n<link rel=\"canonical\" href=\"https:\/\/lava-framework.com\/fr\/\" \/>\n<meta property=\"og:locale\" content=\"fr_FR\" \/>\n<meta property=\"og:type\" content=\"article\" \/>\n<meta property=\"og:title\" content=\"Votre cadre de rencontre : Comment commencer ? - Framework Dating\" \/>\n<meta property=\"og:description\" content=\"Le secteur des rencontres pour adultes \u00e9volue rapidement. Si certains sites sont encore ax\u00e9s sur le march\u00e9 grand public, d&rsquo;autres s&rsquo;adressent \u00e0 des groupes de niche tels que les lesbiennes, les bisexuels, les transsexuels et les personnes \u00e0 la recherche de relations ouvertes. La technologie ne cessant de progresser, la fa\u00e7on dont les gens sortent [&hellip;]\" \/>\n<meta property=\"og:url\" content=\"https:\/\/lava-framework.com\/fr\/\" \/>\n<meta property=\"og:site_name\" content=\"Framework Dating\" \/>\n<meta property=\"article:modified_time\" content=\"2022-09-08T16:09:09+00:00\" \/>\n<meta property=\"og:image\" content=\"http:\/\/lava-framework.com\/wp-content\/uploads\/2022\/08\/casual-hookup-sites.jpeg\" \/>\n\t<meta property=\"og:image:width\" content=\"1125\" \/>\n\t<meta property=\"og:image:height\" content=\"750\" \/>\n<meta name=\"twitter:card\" content=\"summary_large_image\" \/>\n<meta name=\"twitter:label1\" content=\"Dur\u00e9e de lecture estim\u00e9e\" \/>\n\t<meta name=\"twitter:data1\" content=\"7 minutes\" \/>\n<script type=\"application\/ld+json\" class=\"yoast-schema-graph\">{\"@context\":\"https:\/\/schema.org\",\"@graph\":[{\"@type\":\"WebSite\",\"@id\":\"https:\/\/lava-framework.com\/fi\/#website\",\"url\":\"https:\/\/lava-framework.com\/fi\/\",\"name\":\"Framework Dating\",\"description\":\"Online Casual Hookups\",\"potentialAction\":[{\"@type\":\"SearchAction\",\"target\":{\"@type\":\"EntryPoint\",\"urlTemplate\":\"https:\/\/lava-framework.com\/fi\/?s={search_term_string}\"},\"query-input\":\"required name=search_term_string\"}],\"inLanguage\":\"fr-FR\"},{\"@type\":\"ImageObject\",\"@id\":\"https:\/\/lava-framework.com\/fr\/#primaryimage\",\"inLanguage\":\"fr-FR\",\"url\":\"https:\/\/lava-framework.com\/wp-content\/uploads\/2022\/08\/casual-hookup-sites.jpeg\",\"contentUrl\":\"https:\/\/lava-framework.com\/wp-content\/uploads\/2022\/08\/casual-hookup-sites.jpeg\",\"width\":1125,\"height\":750},{\"@type\":\"WebPage\",\"@id\":\"https:\/\/lava-framework.com\/fr\/#webpage\",\"url\":\"https:\/\/lava-framework.com\/fr\/\",\"name\":\"Votre cadre de rencontre : Comment commencer ? - Framework Dating\",\"isPartOf\":{\"@id\":\"https:\/\/lava-framework.com\/fi\/#website\"},\"primaryImageOfPage\":{\"@id\":\"https:\/\/lava-framework.com\/fr\/#primaryimage\"},\"datePublished\":\"2022-08-18T14:02:55+00:00\",\"dateModified\":\"2022-09-08T16:09:09+00:00\",\"breadcrumb\":{\"@id\":\"https:\/\/lava-framework.com\/fr\/#breadcrumb\"},\"inLanguage\":\"fr-FR\",\"potentialAction\":[{\"@type\":\"ReadAction\",\"target\":[\"https:\/\/lava-framework.com\/fr\/\"]}]},{\"@type\":\"BreadcrumbList\",\"@id\":\"https:\/\/lava-framework.com\/fr\/#breadcrumb\",\"itemListElement\":[{\"@type\":\"ListItem\",\"position\":1,\"name\":\"Home\",\"item\":\"http:\/\/lava-framework.com\/fr\/\"},{\"@type\":\"ListItem\",\"position\":2,\"name\":\"Votre cadre de rencontre : Comment commencer ?\"}]}]}<\/script>\n<!-- \/ Yoast SEO plugin. -->","yoast_head_json":{"title":"Votre cadre de rencontre : Comment commencer ? - Framework Dating","robots":{"index":"index","follow":"follow","max-snippet":"max-snippet:-1","max-image-preview":"max-image-preview:large","max-video-preview":"max-video-preview:-1"},"canonical":"https:\/\/lava-framework.com\/fr\/","og_locale":"fr_FR","og_type":"article","og_title":"Votre cadre de rencontre : Comment commencer ? - Framework Dating","og_description":"Le secteur des rencontres pour adultes \u00e9volue rapidement. Si certains sites sont encore ax\u00e9s sur le march\u00e9 grand public, d&rsquo;autres s&rsquo;adressent \u00e0 des groupes de niche tels que les lesbiennes, les bisexuels, les transsexuels et les personnes \u00e0 la recherche de relations ouvertes. La technologie ne cessant de progresser, la fa\u00e7on dont les gens sortent [&hellip;]","og_url":"https:\/\/lava-framework.com\/fr\/","og_site_name":"Framework Dating","article_modified_time":"2022-09-08T16:09:09+00:00","og_image":[{"width":1125,"height":750,"url":"http:\/\/lava-framework.com\/wp-content\/uploads\/2022\/08\/casual-hookup-sites.jpeg","type":"image\/jpeg"}],"twitter_card":"summary_large_image","twitter_misc":{"Dur\u00e9e de lecture estim\u00e9e":"7 minutes"},"schema":{"@context":"https:\/\/schema.org","@graph":[{"@type":"WebSite","@id":"https:\/\/lava-framework.com\/fi\/#website","url":"https:\/\/lava-framework.com\/fi\/","name":"Framework Dating","description":"Online Casual Hookups","potentialAction":[{"@type":"SearchAction","target":{"@type":"EntryPoint","urlTemplate":"https:\/\/lava-framework.com\/fi\/?s={search_term_string}"},"query-input":"required name=search_term_string"}],"inLanguage":"fr-FR"},{"@type":"ImageObject","@id":"https:\/\/lava-framework.com\/fr\/#primaryimage","inLanguage":"fr-FR","url":"https:\/\/lava-framework.com\/wp-content\/uploads\/2022\/08\/casual-hookup-sites.jpeg","contentUrl":"https:\/\/lava-framework.com\/wp-content\/uploads\/2022\/08\/casual-hookup-sites.jpeg","width":1125,"height":750},{"@type":"WebPage","@id":"https:\/\/lava-framework.com\/fr\/#webpage","url":"https:\/\/lava-framework.com\/fr\/","name":"Votre cadre de rencontre : Comment commencer ? - Framework Dating","isPartOf":{"@id":"https:\/\/lava-framework.com\/fi\/#website"},"primaryImageOfPage":{"@id":"https:\/\/lava-framework.com\/fr\/#primaryimage"},"datePublished":"2022-08-18T14:02:55+00:00","dateModified":"2022-09-08T16:09:09+00:00","breadcrumb":{"@id":"https:\/\/lava-framework.com\/fr\/#breadcrumb"},"inLanguage":"fr-FR","potentialAction":[{"@type":"ReadAction","target":["https:\/\/lava-framework.com\/fr\/"]}]},{"@type":"BreadcrumbList","@id":"https:\/\/lava-framework.com\/fr\/#breadcrumb","itemListElement":[{"@type":"ListItem","position":1,"name":"Home","item":"http:\/\/lava-framework.com\/fr\/"},{"@type":"ListItem","position":2,"name":"Votre cadre de rencontre : Comment commencer ?"}]}]}},"_links":{"self":[{"href":"https:\/\/lava-framework.com\/fr\/wp-json\/wp\/v2\/pages\/364"}],"collection":[{"href":"https:\/\/lava-framework.com\/fr\/wp-json\/wp\/v2\/pages"}],"about":[{"href":"https:\/\/lava-framework.com\/fr\/wp-json\/wp\/v2\/types\/page"}],"author":[{"embeddable":true,"href":"https:\/\/lava-framework.com\/fr\/wp-json\/wp\/v2\/users\/1"}],"replies":[{"embeddable":true,"href":"https:\/\/lava-framework.com\/fr\/wp-json\/wp\/v2\/comments?post=364"}],"version-history":[{"count":1,"href":"https:\/\/lava-framework.com\/fr\/wp-json\/wp\/v2\/pages\/364\/revisions"}],"predecessor-version":[{"id":416,"href":"https:\/\/lava-framework.com\/fr\/wp-json\/wp\/v2\/pages\/364\/revisions\/416"}],"wp:featuredmedia":[{"embeddable":true,"href":"https:\/\/lava-framework.com\/fr\/wp-json\/wp\/v2\/media\/92"}],"wp:attachment":[{"href":"https:\/\/lava-framework.com\/fr\/wp-json\/wp\/v2\/media?parent=364"}],"curies":[{"name":"wp","href":"https:\/\/api.w.org\/{rel}","templated":true}]}}