{"id":363,"date":"2022-08-18T15:14:44","date_gmt":"2022-08-18T14:14:44","guid":{"rendered":"http:\/\/lava-framework.com\/plateformes-de-rencontres-milf-en-ligne\/"},"modified":"2022-09-08T16:44:42","modified_gmt":"2022-09-08T15:44:42","slug":"plateformes-de-rencontres-milf-en-ligne","status":"publish","type":"page","link":"https:\/\/lava-framework.com\/fr\/plateformes-de-rencontres-milf-en-ligne\/","title":{"rendered":"Plateformes de rencontres MILF en ligne"},"content":{"rendered":"<p>Les sites de rencontres pour milf sont de plus en plus populaires parmi les personnes qui cherchent l&rsquo;amour en ligne. Il y a de nombreuses raisons pour lesquelles les milfs sont si attirantes. Pour commencer, les femmes de plus de 40 ans ont \u00e9t\u00e9 surnomm\u00e9es les \u00ab\u00a0cougars\u00a0\u00bb, et elles sont souvent connues pour \u00eatre beaucoup plus sexy que les jeunes femmes. Ils ont aussi l&rsquo;exp\u00e9rience, la maturit\u00e9 et la sagesse qui font d\u00e9faut aux jeunes. De plus, la plupart des femmes plus \u00e2g\u00e9es souhaitent toujours trouver une relation, alors que les jeunes femmes ne cherchent g\u00e9n\u00e9ralement que des rencontres occasionnelles.<\/p>\n<h2>Nos meilleurs choix<\/h2>\n<p>Le nombre d&rsquo;applications de rencontre pour milf a explos\u00e9 au cours des derni\u00e8res ann\u00e9es, et il existe maintenant des milliers de sites de rencontre pour milf o\u00f9 vous pouvez rencontrer des femmes locales int\u00e9ress\u00e9es par la rencontre d&rsquo;hommes comme vous. Ces sites de rencontre vous permettent de parcourir les profils en fonction <a href=\"https:\/\/www.fucksites.net\/fr\/milf-gratuit-pres-de-chez-moi\/\">MILF gratuit<\/a> du lieu, de l&rsquo;\u00e2ge, des int\u00e9r\u00eats et m\u00eame de la morphologie. Si vous cherchez \u00e0 entamer une relation s\u00e9rieuse, vous voudrez probablement utiliser un site de rencontres qui s&rsquo;adresse sp\u00e9cifiquement aux couples mari\u00e9s.<\/p>\n<h3>CougarLife<\/h3>\n<p>CougarLife est le premier site de rencontres pour milf, fond\u00e9 en 2007. Bien qu&rsquo;il ne s&rsquo;agisse plus du plus grand site de rencontres pour les femmes, il dispose d&rsquo;une \u00e9norme base de donn\u00e9es de membres actifs. Les cougars sont \u00e9galement les bienvenus ici, et le site vous permet de filtrer vos correspondances en fonction de crit\u00e8res tels que l&rsquo;\u00e2ge, la distance, la taille, le poids, l&rsquo;origine ethnique, la religion, le niveau d&rsquo;\u00e9ducation, la profession et le statut marital.<\/p>\n<h3>Femmes matures<\/h3>\n<p>Mature Women Looking for Men est une autre excellente option pour ceux qui recherchent des femmes plus \u00e2g\u00e9es. Ce site se concentre sur la mise en relation de femmes plus \u00e2g\u00e9es avec des hommes plus jeunes, et il peut se vanter d&rsquo;avoir un grand nombre de membres des deux sexes. Les membres peuvent voir les photos des autres membres et lire des informations sur la vie, les loisirs et les int\u00e9r\u00eats des autres membres. Outre la recherche d&rsquo;une personne sp\u00e9ciale, vous pouvez \u00e9galement configurer des alertes pour vous informer des nouvelles activit\u00e9s sur le site.<\/p>\n<h3>Rencontres matures<\/h3>\n<p>Les applications de rencontres pour cougars comme Mature Dating sont <a href=\"https:\/\/www.nsadating.net\/fr\/jeux-sexuels-gratuits-sur-ios\/\">sexe gratuit iPad<\/a> de plus en plus populaires parmi les femmes \u00e2g\u00e9es \u00e0 la recherche d&rsquo;hommes plus jeunes. En fait, il existe m\u00eame des femmes plus \u00e2g\u00e9es qui sont pr\u00eates \u00e0 payer pour avoir des relations sexuelles avec des hommes plus jeunes. C&rsquo;est parce qu&rsquo;ils ne veulent plus \u00eatre seuls. Ils sont assez vieux pour savoir ce qu&rsquo;ils veulent, mais assez jeunes pour profiter encore de la vie.<\/p>\n<p>Mature Dating est une de ces applications o\u00f9 vous pouvez rencontrer des cougars, des sugar moms et des milfs. Ces femmes sont g\u00e9n\u00e9ralement c\u00e9libataires et cherchent des hommes. Et comme ils ont d\u00e9j\u00e0 atteint l&rsquo;\u00e2ge m\u00fbr, ils ne se soucient plus de savoir combien d&rsquo;argent il gagne. Tout ce qu&rsquo;ils veulent, c&rsquo;est de la compagnie et de l&rsquo;amour.<\/p>\n<h3>Cougar Dating<\/h3>\n<p>Cougar Dating est l&rsquo;un des meilleurs sites de rencontres pour cougars. Ce site propose des fonctionnalit\u00e9s tr\u00e8s int\u00e9ressantes, telles que le chat en direct, les appels vid\u00e9o, et bien d&rsquo;autres encore. Si vous cherchez une relation s\u00e9rieuse, c&rsquo;est peut-\u00eatre l&rsquo;endroit id\u00e9al pour vous.<\/p>\n<p>Cette <a href=\"http:\/\/lava-framework.com\/fr\/ashley-madison-ou-adultfriendfinder-aff\/\">application de rencontre<\/a> est con\u00e7ue sp\u00e9cifiquement pour les personnes de plus de 40 ans. Ils comprennent exactement ce que les femmes plus \u00e2g\u00e9es recherchent chez un homme, et ils fournissent ces \u00e9l\u00e9ments sur cette application de rencontre. En fait, la plupart des membres de cette application de rencontre sont d\u00e9j\u00e0 mari\u00e9s, mais ils continuent d&rsquo;utiliser cette application parce qu&rsquo;ils aiment \u00eatre c\u00e9libataires. Donc, si vous souhaitez rencontrer des femmes plus \u00e2g\u00e9es, consultez cette application de rencontre.<\/p>\n<h2>Pourquoi les femmes plus \u00e2g\u00e9es recherchent des hommes plus jeunes<\/h2>\n<p>Il y a de nombreuses raisons pour lesquelles les femmes plus \u00e2g\u00e9es aiment sortir avec des hommes plus jeunes. Voici quelques-unes des raisons pour lesquelles les femmes plus \u00e2g\u00e9es veulent sortir avec des hommes plus jeunes.<\/p>\n<h3>Les hommes plus jeunes ont plus d&rsquo;\u00e9nergie<\/h3>\n<p>Les jeunes sont g\u00e9n\u00e9ralement plus \u00e9nergiques et actifs que <a href=\"http:\/\/www.bulletforcegame.com\/fr\/jeu-de-simulation-de-sexe\/\">jeux sexe simulation<\/a> les personnes \u00e2g\u00e9es. Il leur est ainsi plus facile de rencontrer de nouvelles personnes et de se faire des amis. Les personnes \u00e2g\u00e9es ont tendance \u00e0 se sentir fatigu\u00e9es et paresseuses parce qu&rsquo;elles passent trop de temps seules.<\/p>\n<h3>Les jeunes portent moins de jugements<\/h3>\n<p>Les personnes \u00e2g\u00e9es ont souvent beaucoup d&rsquo;exp\u00e9rience dans la vie. Cependant, ils continuent de penser qu&rsquo;il y a quelque chose de mal \u00e0 sortir avec une personne plus jeune qu&rsquo;eux. Au contraire, les jeunes ne se soucient pas de ce que les autres pensent d&rsquo;eux.<\/p>\n<h3>Les jeunes peuvent \u00eatre de meilleurs parents<\/h3>\n<p>De nombreuses personnes \u00e2g\u00e9es ne savent pas comment s&rsquo;occuper des enfants. En revanche, les personnes plus jeunes sont de meilleurs parents. Ils savent comment \u00e9lever correctement des enfants et leur donner tout ce dont ils ont besoin.<\/p>\n","protected":false},"excerpt":{"rendered":"<p>Les sites de rencontres pour milf sont de plus en plus populaires parmi les personnes qui cherchent l&rsquo;amour en ligne. Il y a de nombreuses raisons pour lesquelles les milfs sont si attirantes. Pour commencer, les femmes de plus de 40 ans ont \u00e9t\u00e9 surnomm\u00e9es les \u00ab\u00a0cougars\u00a0\u00bb, et elles sont souvent connues pour \u00eatre beaucoup [&hellip;]<\/p>\n","protected":false},"author":1,"featured_media":107,"parent":0,"menu_order":0,"comment_status":"closed","ping_status":"closed","template":"","meta":[],"yoast_head":"<!-- This site is optimized with the Yoast SEO plugin v17.7.1 - https:\/\/yoast.com\/wordpress\/plugins\/seo\/ -->\n<title>Plateformes de rencontres MILF en ligne - Framework Dating<\/title>\n<meta name=\"robots\" content=\"index, follow, max-snippet:-1, max-image-preview:large, max-video-preview:-1\" \/>\n<link rel=\"canonical\" href=\"https:\/\/lava-framework.com\/fr\/plateformes-de-rencontres-milf-en-ligne\/\" \/>\n<meta property=\"og:locale\" content=\"fr_FR\" \/>\n<meta property=\"og:type\" content=\"article\" \/>\n<meta property=\"og:title\" content=\"Plateformes de rencontres MILF en ligne - Framework Dating\" \/>\n<meta property=\"og:description\" content=\"Les sites de rencontres pour milf sont de plus en plus populaires parmi les personnes qui cherchent l&rsquo;amour en ligne. Il y a de nombreuses raisons pour lesquelles les milfs sont si attirantes. Pour commencer, les femmes de plus de 40 ans ont \u00e9t\u00e9 surnomm\u00e9es les \u00ab\u00a0cougars\u00a0\u00bb, et elles sont souvent connues pour \u00eatre beaucoup [&hellip;]\" \/>\n<meta property=\"og:url\" content=\"https:\/\/lava-framework.com\/fr\/plateformes-de-rencontres-milf-en-ligne\/\" \/>\n<meta property=\"og:site_name\" content=\"Framework Dating\" \/>\n<meta property=\"article:modified_time\" content=\"2022-09-08T15:44:42+00:00\" \/>\n<meta name=\"twitter:card\" content=\"summary_large_image\" \/>\n<meta name=\"twitter:image\" content=\"https:\/\/lava-framework.com\/wp-content\/uploads\/2022\/08\/milf-dating.webp\" \/>\n<meta name=\"twitter:label1\" content=\"Dur\u00e9e de lecture estim\u00e9e\" \/>\n\t<meta name=\"twitter:data1\" content=\"4 minutes\" \/>\n<script type=\"application\/ld+json\" class=\"yoast-schema-graph\">{\"@context\":\"https:\/\/schema.org\",\"@graph\":[{\"@type\":\"WebSite\",\"@id\":\"https:\/\/lava-framework.com\/fi\/#website\",\"url\":\"https:\/\/lava-framework.com\/fi\/\",\"name\":\"Framework Dating\",\"description\":\"Online Casual Hookups\",\"potentialAction\":[{\"@type\":\"SearchAction\",\"target\":{\"@type\":\"EntryPoint\",\"urlTemplate\":\"https:\/\/lava-framework.com\/fi\/?s={search_term_string}\"},\"query-input\":\"required name=search_term_string\"}],\"inLanguage\":\"fr-FR\"},{\"@type\":\"ImageObject\",\"@id\":\"https:\/\/lava-framework.com\/fr\/plateformes-de-rencontres-milf-en-ligne\/#primaryimage\",\"inLanguage\":\"fr-FR\",\"url\":\"https:\/\/lava-framework.com\/wp-content\/uploads\/2022\/08\/milf-dating.webp\",\"contentUrl\":\"https:\/\/lava-framework.com\/wp-content\/uploads\/2022\/08\/milf-dating.webp\",\"width\":1124,\"height\":750},{\"@type\":\"WebPage\",\"@id\":\"https:\/\/lava-framework.com\/fr\/plateformes-de-rencontres-milf-en-ligne\/#webpage\",\"url\":\"https:\/\/lava-framework.com\/fr\/plateformes-de-rencontres-milf-en-ligne\/\",\"name\":\"Plateformes de rencontres MILF en ligne - Framework Dating\",\"isPartOf\":{\"@id\":\"https:\/\/lava-framework.com\/fi\/#website\"},\"primaryImageOfPage\":{\"@id\":\"https:\/\/lava-framework.com\/fr\/plateformes-de-rencontres-milf-en-ligne\/#primaryimage\"},\"datePublished\":\"2022-08-18T14:14:44+00:00\",\"dateModified\":\"2022-09-08T15:44:42+00:00\",\"breadcrumb\":{\"@id\":\"https:\/\/lava-framework.com\/fr\/plateformes-de-rencontres-milf-en-ligne\/#breadcrumb\"},\"inLanguage\":\"fr-FR\",\"potentialAction\":[{\"@type\":\"ReadAction\",\"target\":[\"https:\/\/lava-framework.com\/fr\/plateformes-de-rencontres-milf-en-ligne\/\"]}]},{\"@type\":\"BreadcrumbList\",\"@id\":\"https:\/\/lava-framework.com\/fr\/plateformes-de-rencontres-milf-en-ligne\/#breadcrumb\",\"itemListElement\":[{\"@type\":\"ListItem\",\"position\":1,\"name\":\"Home\",\"item\":\"http:\/\/lava-framework.com\/fr\/\"},{\"@type\":\"ListItem\",\"position\":2,\"name\":\"Plateformes de rencontres MILF en ligne\"}]}]}<\/script>\n<!-- \/ Yoast SEO plugin. -->","yoast_head_json":{"title":"Plateformes de rencontres MILF en ligne - Framework Dating","robots":{"index":"index","follow":"follow","max-snippet":"max-snippet:-1","max-image-preview":"max-image-preview:large","max-video-preview":"max-video-preview:-1"},"canonical":"https:\/\/lava-framework.com\/fr\/plateformes-de-rencontres-milf-en-ligne\/","og_locale":"fr_FR","og_type":"article","og_title":"Plateformes de rencontres MILF en ligne - Framework Dating","og_description":"Les sites de rencontres pour milf sont de plus en plus populaires parmi les personnes qui cherchent l&rsquo;amour en ligne. Il y a de nombreuses raisons pour lesquelles les milfs sont si attirantes. Pour commencer, les femmes de plus de 40 ans ont \u00e9t\u00e9 surnomm\u00e9es les \u00ab\u00a0cougars\u00a0\u00bb, et elles sont souvent connues pour \u00eatre beaucoup [&hellip;]","og_url":"https:\/\/lava-framework.com\/fr\/plateformes-de-rencontres-milf-en-ligne\/","og_site_name":"Framework Dating","article_modified_time":"2022-09-08T15:44:42+00:00","twitter_card":"summary_large_image","twitter_image":"https:\/\/lava-framework.com\/wp-content\/uploads\/2022\/08\/milf-dating.webp","twitter_misc":{"Dur\u00e9e de lecture estim\u00e9e":"4 minutes"},"schema":{"@context":"https:\/\/schema.org","@graph":[{"@type":"WebSite","@id":"https:\/\/lava-framework.com\/fi\/#website","url":"https:\/\/lava-framework.com\/fi\/","name":"Framework Dating","description":"Online Casual Hookups","potentialAction":[{"@type":"SearchAction","target":{"@type":"EntryPoint","urlTemplate":"https:\/\/lava-framework.com\/fi\/?s={search_term_string}"},"query-input":"required name=search_term_string"}],"inLanguage":"fr-FR"},{"@type":"ImageObject","@id":"https:\/\/lava-framework.com\/fr\/plateformes-de-rencontres-milf-en-ligne\/#primaryimage","inLanguage":"fr-FR","url":"https:\/\/lava-framework.com\/wp-content\/uploads\/2022\/08\/milf-dating.webp","contentUrl":"https:\/\/lava-framework.com\/wp-content\/uploads\/2022\/08\/milf-dating.webp","width":1124,"height":750},{"@type":"WebPage","@id":"https:\/\/lava-framework.com\/fr\/plateformes-de-rencontres-milf-en-ligne\/#webpage","url":"https:\/\/lava-framework.com\/fr\/plateformes-de-rencontres-milf-en-ligne\/","name":"Plateformes de rencontres MILF en ligne - Framework Dating","isPartOf":{"@id":"https:\/\/lava-framework.com\/fi\/#website"},"primaryImageOfPage":{"@id":"https:\/\/lava-framework.com\/fr\/plateformes-de-rencontres-milf-en-ligne\/#primaryimage"},"datePublished":"2022-08-18T14:14:44+00:00","dateModified":"2022-09-08T15:44:42+00:00","breadcrumb":{"@id":"https:\/\/lava-framework.com\/fr\/plateformes-de-rencontres-milf-en-ligne\/#breadcrumb"},"inLanguage":"fr-FR","potentialAction":[{"@type":"ReadAction","target":["https:\/\/lava-framework.com\/fr\/plateformes-de-rencontres-milf-en-ligne\/"]}]},{"@type":"BreadcrumbList","@id":"https:\/\/lava-framework.com\/fr\/plateformes-de-rencontres-milf-en-ligne\/#breadcrumb","itemListElement":[{"@type":"ListItem","position":1,"name":"Home","item":"http:\/\/lava-framework.com\/fr\/"},{"@type":"ListItem","position":2,"name":"Plateformes de rencontres MILF en ligne"}]}]}},"_links":{"self":[{"href":"https:\/\/lava-framework.com\/fr\/wp-json\/wp\/v2\/pages\/363"}],"collection":[{"href":"https:\/\/lava-framework.com\/fr\/wp-json\/wp\/v2\/pages"}],"about":[{"href":"https:\/\/lava-framework.com\/fr\/wp-json\/wp\/v2\/types\/page"}],"author":[{"embeddable":true,"href":"https:\/\/lava-framework.com\/fr\/wp-json\/wp\/v2\/users\/1"}],"replies":[{"embeddable":true,"href":"https:\/\/lava-framework.com\/fr\/wp-json\/wp\/v2\/comments?post=363"}],"version-history":[{"count":1,"href":"https:\/\/lava-framework.com\/fr\/wp-json\/wp\/v2\/pages\/363\/revisions"}],"predecessor-version":[{"id":414,"href":"https:\/\/lava-framework.com\/fr\/wp-json\/wp\/v2\/pages\/363\/revisions\/414"}],"wp:featuredmedia":[{"embeddable":true,"href":"https:\/\/lava-framework.com\/fr\/wp-json\/wp\/v2\/media\/107"}],"wp:attachment":[{"href":"https:\/\/lava-framework.com\/fr\/wp-json\/wp\/v2\/media?parent=363"}],"curies":[{"name":"wp","href":"https:\/\/api.w.org\/{rel}","templated":true}]}}