{"id":377,"date":"2022-08-18T15:02:55","date_gmt":"2022-08-18T14:02:55","guid":{"rendered":"http:\/\/lava-framework.com\/dating-framework-miten-paasta-alkuun\/"},"modified":"2022-08-18T15:02:55","modified_gmt":"2022-08-18T14:02:55","slug":"dating-framework-miten-paasta-alkuun","status":"publish","type":"page","link":"https:\/\/lava-framework.com\/fi\/","title":{"rendered":"Dating Framework: Miten p\u00e4\u00e4st\u00e4 alkuun?"},"content":{"rendered":"<p>Aikuisten deittiala muuttuu nopeasti. Vaikka jotkut sivustot ovat edelleen keskittyneet valtavirran markkinoille, toiset palvelevat kapeampia ryhmi\u00e4, kuten lesboja, biseksuaaleja, transsukupuolisia ja avoimia suhteita etsivi\u00e4 ihmisi\u00e4.<\/p>\n<p>Teknologian edetess\u00e4 tapa, jolla ihmiset seurustelevat, on muuttunut huomattavasti viime vuosikymmenin\u00e4. Match.comin ja OkCupidin kaltaisten online-deittisivustojen yleistymisest\u00e4 \u00e4lypuhelinten yleistymiseen on nyt lukemattomia tapoja saada yhteys johonkin erityiseen ihmiseen.<\/p>\n<h2>Mit\u00e4 sovelluksia kannattaa k\u00e4ytt\u00e4\u00e4 alkuun?<\/h2>\n<p>Vaikka jotkut ihmiset haluavat edelleen tavata kasvokkain, toiset viett\u00e4v\u00e4t mielell\u00e4\u00e4n suurimman osan ajastaan chattailemalla tulevien treffikumppaneiden kanssa tekstiviesteill\u00e4, videokeskusteluilla ja viestisovelluksilla.<\/p>\n<p>Mutta ent\u00e4 ne meist\u00e4, jotka haluavat muutakin kuin satunnaista seurustelua? Meill\u00e4 on erilaisia tarpeita, haluja ja toiveita, ja k\u00e4yt\u00e4mme puhelimiamme eri tavoin sen mukaan, milt\u00e4 meist\u00e4 itsest\u00e4mme ja ihmissuhteistamme tuntuu.<\/p>\n<h3>Sarana<\/h3>\n<p>Hinge on sosiaalinen verkosto, joka keskittyy mielekk\u00e4isiin yhteyksiin pelkkien seurustelujen sijaan. Sen nimi tulee sanasta hinge, joka viittaa siihen, miten t\u00e4rkeit\u00e4 ihmissuhteet ovat el\u00e4m\u00e4ss\u00e4.<\/p>\n<p>Sovelluksen avulla k\u00e4ytt\u00e4j\u00e4t voivat olla yhteydess\u00e4 toisiin ihmisiin yhteisten kiinnostuksen kohteiden ja intohimojen perusteella. Voit selata profiileja, l\u00e4hett\u00e4\u00e4 viestej\u00e4 ja sopia tapaamisista. Toisin kuin monet muut deittisovellukset, Hinge ei kysy puhelinnumeroasi tai s\u00e4hk\u00f6postiosoitettasi. Sen sijaan voit rekister\u00f6ity\u00e4 Facebookin kautta.<\/p>\n<p>Voit lis\u00e4t\u00e4 yst\u00e4vi\u00e4 my\u00f6s Facebook Messengerin, WhatsAppin tai Instagram Directin kautta. Kun olet kirjautunut Hingeen, voit tarkastella muiden j\u00e4senten aktiviteetteja, kuten viimeisimpi\u00e4 otteluita, tykk\u00e4yksi\u00e4, kommentteja ja valokuvia. Voit joka p\u00e4iv\u00e4 tarkistaa, mit\u00e4 ymp\u00e4rill\u00e4si tapahtuu. Saatat esimerkiksi n\u00e4hd\u00e4 jonkun muun kirjautuvan sis\u00e4\u00e4n l\u00e4hell\u00e4 sijaintiasi. Tai ehk\u00e4 suositellaan l\u00e4heist\u00e4 ravintolaa tai kahvilaa. Kun l\u00f6yd\u00e4t jotain kiinnostavaa, napauta painiketta tyk\u00e4t\u00e4ksesi siit\u00e4. N\u00e4in kaikki tiet\u00e4v\u00e4t, ett\u00e4 olet kiinnostunut asiasta. Kun haluat keskustella asiasta, voit tehd\u00e4 sen napauttamalla kohteen vieress\u00e4 olevaa painiketta.<\/p>\n<h3>Tulitikku<\/h3>\n<p>Match.com on yksi maailman suosituimmista deittisivustoista, jolla on yli 20 miljoonaa aktiivista j\u00e4sent\u00e4 maailmanlaajuisesti. Vuonna 2016 sen liikevaihto oli miljardi dollaria. Sen sovellus on ladattavissa ilmaiseksi sek\u00e4 Android- ett\u00e4 iOS-laitteisiin.<\/p>\n<p>Ilmaiset k\u00e4ytt\u00e4j\u00e4t voivat perustaa verkossa henkil\u00f6kohtaisia profiileja, ladata muutamia kuvia itsest\u00e4\u00e4n ja sitten menn\u00e4 noin harjoittaa joitakin verkossa flirttailu kautta &#8221;vinkkaa,&#8221; ja on uusia otteluita toimitetaan p\u00e4ivitt\u00e4in. He voivat my\u00f6s selata profiileja ja tyk\u00e4t\u00e4 toistensa kuvista. Kattavammat ominaisuudet, kuten sen, kuka on katsonut profiiliasi ja pit\u00e4nyt kuvistasi, saat k\u00e4ytt\u00f6\u00f6n maksamalla kuukausimaksun. Voit jopa maksaa lis\u00e4\u00e4 saadaksesi reaaliaikaiset deittivalmentajat vastaamaan sinulle. Sivuston uusin ominaisuus, nimelt\u00e4\u00e4n Vibe Check, voit nauttia videokeskustelujen istuntoja ottelut, kun taas toinen uusi ominaisuus voit maksaa pienen summan on Match l\u00f6yt\u00e4\u00e4 sinulle p\u00e4iv\u00e4m\u00e4\u00e4ri\u00e4 sinulle.<\/p>\n<h3>Aff<\/h3>\n<p>Adult Friend Finder on yksi vanhimmista deittisivustoista verkossa. Se perustettiin vuonna 1995, joten se on ollut olemassa internetin nousukauden alusta l\u00e4htien. Ne kasvavat edelleen, ja niill\u00e4 on yli 80 miljoonaa rekister\u00f6ity\u00e4 j\u00e4sent\u00e4. T\u00e4m\u00e4 sivusto palvelee ihmisi\u00e4, jotka etsiv\u00e4t kytkenn\u00e4t, rento seksi, huomaamattomia suhteita ja jopa avioliitto. Jos pid\u00e4t swingist\u00e4, ryhm\u00e4seksist\u00e4, kolmestaan tai haluat vain pit\u00e4\u00e4 hauskaa, AF on sinua varten. Mobiilisovellusten ansiosta voit k\u00e4ytt\u00e4\u00e4 sivustoa mist\u00e4 p\u00e4in maailmaa tahansa.<\/p>\n<h3>Ashley Madison<\/h3>\n<p>On monia deittisivustoja, jotka palvelevat satunnaista seksi\u00e4 etsivi\u00e4 ihmisi\u00e4, mutta harvat tarjoavat n\u00e4in laajan valikoiman ominaisuuksia ja vaihtoehtoja. Jotkut sivustot keskittyv\u00e4t yhdist\u00e4m\u00e4\u00e4n sinut paikallisten sinkkujen kanssa, kun taas toisilla sivustoilla voit olla yhteydess\u00e4 tuhansiin j\u00e4seniin maailmanlaajuisesti. Jos haluat l\u00f6yt\u00e4\u00e4 jonkun seurustelukumppanin, \u00e4l\u00e4 etsi kauempaa kuin AshleyMadison.comista. Sivusto tarjoaa kaiken, mit\u00e4 voit tarvita sen toteuttamiseen, mukaan lukien ilmaiset online-chattihuoneet, pikaviestit, videokeskustelut, suorat webbikamerasy\u00f6tteet, s\u00e4hk\u00f6posti, teksti, mobiilisovellukset ja jopa sosiaalisen median integrointi. Yli 30 miljoonaa aktiivista profiilia, joten l\u00e4hist\u00f6ll\u00e4 on varmasti joku, joka haluaa tavata pikapikaa varten.<\/p>\n<p>Jos olet kiinnostunut l\u00f6yt\u00e4m\u00e4\u00e4n rakkautta, sinun ei tarvitse maksaa mit\u00e4\u00e4n liitty\u00e4 AshleyMadison. Jos kuitenkin p\u00e4\u00e4t\u00e4t p\u00e4ivitt\u00e4\u00e4 johonkin maksullisista j\u00e4senyyspaketeista, saat lis\u00e4ominaisuuksia, kuten rajoittamattomat s\u00e4hk\u00f6postit, parannetut viestint\u00e4ty\u00f6kalut ja ensisijaisen asiakastuen.<\/p>\n<h3>ALT.com<\/h3>\n<p>Alt.com on seurustelusivusto perversseille ihmisille, jotka etsiv\u00e4t lis\u00e4maustetta seksiel\u00e4m\u00e4\u00e4ns\u00e4. T\u00e4m\u00e4 niche dating sivusto palvelee erityisesti niille, jotka pit\u00e4v\u00e4t orjuudesta, ylivalta, alistuminen, sadismi ja masokismi (BDSM). Jos olet kiinnostunut tutkimaan BDSM-maailmaa, ei ole parempaa paikkaa aloittaa kuin t\u00e4m\u00e4.<\/p>\n<p>Sivusto tarjoaa ilmaisen kokeilujakson, joten voit tutustua sen tarjontaan kuluttamatta sentti\u00e4k\u00e4\u00e4n. Voit tilata sivuston joko yhdeksi, kolmeksi tai kahdelletoista kuukaudeksi riippuen siit\u00e4, kuinka kauan haluat k\u00e4ytt\u00e4\u00e4 sivustoa. Rekister\u00f6itymisen j\u00e4lkeen saat tervetuliaisviestin, jossa on ohjeet kirjautumiseen. Kun olet kirjautunut sis\u00e4\u00e4n, voit selata profiileja ja l\u00e4hett\u00e4\u00e4 viestej\u00e4 mahdollisille kumppaneille. On my\u00f6s viestij\u00e4rjestelm\u00e4, jossa voit keskustella mahdollisten otteluiden kanssa.<\/p>\n<h2>Ent\u00e4 jos haluat vain rentoa hauskanpitoa?<\/h2>\n<p>Monet ihmiset k\u00e4ytt\u00e4v\u00e4t deittisovelluksia, koska he haluavat tavata jonkun uuden. Mutta ent\u00e4 ne ihmiset, jotka haluavat vain harrastaa satunnaista seksi\u00e4 ilman, ett\u00e4 heid\u00e4n tarvitsee viett\u00e4\u00e4 tuntikausia tutustumalla toisiinsa? Siihen on lukuisia eri tapoja, eik\u00e4 suurimpaan osaan niist\u00e4 liity j\u00e4senmaksun maksamista. T\u00e4ss\u00e4 on viisi parasta ilmaista deittisovellusta satunnaisten tapaamisten l\u00f6yt\u00e4miseen.<\/p>\n<h2>Top 3 vinkki\u00e4 rakkauden l\u00f6yt\u00e4miseen sovellusten avulla<\/h2>\n<h3>Voit l\u00f6yt\u00e4\u00e4 jonkun, joka sopii persoonallisuuteesi<\/h3>\n<p>Kun rekister\u00f6idyt Matchiin, saat aluksi kyselylomakkeen persoonallisuuspiirteist\u00e4si. Sielt\u00e4 sinut sovitetaan yhteen kiinnostuksenkohteidesi, arvojesi, el\u00e4m\u00e4ntyylisi, koulutuksesi, urasi, uskontosi, politiikkasi ja muiden seikkojen perusteella. Vaikka siis luuletkin, ett\u00e4 selaat vain profiileja, on mahdollista, ett\u00e4 sinulle l\u00f6ydet\u00e4\u00e4n ihmisi\u00e4, jotka ovat kiinnostuneita samoista asioista kuin sin\u00e4.<\/p>\n<h3>My\u00f6s paikallisia otteluita on paljon<\/h3>\n<p>Kaikki eiv\u00e4t halua seurustella osavaltiorajojen yli, mutta paikallisia otteluita on silti paljon. Kun rekister\u00f6idyt Matchiin tietyiss\u00e4 kaupungeissa, sinulle n\u00e4ytet\u00e4\u00e4n automaattisesti my\u00f6s l\u00e4hell\u00e4 olevia ihmisi\u00e4. Jos haluat rajata, miss\u00e4 haluat tavata, voit asettaa suodattimia, kuten et\u00e4isyyden, sukupuolen, etnisen alkuper\u00e4n ja paljon muuta.<\/p>\n<h3>N\u00e4et kuka tarkistaa profiilisi<\/h3>\n<p>Maksullisena j\u00e4senen\u00e4 voit tarkastella kaikkien muiden profiiliasi tarkastaneiden aktiivisuushistoriaa. T\u00e4h\u00e4n sis\u00e4ltyy se, pitiv\u00e4tk\u00f6 he kuvastasi, lukivatko he el\u00e4m\u00e4kertasi tai j\u00e4ttiv\u00e4tk\u00f6 he palautetta. Ja koska n\u00e4et, kuka on katsonut profiiliasi, voit varmistaa, ett\u00e4 haluat jatkossakin esitell\u00e4 sit\u00e4 mahdollisille deittikumppaneille.<\/p>\n","protected":false},"excerpt":{"rendered":"<p>Aikuisten deittiala muuttuu nopeasti. Vaikka jotkut sivustot ovat edelleen keskittyneet valtavirran markkinoille, toiset palvelevat kapeampia ryhmi\u00e4, kuten lesboja, biseksuaaleja, transsukupuolisia ja avoimia suhteita etsivi\u00e4 ihmisi\u00e4. Teknologian edetess\u00e4 tapa, jolla ihmiset seurustelevat, on muuttunut huomattavasti viime vuosikymmenin\u00e4. Match.comin ja OkCupidin kaltaisten online-deittisivustojen yleistymisest\u00e4 \u00e4lypuhelinten yleistymiseen on nyt lukemattomia tapoja saada yhteys johonkin erityiseen ihmiseen. Mit\u00e4 sovelluksia [&hellip;]<\/p>\n","protected":false},"author":1,"featured_media":91,"parent":0,"menu_order":0,"comment_status":"closed","ping_status":"closed","template":"","meta":[],"yoast_head":"<!-- This site is optimized with the Yoast SEO plugin v17.7.1 - https:\/\/yoast.com\/wordpress\/plugins\/seo\/ -->\n<title>Dating Framework: Miten p\u00e4\u00e4st\u00e4 alkuun? - Framework Dating<\/title>\n<meta name=\"robots\" content=\"index, follow, max-snippet:-1, max-image-preview:large, max-video-preview:-1\" \/>\n<link rel=\"canonical\" href=\"https:\/\/lava-framework.com\/fi\/\" \/>\n<meta property=\"og:locale\" content=\"fi_FI\" \/>\n<meta property=\"og:type\" content=\"article\" \/>\n<meta property=\"og:title\" content=\"Dating Framework: Miten p\u00e4\u00e4st\u00e4 alkuun? - Framework Dating\" \/>\n<meta property=\"og:description\" content=\"Aikuisten deittiala muuttuu nopeasti. Vaikka jotkut sivustot ovat edelleen keskittyneet valtavirran markkinoille, toiset palvelevat kapeampia ryhmi\u00e4, kuten lesboja, biseksuaaleja, transsukupuolisia ja avoimia suhteita etsivi\u00e4 ihmisi\u00e4. Teknologian edetess\u00e4 tapa, jolla ihmiset seurustelevat, on muuttunut huomattavasti viime vuosikymmenin\u00e4. Match.comin ja OkCupidin kaltaisten online-deittisivustojen yleistymisest\u00e4 \u00e4lypuhelinten yleistymiseen on nyt lukemattomia tapoja saada yhteys johonkin erityiseen ihmiseen. Mit\u00e4 sovelluksia [&hellip;]\" \/>\n<meta property=\"og:url\" content=\"https:\/\/lava-framework.com\/fi\/\" \/>\n<meta property=\"og:site_name\" content=\"Framework Dating\" \/>\n<meta property=\"og:image\" content=\"http:\/\/lava-framework.com\/wp-content\/uploads\/2022\/08\/casual-hookup-sites.jpeg\" \/>\n\t<meta property=\"og:image:width\" content=\"1125\" \/>\n\t<meta property=\"og:image:height\" content=\"750\" \/>\n<meta name=\"twitter:card\" content=\"summary_large_image\" \/>\n<meta name=\"twitter:label1\" content=\"Arvioitu lukuaika\" \/>\n\t<meta name=\"twitter:data1\" content=\"5 minuuttia\" \/>\n<script type=\"application\/ld+json\" class=\"yoast-schema-graph\">{\"@context\":\"https:\/\/schema.org\",\"@graph\":[{\"@type\":\"WebSite\",\"@id\":\"https:\/\/lava-framework.com\/fi\/#website\",\"url\":\"https:\/\/lava-framework.com\/fi\/\",\"name\":\"Framework Dating\",\"description\":\"Online Casual Hookups\",\"potentialAction\":[{\"@type\":\"SearchAction\",\"target\":{\"@type\":\"EntryPoint\",\"urlTemplate\":\"https:\/\/lava-framework.com\/fi\/?s={search_term_string}\"},\"query-input\":\"required name=search_term_string\"}],\"inLanguage\":\"fi\"},{\"@type\":\"ImageObject\",\"@id\":\"https:\/\/lava-framework.com\/fi\/#primaryimage\",\"inLanguage\":\"fi\",\"url\":\"https:\/\/lava-framework.com\/wp-content\/uploads\/2022\/08\/casual-hookup-sites.jpeg\",\"contentUrl\":\"https:\/\/lava-framework.com\/wp-content\/uploads\/2022\/08\/casual-hookup-sites.jpeg\",\"width\":1125,\"height\":750},{\"@type\":\"WebPage\",\"@id\":\"https:\/\/lava-framework.com\/fi\/#webpage\",\"url\":\"https:\/\/lava-framework.com\/fi\/\",\"name\":\"Dating Framework: Miten p\\u00e4\\u00e4st\\u00e4 alkuun? - Framework Dating\",\"isPartOf\":{\"@id\":\"https:\/\/lava-framework.com\/fi\/#website\"},\"primaryImageOfPage\":{\"@id\":\"https:\/\/lava-framework.com\/fi\/#primaryimage\"},\"datePublished\":\"2022-08-18T14:02:55+00:00\",\"dateModified\":\"2022-08-18T14:02:55+00:00\",\"breadcrumb\":{\"@id\":\"https:\/\/lava-framework.com\/fi\/#breadcrumb\"},\"inLanguage\":\"fi\",\"potentialAction\":[{\"@type\":\"ReadAction\",\"target\":[\"https:\/\/lava-framework.com\/fi\/\"]}]},{\"@type\":\"BreadcrumbList\",\"@id\":\"https:\/\/lava-framework.com\/fi\/#breadcrumb\",\"itemListElement\":[{\"@type\":\"ListItem\",\"position\":1,\"name\":\"Home\",\"item\":\"http:\/\/lava-framework.com\/fi\/\"},{\"@type\":\"ListItem\",\"position\":2,\"name\":\"Dating Framework: Miten p\\u00e4\\u00e4st\\u00e4 alkuun?\"}]}]}<\/script>\n<!-- \/ Yoast SEO plugin. -->","yoast_head_json":{"title":"Dating Framework: Miten p\u00e4\u00e4st\u00e4 alkuun? - Framework Dating","robots":{"index":"index","follow":"follow","max-snippet":"max-snippet:-1","max-image-preview":"max-image-preview:large","max-video-preview":"max-video-preview:-1"},"canonical":"https:\/\/lava-framework.com\/fi\/","og_locale":"fi_FI","og_type":"article","og_title":"Dating Framework: Miten p\u00e4\u00e4st\u00e4 alkuun? - Framework Dating","og_description":"Aikuisten deittiala muuttuu nopeasti. Vaikka jotkut sivustot ovat edelleen keskittyneet valtavirran markkinoille, toiset palvelevat kapeampia ryhmi\u00e4, kuten lesboja, biseksuaaleja, transsukupuolisia ja avoimia suhteita etsivi\u00e4 ihmisi\u00e4. Teknologian edetess\u00e4 tapa, jolla ihmiset seurustelevat, on muuttunut huomattavasti viime vuosikymmenin\u00e4. Match.comin ja OkCupidin kaltaisten online-deittisivustojen yleistymisest\u00e4 \u00e4lypuhelinten yleistymiseen on nyt lukemattomia tapoja saada yhteys johonkin erityiseen ihmiseen. Mit\u00e4 sovelluksia [&hellip;]","og_url":"https:\/\/lava-framework.com\/fi\/","og_site_name":"Framework Dating","og_image":[{"width":1125,"height":750,"url":"http:\/\/lava-framework.com\/wp-content\/uploads\/2022\/08\/casual-hookup-sites.jpeg","type":"image\/jpeg"}],"twitter_card":"summary_large_image","twitter_misc":{"Arvioitu lukuaika":"5 minuuttia"},"schema":{"@context":"https:\/\/schema.org","@graph":[{"@type":"WebSite","@id":"https:\/\/lava-framework.com\/fi\/#website","url":"https:\/\/lava-framework.com\/fi\/","name":"Framework Dating","description":"Online Casual Hookups","potentialAction":[{"@type":"SearchAction","target":{"@type":"EntryPoint","urlTemplate":"https:\/\/lava-framework.com\/fi\/?s={search_term_string}"},"query-input":"required name=search_term_string"}],"inLanguage":"fi"},{"@type":"ImageObject","@id":"https:\/\/lava-framework.com\/fi\/#primaryimage","inLanguage":"fi","url":"https:\/\/lava-framework.com\/wp-content\/uploads\/2022\/08\/casual-hookup-sites.jpeg","contentUrl":"https:\/\/lava-framework.com\/wp-content\/uploads\/2022\/08\/casual-hookup-sites.jpeg","width":1125,"height":750},{"@type":"WebPage","@id":"https:\/\/lava-framework.com\/fi\/#webpage","url":"https:\/\/lava-framework.com\/fi\/","name":"Dating Framework: Miten p\u00e4\u00e4st\u00e4 alkuun? - Framework Dating","isPartOf":{"@id":"https:\/\/lava-framework.com\/fi\/#website"},"primaryImageOfPage":{"@id":"https:\/\/lava-framework.com\/fi\/#primaryimage"},"datePublished":"2022-08-18T14:02:55+00:00","dateModified":"2022-08-18T14:02:55+00:00","breadcrumb":{"@id":"https:\/\/lava-framework.com\/fi\/#breadcrumb"},"inLanguage":"fi","potentialAction":[{"@type":"ReadAction","target":["https:\/\/lava-framework.com\/fi\/"]}]},{"@type":"BreadcrumbList","@id":"https:\/\/lava-framework.com\/fi\/#breadcrumb","itemListElement":[{"@type":"ListItem","position":1,"name":"Home","item":"http:\/\/lava-framework.com\/fi\/"},{"@type":"ListItem","position":2,"name":"Dating Framework: Miten p\u00e4\u00e4st\u00e4 alkuun?"}]}]}},"_links":{"self":[{"href":"https:\/\/lava-framework.com\/fi\/wp-json\/wp\/v2\/pages\/377"}],"collection":[{"href":"https:\/\/lava-framework.com\/fi\/wp-json\/wp\/v2\/pages"}],"about":[{"href":"https:\/\/lava-framework.com\/fi\/wp-json\/wp\/v2\/types\/page"}],"author":[{"embeddable":true,"href":"https:\/\/lava-framework.com\/fi\/wp-json\/wp\/v2\/users\/1"}],"replies":[{"embeddable":true,"href":"https:\/\/lava-framework.com\/fi\/wp-json\/wp\/v2\/comments?post=377"}],"version-history":[{"count":0,"href":"https:\/\/lava-framework.com\/fi\/wp-json\/wp\/v2\/pages\/377\/revisions"}],"wp:featuredmedia":[{"embeddable":true,"href":"https:\/\/lava-framework.com\/fi\/wp-json\/wp\/v2\/media\/91"}],"wp:attachment":[{"href":"https:\/\/lava-framework.com\/fi\/wp-json\/wp\/v2\/media?parent=377"}],"curies":[{"name":"wp","href":"https:\/\/api.w.org\/{rel}","templated":true}]}}