{"id":355,"date":"2022-08-18T15:14:44","date_gmt":"2022-08-18T14:14:44","guid":{"rendered":"http:\/\/lava-framework.com\/online-milf-dating-alustat\/"},"modified":"2022-08-18T15:14:44","modified_gmt":"2022-08-18T14:14:44","slug":"online-milf-dating-alustat","status":"publish","type":"page","link":"https:\/\/lava-framework.com\/fi\/online-milf-dating-alustat\/","title":{"rendered":"Online MILF Dating alustat"},"content":{"rendered":"<p>Milf-deittisivustot ovat yh\u00e4 suositumpia ihmisten keskuudessa, jotka etsiv\u00e4t rakkautta verkossa. On monia syit\u00e4, miksi milfit ovat niin houkuttelevia. Ensinn\u00e4kin yli 40-vuotiaita naisia on kutsuttu &#8221;puumiksi&#8221;, ja heid\u00e4t tunnetaan usein paljon seksikk\u00e4\u00e4mpin\u00e4 kuin nuoremmat naiset. Heill\u00e4 on my\u00f6s kokemusta, kypsyytt\u00e4 ja viisautta, jota nuorilta ihmisilt\u00e4 puuttuu. Lis\u00e4ksi useimmat vanhemmat naiset haluavat yh\u00e4 l\u00f6yt\u00e4\u00e4 suhteen, kun taas nuoremmat naiset etsiv\u00e4t yleens\u00e4 vain satunnaisia seurustelusuhteita.<\/p>\n<h2>Parhaat valintamme<\/h2>\n<p>M\u00e4\u00e4r\u00e4 MILF dating sovellukset on r\u00e4j\u00e4ht\u00e4nyt viime vuosina, ja nyt on tuhansia MILF dating sivustoja, joissa voit tavata paikallisia naisia kiinnostunut tapaamaan miehi\u00e4 kuin itse. N\u00e4iden deittisivustojen avulla voit selata profiileja sijainnin, i\u00e4n, kiinnostuksen kohteiden ja jopa vartalotyypin perusteella. Jos haluat aloittaa vakavan suhteen, haluat luultavasti k\u00e4ytt\u00e4\u00e4 deittisivustoa, joka on suunnattu erityisesti aviopareille.<\/p>\n<h3>CougarLife<\/h3>\n<p>CougarLife on alkuper\u00e4inen MILF-deittisivusto, joka perustettiin vuonna 2007. Vaikka se ei ole en\u00e4\u00e4 suurin MILF dating site, se ei ylpeill\u00e4 valtava tietokanta aktiivisia j\u00e4seni\u00e4. Puumat ovat tervetulleita my\u00f6s t\u00e4nne, ja sivuston avulla voit suodattaa otteluita sellaisten kriteerien mukaan kuin ik\u00e4, et\u00e4isyys, pituus, paino, etnisyys, uskonto, koulutustaso, ammatti ja siviilis\u00e4\u00e4ty.<\/p>\n<h3>Kyps\u00e4t naiset<\/h3>\n<p>Kyps\u00e4t naiset etsiv\u00e4t miehi\u00e4 on toinen hyv\u00e4 vaihtoehto niille, jotka etsiv\u00e4t vanhempia naisia. T\u00e4m\u00e4 sivusto keskittyy yhdist\u00e4m\u00e4\u00e4n vanhempia naisia nuorempiin miehiin, ja sill\u00e4 on suuri j\u00e4senm\u00e4\u00e4r\u00e4 molempia. J\u00e4senet voivat katsella toistensa kuvia ja lukea toistensa el\u00e4m\u00e4st\u00e4, harrastuksista ja kiinnostuksen kohteista. Sen lis\u00e4ksi, ett\u00e4 voit etsi\u00e4 jotakuta erityist\u00e4, voit my\u00f6s asettaa h\u00e4lytyksi\u00e4, jotka ilmoittavat sinulle sivustolla tapahtuvasta uudesta toiminnasta.<\/p>\n<h3>Kyps\u00e4 dating<\/h3>\n<p>Cougar dating sovellukset kuten Mature Dating ovat yh\u00e4 suositumpia vanhempien naisten keskuudessa, jotka etsiv\u00e4t nuorempia miehi\u00e4. Itse asiassa on jopa vanhempia naisia, jotka ovat valmiita maksamaan seksist\u00e4 nuorempien miesten kanssa. T\u00e4m\u00e4 johtuu siit\u00e4, ett\u00e4 he eiv\u00e4t halua en\u00e4\u00e4 olla yksin. He ovat tarpeeksi vanhoja tiet\u00e4\u00e4kseen, mit\u00e4 haluavat, mutta tarpeeksi nuoria nauttiakseen viel\u00e4 el\u00e4m\u00e4st\u00e4.<\/p>\n<p>Mature Dating on yksi t\u00e4llainen sovellus, jossa voit tavata cougars, Sugar Moms ja milfs. N\u00e4m\u00e4 naiset ovat yleens\u00e4 sinkkuja ja etsiv\u00e4t miehi\u00e4. Ja koska he ovat jo keski-i\u00e4ss\u00e4, he eiv\u00e4t en\u00e4\u00e4 v\u00e4lit\u00e4 siit\u00e4, kuinka paljon rahaa h\u00e4n tienaa. Ne haluavat vain seuraa ja rakkautta.<\/p>\n<h3>Cougar Treffit<\/h3>\n<p>Cougar Dating on yksi parhaista puuma dating sivustoja siell\u00e4. T\u00e4m\u00e4 sivusto tarjoaa joitakin todella mielenkiintoisia ominaisuuksia, kuten live-chatin, videopuheluita ja paljon muuta. Jos etsit vakavaa suhdetta, t\u00e4m\u00e4 saattaa olla oikea paikka sinulle.<\/p>\n<p>T\u00e4m\u00e4 <a href=\"http:\/\/lava-framework.com\/fi\/ashley-madison-tai-adultfriendfinder-aff\/\">deittisovellus<\/a> on suunniteltu erityisesti yli 40-vuotiaille. He ymm\u00e4rt\u00e4v\u00e4t tarkalleen, mit\u00e4 vanhemmat naiset etsiv\u00e4t miehelt\u00e4, ja he tarjoavat n\u00e4it\u00e4 asioita t\u00e4ss\u00e4 deittisovelluksessa. Itse asiassa suurin osa t\u00e4m\u00e4n deittisovelluksen j\u00e4senist\u00e4 on jo naimisissa, mutta he k\u00e4ytt\u00e4v\u00e4t sovellusta silti, koska nauttivat sinkkuna olemisesta. Joten, jos olet kiinnostunut tapaamaan vanhempia naisia, tutustu t\u00e4h\u00e4n deittisovellukseen.<\/p>\n<h2>Miksi vanhemmat naiset etsiv\u00e4t nuorempia poikia<\/h2>\n<p>On monia syit\u00e4, miksi vanhemmat naiset haluavat seurustella nuorempien miesten kanssa. Seuraavassa on muutamia syit\u00e4, miksi vanhemmat naiset haluavat seurustella nuorempien miesten kanssa.<\/p>\n<h3>Nuoremmilla miehill\u00e4 on enemm\u00e4n energiaa<\/h3>\n<p>Nuoremmat ihmiset ovat yleens\u00e4 energisempi\u00e4 ja aktiivisempia kuin vanhemmat ihmiset. N\u00e4in heid\u00e4n on helpompi tavata uusia ihmisi\u00e4 ja saada yst\u00e4vi\u00e4. I\u00e4kk\u00e4\u00e4t ihmiset tuntevat itsens\u00e4 v\u00e4syneiksi ja laiskoiksi, koska he viett\u00e4v\u00e4t liikaa aikaa yksin.<\/p>\n<h3>Nuoret ovat v\u00e4hemm\u00e4n tuomitsevia<\/h3>\n<p>Vanhemmilla ihmisill\u00e4 on usein paljon el\u00e4m\u00e4nkokemusta. He kuitenkin uskovat edelleen, ett\u00e4 heit\u00e4 nuoremman seurustelussa on jotain v\u00e4\u00e4r\u00e4\u00e4. P\u00e4invastoin, nuoremmat ihmiset eiv\u00e4t v\u00e4lit\u00e4 siit\u00e4, mit\u00e4 muut ajattelevat heist\u00e4.<\/p>\n<h3>Nuoremmat ihmiset voivat olla parempia vanhempia<\/h3>\n<p>Monet i\u00e4kk\u00e4\u00e4t ihmiset eiv\u00e4t osaa huolehtia lapsista. Sen sijaan nuoremmat ihmiset ovat parempia vanhempia. He ymm\u00e4rt\u00e4v\u00e4t, miten lapsia kasvatetaan oikein ja miten heille annetaan kaikki, mit\u00e4 he tarvitsevat.<\/p>\n","protected":false},"excerpt":{"rendered":"<p>Milf-deittisivustot ovat yh\u00e4 suositumpia ihmisten keskuudessa, jotka etsiv\u00e4t rakkautta verkossa. On monia syit\u00e4, miksi milfit ovat niin houkuttelevia. Ensinn\u00e4kin yli 40-vuotiaita naisia on kutsuttu &#8221;puumiksi&#8221;, ja heid\u00e4t tunnetaan usein paljon seksikk\u00e4\u00e4mpin\u00e4 kuin nuoremmat naiset. Heill\u00e4 on my\u00f6s kokemusta, kypsyytt\u00e4 ja viisautta, jota nuorilta ihmisilt\u00e4 puuttuu. Lis\u00e4ksi useimmat vanhemmat naiset haluavat yh\u00e4 l\u00f6yt\u00e4\u00e4 suhteen, kun taas [&hellip;]<\/p>\n","protected":false},"author":1,"featured_media":106,"parent":0,"menu_order":0,"comment_status":"closed","ping_status":"closed","template":"","meta":[],"yoast_head":"<!-- This site is optimized with the Yoast SEO plugin v17.7.1 - https:\/\/yoast.com\/wordpress\/plugins\/seo\/ -->\n<title>Online MILF Dating alustat - Framework Dating<\/title>\n<meta name=\"robots\" content=\"index, follow, max-snippet:-1, max-image-preview:large, max-video-preview:-1\" \/>\n<link rel=\"canonical\" href=\"https:\/\/lava-framework.com\/fi\/online-milf-dating-alustat\/\" \/>\n<meta property=\"og:locale\" content=\"fi_FI\" \/>\n<meta property=\"og:type\" content=\"article\" \/>\n<meta property=\"og:title\" content=\"Online MILF Dating alustat - Framework Dating\" \/>\n<meta property=\"og:description\" content=\"Milf-deittisivustot ovat yh\u00e4 suositumpia ihmisten keskuudessa, jotka etsiv\u00e4t rakkautta verkossa. On monia syit\u00e4, miksi milfit ovat niin houkuttelevia. Ensinn\u00e4kin yli 40-vuotiaita naisia on kutsuttu &#8221;puumiksi&#8221;, ja heid\u00e4t tunnetaan usein paljon seksikk\u00e4\u00e4mpin\u00e4 kuin nuoremmat naiset. Heill\u00e4 on my\u00f6s kokemusta, kypsyytt\u00e4 ja viisautta, jota nuorilta ihmisilt\u00e4 puuttuu. Lis\u00e4ksi useimmat vanhemmat naiset haluavat yh\u00e4 l\u00f6yt\u00e4\u00e4 suhteen, kun taas [&hellip;]\" \/>\n<meta property=\"og:url\" content=\"https:\/\/lava-framework.com\/fi\/online-milf-dating-alustat\/\" \/>\n<meta property=\"og:site_name\" content=\"Framework Dating\" \/>\n<meta name=\"twitter:card\" content=\"summary_large_image\" \/>\n<meta name=\"twitter:image\" content=\"https:\/\/lava-framework.com\/wp-content\/uploads\/2022\/08\/milf-dating.webp\" \/>\n<meta name=\"twitter:label1\" content=\"Arvioitu lukuaika\" \/>\n\t<meta name=\"twitter:data1\" content=\"3 minuuttia\" \/>\n<script type=\"application\/ld+json\" class=\"yoast-schema-graph\">{\"@context\":\"https:\/\/schema.org\",\"@graph\":[{\"@type\":\"WebSite\",\"@id\":\"https:\/\/lava-framework.com\/fi\/#website\",\"url\":\"https:\/\/lava-framework.com\/fi\/\",\"name\":\"Framework Dating\",\"description\":\"Online Casual Hookups\",\"potentialAction\":[{\"@type\":\"SearchAction\",\"target\":{\"@type\":\"EntryPoint\",\"urlTemplate\":\"https:\/\/lava-framework.com\/fi\/?s={search_term_string}\"},\"query-input\":\"required name=search_term_string\"}],\"inLanguage\":\"fi\"},{\"@type\":\"ImageObject\",\"@id\":\"https:\/\/lava-framework.com\/fi\/online-milf-dating-alustat\/#primaryimage\",\"inLanguage\":\"fi\",\"url\":\"https:\/\/lava-framework.com\/wp-content\/uploads\/2022\/08\/milf-dating.webp\",\"contentUrl\":\"https:\/\/lava-framework.com\/wp-content\/uploads\/2022\/08\/milf-dating.webp\",\"width\":1124,\"height\":750},{\"@type\":\"WebPage\",\"@id\":\"https:\/\/lava-framework.com\/fi\/online-milf-dating-alustat\/#webpage\",\"url\":\"https:\/\/lava-framework.com\/fi\/online-milf-dating-alustat\/\",\"name\":\"Online MILF Dating alustat - Framework Dating\",\"isPartOf\":{\"@id\":\"https:\/\/lava-framework.com\/fi\/#website\"},\"primaryImageOfPage\":{\"@id\":\"https:\/\/lava-framework.com\/fi\/online-milf-dating-alustat\/#primaryimage\"},\"datePublished\":\"2022-08-18T14:14:44+00:00\",\"dateModified\":\"2022-08-18T14:14:44+00:00\",\"breadcrumb\":{\"@id\":\"https:\/\/lava-framework.com\/fi\/online-milf-dating-alustat\/#breadcrumb\"},\"inLanguage\":\"fi\",\"potentialAction\":[{\"@type\":\"ReadAction\",\"target\":[\"https:\/\/lava-framework.com\/fi\/online-milf-dating-alustat\/\"]}]},{\"@type\":\"BreadcrumbList\",\"@id\":\"https:\/\/lava-framework.com\/fi\/online-milf-dating-alustat\/#breadcrumb\",\"itemListElement\":[{\"@type\":\"ListItem\",\"position\":1,\"name\":\"Home\",\"item\":\"http:\/\/lava-framework.com\/fi\/\"},{\"@type\":\"ListItem\",\"position\":2,\"name\":\"Online MILF Dating alustat\"}]}]}<\/script>\n<!-- \/ Yoast SEO plugin. -->","yoast_head_json":{"title":"Online MILF Dating alustat - Framework Dating","robots":{"index":"index","follow":"follow","max-snippet":"max-snippet:-1","max-image-preview":"max-image-preview:large","max-video-preview":"max-video-preview:-1"},"canonical":"https:\/\/lava-framework.com\/fi\/online-milf-dating-alustat\/","og_locale":"fi_FI","og_type":"article","og_title":"Online MILF Dating alustat - Framework Dating","og_description":"Milf-deittisivustot ovat yh\u00e4 suositumpia ihmisten keskuudessa, jotka etsiv\u00e4t rakkautta verkossa. On monia syit\u00e4, miksi milfit ovat niin houkuttelevia. Ensinn\u00e4kin yli 40-vuotiaita naisia on kutsuttu &#8221;puumiksi&#8221;, ja heid\u00e4t tunnetaan usein paljon seksikk\u00e4\u00e4mpin\u00e4 kuin nuoremmat naiset. Heill\u00e4 on my\u00f6s kokemusta, kypsyytt\u00e4 ja viisautta, jota nuorilta ihmisilt\u00e4 puuttuu. Lis\u00e4ksi useimmat vanhemmat naiset haluavat yh\u00e4 l\u00f6yt\u00e4\u00e4 suhteen, kun taas [&hellip;]","og_url":"https:\/\/lava-framework.com\/fi\/online-milf-dating-alustat\/","og_site_name":"Framework Dating","twitter_card":"summary_large_image","twitter_image":"https:\/\/lava-framework.com\/wp-content\/uploads\/2022\/08\/milf-dating.webp","twitter_misc":{"Arvioitu lukuaika":"3 minuuttia"},"schema":{"@context":"https:\/\/schema.org","@graph":[{"@type":"WebSite","@id":"https:\/\/lava-framework.com\/fi\/#website","url":"https:\/\/lava-framework.com\/fi\/","name":"Framework Dating","description":"Online Casual Hookups","potentialAction":[{"@type":"SearchAction","target":{"@type":"EntryPoint","urlTemplate":"https:\/\/lava-framework.com\/fi\/?s={search_term_string}"},"query-input":"required name=search_term_string"}],"inLanguage":"fi"},{"@type":"ImageObject","@id":"https:\/\/lava-framework.com\/fi\/online-milf-dating-alustat\/#primaryimage","inLanguage":"fi","url":"https:\/\/lava-framework.com\/wp-content\/uploads\/2022\/08\/milf-dating.webp","contentUrl":"https:\/\/lava-framework.com\/wp-content\/uploads\/2022\/08\/milf-dating.webp","width":1124,"height":750},{"@type":"WebPage","@id":"https:\/\/lava-framework.com\/fi\/online-milf-dating-alustat\/#webpage","url":"https:\/\/lava-framework.com\/fi\/online-milf-dating-alustat\/","name":"Online MILF Dating alustat - Framework Dating","isPartOf":{"@id":"https:\/\/lava-framework.com\/fi\/#website"},"primaryImageOfPage":{"@id":"https:\/\/lava-framework.com\/fi\/online-milf-dating-alustat\/#primaryimage"},"datePublished":"2022-08-18T14:14:44+00:00","dateModified":"2022-08-18T14:14:44+00:00","breadcrumb":{"@id":"https:\/\/lava-framework.com\/fi\/online-milf-dating-alustat\/#breadcrumb"},"inLanguage":"fi","potentialAction":[{"@type":"ReadAction","target":["https:\/\/lava-framework.com\/fi\/online-milf-dating-alustat\/"]}]},{"@type":"BreadcrumbList","@id":"https:\/\/lava-framework.com\/fi\/online-milf-dating-alustat\/#breadcrumb","itemListElement":[{"@type":"ListItem","position":1,"name":"Home","item":"http:\/\/lava-framework.com\/fi\/"},{"@type":"ListItem","position":2,"name":"Online MILF Dating alustat"}]}]}},"_links":{"self":[{"href":"https:\/\/lava-framework.com\/fi\/wp-json\/wp\/v2\/pages\/355"}],"collection":[{"href":"https:\/\/lava-framework.com\/fi\/wp-json\/wp\/v2\/pages"}],"about":[{"href":"https:\/\/lava-framework.com\/fi\/wp-json\/wp\/v2\/types\/page"}],"author":[{"embeddable":true,"href":"https:\/\/lava-framework.com\/fi\/wp-json\/wp\/v2\/users\/1"}],"replies":[{"embeddable":true,"href":"https:\/\/lava-framework.com\/fi\/wp-json\/wp\/v2\/comments?post=355"}],"version-history":[{"count":0,"href":"https:\/\/lava-framework.com\/fi\/wp-json\/wp\/v2\/pages\/355\/revisions"}],"wp:featuredmedia":[{"embeddable":true,"href":"https:\/\/lava-framework.com\/fi\/wp-json\/wp\/v2\/media\/106"}],"wp:attachment":[{"href":"https:\/\/lava-framework.com\/fi\/wp-json\/wp\/v2\/media?parent=355"}],"curies":[{"name":"wp","href":"https:\/\/api.w.org\/{rel}","templated":true}]}}