{"id":384,"date":"2022-08-18T15:02:55","date_gmt":"2022-08-18T14:02:55","guid":{"rendered":"http:\/\/lava-framework.com\/su-marco-de-citas-como-empezar\/"},"modified":"2022-09-14T13:08:42","modified_gmt":"2022-09-14T12:08:42","slug":"su-marco-de-citas-como-empezar","status":"publish","type":"page","link":"https:\/\/lava-framework.com\/es\/","title":{"rendered":"Su marco de citas: \u00bfC\u00f3mo empezar?"},"content":{"rendered":"<p>El sector de las citas para adultos est\u00e1 cambiando r\u00e1pidamente. Mientras que algunos sitios siguen centr\u00e1ndose en el mercado general, otros se dirigen a grupos especializados como lesbianas, bisexuales, transexuales y personas que buscan relaciones abiertas.<\/p>\n<p>A medida que la tecnolog\u00eda sigue avanzando, la forma de salir con la gente ha cambiado dr\u00e1sticamente en las \u00faltimas d\u00e9cadas. Desde el auge de los sitios de citas online, como Match.com y OkCupid, hasta la proliferaci\u00f3n de los tel\u00e9fonos inteligentes, existen ahora innumerables formas de conectar con alguien especial.<\/p>\n<h2>\u00bfQu\u00e9 aplicaciones utilizar para empezar?<\/h2>\n<p>Aunque algunas personas siguen prefiriendo los encuentros cara a cara, otras son perfectamente felices pasando la mayor parte de su tiempo chateando con posibles citas a trav\u00e9s de mensajes de texto, videochats y aplicaciones de mensajer\u00eda.<\/p>\n<p>Pero, \u00bfqu\u00e9 pasa con los que queremos algo m\u00e1s que un encuentro casual? Tenemos diferentes necesidades <a href=\"http:\/\/www.encontros-para-sexo.com\">sites sexo<\/a>, deseos y anhelos, y utilizamos nuestros tel\u00e9fonos de forma diferente seg\u00fan c\u00f3mo nos sintamos con nosotros mismos y con nuestras relaciones.<\/p>\n<h3>Bisagra<\/h3>\n<p>Hinge es una red social que se centra en las conexiones significativas y no s\u00f3lo en los contactos. Su nombre deriva de la palabra bisagra, en referencia a la importancia de las relaciones en la vida.<\/p>\n<p>La aplicaci\u00f3n permite a los usuarios conectarse con otras personas en funci\u00f3n de sus intereses y pasiones. Puedes navegar por los perfiles, enviar mensajes y hacer planes para quedar. A diferencia de muchas otras aplicaciones de citas, Hinge no te pide tu n\u00famero de tel\u00e9fono ni tu direcci\u00f3n de correo electr\u00f3nico. En su lugar, utiliza Facebook para inscribirse.<\/p>\n<p>Tambi\u00e9n puedes a\u00f1adir amigos a trav\u00e9s de Facebook Messenger, WhatsApp o Instagram Direct. Una vez que hayas iniciado la sesi\u00f3n en Hinge, podr\u00e1s ver las actividades de otros miembros, incluidas las coincidencias recientes, los \u00abme gusta\u00bb, los comentarios y las fotos. Cada d\u00eda, puedes comprobar lo que ocurre a tu alrededor. Por ejemplo, puede ver que otra persona se registra cerca de su ubicaci\u00f3n. O tal vez haya una recomendaci\u00f3n para un restaurante o una cafeter\u00eda cercanos. Cuando encuentres algo interesante, pulsa el bot\u00f3n para darle \u00abme gusta\u00bb. Esto permite que todos sepan que est\u00e1s interesado en lo que sea. Cuando quieras charlar sobre ello, puedes hacerlo tocando el bot\u00f3n que hay junto al art\u00edculo.<\/p>\n<h3>Cerilla<\/h3>\n<p>Match.com es uno de los sitios de citas m\u00e1s populares del mundo, con m\u00e1s de 20 millones de miembros activos en todo el mundo. En 2016, tuvo unos ingresos de 1.000 millones de d\u00f3lares. Su aplicaci\u00f3n est\u00e1 disponible para su descarga gratuita tanto en dispositivos Android como iOS.<\/p>\n<p>Los usuarios gratuitos pueden crear perfiles personales en l\u00ednea, subir unas cuantas fotos de s\u00ed mismos y, a continuaci\u00f3n, dedicarse a ligar en l\u00ednea mediante \u00abgui\u00f1os\u00bb, y recibir nuevas coincidencias a diario. Tambi\u00e9n pueden navegar por los perfiles y dar \u00abme gusta\u00bb a las fotos de los dem\u00e1s. Las funciones m\u00e1s completas, como ver qui\u00e9n ha mirado tu perfil y le han gustado tus fotos, se pueden desbloquear pagando una cuota mensual. Incluso puedes pagar m\u00e1s para que los entrenadores de citas en tiempo real te emparejen. La nueva funci\u00f3n del sitio, llamada Vibe Check, te permite disfrutar de sesiones de videochat con tus parejas, mientras que otra nueva funci\u00f3n te permite pagar una peque\u00f1a cantidad para que Match te encuentre citas por ti.<\/p>\n<h3>Aff<\/h3>\n<p>Adult Friend Finder es uno de los sitios m\u00e1s antiguos de citas en l\u00ednea. Lanzada en 1995, existe desde el inicio del boom de Internet. Hoy en d\u00eda siguen creciendo, con m\u00e1s de 80 millones de miembros registrados. Este sitio se dirige a personas que buscan encuentros, sexo casual, relaciones discretas e incluso matrimonio. Si te gusta el intercambio de parejas, el sexo en grupo, los tr\u00edos o simplemente quieres divertirte, AF es para ti. Puede utilizar el sitio desde cualquier parte del mundo, gracias a las aplicaciones m\u00f3viles.<\/p>\n<h3>Ashley Madison<\/h3>\n<p>Hay muchos sitios de citas que atienden a personas que buscan sexo casual, pero pocos ofrecen una variedad tan amplia de caracter\u00edsticas y opciones. Mientras que algunos sitios se centran en ponerte en contacto con solteros locales, otros te permiten conectar con miles de miembros de todo el mundo. Si quieres encontrar a alguien con quien ligar, no busques m\u00e1s que en AshleyMadison.com. Este sitio ofrece todo lo que podr\u00edas necesitar para lograrlo, incluyendo salas de chat en l\u00ednea gratuitas, mensajer\u00eda instant\u00e1nea, videochat, transmisiones de c\u00e1maras web en vivo, correo electr\u00f3nico, texto, aplicaciones m\u00f3viles e incluso integraci\u00f3n con las redes sociales. Con m\u00e1s de 30 millones de perfiles activos, seguro que hay alguien cerca que quiere quedar para echar un polvo r\u00e1pido.<\/p>\n<p>Si est\u00e1s interesado en encontrar el amor, no necesitas pagar nada para unirte a AshleyMadison. Sin embargo, si decides pasar a uno de los planes de pago, disfrutar\u00e1s de acceso a funciones adicionales, como correos electr\u00f3nicos ilimitados, herramientas de comunicaci\u00f3n mejoradas y atenci\u00f3n al cliente prioritaria.<\/p>\n<h3>ALT.com<\/h3>\n<p>Alt.com es un sitio de contactos para personas pervertidas que buscan un poco m\u00e1s de sabor en su vida sexual. Este sitio de citas se dirige espec\u00edficamente a los amantes del bondage, la dominaci\u00f3n, la sumisi\u00f3n, el sadismo y el masoquismo (BDSM). Si est\u00e1s interesado en explorar el mundo del BDSM, no hay mejor lugar para empezar que aqu\u00ed.<\/p>\n<p>El sitio ofrece una prueba gratuita, para que puedas ver lo que ofrece sin gastar un c\u00e9ntimo. Puedes inscribirte por un mes, tres meses o doce meses, seg\u00fan el tiempo que quieras utilizar el sitio. Despu\u00e9s de inscribirse, recibir\u00e1 un correo electr\u00f3nico de bienvenida con instrucciones para iniciar la sesi\u00f3n. Una vez iniciada la sesi\u00f3n, puedes examinar los perfiles y enviar mensajes a posibles parejas. Tambi\u00e9n hay un sistema de mensajer\u00eda en el que puedes chatear con posibles parejas.<\/p>\n<h2>\u00bfY si s\u00f3lo quieres diversi\u00f3n casual?<\/h2>\n<p>Mucha gente utiliza las aplicaciones de citas porque quiere conocer a alguien nuevo. Pero, \u00bfqu\u00e9 pasa con aquellas personas que s\u00f3lo quieren tener un poco de sexo casual sin tener que pasar horas conoci\u00e9ndose? Hay montones de maneras de hacerlo, y la mayor\u00eda de ellas no implican gastar dinero en una cuota de afiliaci\u00f3n. Aqu\u00ed tienes cinco de las mejores aplicaciones de citas gratuitas para encontrar encuentros casuales.<\/p>\n<h2>Nuestros 3 mejores consejos para encontrar el amor con las aplicaciones<\/h2>\n<h3>Puedes encontrar a alguien que vibre con tu personalidad<\/h3>\n<p>Cuando te registres en Match, empezar\u00e1s con un cuestionario sobre tus rasgos de personalidad. A partir de ah\u00ed, se le emparejar\u00e1 en funci\u00f3n de sus intereses, valores, estilo de vida, educaci\u00f3n, carrera, religi\u00f3n, pol\u00edtica, etc. As\u00ed que, aunque pienses que s\u00f3lo est\u00e1s navegando por los perfiles, lo m\u00e1s probable es que te emparejen con personas a las que realmente les gustan las mismas cosas que a ti.<\/p>\n<h3>Tambi\u00e9n hay muchos partidos locales<\/h3>\n<p>No todo el mundo quiere tener una cita m\u00e1s all\u00e1 de las fronteras estatales, pero todav\u00eda hay muchas coincidencias locales que se pueden encontrar. Cuando te registres en Match en determinadas ciudades, tambi\u00e9n se te mostrar\u00e1 autom\u00e1ticamente gente cercana. Si quieres acotar el lugar donde te gustar\u00eda quedar, puedes establecer filtros como la distancia, el sexo, la etnia, etc.<\/p>\n<h3>Podr\u00e1s ver qui\u00e9n est\u00e1 consultando tu perfil<\/h3>\n<p>Como miembro de pago, podr\u00e1s ver el historial de actividad de cualquier otra persona que haya consultado tu perfil. Esto incluye si les ha gustado tu foto, si han le\u00eddo tu biograf\u00eda o si han dejado comentarios. Y como puedes ver qui\u00e9n ha visto tu perfil, puedes asegurarte de que es algo de lo que quieres seguir presumiendo ante posibles citas.<\/p>\n","protected":false},"excerpt":{"rendered":"<p>El sector de las citas para adultos est\u00e1 cambiando r\u00e1pidamente. Mientras que algunos sitios siguen centr\u00e1ndose en el mercado general, otros se dirigen a grupos especializados como lesbianas, bisexuales, transexuales y personas que buscan relaciones abiertas. A medida que la tecnolog\u00eda sigue avanzando, la forma de salir con la gente ha cambiado dr\u00e1sticamente en las [&hellip;]<\/p>\n","protected":false},"author":1,"featured_media":99,"parent":0,"menu_order":0,"comment_status":"closed","ping_status":"closed","template":"","meta":[],"yoast_head":"<!-- This site is optimized with the Yoast SEO plugin v17.7.1 - https:\/\/yoast.com\/wordpress\/plugins\/seo\/ -->\n<title>Su marco de citas: \u00bfC\u00f3mo empezar? - Framework Dating<\/title>\n<meta name=\"robots\" content=\"index, follow, max-snippet:-1, max-image-preview:large, max-video-preview:-1\" \/>\n<link rel=\"canonical\" href=\"https:\/\/lava-framework.com\/es\/\" \/>\n<meta property=\"og:locale\" content=\"es_ES\" \/>\n<meta property=\"og:type\" content=\"article\" \/>\n<meta property=\"og:title\" content=\"Su marco de citas: \u00bfC\u00f3mo empezar? - Framework Dating\" \/>\n<meta property=\"og:description\" content=\"El sector de las citas para adultos est\u00e1 cambiando r\u00e1pidamente. Mientras que algunos sitios siguen centr\u00e1ndose en el mercado general, otros se dirigen a grupos especializados como lesbianas, bisexuales, transexuales y personas que buscan relaciones abiertas. A medida que la tecnolog\u00eda sigue avanzando, la forma de salir con la gente ha cambiado dr\u00e1sticamente en las [&hellip;]\" \/>\n<meta property=\"og:url\" content=\"https:\/\/lava-framework.com\/es\/\" \/>\n<meta property=\"og:site_name\" content=\"Framework Dating\" \/>\n<meta property=\"article:modified_time\" content=\"2022-09-14T12:08:42+00:00\" \/>\n<meta property=\"og:image\" content=\"http:\/\/lava-framework.com\/wp-content\/uploads\/2022\/08\/casual-hookup-sites.jpeg\" \/>\n\t<meta property=\"og:image:width\" content=\"1125\" \/>\n\t<meta property=\"og:image:height\" content=\"750\" \/>\n<meta name=\"twitter:card\" content=\"summary_large_image\" \/>\n<meta name=\"twitter:label1\" content=\"Tiempo de lectura\" \/>\n\t<meta name=\"twitter:data1\" content=\"7 minutos\" \/>\n<script type=\"application\/ld+json\" class=\"yoast-schema-graph\">{\"@context\":\"https:\/\/schema.org\",\"@graph\":[{\"@type\":\"WebSite\",\"@id\":\"https:\/\/lava-framework.com\/fi\/#website\",\"url\":\"https:\/\/lava-framework.com\/fi\/\",\"name\":\"Framework Dating\",\"description\":\"Online Casual Hookups\",\"potentialAction\":[{\"@type\":\"SearchAction\",\"target\":{\"@type\":\"EntryPoint\",\"urlTemplate\":\"https:\/\/lava-framework.com\/fi\/?s={search_term_string}\"},\"query-input\":\"required name=search_term_string\"}],\"inLanguage\":\"es\"},{\"@type\":\"ImageObject\",\"@id\":\"https:\/\/lava-framework.com\/es\/#primaryimage\",\"inLanguage\":\"es\",\"url\":\"https:\/\/lava-framework.com\/wp-content\/uploads\/2022\/08\/casual-hookup-sites.jpeg\",\"contentUrl\":\"https:\/\/lava-framework.com\/wp-content\/uploads\/2022\/08\/casual-hookup-sites.jpeg\",\"width\":1125,\"height\":750},{\"@type\":\"WebPage\",\"@id\":\"https:\/\/lava-framework.com\/es\/#webpage\",\"url\":\"https:\/\/lava-framework.com\/es\/\",\"name\":\"Su marco de citas: \\u00bfC\\u00f3mo empezar? - Framework Dating\",\"isPartOf\":{\"@id\":\"https:\/\/lava-framework.com\/fi\/#website\"},\"primaryImageOfPage\":{\"@id\":\"https:\/\/lava-framework.com\/es\/#primaryimage\"},\"datePublished\":\"2022-08-18T14:02:55+00:00\",\"dateModified\":\"2022-09-14T12:08:42+00:00\",\"breadcrumb\":{\"@id\":\"https:\/\/lava-framework.com\/es\/#breadcrumb\"},\"inLanguage\":\"es\",\"potentialAction\":[{\"@type\":\"ReadAction\",\"target\":[\"https:\/\/lava-framework.com\/es\/\"]}]},{\"@type\":\"BreadcrumbList\",\"@id\":\"https:\/\/lava-framework.com\/es\/#breadcrumb\",\"itemListElement\":[{\"@type\":\"ListItem\",\"position\":1,\"name\":\"Home\",\"item\":\"http:\/\/lava-framework.com\/es\/\"},{\"@type\":\"ListItem\",\"position\":2,\"name\":\"Su marco de citas: \\u00bfC\\u00f3mo empezar?\"}]}]}<\/script>\n<!-- \/ Yoast SEO plugin. -->","yoast_head_json":{"title":"Su marco de citas: \u00bfC\u00f3mo empezar? - Framework Dating","robots":{"index":"index","follow":"follow","max-snippet":"max-snippet:-1","max-image-preview":"max-image-preview:large","max-video-preview":"max-video-preview:-1"},"canonical":"https:\/\/lava-framework.com\/es\/","og_locale":"es_ES","og_type":"article","og_title":"Su marco de citas: \u00bfC\u00f3mo empezar? - Framework Dating","og_description":"El sector de las citas para adultos est\u00e1 cambiando r\u00e1pidamente. Mientras que algunos sitios siguen centr\u00e1ndose en el mercado general, otros se dirigen a grupos especializados como lesbianas, bisexuales, transexuales y personas que buscan relaciones abiertas. A medida que la tecnolog\u00eda sigue avanzando, la forma de salir con la gente ha cambiado dr\u00e1sticamente en las [&hellip;]","og_url":"https:\/\/lava-framework.com\/es\/","og_site_name":"Framework Dating","article_modified_time":"2022-09-14T12:08:42+00:00","og_image":[{"width":1125,"height":750,"url":"http:\/\/lava-framework.com\/wp-content\/uploads\/2022\/08\/casual-hookup-sites.jpeg","type":"image\/jpeg"}],"twitter_card":"summary_large_image","twitter_misc":{"Tiempo de lectura":"7 minutos"},"schema":{"@context":"https:\/\/schema.org","@graph":[{"@type":"WebSite","@id":"https:\/\/lava-framework.com\/fi\/#website","url":"https:\/\/lava-framework.com\/fi\/","name":"Framework Dating","description":"Online Casual Hookups","potentialAction":[{"@type":"SearchAction","target":{"@type":"EntryPoint","urlTemplate":"https:\/\/lava-framework.com\/fi\/?s={search_term_string}"},"query-input":"required name=search_term_string"}],"inLanguage":"es"},{"@type":"ImageObject","@id":"https:\/\/lava-framework.com\/es\/#primaryimage","inLanguage":"es","url":"https:\/\/lava-framework.com\/wp-content\/uploads\/2022\/08\/casual-hookup-sites.jpeg","contentUrl":"https:\/\/lava-framework.com\/wp-content\/uploads\/2022\/08\/casual-hookup-sites.jpeg","width":1125,"height":750},{"@type":"WebPage","@id":"https:\/\/lava-framework.com\/es\/#webpage","url":"https:\/\/lava-framework.com\/es\/","name":"Su marco de citas: \u00bfC\u00f3mo empezar? - Framework Dating","isPartOf":{"@id":"https:\/\/lava-framework.com\/fi\/#website"},"primaryImageOfPage":{"@id":"https:\/\/lava-framework.com\/es\/#primaryimage"},"datePublished":"2022-08-18T14:02:55+00:00","dateModified":"2022-09-14T12:08:42+00:00","breadcrumb":{"@id":"https:\/\/lava-framework.com\/es\/#breadcrumb"},"inLanguage":"es","potentialAction":[{"@type":"ReadAction","target":["https:\/\/lava-framework.com\/es\/"]}]},{"@type":"BreadcrumbList","@id":"https:\/\/lava-framework.com\/es\/#breadcrumb","itemListElement":[{"@type":"ListItem","position":1,"name":"Home","item":"http:\/\/lava-framework.com\/es\/"},{"@type":"ListItem","position":2,"name":"Su marco de citas: \u00bfC\u00f3mo empezar?"}]}]}},"_links":{"self":[{"href":"https:\/\/lava-framework.com\/es\/wp-json\/wp\/v2\/pages\/384"}],"collection":[{"href":"https:\/\/lava-framework.com\/es\/wp-json\/wp\/v2\/pages"}],"about":[{"href":"https:\/\/lava-framework.com\/es\/wp-json\/wp\/v2\/types\/page"}],"author":[{"embeddable":true,"href":"https:\/\/lava-framework.com\/es\/wp-json\/wp\/v2\/users\/1"}],"replies":[{"embeddable":true,"href":"https:\/\/lava-framework.com\/es\/wp-json\/wp\/v2\/comments?post=384"}],"version-history":[{"count":1,"href":"https:\/\/lava-framework.com\/es\/wp-json\/wp\/v2\/pages\/384\/revisions"}],"predecessor-version":[{"id":448,"href":"https:\/\/lava-framework.com\/es\/wp-json\/wp\/v2\/pages\/384\/revisions\/448"}],"wp:featuredmedia":[{"embeddable":true,"href":"https:\/\/lava-framework.com\/es\/wp-json\/wp\/v2\/media\/99"}],"wp:attachment":[{"href":"https:\/\/lava-framework.com\/es\/wp-json\/wp\/v2\/media?parent=384"}],"curies":[{"name":"wp","href":"https:\/\/api.w.org\/{rel}","templated":true}]}}