{"id":376,"date":"2022-08-18T15:14:44","date_gmt":"2022-08-18T14:14:44","guid":{"rendered":"http:\/\/lava-framework.com\/plataformas-de-citas-milf-en-linea\/"},"modified":"2022-08-18T15:14:44","modified_gmt":"2022-08-18T14:14:44","slug":"plataformas-de-citas-milf-en-linea","status":"publish","type":"page","link":"https:\/\/lava-framework.com\/es\/plataformas-de-citas-milf-en-linea\/","title":{"rendered":"Plataformas de citas MILF en l\u00ednea"},"content":{"rendered":"<p>Los sitios de citas para mujeres son cada vez m\u00e1s populares entre las personas que buscan el amor en l\u00ednea. Hay muchas razones por las que las milfs son tan atractivas. Para empezar, las mujeres de m\u00e1s de 40 a\u00f1os han sido apodadas \u00abcougars\u00bb, y suelen ser conocidas por ser mucho m\u00e1s sexys que las mujeres m\u00e1s j\u00f3venes. Tambi\u00e9n tienen la experiencia, la madurez y la sabidur\u00eda que les falta a los j\u00f3venes. Adem\u00e1s, la mayor\u00eda de las mujeres mayores siguen queriendo encontrar una relaci\u00f3n, mientras que las m\u00e1s j\u00f3venes suelen buscar s\u00f3lo encuentros casuales.<\/p>\n<h2>Nuestras mejores selecciones<\/h2>\n<p>El n\u00famero de aplicaciones de citas para milf se ha disparado en los \u00faltimos a\u00f1os, y ahora hay miles de sitios de citas para milf en los que puedes conocer a mujeres locales interesadas en conocer a hombres como t\u00fa. Estos sitios de citas permiten buscar perfiles en funci\u00f3n de la ubicaci\u00f3n, la edad, los intereses e incluso el tipo de cuerpo. Si lo que quieres es iniciar una relaci\u00f3n seria, probablemente quieras utilizar un sitio de citas dirigido espec\u00edficamente a parejas casadas.<\/p>\n<h3>CougarLife<\/h3>\n<p>CougarLife es el sitio original de citas para milf, fundado en 2007. Aunque ya no es el mayor sitio de citas para mujeres, cuenta con una enorme base de datos de miembros activos. Los pumas tambi\u00e9n son bienvenidos aqu\u00ed, y el sitio te permite filtrar tus coincidencias seg\u00fan criterios como la edad, la distancia, la altura, el peso, la etnia, la religi\u00f3n, el nivel educativo, la ocupaci\u00f3n y el estado civil.<\/p>\n<h3>Mujeres maduras<\/h3>\n<p>Mature Women Looking for Men es otra gran opci\u00f3n para quienes buscan mujeres mayores. Este sitio se centra en poner en contacto a mujeres mayores con hombres m\u00e1s j\u00f3venes, y cuenta con una gran base de miembros de ambos. Los miembros pueden ver las fotos de los dem\u00e1s y leer sobre sus vidas, aficiones e intereses. Adem\u00e1s de buscar a alguien especial, tambi\u00e9n puedes configurar alertas para que te avisen de la nueva actividad en el sitio.<\/p>\n<h3>Citas para adultos<\/h3>\n<p>Las aplicaciones de citas para pumas, como Mature Dating, son cada vez m\u00e1s populares entre las mujeres mayores que buscan hombres j\u00f3venes. De hecho, hay incluso algunas mujeres mayores que est\u00e1n dispuestas a pagar por tener sexo con hombres m\u00e1s j\u00f3venes. Esto se debe a que ya no quieren estar solos. Son lo suficientemente mayores para saber lo que quieren, pero lo suficientemente j\u00f3venes para seguir disfrutando de la vida.<\/p>\n<p>Mature Dating es una de esas aplicaciones en las que puedes conocer a pumas, sugar moms y milfs. Estas mujeres suelen ser solteras y buscan hombres. Y como ya han llegado a la mediana edad, ya no les importa cu\u00e1nto dinero gana. Todo lo que quieren es compa\u00f1\u00eda y amor.<\/p>\n<h3>Citas de parejas<\/h3>\n<p>Cougar Dating es uno de los mejores sitios de citas para pumas que existen. Este sitio ofrece algunas funciones realmente interesantes, como el chat en vivo, las videollamadas y mucho m\u00e1s. Si buscas una relaci\u00f3n seria, este puede ser el lugar para ti.<\/p>\n<p>Esta <a href=\"http:\/\/lava-framework.com\/es\/ashley-madison-o-adultfriendfinder-aff\/\">aplicaci\u00f3n de citas<\/a> est\u00e1 dise\u00f1ada espec\u00edficamente para personas mayores de 40 a\u00f1os. Ellos entienden exactamente lo que las mujeres mayores buscan en un hombre, y proporcionan esas cosas en esta aplicaci\u00f3n de citas. De hecho, la mayor\u00eda de los miembros de esta aplicaci\u00f3n de citas ya est\u00e1n casados, pero siguen utilizando esta aplicaci\u00f3n porque disfrutan de la solter\u00eda. As\u00ed que, si est\u00e1s interesado en conocer a mujeres mayores, echa un vistazo a esta aplicaci\u00f3n de citas.<\/p>\n<h2>Por qu\u00e9 las mujeres mayores buscan a los j\u00f3venes<\/h2>\n<p>Hay muchas razones por las que a las mujeres mayores les gusta enrollarse con chicos m\u00e1s j\u00f3venes. Estas son algunas de las razones por las que las mujeres mayores quieren salir con hombres m\u00e1s j\u00f3venes.<\/p>\n<h3>Los hombres m\u00e1s j\u00f3venes tienen m\u00e1s energ\u00eda<\/h3>\n<p>Los j\u00f3venes suelen ser m\u00e1s en\u00e9rgicos y activos que los mayores. Esto les facilita conocer gente nueva y hacer amigos. Las personas mayores tienden a sentirse cansadas y perezosas porque pasan demasiado tiempo solas.<\/p>\n<h3>Los j\u00f3venes son menos cr\u00edticos<\/h3>\n<p>Las personas mayores suelen tener mucha experiencia en la vida. Sin embargo, siguen creyendo que hay algo malo en salir con alguien m\u00e1s joven que ellos. Por el contrario, a los m\u00e1s j\u00f3venes no les importa lo que los dem\u00e1s piensen de ellos.<\/p>\n<h3>Los j\u00f3venes pueden ser mejores padres<\/h3>\n<p>Muchas personas mayores no saben cuidar bien a los ni\u00f1os. En cambio, los m\u00e1s j\u00f3venes son mejores padres. Saben c\u00f3mo criar a los ni\u00f1os correctamente y darles todo lo que necesitan.<\/p>\n","protected":false},"excerpt":{"rendered":"<p>Los sitios de citas para mujeres son cada vez m\u00e1s populares entre las personas que buscan el amor en l\u00ednea. Hay muchas razones por las que las milfs son tan atractivas. Para empezar, las mujeres de m\u00e1s de 40 a\u00f1os han sido apodadas \u00abcougars\u00bb, y suelen ser conocidas por ser mucho m\u00e1s sexys que las [&hellip;]<\/p>\n","protected":false},"author":1,"featured_media":114,"parent":0,"menu_order":0,"comment_status":"closed","ping_status":"closed","template":"","meta":[],"yoast_head":"<!-- This site is optimized with the Yoast SEO plugin v17.7.1 - https:\/\/yoast.com\/wordpress\/plugins\/seo\/ -->\n<title>Plataformas de citas MILF en l\u00ednea - Framework Dating<\/title>\n<meta name=\"robots\" content=\"index, follow, max-snippet:-1, max-image-preview:large, max-video-preview:-1\" \/>\n<link rel=\"canonical\" href=\"https:\/\/lava-framework.com\/es\/plataformas-de-citas-milf-en-linea\/\" \/>\n<meta property=\"og:locale\" content=\"es_ES\" \/>\n<meta property=\"og:type\" content=\"article\" \/>\n<meta property=\"og:title\" content=\"Plataformas de citas MILF en l\u00ednea - Framework Dating\" \/>\n<meta property=\"og:description\" content=\"Los sitios de citas para mujeres son cada vez m\u00e1s populares entre las personas que buscan el amor en l\u00ednea. Hay muchas razones por las que las milfs son tan atractivas. Para empezar, las mujeres de m\u00e1s de 40 a\u00f1os han sido apodadas \u00abcougars\u00bb, y suelen ser conocidas por ser mucho m\u00e1s sexys que las [&hellip;]\" \/>\n<meta property=\"og:url\" content=\"https:\/\/lava-framework.com\/es\/plataformas-de-citas-milf-en-linea\/\" \/>\n<meta property=\"og:site_name\" content=\"Framework Dating\" \/>\n<meta name=\"twitter:card\" content=\"summary_large_image\" \/>\n<meta name=\"twitter:image\" content=\"https:\/\/lava-framework.com\/wp-content\/uploads\/2022\/08\/milf-dating.webp\" \/>\n<meta name=\"twitter:label1\" content=\"Tiempo de lectura\" \/>\n\t<meta name=\"twitter:data1\" content=\"4 minutos\" \/>\n<script type=\"application\/ld+json\" class=\"yoast-schema-graph\">{\"@context\":\"https:\/\/schema.org\",\"@graph\":[{\"@type\":\"WebSite\",\"@id\":\"https:\/\/lava-framework.com\/fi\/#website\",\"url\":\"https:\/\/lava-framework.com\/fi\/\",\"name\":\"Framework Dating\",\"description\":\"Online Casual Hookups\",\"potentialAction\":[{\"@type\":\"SearchAction\",\"target\":{\"@type\":\"EntryPoint\",\"urlTemplate\":\"https:\/\/lava-framework.com\/fi\/?s={search_term_string}\"},\"query-input\":\"required name=search_term_string\"}],\"inLanguage\":\"es\"},{\"@type\":\"ImageObject\",\"@id\":\"https:\/\/lava-framework.com\/es\/plataformas-de-citas-milf-en-linea\/#primaryimage\",\"inLanguage\":\"es\",\"url\":\"https:\/\/lava-framework.com\/wp-content\/uploads\/2022\/08\/milf-dating.webp\",\"contentUrl\":\"https:\/\/lava-framework.com\/wp-content\/uploads\/2022\/08\/milf-dating.webp\",\"width\":1124,\"height\":750},{\"@type\":\"WebPage\",\"@id\":\"https:\/\/lava-framework.com\/es\/plataformas-de-citas-milf-en-linea\/#webpage\",\"url\":\"https:\/\/lava-framework.com\/es\/plataformas-de-citas-milf-en-linea\/\",\"name\":\"Plataformas de citas MILF en l\\u00ednea - Framework Dating\",\"isPartOf\":{\"@id\":\"https:\/\/lava-framework.com\/fi\/#website\"},\"primaryImageOfPage\":{\"@id\":\"https:\/\/lava-framework.com\/es\/plataformas-de-citas-milf-en-linea\/#primaryimage\"},\"datePublished\":\"2022-08-18T14:14:44+00:00\",\"dateModified\":\"2022-08-18T14:14:44+00:00\",\"breadcrumb\":{\"@id\":\"https:\/\/lava-framework.com\/es\/plataformas-de-citas-milf-en-linea\/#breadcrumb\"},\"inLanguage\":\"es\",\"potentialAction\":[{\"@type\":\"ReadAction\",\"target\":[\"https:\/\/lava-framework.com\/es\/plataformas-de-citas-milf-en-linea\/\"]}]},{\"@type\":\"BreadcrumbList\",\"@id\":\"https:\/\/lava-framework.com\/es\/plataformas-de-citas-milf-en-linea\/#breadcrumb\",\"itemListElement\":[{\"@type\":\"ListItem\",\"position\":1,\"name\":\"Home\",\"item\":\"http:\/\/lava-framework.com\/es\/\"},{\"@type\":\"ListItem\",\"position\":2,\"name\":\"Plataformas de citas MILF en l\\u00ednea\"}]}]}<\/script>\n<!-- \/ Yoast SEO plugin. -->","yoast_head_json":{"title":"Plataformas de citas MILF en l\u00ednea - Framework Dating","robots":{"index":"index","follow":"follow","max-snippet":"max-snippet:-1","max-image-preview":"max-image-preview:large","max-video-preview":"max-video-preview:-1"},"canonical":"https:\/\/lava-framework.com\/es\/plataformas-de-citas-milf-en-linea\/","og_locale":"es_ES","og_type":"article","og_title":"Plataformas de citas MILF en l\u00ednea - Framework Dating","og_description":"Los sitios de citas para mujeres son cada vez m\u00e1s populares entre las personas que buscan el amor en l\u00ednea. Hay muchas razones por las que las milfs son tan atractivas. Para empezar, las mujeres de m\u00e1s de 40 a\u00f1os han sido apodadas \u00abcougars\u00bb, y suelen ser conocidas por ser mucho m\u00e1s sexys que las [&hellip;]","og_url":"https:\/\/lava-framework.com\/es\/plataformas-de-citas-milf-en-linea\/","og_site_name":"Framework Dating","twitter_card":"summary_large_image","twitter_image":"https:\/\/lava-framework.com\/wp-content\/uploads\/2022\/08\/milf-dating.webp","twitter_misc":{"Tiempo de lectura":"4 minutos"},"schema":{"@context":"https:\/\/schema.org","@graph":[{"@type":"WebSite","@id":"https:\/\/lava-framework.com\/fi\/#website","url":"https:\/\/lava-framework.com\/fi\/","name":"Framework Dating","description":"Online Casual Hookups","potentialAction":[{"@type":"SearchAction","target":{"@type":"EntryPoint","urlTemplate":"https:\/\/lava-framework.com\/fi\/?s={search_term_string}"},"query-input":"required name=search_term_string"}],"inLanguage":"es"},{"@type":"ImageObject","@id":"https:\/\/lava-framework.com\/es\/plataformas-de-citas-milf-en-linea\/#primaryimage","inLanguage":"es","url":"https:\/\/lava-framework.com\/wp-content\/uploads\/2022\/08\/milf-dating.webp","contentUrl":"https:\/\/lava-framework.com\/wp-content\/uploads\/2022\/08\/milf-dating.webp","width":1124,"height":750},{"@type":"WebPage","@id":"https:\/\/lava-framework.com\/es\/plataformas-de-citas-milf-en-linea\/#webpage","url":"https:\/\/lava-framework.com\/es\/plataformas-de-citas-milf-en-linea\/","name":"Plataformas de citas MILF en l\u00ednea - Framework Dating","isPartOf":{"@id":"https:\/\/lava-framework.com\/fi\/#website"},"primaryImageOfPage":{"@id":"https:\/\/lava-framework.com\/es\/plataformas-de-citas-milf-en-linea\/#primaryimage"},"datePublished":"2022-08-18T14:14:44+00:00","dateModified":"2022-08-18T14:14:44+00:00","breadcrumb":{"@id":"https:\/\/lava-framework.com\/es\/plataformas-de-citas-milf-en-linea\/#breadcrumb"},"inLanguage":"es","potentialAction":[{"@type":"ReadAction","target":["https:\/\/lava-framework.com\/es\/plataformas-de-citas-milf-en-linea\/"]}]},{"@type":"BreadcrumbList","@id":"https:\/\/lava-framework.com\/es\/plataformas-de-citas-milf-en-linea\/#breadcrumb","itemListElement":[{"@type":"ListItem","position":1,"name":"Home","item":"http:\/\/lava-framework.com\/es\/"},{"@type":"ListItem","position":2,"name":"Plataformas de citas MILF en l\u00ednea"}]}]}},"_links":{"self":[{"href":"https:\/\/lava-framework.com\/es\/wp-json\/wp\/v2\/pages\/376"}],"collection":[{"href":"https:\/\/lava-framework.com\/es\/wp-json\/wp\/v2\/pages"}],"about":[{"href":"https:\/\/lava-framework.com\/es\/wp-json\/wp\/v2\/types\/page"}],"author":[{"embeddable":true,"href":"https:\/\/lava-framework.com\/es\/wp-json\/wp\/v2\/users\/1"}],"replies":[{"embeddable":true,"href":"https:\/\/lava-framework.com\/es\/wp-json\/wp\/v2\/comments?post=376"}],"version-history":[{"count":0,"href":"https:\/\/lava-framework.com\/es\/wp-json\/wp\/v2\/pages\/376\/revisions"}],"wp:featuredmedia":[{"embeddable":true,"href":"https:\/\/lava-framework.com\/es\/wp-json\/wp\/v2\/media\/114"}],"wp:attachment":[{"href":"https:\/\/lava-framework.com\/es\/wp-json\/wp\/v2\/media?parent=376"}],"curies":[{"name":"wp","href":"https:\/\/api.w.org\/{rel}","templated":true}]}}