{"id":367,"date":"2022-08-18T15:14:44","date_gmt":"2022-08-18T14:14:44","guid":{"rendered":"http:\/\/lava-framework.com\/online-milf-dating-plattformen\/"},"modified":"2022-09-08T13:46:04","modified_gmt":"2022-09-08T12:46:04","slug":"online-milf-dating-plattformen","status":"publish","type":"page","link":"https:\/\/lava-framework.com\/de\/online-milf-dating-plattformen\/","title":{"rendered":"Online MILF Dating Plattformen"},"content":{"rendered":"<p>Milf-Dating-Seiten werden bei Menschen, die online nach Liebe suchen, immer beliebter. Es gibt viele Gr\u00fcnde, warum Milfs so attraktiv sind. Zun\u00e4chst einmal werden Frauen \u00fcber 40 als &#8220;Cougars&#8221; bezeichnet, und sie sind oft daf\u00fcr bekannt, viel sexier zu sein als j\u00fcngere Frauen. Au\u00dferdem verf\u00fcgen sie \u00fcber Erfahrung, Reife und Weisheit, die jungen Menschen fehlen. Au\u00dferdem wollen die meisten \u00e4lteren Frauen immer noch eine Beziehung eingehen, w\u00e4hrend j\u00fcngere Frauen in der Regel nur auf der Suche nach gelegentlichen Treffen sind.<\/p>\n<h2>Unsere Top-Picks<\/h2>\n<p>Die Zahl der Milf-Dating-Apps ist in den letzten Jahren explodiert, und es gibt jetzt Tausende von Milf-Dating-Seiten, auf denen Sie lokale Frauen treffen k\u00f6nnen, die daran interessiert sind, M\u00e4nner wie Sie kennenzulernen. Auf diesen Dating-Websites k\u00f6nnen Sie Profile nach Ort, Alter, Interessen und sogar nach K\u00f6rperbau durchsuchen. Wenn Sie auf der Suche nach einer ernsthaften <a href=\"http:\/\/www.sex-chat-rooms.com\/de\/kinky-dating-sites\/\">kinky chat<\/a> Beziehung sind, sollten Sie eine Dating-Website nutzen, die sich speziell an verheiratete Paare richtet.<\/p>\n<h3>CougarLife<\/h3>\n<p>CougarLife ist die urspr\u00fcngliche Milf-Dating-Seite, die 2007 gegr\u00fcndet wurde. Es ist zwar nicht mehr die gr\u00f6\u00dfte Milf-Dating-Website, aber sie verf\u00fcgt \u00fcber eine riesige Datenbank mit aktiven Mitgliedern. Auch Cougars sind hier willkommen, und die Website erm\u00f6glicht es Ihnen, Ihre Treffer nach Kriterien wie Alter, Entfernung, Gr\u00f6\u00dfe, Gewicht, ethnische Zugeh\u00f6rigkeit, Religion, Bildungsstand, Beruf und Familienstand zu filtern.<\/p>\n<h3>Reife Frauen<\/h3>\n<p>Mature Women Looking for Men ist eine weitere gute Option f\u00fcr alle, die auf der Suche nach \u00e4lteren Frauen sind. Diese Website konzentriert sich darauf, \u00e4ltere Frauen mit j\u00fcngeren M\u00e4nnern zusammenzubringen, und sie hat eine gro\u00dfe Mitgliederzahl von beiden. Die Mitglieder k\u00f6nnen sich gegenseitig Fotos zeigen und \u00fcber das Leben, die Hobbys und Interessen der anderen lesen. Neben der Suche nach einem bestimmten Menschen k\u00f6nnen Sie auch Benachrichtigungen einrichten, die Sie \u00fcber neue Aktivit\u00e4ten auf der Website informieren.<\/p>\n<h3>Reife Dating<\/h3>\n<p>Cougar-Dating-Apps wie Mature Dating werden bei \u00e4lteren Frauen <a href=\"https:\/\/adultxxxdate.net\/de\/kostenlose-milf-hookup-sites\/\">kostenlose milf<\/a>, die j\u00fcngere M\u00e4nner suchen, immer beliebter. Es gibt sogar einige \u00e4ltere Frauen, die bereit sind, f\u00fcr Sex mit j\u00fcngeren M\u00e4nnern zu bezahlen. Das liegt daran, dass sie nicht mehr allein sein wollen. Sie sind alt genug, um zu wissen, was sie wollen, aber jung genug, um das Leben noch zu genie\u00dfen.<\/p>\n<p>Mature Dating ist eine solche App, auf der Sie Cougars, Sugar Moms und Milfs treffen k\u00f6nnen. Diese Frauen sind in der Regel alleinstehend und auf der Suche nach M\u00e4nnern. Und da sie bereits ein mittleres Alter erreicht haben, interessiert es sie nicht mehr, wie viel Geld er verdient. Alles, was sie wollen, ist Gesellschaft und Liebe.<\/p>\n<h3>Cougar Dating<\/h3>\n<p>Cougar Dating ist eine der besten Cougar-Dating-Websites da drau\u00dfen. Diese Website bietet einige wirklich interessante Funktionen, wie Live-Chat, Videoanrufe und vieles mehr. Wenn Sie auf der Suche nach einer ernsthaften Beziehung sind, k\u00f6nnte dies der richtige Ort f\u00fcr Sie sein.<\/p>\n<p>Diese <a href=\"http:\/\/lava-framework.com\/de\/ashley-madison-oder-adultfriendfinder-aff\/\">Dating-App<\/a> wurde speziell f\u00fcr Menschen \u00fcber 40 Jahre entwickelt. Sie wissen genau, was \u00e4ltere Frauen in einem Mann suchen, und sie bieten diese Dinge auf dieser Dating-App. In der Tat sind die meisten Mitglieder dieser Dating-App bereits verheiratet, aber sie nutzen diese App trotzdem, weil sie gerne Single sind. Wenn Sie also daran interessiert sind, \u00e4ltere Frauen kennenzulernen, sollten Sie sich diese Dating-App ansehen.<\/p>\n<h2>Warum \u00e4ltere Frauen nach j\u00fcngeren Typen suchen<\/h2>\n<p>Es gibt viele Gr\u00fcnde, warum \u00e4ltere Frauen sich gerne mit j\u00fcngeren M\u00e4nnern treffen. Hier sind einige der Gr\u00fcnde, warum \u00e4ltere Frauen sich mit j\u00fcngeren M\u00e4nnern treffen wollen.<\/p>\n<h3>J\u00fcngere M\u00e4nner haben mehr Energie<\/h3>\n<p>J\u00fcngere Menschen sind in der Regel energiegeladener und aktiver als \u00e4ltere <a href=\"http:\/\/www.jerkingresources.com\/de\/\">jerk cam<\/a>. Das macht es ihnen leichter, neue Leute kennen zu lernen und Freundschaften zu schlie\u00dfen. \u00c4ltere Menschen neigen dazu, sich m\u00fcde und tr\u00e4ge zu f\u00fchlen, weil sie zu viel Zeit allein verbringen.<\/p>\n<h3>Junge Menschen sind weniger voreingenommen<\/h3>\n<p>\u00c4ltere Menschen haben oft eine Menge Lebenserfahrung. Sie glauben jedoch immer noch, dass es etwas Falsches ist, mit jemandem auszugehen, der j\u00fcnger ist als sie. Im Gegenteil: J\u00fcngeren Menschen ist es egal, was andere \u00fcber sie denken.<\/p>\n<h3>J\u00fcngere Menschen k\u00f6nnen bessere Eltern sein<\/h3>\n<p>Viele \u00e4ltere Menschen wissen nicht, wie man sich gut um Kinder k\u00fcmmert. Im Gegensatz dazu sind j\u00fcngere Menschen bessere Eltern. Sie wissen, wie man Kinder richtig erzieht und ihnen alles gibt, was sie brauchen.<\/p>\n","protected":false},"excerpt":{"rendered":"<p>Milf-Dating-Seiten werden bei Menschen, die online nach Liebe suchen, immer beliebter. Es gibt viele Gr\u00fcnde, warum Milfs so attraktiv sind. Zun\u00e4chst einmal werden Frauen \u00fcber 40 als &#8220;Cougars&#8221; bezeichnet, und sie sind oft daf\u00fcr bekannt, viel sexier zu sein als j\u00fcngere Frauen. Au\u00dferdem verf\u00fcgen sie \u00fcber Erfahrung, Reife und Weisheit, die jungen Menschen fehlen. Au\u00dferdem [&hellip;]<\/p>\n","protected":false},"author":1,"featured_media":108,"parent":0,"menu_order":0,"comment_status":"closed","ping_status":"closed","template":"","meta":[],"yoast_head":"<!-- This site is optimized with the Yoast SEO plugin v17.7.1 - https:\/\/yoast.com\/wordpress\/plugins\/seo\/ -->\n<title>Online MILF Dating Plattformen - Framework Dating<\/title>\n<meta name=\"robots\" content=\"index, follow, max-snippet:-1, max-image-preview:large, max-video-preview:-1\" \/>\n<link rel=\"canonical\" href=\"https:\/\/lava-framework.com\/de\/online-milf-dating-plattformen\/\" \/>\n<meta property=\"og:locale\" content=\"de_DE\" \/>\n<meta property=\"og:type\" content=\"article\" \/>\n<meta property=\"og:title\" content=\"Online MILF Dating Plattformen - Framework Dating\" \/>\n<meta property=\"og:description\" content=\"Milf-Dating-Seiten werden bei Menschen, die online nach Liebe suchen, immer beliebter. Es gibt viele Gr\u00fcnde, warum Milfs so attraktiv sind. Zun\u00e4chst einmal werden Frauen \u00fcber 40 als &#8220;Cougars&#8221; bezeichnet, und sie sind oft daf\u00fcr bekannt, viel sexier zu sein als j\u00fcngere Frauen. Au\u00dferdem verf\u00fcgen sie \u00fcber Erfahrung, Reife und Weisheit, die jungen Menschen fehlen. Au\u00dferdem [&hellip;]\" \/>\n<meta property=\"og:url\" content=\"https:\/\/lava-framework.com\/de\/online-milf-dating-plattformen\/\" \/>\n<meta property=\"og:site_name\" content=\"Framework Dating\" \/>\n<meta property=\"article:modified_time\" content=\"2022-09-08T12:46:04+00:00\" \/>\n<meta name=\"twitter:card\" content=\"summary_large_image\" \/>\n<meta name=\"twitter:image\" content=\"https:\/\/lava-framework.com\/wp-content\/uploads\/2022\/08\/milf-dating.webp\" \/>\n<meta name=\"twitter:label1\" content=\"Gesch\u00e4tzte Lesezeit\" \/>\n\t<meta name=\"twitter:data1\" content=\"4 minutes\" \/>\n<script type=\"application\/ld+json\" class=\"yoast-schema-graph\">{\"@context\":\"https:\/\/schema.org\",\"@graph\":[{\"@type\":\"WebSite\",\"@id\":\"https:\/\/lava-framework.com\/fi\/#website\",\"url\":\"https:\/\/lava-framework.com\/fi\/\",\"name\":\"Framework Dating\",\"description\":\"Online Casual Hookups\",\"potentialAction\":[{\"@type\":\"SearchAction\",\"target\":{\"@type\":\"EntryPoint\",\"urlTemplate\":\"https:\/\/lava-framework.com\/fi\/?s={search_term_string}\"},\"query-input\":\"required name=search_term_string\"}],\"inLanguage\":\"de-DE\"},{\"@type\":\"ImageObject\",\"@id\":\"https:\/\/lava-framework.com\/de\/online-milf-dating-plattformen\/#primaryimage\",\"inLanguage\":\"de-DE\",\"url\":\"https:\/\/lava-framework.com\/wp-content\/uploads\/2022\/08\/milf-dating.webp\",\"contentUrl\":\"https:\/\/lava-framework.com\/wp-content\/uploads\/2022\/08\/milf-dating.webp\",\"width\":1124,\"height\":750},{\"@type\":\"WebPage\",\"@id\":\"https:\/\/lava-framework.com\/de\/online-milf-dating-plattformen\/#webpage\",\"url\":\"https:\/\/lava-framework.com\/de\/online-milf-dating-plattformen\/\",\"name\":\"Online MILF Dating Plattformen - Framework Dating\",\"isPartOf\":{\"@id\":\"https:\/\/lava-framework.com\/fi\/#website\"},\"primaryImageOfPage\":{\"@id\":\"https:\/\/lava-framework.com\/de\/online-milf-dating-plattformen\/#primaryimage\"},\"datePublished\":\"2022-08-18T14:14:44+00:00\",\"dateModified\":\"2022-09-08T12:46:04+00:00\",\"breadcrumb\":{\"@id\":\"https:\/\/lava-framework.com\/de\/online-milf-dating-plattformen\/#breadcrumb\"},\"inLanguage\":\"de-DE\",\"potentialAction\":[{\"@type\":\"ReadAction\",\"target\":[\"https:\/\/lava-framework.com\/de\/online-milf-dating-plattformen\/\"]}]},{\"@type\":\"BreadcrumbList\",\"@id\":\"https:\/\/lava-framework.com\/de\/online-milf-dating-plattformen\/#breadcrumb\",\"itemListElement\":[{\"@type\":\"ListItem\",\"position\":1,\"name\":\"Home\",\"item\":\"http:\/\/lava-framework.com\/de\/\"},{\"@type\":\"ListItem\",\"position\":2,\"name\":\"Online MILF Dating Plattformen\"}]}]}<\/script>\n<!-- \/ Yoast SEO plugin. -->","yoast_head_json":{"title":"Online MILF Dating Plattformen - Framework Dating","robots":{"index":"index","follow":"follow","max-snippet":"max-snippet:-1","max-image-preview":"max-image-preview:large","max-video-preview":"max-video-preview:-1"},"canonical":"https:\/\/lava-framework.com\/de\/online-milf-dating-plattformen\/","og_locale":"de_DE","og_type":"article","og_title":"Online MILF Dating Plattformen - Framework Dating","og_description":"Milf-Dating-Seiten werden bei Menschen, die online nach Liebe suchen, immer beliebter. Es gibt viele Gr\u00fcnde, warum Milfs so attraktiv sind. Zun\u00e4chst einmal werden Frauen \u00fcber 40 als &#8220;Cougars&#8221; bezeichnet, und sie sind oft daf\u00fcr bekannt, viel sexier zu sein als j\u00fcngere Frauen. Au\u00dferdem verf\u00fcgen sie \u00fcber Erfahrung, Reife und Weisheit, die jungen Menschen fehlen. Au\u00dferdem [&hellip;]","og_url":"https:\/\/lava-framework.com\/de\/online-milf-dating-plattformen\/","og_site_name":"Framework Dating","article_modified_time":"2022-09-08T12:46:04+00:00","twitter_card":"summary_large_image","twitter_image":"https:\/\/lava-framework.com\/wp-content\/uploads\/2022\/08\/milf-dating.webp","twitter_misc":{"Gesch\u00e4tzte Lesezeit":"4 minutes"},"schema":{"@context":"https:\/\/schema.org","@graph":[{"@type":"WebSite","@id":"https:\/\/lava-framework.com\/fi\/#website","url":"https:\/\/lava-framework.com\/fi\/","name":"Framework Dating","description":"Online Casual Hookups","potentialAction":[{"@type":"SearchAction","target":{"@type":"EntryPoint","urlTemplate":"https:\/\/lava-framework.com\/fi\/?s={search_term_string}"},"query-input":"required name=search_term_string"}],"inLanguage":"de-DE"},{"@type":"ImageObject","@id":"https:\/\/lava-framework.com\/de\/online-milf-dating-plattformen\/#primaryimage","inLanguage":"de-DE","url":"https:\/\/lava-framework.com\/wp-content\/uploads\/2022\/08\/milf-dating.webp","contentUrl":"https:\/\/lava-framework.com\/wp-content\/uploads\/2022\/08\/milf-dating.webp","width":1124,"height":750},{"@type":"WebPage","@id":"https:\/\/lava-framework.com\/de\/online-milf-dating-plattformen\/#webpage","url":"https:\/\/lava-framework.com\/de\/online-milf-dating-plattformen\/","name":"Online MILF Dating Plattformen - Framework Dating","isPartOf":{"@id":"https:\/\/lava-framework.com\/fi\/#website"},"primaryImageOfPage":{"@id":"https:\/\/lava-framework.com\/de\/online-milf-dating-plattformen\/#primaryimage"},"datePublished":"2022-08-18T14:14:44+00:00","dateModified":"2022-09-08T12:46:04+00:00","breadcrumb":{"@id":"https:\/\/lava-framework.com\/de\/online-milf-dating-plattformen\/#breadcrumb"},"inLanguage":"de-DE","potentialAction":[{"@type":"ReadAction","target":["https:\/\/lava-framework.com\/de\/online-milf-dating-plattformen\/"]}]},{"@type":"BreadcrumbList","@id":"https:\/\/lava-framework.com\/de\/online-milf-dating-plattformen\/#breadcrumb","itemListElement":[{"@type":"ListItem","position":1,"name":"Home","item":"http:\/\/lava-framework.com\/de\/"},{"@type":"ListItem","position":2,"name":"Online MILF Dating Plattformen"}]}]}},"_links":{"self":[{"href":"https:\/\/lava-framework.com\/de\/wp-json\/wp\/v2\/pages\/367"}],"collection":[{"href":"https:\/\/lava-framework.com\/de\/wp-json\/wp\/v2\/pages"}],"about":[{"href":"https:\/\/lava-framework.com\/de\/wp-json\/wp\/v2\/types\/page"}],"author":[{"embeddable":true,"href":"https:\/\/lava-framework.com\/de\/wp-json\/wp\/v2\/users\/1"}],"replies":[{"embeddable":true,"href":"https:\/\/lava-framework.com\/de\/wp-json\/wp\/v2\/comments?post=367"}],"version-history":[{"count":1,"href":"https:\/\/lava-framework.com\/de\/wp-json\/wp\/v2\/pages\/367\/revisions"}],"predecessor-version":[{"id":397,"href":"https:\/\/lava-framework.com\/de\/wp-json\/wp\/v2\/pages\/367\/revisions\/397"}],"wp:featuredmedia":[{"embeddable":true,"href":"https:\/\/lava-framework.com\/de\/wp-json\/wp\/v2\/media\/108"}],"wp:attachment":[{"href":"https:\/\/lava-framework.com\/de\/wp-json\/wp\/v2\/media?parent=367"}],"curies":[{"name":"wp","href":"https:\/\/api.w.org\/{rel}","templated":true}]}}