{"id":369,"date":"2022-08-18T15:02:55","date_gmt":"2022-08-18T14:02:55","guid":{"rendered":"http:\/\/lava-framework.com\/din-dating-ramme-hvordan-kommer-du-i-gang\/"},"modified":"2022-08-18T15:02:55","modified_gmt":"2022-08-18T14:02:55","slug":"din-dating-ramme-hvordan-kommer-du-i-gang","status":"publish","type":"page","link":"https:\/\/lava-framework.com\/da\/","title":{"rendered":"Din dating-ramme: Hvordan kommer du i gang?"},"content":{"rendered":"<p>Voksen dating industrien \u00e6ndrer sig hurtigt. Mens nogle sider stadig fokuserer p\u00e5 det almindelige marked, henvender andre sig til nichegrupper som lesbiske, biseksuelle, transseksuelle, transk\u00f8nnede og folk, der leder efter \u00e5bne forhold.<\/p>\n<p>Efterh\u00e5nden som teknologien forts\u00e6tter med at udvikle sig, har den m\u00e5de, folk dater p\u00e5, \u00e6ndret sig drastisk i l\u00f8bet af de sidste par \u00e5rtier. Fra fremkomsten af online dating-sider som Match.com og OkCupid til udbredelsen af smartphones er der nu utallige m\u00e5der at komme i kontakt med en s\u00e6rlig person p\u00e5.<\/p>\n<h2>Hvilke apps skal du starte med?<\/h2>\n<p>Mens nogle mennesker stadig foretr\u00e6kker at m\u00f8des ansigt til ansigt, er andre helt tilfredse med at bruge det meste af deres tid p\u00e5 at chatte med potentielle dates via sms&#8217;er, videochats og messaging-apps.<\/p>\n<p>Men hvad med dem af os, der \u00f8nsker mere end bare et tilf\u00e6ldigt opkobling? Vi har forskellige behov, \u00f8nsker og behov, og vi bruger vores telefoner forskelligt, alt efter hvordan vi har det med os selv og vores forhold.<\/p>\n<h3>H\u00e6ngsel<\/h3>\n<p>Hinge er et socialt netv\u00e6rk, der fokuserer p\u00e5 meningsfulde forbindelser i stedet for bare at finde nye kontakter. Navnet stammer fra ordet &#8220;hinge&#8221;, der henviser til, hvor vigtige relationer er i livet.<\/p>\n<p>Appen giver brugerne mulighed for at komme i kontakt med andre p\u00e5 baggrund af f\u00e6lles interesser og lidenskaber. Du kan gennemse profiler, sende beskeder og lave planer om at m\u00f8des. I mods\u00e6tning til mange andre dating-apps beder Hinge ikke om dit telefonnummer eller din e-mailadresse. I stedet skal du bruge Facebook til at tilmelde dig.<\/p>\n<p>Du kan ogs\u00e5 tilf\u00f8je venner via Facebook Messenger, WhatsApp eller Instagram Direct. N\u00e5r du er logget ind p\u00e5 Hinge, kan du se andre medlemmers aktiviteter, herunder seneste matches, likes, kommentarer og billeder. Hver dag kan du tjekke ind for at se, hvad der sker omkring dig. Du kan f.eks. se, at en anden person tjekker ind i n\u00e6rheden af din placering. Eller m\u00e5ske er der en anbefaling af en restaurant eller caf\u00e9 i n\u00e6rheden. N\u00e5r du finder noget interessant, skal du trykke p\u00e5 knappen for at &#8220;synes godt om&#8221; det. P\u00e5 den m\u00e5de kan alle vide, at du er interesseret i det, du er i gang med. N\u00e5r du vil chatte om det, kan du g\u00f8re det ved at trykke p\u00e5 knappen ved siden af emnet.<\/p>\n<h3>T\u00e6ndstik<\/h3>\n<p>Match.com er en af de mest popul\u00e6re dating sider i verden med over 20 millioner aktive medlemmer p\u00e5 verdensplan. I 2016 havde virksomheden en oms\u00e6tning p\u00e5 1 milliard dollars. Appen kan downloades gratis til b\u00e5de Android- og iOS-enheder.<\/p>\n<p>Gratis brugere kan oprette personlige onlineprofiler, uploade et par billeder af sig selv og derefter flirte online via &#8220;winks&#8221; og f\u00e5 nye matches leveret dagligt. De kan ogs\u00e5 gennemse profiler og synes godt om hinandens billeder. Du kan f\u00e5 adgang til mere omfattende funktioner, f.eks. se, hvem der har set din profil og synes godt om dine billeder, ved at betale et m\u00e5nedligt gebyr. Du kan endda betale ekstra for at f\u00e5 datingcoaches til at matche dig i realtid. Sidens nyeste funktion, kaldet Vibe Check, lader dig nyde videochat-sessioner med dine matches, mens en anden ny funktion giver dig mulighed for at betale et lille bel\u00f8b for at f\u00e5 Match til at finde dates for dig.<\/p>\n<h3>Aff<\/h3>\n<p>Adult Friend Finder er en af de \u00e6ldste dating sider online. Den blev lanceret i 1995 og har eksisteret siden begyndelsen af internetboomet. De vokser stadig i dag og har over 80 millioner registrerede medlemmer. Denne side henvender sig til folk, der leder efter hookups, afslappet sex, diskrete forhold og endda \u00e6gteskab. Hvis du er til swinging, gruppesex, trekanter eller bare har lyst til at have det sjovt, er AF noget for dig. Du kan bruge webstedet hvor som helst i verden takket v\u00e6re mobilapps.<\/p>\n<h3>Ashley Madison<\/h3>\n<p>Der er mange dating sider, der henvender sig til folk, der s\u00f8ger afslappet sex, men kun f\u00e5 tilbyder s\u00e5 mange forskellige funktioner og muligheder. Mens nogle sider er fokuseret p\u00e5 at forbinde dig med lokale singler, andre giver dig mulighed for at forbinde dig med tusindvis af medlemmer over hele verden. Hvis du \u00f8nsker at finde en at finde en at m\u00f8des med, skal du ikke lede l\u00e6ngere end til AshleyMadison.com. Dette websted tilbyder alt, hvad du kan f\u00e5 brug for for at f\u00e5 det til at ske, herunder gratis online chatrum, instant messaging, videochat, live webcam-feeds, e-mail, tekst, mobilapps og endda integration af sociale medier. Med over 30 millioner aktive profiler er der helt sikkert nogen i n\u00e6rheden, som vil m\u00f8des til en hurtig omgang.<\/p>\n<p>Hvis du er interesseret i at finde k\u00e6rligheden, beh\u00f8ver du ikke at betale noget for at blive medlem af AshleyMadison. Men hvis du beslutter dig for at opgradere til en af de betalte medlemskabsplaner, f\u00e5r du adgang til yderligere funktioner som ubegr\u00e6nsede e-mails, forbedrede kommunikationsv\u00e6rkt\u00f8jer og prioriteret kundesupport.<\/p>\n<h3>ALT.com<\/h3>\n<p>Alt.com er en side for kinky mennesker, der leder efter lidt ekstra krydderi i deres sexliv. Denne niche dating site henvender sig specifikt til dem, der er til bondage, dominans, underkastelse, sadisme og masochisme (BDSM). Hvis du er interesseret i at udforske BDSM-verdenen, er der ikke noget bedre sted at starte end her.<\/p>\n<p>Siden tilbyder en gratis pr\u00f8veperiode, s\u00e5 du kan se, hvad den har at tilbyde uden at bruge en krone. Du kan enten tilmelde dig for en m\u00e5ned, tre m\u00e5neder eller tolv m\u00e5neder, afh\u00e6ngigt af hvor l\u00e6nge du \u00f8nsker at bruge webstedet. N\u00e5r du har tilmeldt dig, modtager du en velkomstmail med instruktioner om, hvordan du logger ind. N\u00e5r du er logget ind, kan du gennemse profiler og sende beskeder til potentielle partnere. Der er ogs\u00e5 et meddelelsessystem, hvor du kan chatte med potentielle matches.<\/p>\n<h2>Hvad med hvis du bare vil have afslappet sjov?<\/h2>\n<p>Mange mennesker bruger dating-apps, fordi de \u00f8nsker at m\u00f8de en ny person. Men hvad med de mennesker, der bare gerne vil have lidt afslappet sex uden at skulle bruge flere timer p\u00e5 at l\u00e6re hinanden at kende? Der er masser af forskellige m\u00e5der at g\u00f8re det p\u00e5, og de fleste af dem indeb\u00e6rer ikke, at du skal bruge penge p\u00e5 et medlemskab. Her er fem af de bedste gratis dating apps til at finde tilf\u00e6ldige m\u00f8der.<\/p>\n<h2>Vores 3 bedste tips til at finde k\u00e6rligheden med apps<\/h2>\n<h3>Du kan finde en person, der passer til din personlighed<\/h3>\n<p>N\u00e5r du tilmelder dig til Match, f\u00e5r du f\u00f8rst et sp\u00f8rgeskema om dine personlighedstr\u00e6k. Derfra bliver du matchet p\u00e5 baggrund af dine interesser, v\u00e6rdier, livsstil, uddannelse, karriere, religion, politik og meget mere. S\u00e5 selv om du m\u00e5ske tror, at du bare kigger p\u00e5 profiler, er der gode chancer for, at du faktisk bliver matchet med folk, der virkelig er interesseret i de samme ting som dig.<\/p>\n<h3>Der er ogs\u00e5 masser af lokale kampe<\/h3>\n<p>Det er ikke alle, der \u00f8nsker at date p\u00e5 tv\u00e6rs af statsgr\u00e6nserne, men der er stadig masser af lokale matches at finde. N\u00e5r du tilmelder dig Match i visse byer, f\u00e5r du automatisk vist personer i n\u00e6rheden. Hvis du \u00f8nsker at indsn\u00e6vre, hvor du gerne vil m\u00f8des, kan du indstille filtre som f.eks. afstand, k\u00f8n, etnicitet og meget mere.<\/p>\n<h3>Du f\u00e5r mulighed for at se, hvem der tjekker din profil<\/h3>\n<p>Som betalt medlem kan du se aktivitetshistorikken for alle andre, der har tjekket din profil. Dette omfatter, om de kunne lide dit billede, om de l\u00e6ste din bio eller om de gav feedback. Og fordi du kan se, hvem der har set din profil, kan du sikre dig, at det er noget, du vil blive ved med at vise frem for potentielle dates.<\/p>\n","protected":false},"excerpt":{"rendered":"<p>Voksen dating industrien \u00e6ndrer sig hurtigt. Mens nogle sider stadig fokuserer p\u00e5 det almindelige marked, henvender andre sig til nichegrupper som lesbiske, biseksuelle, transseksuelle, transk\u00f8nnede og folk, der leder efter \u00e5bne forhold. Efterh\u00e5nden som teknologien forts\u00e6tter med at udvikle sig, har den m\u00e5de, folk dater p\u00e5, \u00e6ndret sig drastisk i l\u00f8bet af de sidste par [&hellip;]<\/p>\n","protected":false},"author":1,"featured_media":89,"parent":0,"menu_order":0,"comment_status":"closed","ping_status":"closed","template":"","meta":[],"yoast_head":"<!-- This site is optimized with the Yoast SEO plugin v17.7.1 - https:\/\/yoast.com\/wordpress\/plugins\/seo\/ -->\n<title>Din dating-ramme: Hvordan kommer du i gang? - Framework Dating<\/title>\n<meta name=\"robots\" content=\"index, follow, max-snippet:-1, max-image-preview:large, max-video-preview:-1\" \/>\n<link rel=\"canonical\" href=\"https:\/\/lava-framework.com\/da\/\" \/>\n<meta property=\"og:locale\" content=\"da_DK\" \/>\n<meta property=\"og:type\" content=\"article\" \/>\n<meta property=\"og:title\" content=\"Din dating-ramme: Hvordan kommer du i gang? - Framework Dating\" \/>\n<meta property=\"og:description\" content=\"Voksen dating industrien \u00e6ndrer sig hurtigt. Mens nogle sider stadig fokuserer p\u00e5 det almindelige marked, henvender andre sig til nichegrupper som lesbiske, biseksuelle, transseksuelle, transk\u00f8nnede og folk, der leder efter \u00e5bne forhold. Efterh\u00e5nden som teknologien forts\u00e6tter med at udvikle sig, har den m\u00e5de, folk dater p\u00e5, \u00e6ndret sig drastisk i l\u00f8bet af de sidste par [&hellip;]\" \/>\n<meta property=\"og:url\" content=\"https:\/\/lava-framework.com\/da\/\" \/>\n<meta property=\"og:site_name\" content=\"Framework Dating\" \/>\n<meta property=\"og:image\" content=\"http:\/\/lava-framework.com\/wp-content\/uploads\/2022\/08\/casual-hookup-sites.jpeg\" \/>\n\t<meta property=\"og:image:width\" content=\"1125\" \/>\n\t<meta property=\"og:image:height\" content=\"750\" \/>\n<meta name=\"twitter:card\" content=\"summary_large_image\" \/>\n<meta name=\"twitter:label1\" content=\"Estimeret l\u00e6setid\" \/>\n\t<meta name=\"twitter:data1\" content=\"7 minutter\" \/>\n<script type=\"application\/ld+json\" class=\"yoast-schema-graph\">{\"@context\":\"https:\/\/schema.org\",\"@graph\":[{\"@type\":\"WebSite\",\"@id\":\"https:\/\/lava-framework.com\/fi\/#website\",\"url\":\"https:\/\/lava-framework.com\/fi\/\",\"name\":\"Framework Dating\",\"description\":\"Online Casual Hookups\",\"potentialAction\":[{\"@type\":\"SearchAction\",\"target\":{\"@type\":\"EntryPoint\",\"urlTemplate\":\"https:\/\/lava-framework.com\/fi\/?s={search_term_string}\"},\"query-input\":\"required name=search_term_string\"}],\"inLanguage\":\"da-DK\"},{\"@type\":\"ImageObject\",\"@id\":\"https:\/\/lava-framework.com\/da\/#primaryimage\",\"inLanguage\":\"da-DK\",\"url\":\"https:\/\/lava-framework.com\/wp-content\/uploads\/2022\/08\/casual-hookup-sites.jpeg\",\"contentUrl\":\"https:\/\/lava-framework.com\/wp-content\/uploads\/2022\/08\/casual-hookup-sites.jpeg\",\"width\":1125,\"height\":750},{\"@type\":\"WebPage\",\"@id\":\"https:\/\/lava-framework.com\/da\/#webpage\",\"url\":\"https:\/\/lava-framework.com\/da\/\",\"name\":\"Din dating-ramme: Hvordan kommer du i gang? - Framework Dating\",\"isPartOf\":{\"@id\":\"https:\/\/lava-framework.com\/fi\/#website\"},\"primaryImageOfPage\":{\"@id\":\"https:\/\/lava-framework.com\/da\/#primaryimage\"},\"datePublished\":\"2022-08-18T14:02:55+00:00\",\"dateModified\":\"2022-08-18T14:02:55+00:00\",\"breadcrumb\":{\"@id\":\"https:\/\/lava-framework.com\/da\/#breadcrumb\"},\"inLanguage\":\"da-DK\",\"potentialAction\":[{\"@type\":\"ReadAction\",\"target\":[\"https:\/\/lava-framework.com\/da\/\"]}]},{\"@type\":\"BreadcrumbList\",\"@id\":\"https:\/\/lava-framework.com\/da\/#breadcrumb\",\"itemListElement\":[{\"@type\":\"ListItem\",\"position\":1,\"name\":\"Home\",\"item\":\"http:\/\/lava-framework.com\/da\/\"},{\"@type\":\"ListItem\",\"position\":2,\"name\":\"Din dating-ramme: Hvordan kommer du i gang?\"}]}]}<\/script>\n<!-- \/ Yoast SEO plugin. -->","yoast_head_json":{"title":"Din dating-ramme: Hvordan kommer du i gang? - Framework Dating","robots":{"index":"index","follow":"follow","max-snippet":"max-snippet:-1","max-image-preview":"max-image-preview:large","max-video-preview":"max-video-preview:-1"},"canonical":"https:\/\/lava-framework.com\/da\/","og_locale":"da_DK","og_type":"article","og_title":"Din dating-ramme: Hvordan kommer du i gang? - Framework Dating","og_description":"Voksen dating industrien \u00e6ndrer sig hurtigt. Mens nogle sider stadig fokuserer p\u00e5 det almindelige marked, henvender andre sig til nichegrupper som lesbiske, biseksuelle, transseksuelle, transk\u00f8nnede og folk, der leder efter \u00e5bne forhold. Efterh\u00e5nden som teknologien forts\u00e6tter med at udvikle sig, har den m\u00e5de, folk dater p\u00e5, \u00e6ndret sig drastisk i l\u00f8bet af de sidste par [&hellip;]","og_url":"https:\/\/lava-framework.com\/da\/","og_site_name":"Framework Dating","og_image":[{"width":1125,"height":750,"url":"http:\/\/lava-framework.com\/wp-content\/uploads\/2022\/08\/casual-hookup-sites.jpeg","type":"image\/jpeg"}],"twitter_card":"summary_large_image","twitter_misc":{"Estimeret l\u00e6setid":"7 minutter"},"schema":{"@context":"https:\/\/schema.org","@graph":[{"@type":"WebSite","@id":"https:\/\/lava-framework.com\/fi\/#website","url":"https:\/\/lava-framework.com\/fi\/","name":"Framework Dating","description":"Online Casual Hookups","potentialAction":[{"@type":"SearchAction","target":{"@type":"EntryPoint","urlTemplate":"https:\/\/lava-framework.com\/fi\/?s={search_term_string}"},"query-input":"required name=search_term_string"}],"inLanguage":"da-DK"},{"@type":"ImageObject","@id":"https:\/\/lava-framework.com\/da\/#primaryimage","inLanguage":"da-DK","url":"https:\/\/lava-framework.com\/wp-content\/uploads\/2022\/08\/casual-hookup-sites.jpeg","contentUrl":"https:\/\/lava-framework.com\/wp-content\/uploads\/2022\/08\/casual-hookup-sites.jpeg","width":1125,"height":750},{"@type":"WebPage","@id":"https:\/\/lava-framework.com\/da\/#webpage","url":"https:\/\/lava-framework.com\/da\/","name":"Din dating-ramme: Hvordan kommer du i gang? - Framework Dating","isPartOf":{"@id":"https:\/\/lava-framework.com\/fi\/#website"},"primaryImageOfPage":{"@id":"https:\/\/lava-framework.com\/da\/#primaryimage"},"datePublished":"2022-08-18T14:02:55+00:00","dateModified":"2022-08-18T14:02:55+00:00","breadcrumb":{"@id":"https:\/\/lava-framework.com\/da\/#breadcrumb"},"inLanguage":"da-DK","potentialAction":[{"@type":"ReadAction","target":["https:\/\/lava-framework.com\/da\/"]}]},{"@type":"BreadcrumbList","@id":"https:\/\/lava-framework.com\/da\/#breadcrumb","itemListElement":[{"@type":"ListItem","position":1,"name":"Home","item":"http:\/\/lava-framework.com\/da\/"},{"@type":"ListItem","position":2,"name":"Din dating-ramme: Hvordan kommer du i gang?"}]}]}},"_links":{"self":[{"href":"https:\/\/lava-framework.com\/da\/wp-json\/wp\/v2\/pages\/369"}],"collection":[{"href":"https:\/\/lava-framework.com\/da\/wp-json\/wp\/v2\/pages"}],"about":[{"href":"https:\/\/lava-framework.com\/da\/wp-json\/wp\/v2\/types\/page"}],"author":[{"embeddable":true,"href":"https:\/\/lava-framework.com\/da\/wp-json\/wp\/v2\/users\/1"}],"replies":[{"embeddable":true,"href":"https:\/\/lava-framework.com\/da\/wp-json\/wp\/v2\/comments?post=369"}],"version-history":[{"count":0,"href":"https:\/\/lava-framework.com\/da\/wp-json\/wp\/v2\/pages\/369\/revisions"}],"wp:featuredmedia":[{"embeddable":true,"href":"https:\/\/lava-framework.com\/da\/wp-json\/wp\/v2\/media\/89"}],"wp:attachment":[{"href":"https:\/\/lava-framework.com\/da\/wp-json\/wp\/v2\/media?parent=369"}],"curies":[{"name":"wp","href":"https:\/\/api.w.org\/{rel}","templated":true}]}}