{"id":346,"date":"2022-08-18T15:14:44","date_gmt":"2022-08-18T14:14:44","guid":{"rendered":"http:\/\/lava-framework.com\/online-milf-dating-platforme\/"},"modified":"2022-08-18T15:14:44","modified_gmt":"2022-08-18T14:14:44","slug":"online-milf-dating-platforme","status":"publish","type":"page","link":"https:\/\/lava-framework.com\/da\/online-milf-dating-platforme\/","title":{"rendered":"Online MILF dating platforme"},"content":{"rendered":"<p>Milf dating sites bliver mere og mere popul\u00e6re blandt folk, der s\u00f8ger k\u00e6rlighed online. Der er mange grunde til, at milfs er s\u00e5 attraktive. For det f\u00f8rste er kvinder over 40 \u00e5r blevet kaldt &#8220;cougars&#8221;, og de er ofte kendt for at v\u00e6re meget mere sexede end yngre kvinder. De har ogs\u00e5 erfaring, modenhed og visdom, som unge mennesker mangler. Plus, de fleste \u00e6ldre kvinder \u00f8nsker stadig at finde et forhold, mens yngre kvinder normalt bare er p\u00e5 udkig efter tilf\u00e6ldige opkoblinger.<\/p>\n<h2>Vores bedste valg<\/h2>\n<p>Antallet af MILF dating apps er eksploderet i l\u00f8bet af de sidste par \u00e5r, og der er nu tusindvis af MILF dating sites, hvor du kan m\u00f8de lokale kvinder interesseret i at m\u00f8de m\u00e6nd som dig selv. Disse datingsider giver dig mulighed for at gennemse profiler baseret p\u00e5 placering, alder, interesser og endda kropstype. Hvis du \u00f8nsker at starte et seri\u00f8st forhold, skal du sandsynligvis bruge en dating side, der specifikt henvender sig til gifte par.<\/p>\n<h3>CougarLife<\/h3>\n<p>CougarLife er det originale MILF dating site, grundlagt i 2007. Mens det er ikke l\u00e6ngere den st\u00f8rste MILF dating site, det g\u00f8r prale af en enorm database af aktive medlemmer. Cougars er ogs\u00e5 velkomne her, og siden giver dig mulighed for at filtrere dine matches efter kriterier som alder, afstand, h\u00f8jde, v\u00e6gt, etnicitet, religion, uddannelsesniveau, erhverv og civilstand.<\/p>\n<h3>Modne kvinder<\/h3>\n<p>Mature Women Looking for Men er en anden god mulighed for dem, der leder efter \u00e6ldre kvinder. Denne side fokuserer p\u00e5 at forbinde \u00e6ldre kvinder med yngre m\u00e6nd, og den har en stor medlemsskare af begge dele. Medlemmerne kan se hinandens billeder og l\u00e6se om hinandens liv, hobbyer og interesser. Ud over at s\u00f8ge efter en s\u00e6rlig person kan du ogs\u00e5 oprette advarsler, der giver dig besked om nye aktiviteter p\u00e5 siden.<\/p>\n<h3>Mature Dating<\/h3>\n<p>Cougar dating apps som Mature Dating bliver mere og mere popul\u00e6re blandt \u00e6ldre kvinder, der s\u00f8ger yngre m\u00e6nd. Faktisk er der endda nogle \u00e6ldre kvinder, som er villige til at betale for sex med yngre m\u00e6nd. Det skyldes, at de ikke l\u00e6ngere \u00f8nsker at v\u00e6re alene. De er gamle nok til at vide, hvad de vil have, men unge nok til stadig at nyde livet.<\/p>\n<p>Mature Dating er en s\u00e5dan app, hvor du kan m\u00f8de cougars, sugar moms og milfs. Disse kvinder er som regel single og s\u00f8ger m\u00e6nd. Og da de allerede har n\u00e5et en middelalder, er de ligeglade med, hvor mange penge han tjener. Alt, hvad de \u00f8nsker, er samv\u00e6r og k\u00e6rlighed.<\/p>\n<h3>Cougar Dating<\/h3>\n<p>Cougar Dating er en af de bedste cougar dating sider derude. Dette websted tilbyder nogle virkelig interessante funktioner, s\u00e5som live chat, videoopkald og meget mere. Hvis du er p\u00e5 udkig efter et seri\u00f8st forhold, er dette m\u00e5ske det rette sted for dig.<\/p>\n<p>Denne <a href=\"http:\/\/lava-framework.com\/da\/ashley-madison-eller-adultfriendfinder-aff\/\">dating-app<\/a> er specielt udviklet til personer over 40 \u00e5r. De forst\u00e5r pr\u00e6cis, hvad \u00e6ldre kvinder s\u00f8ger hos en mand, og de tilbyder disse ting p\u00e5 denne dating app. Faktisk er de fleste af medlemmerne af denne dating-app allerede gift, men de bruger stadig denne app, fordi de nyder at v\u00e6re single. S\u00e5 hvis du er interesseret i at m\u00f8de \u00e6ldre kvinder, s\u00e5 tjek denne dating app ud.<\/p>\n<h2>Hvorfor \u00e6ldre kvinder s\u00f8ger yngre fyre<\/h2>\n<p>Der er mange grunde til, at \u00e6ldre kvinder gerne vil v\u00e6re sammen med yngre fyre. Her er nogle af grundene til, at \u00e6ldre kvinder \u00f8nsker at date yngre m\u00e6nd.<\/p>\n<h3>Yngre m\u00e6nd har mere energi<\/h3>\n<p>Yngre mennesker er normalt mere energiske og aktive end \u00e6ldre mennesker. Det g\u00f8r det lettere for dem at m\u00f8de nye mennesker og f\u00e5 venner. \u00c6ldre mennesker har tendens til at f\u00f8le sig tr\u00e6tte og dovne, fordi de tilbringer for meget tid alene.<\/p>\n<h3>Unge mennesker er mindre ford\u00f8mmende<\/h3>\n<p>\u00c6ldre mennesker har ofte en stor erfaring i livet. De mener dog stadig, at der er noget forkert ved at g\u00e5 ud med en yngre end dem selv. Tv\u00e6rtimod er de yngre mennesker ligeglade med, hvad andre t\u00e6nker om dem.<\/p>\n<h3>Yngre mennesker kan blive bedre for\u00e6ldre<\/h3>\n<p>Mange \u00e6ldre mennesker ved ikke, hvordan de skal passe godt p\u00e5 b\u00f8rn. Derimod er yngre mennesker bedre for\u00e6ldre. De forst\u00e5r, hvordan man opdrager b\u00f8rn ordentligt og giver dem alt, hvad de har brug for.<\/p>\n","protected":false},"excerpt":{"rendered":"<p>Milf dating sites bliver mere og mere popul\u00e6re blandt folk, der s\u00f8ger k\u00e6rlighed online. Der er mange grunde til, at milfs er s\u00e5 attraktive. For det f\u00f8rste er kvinder over 40 \u00e5r blevet kaldt &#8220;cougars&#8221;, og de er ofte kendt for at v\u00e6re meget mere sexede end yngre kvinder. De har ogs\u00e5 erfaring, modenhed og [&hellip;]<\/p>\n","protected":false},"author":1,"featured_media":104,"parent":0,"menu_order":0,"comment_status":"closed","ping_status":"closed","template":"","meta":[],"yoast_head":"<!-- This site is optimized with the Yoast SEO plugin v17.7.1 - https:\/\/yoast.com\/wordpress\/plugins\/seo\/ -->\n<title>Online MILF dating platforme - Framework Dating<\/title>\n<meta name=\"robots\" content=\"index, follow, max-snippet:-1, max-image-preview:large, max-video-preview:-1\" \/>\n<link rel=\"canonical\" href=\"https:\/\/lava-framework.com\/da\/online-milf-dating-platforme\/\" \/>\n<meta property=\"og:locale\" content=\"da_DK\" \/>\n<meta property=\"og:type\" content=\"article\" \/>\n<meta property=\"og:title\" content=\"Online MILF dating platforme - Framework Dating\" \/>\n<meta property=\"og:description\" content=\"Milf dating sites bliver mere og mere popul\u00e6re blandt folk, der s\u00f8ger k\u00e6rlighed online. Der er mange grunde til, at milfs er s\u00e5 attraktive. For det f\u00f8rste er kvinder over 40 \u00e5r blevet kaldt &#8220;cougars&#8221;, og de er ofte kendt for at v\u00e6re meget mere sexede end yngre kvinder. De har ogs\u00e5 erfaring, modenhed og [&hellip;]\" \/>\n<meta property=\"og:url\" content=\"https:\/\/lava-framework.com\/da\/online-milf-dating-platforme\/\" \/>\n<meta property=\"og:site_name\" content=\"Framework Dating\" \/>\n<meta name=\"twitter:card\" content=\"summary_large_image\" \/>\n<meta name=\"twitter:image\" content=\"https:\/\/lava-framework.com\/wp-content\/uploads\/2022\/08\/milf-dating.webp\" \/>\n<meta name=\"twitter:label1\" content=\"Estimeret l\u00e6setid\" \/>\n\t<meta name=\"twitter:data1\" content=\"4 minutter\" \/>\n<script type=\"application\/ld+json\" class=\"yoast-schema-graph\">{\"@context\":\"https:\/\/schema.org\",\"@graph\":[{\"@type\":\"WebSite\",\"@id\":\"https:\/\/lava-framework.com\/#website\",\"url\":\"https:\/\/lava-framework.com\/\",\"name\":\"Framework Dating\",\"description\":\"Online Casual Hookups\",\"potentialAction\":[{\"@type\":\"SearchAction\",\"target\":{\"@type\":\"EntryPoint\",\"urlTemplate\":\"https:\/\/lava-framework.com\/?s={search_term_string}\"},\"query-input\":\"required name=search_term_string\"}],\"inLanguage\":\"da-DK\"},{\"@type\":\"ImageObject\",\"@id\":\"https:\/\/lava-framework.com\/da\/online-milf-dating-platforme\/#primaryimage\",\"inLanguage\":\"da-DK\",\"url\":\"https:\/\/lava-framework.com\/wp-content\/uploads\/2022\/08\/milf-dating.webp\",\"contentUrl\":\"https:\/\/lava-framework.com\/wp-content\/uploads\/2022\/08\/milf-dating.webp\",\"width\":1124,\"height\":750},{\"@type\":\"WebPage\",\"@id\":\"https:\/\/lava-framework.com\/da\/online-milf-dating-platforme\/#webpage\",\"url\":\"https:\/\/lava-framework.com\/da\/online-milf-dating-platforme\/\",\"name\":\"Online MILF dating platforme - Framework Dating\",\"isPartOf\":{\"@id\":\"https:\/\/lava-framework.com\/#website\"},\"primaryImageOfPage\":{\"@id\":\"https:\/\/lava-framework.com\/da\/online-milf-dating-platforme\/#primaryimage\"},\"datePublished\":\"2022-08-18T14:14:44+00:00\",\"dateModified\":\"2022-08-18T14:14:44+00:00\",\"breadcrumb\":{\"@id\":\"https:\/\/lava-framework.com\/da\/online-milf-dating-platforme\/#breadcrumb\"},\"inLanguage\":\"da-DK\",\"potentialAction\":[{\"@type\":\"ReadAction\",\"target\":[\"https:\/\/lava-framework.com\/da\/online-milf-dating-platforme\/\"]}]},{\"@type\":\"BreadcrumbList\",\"@id\":\"https:\/\/lava-framework.com\/da\/online-milf-dating-platforme\/#breadcrumb\",\"itemListElement\":[{\"@type\":\"ListItem\",\"position\":1,\"name\":\"Home\",\"item\":\"http:\/\/lava-framework.com\/da\/\"},{\"@type\":\"ListItem\",\"position\":2,\"name\":\"Online MILF dating platforme\"}]}]}<\/script>\n<!-- \/ Yoast SEO plugin. -->","yoast_head_json":{"title":"Online MILF dating platforme - Framework Dating","robots":{"index":"index","follow":"follow","max-snippet":"max-snippet:-1","max-image-preview":"max-image-preview:large","max-video-preview":"max-video-preview:-1"},"canonical":"https:\/\/lava-framework.com\/da\/online-milf-dating-platforme\/","og_locale":"da_DK","og_type":"article","og_title":"Online MILF dating platforme - Framework Dating","og_description":"Milf dating sites bliver mere og mere popul\u00e6re blandt folk, der s\u00f8ger k\u00e6rlighed online. Der er mange grunde til, at milfs er s\u00e5 attraktive. For det f\u00f8rste er kvinder over 40 \u00e5r blevet kaldt &#8220;cougars&#8221;, og de er ofte kendt for at v\u00e6re meget mere sexede end yngre kvinder. De har ogs\u00e5 erfaring, modenhed og [&hellip;]","og_url":"https:\/\/lava-framework.com\/da\/online-milf-dating-platforme\/","og_site_name":"Framework Dating","twitter_card":"summary_large_image","twitter_image":"https:\/\/lava-framework.com\/wp-content\/uploads\/2022\/08\/milf-dating.webp","twitter_misc":{"Estimeret l\u00e6setid":"4 minutter"},"schema":{"@context":"https:\/\/schema.org","@graph":[{"@type":"WebSite","@id":"https:\/\/lava-framework.com\/#website","url":"https:\/\/lava-framework.com\/","name":"Framework Dating","description":"Online Casual Hookups","potentialAction":[{"@type":"SearchAction","target":{"@type":"EntryPoint","urlTemplate":"https:\/\/lava-framework.com\/?s={search_term_string}"},"query-input":"required name=search_term_string"}],"inLanguage":"da-DK"},{"@type":"ImageObject","@id":"https:\/\/lava-framework.com\/da\/online-milf-dating-platforme\/#primaryimage","inLanguage":"da-DK","url":"https:\/\/lava-framework.com\/wp-content\/uploads\/2022\/08\/milf-dating.webp","contentUrl":"https:\/\/lava-framework.com\/wp-content\/uploads\/2022\/08\/milf-dating.webp","width":1124,"height":750},{"@type":"WebPage","@id":"https:\/\/lava-framework.com\/da\/online-milf-dating-platforme\/#webpage","url":"https:\/\/lava-framework.com\/da\/online-milf-dating-platforme\/","name":"Online MILF dating platforme - Framework Dating","isPartOf":{"@id":"https:\/\/lava-framework.com\/#website"},"primaryImageOfPage":{"@id":"https:\/\/lava-framework.com\/da\/online-milf-dating-platforme\/#primaryimage"},"datePublished":"2022-08-18T14:14:44+00:00","dateModified":"2022-08-18T14:14:44+00:00","breadcrumb":{"@id":"https:\/\/lava-framework.com\/da\/online-milf-dating-platforme\/#breadcrumb"},"inLanguage":"da-DK","potentialAction":[{"@type":"ReadAction","target":["https:\/\/lava-framework.com\/da\/online-milf-dating-platforme\/"]}]},{"@type":"BreadcrumbList","@id":"https:\/\/lava-framework.com\/da\/online-milf-dating-platforme\/#breadcrumb","itemListElement":[{"@type":"ListItem","position":1,"name":"Home","item":"http:\/\/lava-framework.com\/da\/"},{"@type":"ListItem","position":2,"name":"Online MILF dating platforme"}]}]}},"_links":{"self":[{"href":"https:\/\/lava-framework.com\/da\/wp-json\/wp\/v2\/pages\/346"}],"collection":[{"href":"https:\/\/lava-framework.com\/da\/wp-json\/wp\/v2\/pages"}],"about":[{"href":"https:\/\/lava-framework.com\/da\/wp-json\/wp\/v2\/types\/page"}],"author":[{"embeddable":true,"href":"https:\/\/lava-framework.com\/da\/wp-json\/wp\/v2\/users\/1"}],"replies":[{"embeddable":true,"href":"https:\/\/lava-framework.com\/da\/wp-json\/wp\/v2\/comments?post=346"}],"version-history":[{"count":0,"href":"https:\/\/lava-framework.com\/da\/wp-json\/wp\/v2\/pages\/346\/revisions"}],"wp:featuredmedia":[{"embeddable":true,"href":"https:\/\/lava-framework.com\/da\/wp-json\/wp\/v2\/media\/104"}],"wp:attachment":[{"href":"https:\/\/lava-framework.com\/da\/wp-json\/wp\/v2\/media?parent=346"}],"curies":[{"name":"wp","href":"https:\/\/api.w.org\/{rel}","templated":true}]}}