{"id":366,"date":"2022-08-18T15:02:55","date_gmt":"2022-08-18T14:02:55","guid":{"rendered":"http:\/\/lava-framework.com\/vas-seznamovaci-ramec-jak-zacit\/"},"modified":"2022-08-18T15:02:55","modified_gmt":"2022-08-18T14:02:55","slug":"vas-seznamovaci-ramec-jak-zacit","status":"publish","type":"page","link":"https:\/\/lava-framework.com\/cs\/","title":{"rendered":"V\u00e1\u0161 seznamovac\u00ed r\u00e1mec: Jak za\u010d\u00edt?"},"content":{"rendered":"<p>Seznamovac\u00ed pr\u016fmysl pro dosp\u011bl\u00e9 se rychle m\u011bn\u00ed. Zat\u00edmco n\u011bkter\u00e9 str\u00e1nky se st\u00e1le zam\u011b\u0159uj\u00ed na mainstreamov\u00fd trh, jin\u00e9 se v\u011bnuj\u00ed specifick\u00fdm skupin\u00e1m, jako jsou lesbi\u010dky, bisexu\u00e1lov\u00e9, transsexu\u00e1lov\u00e9 a lid\u00e9 hledaj\u00edc\u00ed otev\u0159en\u00e9 vztahy.<\/p>\n<p>S rozvojem technologi\u00ed se v posledn\u00edch desetilet\u00edch v\u00fdrazn\u011b zm\u011bnil zp\u016fsob, jak\u00fdm lid\u00e9 rand\u00ed. Od vzniku online seznamek, jako jsou Match.com a OkCupid, a\u017e po roz\u0161\u00ed\u0159en\u00ed chytr\u00fdch telefon\u016f, existuje nyn\u00ed nespo\u010det zp\u016fsob\u016f, jak nav\u00e1zat kontakt s n\u011bk\u00fdm v\u00fdjime\u010dn\u00fdm.<\/p>\n<h2>S jak\u00fdmi aplikacemi za\u010d\u00edt?<\/h2>\n<p>Zat\u00edmco n\u011bkte\u0159\u00ed lid\u00e9 st\u00e1le d\u00e1vaj\u00ed p\u0159ednost osobn\u00edm sch\u016fzk\u00e1m, jin\u00ed jsou naprosto spokojeni s t\u00edm, \u017ee v\u011bt\u0161inu \u010dasu tr\u00e1v\u00ed chatov\u00e1n\u00edm s potenci\u00e1ln\u00edmi partnery prost\u0159ednictv\u00edm textov\u00fdch zpr\u00e1v, videochat\u016f a aplikac\u00ed pro zas\u00edl\u00e1n\u00ed zpr\u00e1v.<\/p>\n<p>Ale co ti z n\u00e1s, kte\u0159\u00ed cht\u011bj\u00ed v\u00edc ne\u017e jen p\u0159\u00edle\u017eitostn\u00e9 sezn\u00e1men\u00ed? M\u00e1me r\u016fzn\u00e9 pot\u0159eby, touhy a p\u0159\u00e1n\u00ed a telefony pou\u017e\u00edv\u00e1me r\u016fzn\u011b podle toho, jak se c\u00edt\u00edme sami se sebou a ve sv\u00fdch vztaz\u00edch.<\/p>\n<h3>Z\u00e1v\u011bs<\/h3>\n<p>Hinge je soci\u00e1ln\u00ed s\u00ed\u0165, kter\u00e1 se zam\u011b\u0159uje na smyslupln\u00e1 spojen\u00ed, nikoli jen na seznamov\u00e1n\u00ed. Jeho n\u00e1zev je odvozen od slova pant, kter\u00e9 odkazuje na to, jak d\u016fle\u017eit\u00e9 jsou v \u017eivot\u011b vztahy.<\/p>\n<p>Aplikace umo\u017e\u0148uje u\u017eivatel\u016fm spojit se s ostatn\u00edmi na z\u00e1klad\u011b spole\u010dn\u00fdch z\u00e1jm\u016f a v\u00e1\u0161n\u00ed. M\u016f\u017eete proch\u00e1zet profily, pos\u00edlat zpr\u00e1vy a pl\u00e1novat sch\u016fzky. Na rozd\u00edl od mnoha jin\u00fdch seznamovac\u00edch aplikac\u00ed ne\u017e\u00e1d\u00e1 Hinge va\u0161e telefonn\u00ed \u010d\u00edslo ani e-mailovou adresu. M\u00edsto toho se zaregistrujete na Facebooku.<\/p>\n<p>P\u0159\u00e1tele m\u016f\u017eete p\u0159id\u00e1vat tak\u00e9 prost\u0159ednictv\u00edm slu\u017eby Facebook Messenger, WhatsApp nebo Instagram Direct. Jakmile se p\u0159ihl\u00e1s\u00edte do slu\u017eby Hinge, m\u016f\u017eete si prohl\u00ed\u017eet aktivity ostatn\u00edch \u010dlen\u016f, v\u010detn\u011b posledn\u00edch shod, lajk\u016f, koment\u00e1\u0159\u016f a fotografi\u00ed. Ka\u017ed\u00fd den se m\u016f\u017eete pod\u00edvat, co se kolem v\u00e1s d\u011bje. M\u016f\u017eete nap\u0159\u00edklad vid\u011bt, \u017ee se pobl\u00ed\u017e va\u0161\u00ed polohy p\u0159ihl\u00e1sil n\u011bkdo jin\u00fd. Nebo v\u00e1m doporu\u010d\u00edme bl\u00edzkou restauraci \u010di kav\u00e1rnu. Kdy\u017e najdete n\u011bco zaj\u00edmav\u00e9ho, klepn\u011bte na tla\u010d\u00edtko &#8222;To se mi l\u00edb\u00ed&#8220;. D\u00e1te tak v\u0161em najevo, \u017ee v\u00e1s zaj\u00edm\u00e1 cokoli. Pokud o n\u00ed chcete chatovat, m\u016f\u017eete tak u\u010dinit klepnut\u00edm na tla\u010d\u00edtko vedle polo\u017eky.<\/p>\n<h3>Utk\u00e1n\u00ed<\/h3>\n<p>Match.com je jednou z nejobl\u00edben\u011bj\u0161\u00edch seznamek na sv\u011bt\u011b, s v\u00edce ne\u017e 20 miliony aktivn\u00edch \u010dlen\u016f po cel\u00e9m sv\u011bt\u011b. V roce 2016 dos\u00e1hla tr\u017eeb ve v\u00fd\u0161i 1 miliardy dolar\u016f. Jej\u00ed aplikace je zdarma ke sta\u017een\u00ed na za\u0159\u00edzen\u00edch se syst\u00e9mem Android i iOS.<\/p>\n<p>Bezplatn\u00ed u\u017eivatel\u00e9 si mohou zalo\u017eit online osobn\u00ed profily, nahr\u00e1t n\u011bkolik sv\u00fdch fotografi\u00ed a pak se pustit do online flirtov\u00e1n\u00ed prost\u0159ednictv\u00edm &#8222;mrknut\u00ed&#8220; a denn\u011b dost\u00e1vat nov\u00e9 shody. Mohou si tak\u00e9 prohl\u00ed\u017eet profily a lajkovat sv\u00e9 obr\u00e1zky. Komplexn\u011bj\u0161\u00ed funkce, jako je nap\u0159\u00edklad p\u0159ehled o tom, kdo si prohl\u00e9dl v\u00e1\u0161 profil a lajkoval va\u0161e fotky, lze odemknout zaplacen\u00edm m\u011bs\u00ed\u010dn\u00edho poplatku. M\u016f\u017eete si dokonce p\u0159iplatit za to, \u017ee v\u00e1m budou v re\u00e1ln\u00e9m \u010dase odpov\u00eddat chod\u00edc\u00ed tren\u00e9\u0159i. Nejnov\u011bj\u0161\u00ed funkce webu, nazvan\u00e1 Vibe Check, v\u00e1m umo\u017en\u00ed vychutnat si videochat se sv\u00fdmi prot\u011bj\u0161ky, zat\u00edmco dal\u0161\u00ed nov\u00e1 funkce v\u00e1m umo\u017en\u00ed zaplatit malou \u010d\u00e1stku, aby v\u00e1m Match na\u0161el data pro v\u00e1s.<\/p>\n<h3>Aff<\/h3>\n<p>Adult Friend Finder je jednou z nejstar\u0161\u00edch seznamek online. Byla spu\u0161t\u011bna v roce 1995 a existuje od po\u010d\u00e1tku internetov\u00e9ho boomu. V sou\u010dasnosti st\u00e1le roste a m\u00e1 v\u00edce ne\u017e 80 milion\u016f registrovan\u00fdch \u010dlen\u016f. Tato str\u00e1nka je ur\u010dena lidem, kte\u0159\u00ed hledaj\u00ed spojen\u00ed, p\u0159\u00edle\u017eitostn\u00fd sex, diskr\u00e9tn\u00ed vztahy a dokonce i man\u017eelstv\u00ed. Pokud m\u00e1te r\u00e1di swing, skupinov\u00fd sex, sex ve t\u0159ech nebo se jen chcete pobavit, AF je tu pro v\u00e1s. D\u00edky mobiln\u00edm aplikac\u00edm m\u016f\u017eete str\u00e1nky pou\u017e\u00edvat odkudkoli na sv\u011bt\u011b.<\/p>\n<h3>Ashley Madisonov\u00e1<\/h3>\n<p>Existuje mnoho seznamek, kter\u00e9 se zam\u011b\u0159uj\u00ed na lidi hledaj\u00edc\u00ed p\u0159\u00edle\u017eitostn\u00fd sex, ale jen m\u00e1lo z nich nab\u00edz\u00ed tak \u0161irokou \u0161k\u00e1lu funkc\u00ed a mo\u017enost\u00ed. Zat\u00edmco n\u011bkter\u00e9 str\u00e1nky jsou zam\u011b\u0159eny na spojen\u00ed s m\u00edstn\u00edmi singly, jin\u00e9 v\u00e1m umo\u017en\u00ed spojit se s tis\u00edci \u010dleny po cel\u00e9m sv\u011bt\u011b. Pokud chcete naj\u00edt n\u011bkoho, s k\u00fdm se m\u016f\u017eete sezn\u00e1mit, nehledejte nic jin\u00e9ho ne\u017e AshleyMadison.com. Tento web nab\u00edz\u00ed v\u0161e, co byste k tomu mohli pot\u0159ebovat, v\u010detn\u011b bezplatn\u00fdch online chatovac\u00edch m\u00edstnost\u00ed, instant messagingu, videochatov\u00e1n\u00ed, \u017eiv\u00fdch p\u0159enos\u016f z webov\u00fdch kamer, e-mailu, textu, mobiln\u00edch aplikac\u00ed a dokonce i integrace soci\u00e1ln\u00edch m\u00e9di\u00ed. S v\u00edce ne\u017e 30 miliony aktivn\u00edch profil\u016f se v okol\u00ed ur\u010dit\u011b najde n\u011bkdo, kdo se chce rychle sezn\u00e1mit.<\/p>\n<p>Pokud m\u00e1te z\u00e1jem naj\u00edt l\u00e1sku, nemus\u00edte za vstup do AshleyMadison nic platit. Pokud se v\u0161ak rozhodnete p\u0159ej\u00edt na n\u011bkter\u00fd z placen\u00fdch pl\u00e1n\u016f \u010dlenstv\u00ed, z\u00edsk\u00e1te p\u0159\u00edstup k dal\u0161\u00edm funkc\u00edm, jako je neomezen\u00fd po\u010det e-mail\u016f, roz\u0161\u00ed\u0159en\u00e9 komunika\u010dn\u00ed n\u00e1stroje a p\u0159ednostn\u00ed z\u00e1kaznick\u00e1 podpora.<\/p>\n<h3>ALT.com<\/h3>\n<p>Alt.com je seznamka pro zvrhl\u00e9 lidi, kte\u0159\u00ed hledaj\u00ed dal\u0161\u00ed ko\u0159en\u00ed do sv\u00e9ho sexu\u00e1ln\u00edho \u017eivota. Tato specializovan\u00e1 seznamka se zam\u011b\u0159uje zejm\u00e9na na ty, kte\u0159\u00ed maj\u00ed r\u00e1di otroctv\u00ed, dominanci, pod\u0159\u00edzen\u00ed, sadismus a masochismus (BDSM). Pokud m\u00e1te z\u00e1jem prozkoumat sv\u011bt BDSM, nen\u00ed lep\u0161\u00ed m\u00edsto, kde za\u010d\u00edt, ne\u017e zde.<\/p>\n<p>Str\u00e1nka nab\u00edz\u00ed bezplatnou zku\u0161ebn\u00ed verzi, tak\u017ee si m\u016f\u017eete vyzkou\u0161et, co nab\u00edz\u00ed, ani\u017e byste utratili jedin\u00fd cent. Podle toho, jak dlouho chcete str\u00e1nky pou\u017e\u00edvat, se m\u016f\u017eete zaregistrovat na jeden m\u011bs\u00edc, t\u0159i m\u011bs\u00edce nebo dvan\u00e1ct m\u011bs\u00edc\u016f. Po registraci obdr\u017e\u00edte uv\u00edtac\u00ed e-mail s pokyny, jak se p\u0159ihl\u00e1sit. Po p\u0159ihl\u00e1\u0161en\u00ed m\u016f\u017eete proch\u00e1zet profily a pos\u00edlat zpr\u00e1vy potenci\u00e1ln\u00edm partner\u016fm. K dispozici je tak\u00e9 syst\u00e9m zpr\u00e1v, kde m\u016f\u017eete chatovat s potenci\u00e1ln\u00edmi prot\u011bj\u0161ky.<\/p>\n<h2>A co kdy\u017e se chcete jen nez\u00e1vazn\u011b pobavit?<\/h2>\n<p>Mnoho lid\u00ed pou\u017e\u00edv\u00e1 seznamovac\u00ed aplikace, proto\u017ee se cht\u011bj\u00ed sezn\u00e1mit s n\u011bk\u00fdm nov\u00fdm. Ale co ti, kte\u0159\u00ed si cht\u011bj\u00ed jen u\u017e\u00edt nez\u00e1vazn\u00fd sex, ani\u017e by museli tr\u00e1vit hodiny seznamov\u00e1n\u00edm? Existuje spousta r\u016fzn\u00fdch zp\u016fsob\u016f, jak toho dos\u00e1hnout, a v\u011bt\u0161ina z nich nezahrnuje utr\u00e1cen\u00ed pen\u011bz za \u010dlensk\u00fd poplatek. Zde je p\u011bt nejlep\u0161\u00edch bezplatn\u00fdch seznamovac\u00edch aplikac\u00ed pro p\u0159\u00edle\u017eitostn\u00e9 sezn\u00e1men\u00ed.<\/p>\n<h2>Na\u0161e 3 nejlep\u0161\u00ed tipy, jak naj\u00edt l\u00e1sku pomoc\u00ed aplikac\u00ed<\/h2>\n<h3>M\u016f\u017eete si naj\u00edt n\u011bkoho, kdo se hod\u00ed k va\u0161\u00ed osobnosti<\/h3>\n<p>Kdy\u017e se zaregistrujete na Match, za\u010dnete dotazn\u00edkem o va\u0161ich osobnostn\u00edch vlastnostech. N\u00e1sledn\u011b v\u00e1m budou p\u0159i\u0159azeny partnery na z\u00e1klad\u011b va\u0161ich z\u00e1jm\u016f, hodnot, \u017eivotn\u00edho stylu, vzd\u011bl\u00e1n\u00ed, kari\u00e9ry, n\u00e1bo\u017eenstv\u00ed, politiky a dal\u0161\u00edch aspekt\u016f. Tak\u017ee i kdy\u017e si mo\u017en\u00e1 mysl\u00edte, \u017ee jen proch\u00e1z\u00edte profily, je pravd\u011bpodobn\u00e9, \u017ee se ve skute\u010dnosti setk\u00e1v\u00e1te s lidmi, kte\u0159\u00ed se opravdu zaj\u00edmaj\u00ed o stejn\u00e9 v\u011bci jako vy.<\/p>\n<h3>K dispozici je tak\u00e9 spousta m\u00edstn\u00edch z\u00e1pas\u016f<\/h3>\n<p>Ne ka\u017ed\u00fd chce randit za hranicemi st\u00e1tu, ale st\u00e1le je tu spousta m\u00edstn\u00edch prot\u011bj\u0161k\u016f. Kdy\u017e se zaregistrujete na Match v ur\u010dit\u00fdch m\u011bstech, automaticky se v\u00e1m zobraz\u00ed i lid\u00e9 v okol\u00ed. Pokud chcete z\u00fa\u017eit seznamku, m\u016f\u017eete nastavit filtry, jako je vzd\u00e1lenost, pohlav\u00ed, etnick\u00fd p\u016fvod a dal\u0161\u00ed.<\/p>\n<h3>Zjist\u00edte, kdo si prohl\u00ed\u017e\u00ed v\u00e1\u0161 profil<\/h3>\n<p>Jako placen\u00fd \u010dlen si budete moci prohl\u00e9dnout historii aktivit v\u0161ech ostatn\u00edch u\u017eivatel\u016f, kte\u0159\u00ed si prohl\u00e9dli v\u00e1\u0161 profil. To zahrnuje, zda se jim l\u00edbila va\u0161e fotografie, p\u0159e\u010detli si v\u00e1\u0161 \u017eivotopis nebo zanechali zp\u011btnou vazbu. A proto\u017ee vid\u00edte, kdo si v\u00e1\u0161 profil prohl\u00ed\u017eel, m\u016f\u017eete se ujistit, \u017ee je to n\u011bco, \u010d\u00edm se chcete potenci\u00e1ln\u00edm partner\u016fm nad\u00e1le chlubit.<\/p>\n","protected":false},"excerpt":{"rendered":"<p>Seznamovac\u00ed pr\u016fmysl pro dosp\u011bl\u00e9 se rychle m\u011bn\u00ed. Zat\u00edmco n\u011bkter\u00e9 str\u00e1nky se st\u00e1le zam\u011b\u0159uj\u00ed na mainstreamov\u00fd trh, jin\u00e9 se v\u011bnuj\u00ed specifick\u00fdm skupin\u00e1m, jako jsou lesbi\u010dky, bisexu\u00e1lov\u00e9, transsexu\u00e1lov\u00e9 a lid\u00e9 hledaj\u00edc\u00ed otev\u0159en\u00e9 vztahy. S rozvojem technologi\u00ed se v posledn\u00edch desetilet\u00edch v\u00fdrazn\u011b zm\u011bnil zp\u016fsob, jak\u00fdm lid\u00e9 rand\u00ed. Od vzniku online seznamek, jako jsou Match.com a OkCupid, a\u017e po [&hellip;]<\/p>\n","protected":false},"author":1,"featured_media":88,"parent":0,"menu_order":0,"comment_status":"closed","ping_status":"closed","template":"","meta":[],"yoast_head":"<!-- This site is optimized with the Yoast SEO plugin v17.7.1 - https:\/\/yoast.com\/wordpress\/plugins\/seo\/ -->\n<title>V\u00e1\u0161 seznamovac\u00ed r\u00e1mec: Jak za\u010d\u00edt? - Framework Dating<\/title>\n<meta name=\"robots\" content=\"index, follow, max-snippet:-1, max-image-preview:large, max-video-preview:-1\" \/>\n<link rel=\"canonical\" href=\"https:\/\/lava-framework.com\/cs\/\" \/>\n<meta property=\"og:locale\" content=\"cs_CZ\" \/>\n<meta property=\"og:type\" content=\"article\" \/>\n<meta property=\"og:title\" content=\"V\u00e1\u0161 seznamovac\u00ed r\u00e1mec: Jak za\u010d\u00edt? - Framework Dating\" \/>\n<meta property=\"og:description\" content=\"Seznamovac\u00ed pr\u016fmysl pro dosp\u011bl\u00e9 se rychle m\u011bn\u00ed. Zat\u00edmco n\u011bkter\u00e9 str\u00e1nky se st\u00e1le zam\u011b\u0159uj\u00ed na mainstreamov\u00fd trh, jin\u00e9 se v\u011bnuj\u00ed specifick\u00fdm skupin\u00e1m, jako jsou lesbi\u010dky, bisexu\u00e1lov\u00e9, transsexu\u00e1lov\u00e9 a lid\u00e9 hledaj\u00edc\u00ed otev\u0159en\u00e9 vztahy. S rozvojem technologi\u00ed se v posledn\u00edch desetilet\u00edch v\u00fdrazn\u011b zm\u011bnil zp\u016fsob, jak\u00fdm lid\u00e9 rand\u00ed. Od vzniku online seznamek, jako jsou Match.com a OkCupid, a\u017e po [&hellip;]\" \/>\n<meta property=\"og:url\" content=\"https:\/\/lava-framework.com\/cs\/\" \/>\n<meta property=\"og:site_name\" content=\"Framework Dating\" \/>\n<meta property=\"og:image\" content=\"http:\/\/lava-framework.com\/wp-content\/uploads\/2022\/08\/casual-hookup-sites.jpeg\" \/>\n\t<meta property=\"og:image:width\" content=\"1125\" \/>\n\t<meta property=\"og:image:height\" content=\"750\" \/>\n<meta name=\"twitter:card\" content=\"summary_large_image\" \/>\n<meta name=\"twitter:label1\" content=\"Odhadovan\u00e1 doba \u010dten\u00ed\" \/>\n\t<meta name=\"twitter:data1\" content=\"7 minut\" \/>\n<script type=\"application\/ld+json\" class=\"yoast-schema-graph\">{\"@context\":\"https:\/\/schema.org\",\"@graph\":[{\"@type\":\"WebSite\",\"@id\":\"https:\/\/lava-framework.com\/fi\/#website\",\"url\":\"https:\/\/lava-framework.com\/fi\/\",\"name\":\"Framework Dating\",\"description\":\"Online Casual Hookups\",\"potentialAction\":[{\"@type\":\"SearchAction\",\"target\":{\"@type\":\"EntryPoint\",\"urlTemplate\":\"https:\/\/lava-framework.com\/fi\/?s={search_term_string}\"},\"query-input\":\"required name=search_term_string\"}],\"inLanguage\":\"cs\"},{\"@type\":\"ImageObject\",\"@id\":\"https:\/\/lava-framework.com\/cs\/#primaryimage\",\"inLanguage\":\"cs\",\"url\":\"https:\/\/lava-framework.com\/wp-content\/uploads\/2022\/08\/casual-hookup-sites.jpeg\",\"contentUrl\":\"https:\/\/lava-framework.com\/wp-content\/uploads\/2022\/08\/casual-hookup-sites.jpeg\",\"width\":1125,\"height\":750},{\"@type\":\"WebPage\",\"@id\":\"https:\/\/lava-framework.com\/cs\/#webpage\",\"url\":\"https:\/\/lava-framework.com\/cs\/\",\"name\":\"V\\u00e1\\u0161 seznamovac\\u00ed r\\u00e1mec: Jak za\\u010d\\u00edt? - Framework Dating\",\"isPartOf\":{\"@id\":\"https:\/\/lava-framework.com\/fi\/#website\"},\"primaryImageOfPage\":{\"@id\":\"https:\/\/lava-framework.com\/cs\/#primaryimage\"},\"datePublished\":\"2022-08-18T14:02:55+00:00\",\"dateModified\":\"2022-08-18T14:02:55+00:00\",\"breadcrumb\":{\"@id\":\"https:\/\/lava-framework.com\/cs\/#breadcrumb\"},\"inLanguage\":\"cs\",\"potentialAction\":[{\"@type\":\"ReadAction\",\"target\":[\"https:\/\/lava-framework.com\/cs\/\"]}]},{\"@type\":\"BreadcrumbList\",\"@id\":\"https:\/\/lava-framework.com\/cs\/#breadcrumb\",\"itemListElement\":[{\"@type\":\"ListItem\",\"position\":1,\"name\":\"Home\",\"item\":\"http:\/\/lava-framework.com\/cs\/\"},{\"@type\":\"ListItem\",\"position\":2,\"name\":\"V\\u00e1\\u0161 seznamovac\\u00ed r\\u00e1mec: Jak za\\u010d\\u00edt?\"}]}]}<\/script>\n<!-- \/ Yoast SEO plugin. -->","yoast_head_json":{"title":"V\u00e1\u0161 seznamovac\u00ed r\u00e1mec: Jak za\u010d\u00edt? - Framework Dating","robots":{"index":"index","follow":"follow","max-snippet":"max-snippet:-1","max-image-preview":"max-image-preview:large","max-video-preview":"max-video-preview:-1"},"canonical":"https:\/\/lava-framework.com\/cs\/","og_locale":"cs_CZ","og_type":"article","og_title":"V\u00e1\u0161 seznamovac\u00ed r\u00e1mec: Jak za\u010d\u00edt? - Framework Dating","og_description":"Seznamovac\u00ed pr\u016fmysl pro dosp\u011bl\u00e9 se rychle m\u011bn\u00ed. Zat\u00edmco n\u011bkter\u00e9 str\u00e1nky se st\u00e1le zam\u011b\u0159uj\u00ed na mainstreamov\u00fd trh, jin\u00e9 se v\u011bnuj\u00ed specifick\u00fdm skupin\u00e1m, jako jsou lesbi\u010dky, bisexu\u00e1lov\u00e9, transsexu\u00e1lov\u00e9 a lid\u00e9 hledaj\u00edc\u00ed otev\u0159en\u00e9 vztahy. S rozvojem technologi\u00ed se v posledn\u00edch desetilet\u00edch v\u00fdrazn\u011b zm\u011bnil zp\u016fsob, jak\u00fdm lid\u00e9 rand\u00ed. Od vzniku online seznamek, jako jsou Match.com a OkCupid, a\u017e po [&hellip;]","og_url":"https:\/\/lava-framework.com\/cs\/","og_site_name":"Framework Dating","og_image":[{"width":1125,"height":750,"url":"http:\/\/lava-framework.com\/wp-content\/uploads\/2022\/08\/casual-hookup-sites.jpeg","type":"image\/jpeg"}],"twitter_card":"summary_large_image","twitter_misc":{"Odhadovan\u00e1 doba \u010dten\u00ed":"7 minut"},"schema":{"@context":"https:\/\/schema.org","@graph":[{"@type":"WebSite","@id":"https:\/\/lava-framework.com\/fi\/#website","url":"https:\/\/lava-framework.com\/fi\/","name":"Framework Dating","description":"Online Casual Hookups","potentialAction":[{"@type":"SearchAction","target":{"@type":"EntryPoint","urlTemplate":"https:\/\/lava-framework.com\/fi\/?s={search_term_string}"},"query-input":"required name=search_term_string"}],"inLanguage":"cs"},{"@type":"ImageObject","@id":"https:\/\/lava-framework.com\/cs\/#primaryimage","inLanguage":"cs","url":"https:\/\/lava-framework.com\/wp-content\/uploads\/2022\/08\/casual-hookup-sites.jpeg","contentUrl":"https:\/\/lava-framework.com\/wp-content\/uploads\/2022\/08\/casual-hookup-sites.jpeg","width":1125,"height":750},{"@type":"WebPage","@id":"https:\/\/lava-framework.com\/cs\/#webpage","url":"https:\/\/lava-framework.com\/cs\/","name":"V\u00e1\u0161 seznamovac\u00ed r\u00e1mec: Jak za\u010d\u00edt? - Framework Dating","isPartOf":{"@id":"https:\/\/lava-framework.com\/fi\/#website"},"primaryImageOfPage":{"@id":"https:\/\/lava-framework.com\/cs\/#primaryimage"},"datePublished":"2022-08-18T14:02:55+00:00","dateModified":"2022-08-18T14:02:55+00:00","breadcrumb":{"@id":"https:\/\/lava-framework.com\/cs\/#breadcrumb"},"inLanguage":"cs","potentialAction":[{"@type":"ReadAction","target":["https:\/\/lava-framework.com\/cs\/"]}]},{"@type":"BreadcrumbList","@id":"https:\/\/lava-framework.com\/cs\/#breadcrumb","itemListElement":[{"@type":"ListItem","position":1,"name":"Home","item":"http:\/\/lava-framework.com\/cs\/"},{"@type":"ListItem","position":2,"name":"V\u00e1\u0161 seznamovac\u00ed r\u00e1mec: Jak za\u010d\u00edt?"}]}]}},"_links":{"self":[{"href":"https:\/\/lava-framework.com\/cs\/wp-json\/wp\/v2\/pages\/366"}],"collection":[{"href":"https:\/\/lava-framework.com\/cs\/wp-json\/wp\/v2\/pages"}],"about":[{"href":"https:\/\/lava-framework.com\/cs\/wp-json\/wp\/v2\/types\/page"}],"author":[{"embeddable":true,"href":"https:\/\/lava-framework.com\/cs\/wp-json\/wp\/v2\/users\/1"}],"replies":[{"embeddable":true,"href":"https:\/\/lava-framework.com\/cs\/wp-json\/wp\/v2\/comments?post=366"}],"version-history":[{"count":0,"href":"https:\/\/lava-framework.com\/cs\/wp-json\/wp\/v2\/pages\/366\/revisions"}],"wp:featuredmedia":[{"embeddable":true,"href":"https:\/\/lava-framework.com\/cs\/wp-json\/wp\/v2\/media\/88"}],"wp:attachment":[{"href":"https:\/\/lava-framework.com\/cs\/wp-json\/wp\/v2\/media?parent=366"}],"curies":[{"name":"wp","href":"https:\/\/api.w.org\/{rel}","templated":true}]}}