{"id":339,"date":"2022-08-18T15:14:44","date_gmt":"2022-08-18T14:14:44","guid":{"rendered":"http:\/\/lava-framework.com\/online-milf-seznamovaci-platformy\/"},"modified":"2022-08-18T15:14:44","modified_gmt":"2022-08-18T14:14:44","slug":"online-milf-seznamovaci-platformy","status":"publish","type":"page","link":"https:\/\/lava-framework.com\/cs\/online-milf-seznamovaci-platformy\/","title":{"rendered":"Online MILF seznamovac\u00ed platformy"},"content":{"rendered":"<p>Milf chodit s n\u011bk\u00fdm weby jsou st\u00e1le popul\u00e1rn\u011bj\u0161\u00ed mezi lidmi, kte\u0159\u00ed hledaj\u00ed l\u00e1sku on-line. Existuje mnoho d\u016fvod\u016f, pro\u010d jsou milfky tak p\u0159ita\u017eliv\u00e9. Pro za\u010d\u00e1tek se \u017een\u00e1m po \u010dty\u0159ic\u00edtce p\u0159ezd\u00edv\u00e1 &#8222;pumy&#8220; a \u010dasto jsou zn\u00e1m\u00e9 t\u00edm, \u017ee jsou mnohem v\u00edce sexy ne\u017e mlad\u0161\u00ed \u017eeny. Maj\u00ed tak\u00e9 zku\u0161enosti, zralost a moudrost, kter\u00e9 mlad\u00fdm lidem chyb\u00ed. V\u011bt\u0161ina star\u0161\u00edch \u017een nav\u00edc st\u00e1le tou\u017e\u00ed po vztahu, zat\u00edmco mlad\u0161\u00ed \u017eeny obvykle hledaj\u00ed jen p\u0159\u00edle\u017eitostn\u00e9 zn\u00e1mosti.<\/p>\n<h2>Na\u0161e nejobl\u00edben\u011bj\u0161\u00ed produkty<\/h2>\n<p>Po\u010det milf chodit s n\u011bk\u00fdm Aplikace explodoval v posledn\u00edch n\u011bkolika letech, a tam jsou nyn\u00ed tis\u00edce milf chodit s n\u011bk\u00fdm weby, kde se m\u016f\u017eete setkat m\u00edstn\u00ed \u017eeny maj\u00ed z\u00e1jem o setk\u00e1n\u00ed s mu\u017ei, jako jste vy. Tyto seznamky umo\u017e\u0148uj\u00ed proch\u00e1zet profily podle m\u00edsta, v\u011bku, z\u00e1jm\u016f, a dokonce i podle typu postavy. Pokud chcete nav\u00e1zat v\u00e1\u017en\u00fd vztah, pravd\u011bpodobn\u011b budete cht\u00edt pou\u017e\u00edt seznamku ur\u010denou speci\u00e1ln\u011b pro man\u017eelsk\u00e9 p\u00e1ry.<\/p>\n<h3>CougarLife<\/h3>\n<p>CougarLife je p\u016fvodn\u00ed milf seznamka, zalo\u017een\u00e1 v roce 2007. I kdy\u017e u\u017e nen\u00ed nejv\u011bt\u0161\u00ed milf seznamka, m\u016f\u017ee se pochlubit obrovskou datab\u00e1z\u00ed aktivn\u00edch \u010dlen\u016f. Pumy jsou zde tak\u00e9 v\u00edt\u00e1ny a str\u00e1nky umo\u017e\u0148uj\u00ed filtrovat z\u00e1pasy podle krit\u00e9ri\u00ed, jako je v\u011bk, vzd\u00e1lenost, v\u00fd\u0161ka, v\u00e1ha, etnick\u00fd p\u016fvod, n\u00e1bo\u017eenstv\u00ed, \u00farove\u0148 vzd\u011bl\u00e1n\u00ed, povol\u00e1n\u00ed a rodinn\u00fd stav.<\/p>\n<h3>Zral\u00e9 \u017eeny<\/h3>\n<p>Dal\u0161\u00ed skv\u011blou mo\u017enost\u00ed pro ty, kte\u0159\u00ed hledaj\u00ed star\u0161\u00ed \u017eeny, jsou zral\u00e9 \u017eeny hledaj\u00edc\u00ed mu\u017ee. Tato str\u00e1nka se zam\u011b\u0159uje na spojov\u00e1n\u00ed star\u0161\u00edch \u017een s mlad\u0161\u00edmi mu\u017ei a m\u016f\u017ee se pochlubit velkou \u010dlenskou z\u00e1kladnou obou. \u010clenov\u00e9 si mohou navz\u00e1jem prohl\u00ed\u017eet sv\u00e9 fotografie a \u010d\u00edst si o sv\u00fdch \u017eivotech, kon\u00ed\u010dc\u00edch a z\u00e1jmech. Krom\u011b hled\u00e1n\u00ed n\u011bkoho speci\u00e1ln\u00edho si m\u016f\u017eete nastavit tak\u00e9 upozorn\u011bn\u00ed, kter\u00e1 v\u00e1s budou informovat o nov\u00e9 aktivit\u011b na webu.<\/p>\n<h3>Seznamka pro dosp\u011bl\u00e9<\/h3>\n<p>Pumy chodit s n\u011bk\u00fdm Aplikace jako Mature Dating jsou st\u00e1le popul\u00e1rn\u011bj\u0161\u00ed mezi star\u0161\u00edmi \u017eenami hledaj\u00ed mlad\u0161\u00ed mu\u017ee. Dokonce existuj\u00ed i star\u0161\u00ed \u017eeny, kter\u00e9 jsou ochotn\u00e9 platit za sex s mlad\u0161\u00edmi mu\u017ei. Je to proto, \u017ee u\u017e necht\u011bj\u00ed b\u00fdt sami. Jsou dost sta\u0159\u00ed na to, aby v\u011bd\u011bli, co cht\u011bj\u00ed, ale dost mlad\u00ed na to, aby si je\u0161t\u011b u\u017e\u00edvali \u017eivota.<\/p>\n<p>Mature Dating je jednou z takov\u00fdch aplikac\u00ed, kde se m\u016f\u017eete setkat s pumami, cukrov\u00fdmi maminkami a milfkami. Tyto \u017eeny jsou obvykle svobodn\u00e9 a hledaj\u00ed mu\u017ee. A proto\u017ee u\u017e dos\u00e1hli st\u0159edn\u00edho v\u011bku, p\u0159estalo je zaj\u00edmat, kolik vyd\u011bl\u00e1v\u00e1. Cht\u011bj\u00ed jen spole\u010dnost a l\u00e1sku.<\/p>\n<h3>Cougar Dating<\/h3>\n<p>Cougar Chodit s n\u011bk\u00fdm je jedn\u00edm z nejlep\u0161\u00edch Cougar chodit s n\u011bk\u00fdm weby tam venku. Tento web nab\u00edz\u00ed n\u011bkolik opravdu zaj\u00edmav\u00fdch funkc\u00ed, jako je \u017eiv\u00fd chat, videohovory a mnoho dal\u0161\u00edho. Pokud hled\u00e1te v\u00e1\u017en\u00fd vztah, m\u016f\u017ee to b\u00fdt to prav\u00e9 m\u00edsto pro v\u00e1s.<\/p>\n<p>Tato <a href=\"http:\/\/lava-framework.com\/cs\/ashley-madison-nebo-adultfriendfinder-aff\/\">seznamovac\u00ed aplikace<\/a> je ur\u010dena speci\u00e1ln\u011b pro lidi star\u0161\u00ed 40 let. P\u0159esn\u011b v\u011bd\u00ed, co star\u0161\u00ed \u017eeny u mu\u017e\u016f hledaj\u00ed, a v t\u00e9to seznamovac\u00ed aplikaci jim to poskytuj\u00ed. V\u011bt\u0161ina u\u017eivatel\u016f t\u00e9to seznamovac\u00ed aplikace je ji\u017e vdan\u00e1, ale st\u00e1le ji pou\u017e\u00edvaj\u00ed, proto\u017ee si u\u017e\u00edvaj\u00ed, \u017ee jsou svobodn\u00ed. Pokud tedy m\u00e1te z\u00e1jem o sezn\u00e1men\u00ed se star\u0161\u00edmi \u017eenami, vyzkou\u0161ejte tuto seznamovac\u00ed aplikaci.<\/p>\n<h2>Pro\u010d star\u0161\u00ed \u017eeny hledaj\u00ed mlad\u0161\u00ed mu\u017ee<\/h2>\n<p>Existuje mnoho d\u016fvod\u016f, pro\u010d se star\u0161\u00ed \u017eeny r\u00e1dy seznamuj\u00ed s mlad\u0161\u00edmi mu\u017ei. Zde jsou n\u011bkter\u00e9 z d\u016fvod\u016f, pro\u010d star\u0161\u00ed \u017eeny cht\u011bj\u00ed chodit s mlad\u0161\u00edmi mu\u017ei.<\/p>\n<h3>Mlad\u0161\u00ed mu\u017ei maj\u00ed v\u00edce energie<\/h3>\n<p>Mlad\u0161\u00ed lid\u00e9 jsou obvykle energi\u010dt\u011bj\u0161\u00ed a aktivn\u011bj\u0161\u00ed ne\u017e star\u0161\u00ed lid\u00e9. To jim usnad\u0148uje pozn\u00e1v\u00e1n\u00ed nov\u00fdch lid\u00ed a navazov\u00e1n\u00ed p\u0159\u00e1telstv\u00ed. Star\u0161\u00ed lid\u00e9 maj\u00ed tendenci c\u00edtit se unaven\u00ed a l\u00edn\u00ed, proto\u017ee tr\u00e1v\u00ed p\u0159\u00edli\u0161 mnoho \u010dasu sami.<\/p>\n<h3>Mlad\u00ed lid\u00e9 jsou m\u00e9n\u011b soudn\u00ed<\/h3>\n<p>Star\u0161\u00ed lid\u00e9 maj\u00ed \u010dasto mnoho \u017eivotn\u00edch zku\u0161enost\u00ed. St\u00e1le si v\u0161ak mysl\u00ed, \u017ee je n\u011bco \u0161patn\u00e9ho na tom, kdy\u017e chod\u00ed s n\u011bk\u00fdm, kdo je mlad\u0161\u00ed ne\u017e oni. Naopak mlad\u0161\u00edm lidem je jedno, co si o nich mysl\u00ed ostatn\u00ed.<\/p>\n<h3>Mlad\u0161\u00ed lid\u00e9 mohou b\u00fdt lep\u0161\u00edmi rodi\u010di<\/h3>\n<p>Mnoho star\u0161\u00edch lid\u00ed se neum\u00ed dob\u0159e postarat o d\u011bti. Naopak mlad\u0161\u00ed lid\u00e9 jsou lep\u0161\u00edmi rodi\u010di. Ch\u00e1pou, jak spr\u00e1vn\u011b vychov\u00e1vat d\u011bti a d\u00e1t jim v\u0161e, co pot\u0159ebuj\u00ed.<\/p>\n","protected":false},"excerpt":{"rendered":"<p>Milf chodit s n\u011bk\u00fdm weby jsou st\u00e1le popul\u00e1rn\u011bj\u0161\u00ed mezi lidmi, kte\u0159\u00ed hledaj\u00ed l\u00e1sku on-line. Existuje mnoho d\u016fvod\u016f, pro\u010d jsou milfky tak p\u0159ita\u017eliv\u00e9. Pro za\u010d\u00e1tek se \u017een\u00e1m po \u010dty\u0159ic\u00edtce p\u0159ezd\u00edv\u00e1 &#8222;pumy&#8220; a \u010dasto jsou zn\u00e1m\u00e9 t\u00edm, \u017ee jsou mnohem v\u00edce sexy ne\u017e mlad\u0161\u00ed \u017eeny. Maj\u00ed tak\u00e9 zku\u0161enosti, zralost a moudrost, kter\u00e9 mlad\u00fdm lidem chyb\u00ed. V\u011bt\u0161ina star\u0161\u00edch [&hellip;]<\/p>\n","protected":false},"author":1,"featured_media":103,"parent":0,"menu_order":0,"comment_status":"closed","ping_status":"closed","template":"","meta":[],"yoast_head":"<!-- This site is optimized with the Yoast SEO plugin v17.7.1 - https:\/\/yoast.com\/wordpress\/plugins\/seo\/ -->\n<title>Online MILF seznamovac\u00ed platformy - Framework Dating<\/title>\n<meta name=\"robots\" content=\"index, follow, max-snippet:-1, max-image-preview:large, max-video-preview:-1\" \/>\n<link rel=\"canonical\" href=\"https:\/\/lava-framework.com\/cs\/online-milf-seznamovaci-platformy\/\" \/>\n<meta property=\"og:locale\" content=\"cs_CZ\" \/>\n<meta property=\"og:type\" content=\"article\" \/>\n<meta property=\"og:title\" content=\"Online MILF seznamovac\u00ed platformy - Framework Dating\" \/>\n<meta property=\"og:description\" content=\"Milf chodit s n\u011bk\u00fdm weby jsou st\u00e1le popul\u00e1rn\u011bj\u0161\u00ed mezi lidmi, kte\u0159\u00ed hledaj\u00ed l\u00e1sku on-line. Existuje mnoho d\u016fvod\u016f, pro\u010d jsou milfky tak p\u0159ita\u017eliv\u00e9. Pro za\u010d\u00e1tek se \u017een\u00e1m po \u010dty\u0159ic\u00edtce p\u0159ezd\u00edv\u00e1 &#8222;pumy&#8220; a \u010dasto jsou zn\u00e1m\u00e9 t\u00edm, \u017ee jsou mnohem v\u00edce sexy ne\u017e mlad\u0161\u00ed \u017eeny. Maj\u00ed tak\u00e9 zku\u0161enosti, zralost a moudrost, kter\u00e9 mlad\u00fdm lidem chyb\u00ed. V\u011bt\u0161ina star\u0161\u00edch [&hellip;]\" \/>\n<meta property=\"og:url\" content=\"https:\/\/lava-framework.com\/cs\/online-milf-seznamovaci-platformy\/\" \/>\n<meta property=\"og:site_name\" content=\"Framework Dating\" \/>\n<meta name=\"twitter:card\" content=\"summary_large_image\" \/>\n<meta name=\"twitter:image\" content=\"https:\/\/lava-framework.com\/wp-content\/uploads\/2022\/08\/milf-dating.webp\" \/>\n<meta name=\"twitter:label1\" content=\"Odhadovan\u00e1 doba \u010dten\u00ed\" \/>\n\t<meta name=\"twitter:data1\" content=\"4 minuty\" \/>\n<script type=\"application\/ld+json\" class=\"yoast-schema-graph\">{\"@context\":\"https:\/\/schema.org\",\"@graph\":[{\"@type\":\"WebSite\",\"@id\":\"https:\/\/lava-framework.com\/#website\",\"url\":\"https:\/\/lava-framework.com\/\",\"name\":\"Framework Dating\",\"description\":\"Online Casual Hookups\",\"potentialAction\":[{\"@type\":\"SearchAction\",\"target\":{\"@type\":\"EntryPoint\",\"urlTemplate\":\"https:\/\/lava-framework.com\/?s={search_term_string}\"},\"query-input\":\"required name=search_term_string\"}],\"inLanguage\":\"cs\"},{\"@type\":\"ImageObject\",\"@id\":\"https:\/\/lava-framework.com\/cs\/online-milf-seznamovaci-platformy\/#primaryimage\",\"inLanguage\":\"cs\",\"url\":\"https:\/\/lava-framework.com\/wp-content\/uploads\/2022\/08\/milf-dating.webp\",\"contentUrl\":\"https:\/\/lava-framework.com\/wp-content\/uploads\/2022\/08\/milf-dating.webp\",\"width\":1124,\"height\":750},{\"@type\":\"WebPage\",\"@id\":\"https:\/\/lava-framework.com\/cs\/online-milf-seznamovaci-platformy\/#webpage\",\"url\":\"https:\/\/lava-framework.com\/cs\/online-milf-seznamovaci-platformy\/\",\"name\":\"Online MILF seznamovac\\u00ed platformy - Framework Dating\",\"isPartOf\":{\"@id\":\"https:\/\/lava-framework.com\/#website\"},\"primaryImageOfPage\":{\"@id\":\"https:\/\/lava-framework.com\/cs\/online-milf-seznamovaci-platformy\/#primaryimage\"},\"datePublished\":\"2022-08-18T14:14:44+00:00\",\"dateModified\":\"2022-08-18T14:14:44+00:00\",\"breadcrumb\":{\"@id\":\"https:\/\/lava-framework.com\/cs\/online-milf-seznamovaci-platformy\/#breadcrumb\"},\"inLanguage\":\"cs\",\"potentialAction\":[{\"@type\":\"ReadAction\",\"target\":[\"https:\/\/lava-framework.com\/cs\/online-milf-seznamovaci-platformy\/\"]}]},{\"@type\":\"BreadcrumbList\",\"@id\":\"https:\/\/lava-framework.com\/cs\/online-milf-seznamovaci-platformy\/#breadcrumb\",\"itemListElement\":[{\"@type\":\"ListItem\",\"position\":1,\"name\":\"Home\",\"item\":\"http:\/\/lava-framework.com\/cs\/\"},{\"@type\":\"ListItem\",\"position\":2,\"name\":\"Online MILF seznamovac\\u00ed platformy\"}]}]}<\/script>\n<!-- \/ Yoast SEO plugin. -->","yoast_head_json":{"title":"Online MILF seznamovac\u00ed platformy - Framework Dating","robots":{"index":"index","follow":"follow","max-snippet":"max-snippet:-1","max-image-preview":"max-image-preview:large","max-video-preview":"max-video-preview:-1"},"canonical":"https:\/\/lava-framework.com\/cs\/online-milf-seznamovaci-platformy\/","og_locale":"cs_CZ","og_type":"article","og_title":"Online MILF seznamovac\u00ed platformy - Framework Dating","og_description":"Milf chodit s n\u011bk\u00fdm weby jsou st\u00e1le popul\u00e1rn\u011bj\u0161\u00ed mezi lidmi, kte\u0159\u00ed hledaj\u00ed l\u00e1sku on-line. Existuje mnoho d\u016fvod\u016f, pro\u010d jsou milfky tak p\u0159ita\u017eliv\u00e9. Pro za\u010d\u00e1tek se \u017een\u00e1m po \u010dty\u0159ic\u00edtce p\u0159ezd\u00edv\u00e1 &#8222;pumy&#8220; a \u010dasto jsou zn\u00e1m\u00e9 t\u00edm, \u017ee jsou mnohem v\u00edce sexy ne\u017e mlad\u0161\u00ed \u017eeny. Maj\u00ed tak\u00e9 zku\u0161enosti, zralost a moudrost, kter\u00e9 mlad\u00fdm lidem chyb\u00ed. V\u011bt\u0161ina star\u0161\u00edch [&hellip;]","og_url":"https:\/\/lava-framework.com\/cs\/online-milf-seznamovaci-platformy\/","og_site_name":"Framework Dating","twitter_card":"summary_large_image","twitter_image":"https:\/\/lava-framework.com\/wp-content\/uploads\/2022\/08\/milf-dating.webp","twitter_misc":{"Odhadovan\u00e1 doba \u010dten\u00ed":"4 minuty"},"schema":{"@context":"https:\/\/schema.org","@graph":[{"@type":"WebSite","@id":"https:\/\/lava-framework.com\/#website","url":"https:\/\/lava-framework.com\/","name":"Framework Dating","description":"Online Casual Hookups","potentialAction":[{"@type":"SearchAction","target":{"@type":"EntryPoint","urlTemplate":"https:\/\/lava-framework.com\/?s={search_term_string}"},"query-input":"required name=search_term_string"}],"inLanguage":"cs"},{"@type":"ImageObject","@id":"https:\/\/lava-framework.com\/cs\/online-milf-seznamovaci-platformy\/#primaryimage","inLanguage":"cs","url":"https:\/\/lava-framework.com\/wp-content\/uploads\/2022\/08\/milf-dating.webp","contentUrl":"https:\/\/lava-framework.com\/wp-content\/uploads\/2022\/08\/milf-dating.webp","width":1124,"height":750},{"@type":"WebPage","@id":"https:\/\/lava-framework.com\/cs\/online-milf-seznamovaci-platformy\/#webpage","url":"https:\/\/lava-framework.com\/cs\/online-milf-seznamovaci-platformy\/","name":"Online MILF seznamovac\u00ed platformy - Framework Dating","isPartOf":{"@id":"https:\/\/lava-framework.com\/#website"},"primaryImageOfPage":{"@id":"https:\/\/lava-framework.com\/cs\/online-milf-seznamovaci-platformy\/#primaryimage"},"datePublished":"2022-08-18T14:14:44+00:00","dateModified":"2022-08-18T14:14:44+00:00","breadcrumb":{"@id":"https:\/\/lava-framework.com\/cs\/online-milf-seznamovaci-platformy\/#breadcrumb"},"inLanguage":"cs","potentialAction":[{"@type":"ReadAction","target":["https:\/\/lava-framework.com\/cs\/online-milf-seznamovaci-platformy\/"]}]},{"@type":"BreadcrumbList","@id":"https:\/\/lava-framework.com\/cs\/online-milf-seznamovaci-platformy\/#breadcrumb","itemListElement":[{"@type":"ListItem","position":1,"name":"Home","item":"http:\/\/lava-framework.com\/cs\/"},{"@type":"ListItem","position":2,"name":"Online MILF seznamovac\u00ed platformy"}]}]}},"_links":{"self":[{"href":"https:\/\/lava-framework.com\/cs\/wp-json\/wp\/v2\/pages\/339"}],"collection":[{"href":"https:\/\/lava-framework.com\/cs\/wp-json\/wp\/v2\/pages"}],"about":[{"href":"https:\/\/lava-framework.com\/cs\/wp-json\/wp\/v2\/types\/page"}],"author":[{"embeddable":true,"href":"https:\/\/lava-framework.com\/cs\/wp-json\/wp\/v2\/users\/1"}],"replies":[{"embeddable":true,"href":"https:\/\/lava-framework.com\/cs\/wp-json\/wp\/v2\/comments?post=339"}],"version-history":[{"count":0,"href":"https:\/\/lava-framework.com\/cs\/wp-json\/wp\/v2\/pages\/339\/revisions"}],"wp:featuredmedia":[{"embeddable":true,"href":"https:\/\/lava-framework.com\/cs\/wp-json\/wp\/v2\/media\/103"}],"wp:attachment":[{"href":"https:\/\/lava-framework.com\/cs\/wp-json\/wp\/v2\/media?parent=339"}],"curies":[{"name":"wp","href":"https:\/\/api.w.org\/{rel}","templated":true}]}}